{"id":76619,"date":"2025-03-18T13:10:11","date_gmt":"2025-03-18T13:10:11","guid":{"rendered":"https:\/\/brandss.com.py\/index\/?post_type=product&#038;p=76619"},"modified":"2025-03-18T13:10:32","modified_gmt":"2025-03-18T13:10:32","slug":"calzado-casual-femenino-nike-air-force","status":"publish","type":"product","link":"https:\/\/brandss.com.py\/index\/producto\/calzado-casual-femenino-nike-air-force\/","title":{"rendered":"CALZADO CASUAL FEMENINO NIKE AIR FORCE"},"content":{"rendered":"<div class=\"flex max-w-full flex-col flex-grow\">\n<div class=\"min-h-8 text-message relative flex w-full flex-col items-end gap-2 whitespace-normal break-words text-start [.text-message+&amp;]:mt-5\" dir=\"auto\" data-message-author-role=\"assistant\" data-message-id=\"1d6e4527-3ff3-40fd-ab13-f75f86108268\" data-message-model-slug=\"gpt-4o\">\n<div class=\"flex w-full flex-col gap-1 empty:hidden first:pt-[3px]\">\n<div class=\"markdown prose w-full break-words dark:prose-invert light\">\n<p data-start=\"0\" data-end=\"61\"><img decoding=\"async\" src=\"https:\/\/encrypted-tbn0.gstatic.com\/images?q=tbn:ANd9GcSwxWjbiOX8rYuq720FgrIefCPVC-y-gHSUYg&amp;s\" alt=\"Logo Nike PNG transparente - StickPNG\" \/><\/p>\n<div class=\"flex max-w-full flex-col flex-grow\">\n<div class=\"min-h-8 text-message relative flex w-full flex-col items-end gap-2 whitespace-normal break-words text-start [.text-message+&amp;]:mt-5\" dir=\"auto\" data-message-author-role=\"assistant\" data-message-id=\"1d6e4527-3ff3-40fd-ab13-f75f86108268\" data-message-model-slug=\"gpt-4o\">\n<div class=\"flex w-full flex-col gap-1 empty:hidden first:pt-[3px]\">\n<div class=\"markdown prose w-full break-words dark:prose-invert light\">\n<h1 data-start=\"0\" data-end=\"61\"><strong data-start=\"0\" data-end=\"59\"><span>Nike Air Force \u2013 Tenis Femenino<\/span><\/strong><\/h1>\n<p data-start=\"63\" data-end=\"380\"><span>El Nike Air Force es un \u00edcono del calzado que ha trascendido generaciones, combinando el legado del b\u00e1squetbol con el estilo urbano contempor\u00e1neo. Este modelo en color blanco con detalles en rojo aporta un contraste vibrante y audaz, ideal para quienes buscan un look cl\u00e1sico con un toque de personalidad.<\/span><\/p>\n<h3 data-start=\"382\" data-end=\"407\"><strong data-start=\"386\" data-end=\"405\"><span>Dise\u00f1o y estilo<\/span><\/strong><\/h3>\n<p data-start=\"408\" data-end=\"805\"><span>Su parte superior de cuero de alta calidad no solo proporciona durabilidad, sino tambi\u00e9n un acabado elegante que se adapta a cualquier atuendo. El Swoosh en rojo resalta sobre la base blanca, creando un dise\u00f1o llamativo pero vers\u00e1til. La suela gruesa y la plataforma sutil brindan la altura perfecta sin perder comodidad, mientras que las perforaciones en la puntera mejoran la transpirabilidad.<\/span><\/p>\n<h3 data-start=\"807\" data-end=\"840\"><strong data-start=\"811\" data-end=\"838\"><span>Comodidad y rendimiento<\/span><\/strong><\/h3>\n<p data-start=\"841\" data-end=\"1125\"><span>El Air Force 1 &#8217;07 Low mantiene su famosa amortiguaci\u00f3n Air en la entresuela, asegurando una pisada ligera y c\u00f3moda durante todo el d\u00eda. Su suela de goma con patr\u00f3n de tracci\u00f3n circular ofrece un agarre firme en distintas superficies, brindando estabilidad y seguridad en cada paso.<\/span><\/p>\n<h3 data-start=\"1127\" data-end=\"1159\"><strong data-start=\"1131\" data-end=\"1157\"><span>Detalles del producto:<\/span><\/strong><\/h3>\n<ul data-start=\"1160\" data-end=\"1556\">\n<li data-start=\"1160\" data-end=\"1186\"><strong data-start=\"1162\" data-end=\"1172\"><span>Color:<\/span><\/strong><span> Blanco\/Rojo<\/span><\/li>\n<li data-start=\"1187\" data-end=\"1250\"><strong data-start=\"1189\" data-end=\"1202\"><span>Material:<\/span><\/strong><span> Cuero premium para mayor resistencia y estilo.<\/span><\/li>\n<li data-start=\"1251\" data-end=\"1337\"><strong data-start=\"1253\" data-end=\"1271\"><span>Amortiguaci\u00f3n:<\/span><\/strong><span> Unidad de aire encapsulada para una sensaci\u00f3n de suavidad y confort.<\/span><\/li>\n<li data-start=\"1338\" data-end=\"1416\"><strong data-start=\"1340\" data-end=\"1359\"><span>Suela exterior:<\/span><\/strong><span> Goma con patr\u00f3n de tracci\u00f3n circular para mejor agarre<\/span><\/li>\n<li data-start=\"1417\" data-end=\"1490\"><strong data-start=\"1419\" data-end=\"1430\"><span>Cierre:<\/span><\/strong><span> Cordones ajustables para un ajuste seguro y personalizado.<\/span><\/li>\n<li data-start=\"1491\" data-end=\"1556\"><strong data-start=\"1493\" data-end=\"1504\"><span>Estilo:<\/span><\/strong><span> Cl\u00e1sico y atemporal, ideal para cualquier ocasi\u00f3n.<\/span><\/li>\n<\/ul>\n<h3 data-start=\"1558\" data-end=\"1600\"><strong data-start=\"1562\" data-end=\"1598\"><span>Un Cl\u00e1sico con un Toque de Color<\/span><\/strong><\/h3>\n<p data-start=\"1601\" data-end=\"1943\" data-is-last-node=\"\" data-is-only-node=\"\"><span>Los Nike Air Force<\/span><span>\u00a0en blanco con rojo son la elecci\u00f3n perfecta para quienes buscan un calzado ic\u00f3nico con una combinaci\u00f3n de colores que destaca sin ser excesiva. Perfectos para el d\u00eda a d\u00eda, estos tenis ofrecen el equilibrio ideal entre estilo, comodidad y durabilidad, convirti\u00e9ndose en algo imprescindible en cualquier guardarropa.<\/span><\/p>\n<\/div>\n<\/div>\n<\/div>\n<\/div>\n<\/div>\n<\/div>\n<\/div>\n<\/div>\n","protected":false},"excerpt":{"rendered":"<p>Nike Air Force \u2013 Tenis Femenino El Nike Air Force es un \u00edcono del calzado que ha trascendido generaciones, combinando<\/p>\n","protected":false},"featured_media":76621,"comment_status":"open","ping_status":"closed","template":"","meta":{"nf_dc_page":""},"product_brand":[],"product_cat":[73],"product_tag":[],"class_list":{"0":"post-76619","1":"product","2":"type-product","3":"status-publish","4":"has-post-thumbnail","6":"product_cat-femenino","8":"first","9":"instock","10":"shipping-taxable","11":"purchasable","12":"product-type-simple"},"_links":{"self":[{"href":"https:\/\/brandss.com.py\/index\/wp-json\/wp\/v2\/product\/76619","targetHints":{"allow":["GET"]}}],"collection":[{"href":"https:\/\/brandss.com.py\/index\/wp-json\/wp\/v2\/product"}],"about":[{"href":"https:\/\/brandss.com.py\/index\/wp-json\/wp\/v2\/types\/product"}],"replies":[{"embeddable":true,"href":"https:\/\/brandss.com.py\/index\/wp-json\/wp\/v2\/comments?post=76619"}],"version-history":[{"count":1,"href":"https:\/\/brandss.com.py\/index\/wp-json\/wp\/v2\/product\/76619\/revisions"}],"predecessor-version":[{"id":76636,"href":"https:\/\/brandss.com.py\/index\/wp-json\/wp\/v2\/product\/76619\/revisions\/76636"}],"wp:featuredmedia":[{"embeddable":true,"href":"https:\/\/brandss.com.py\/index\/wp-json\/wp\/v2\/media\/76621"}],"wp:attachment":[{"href":"https:\/\/brandss.com.py\/index\/wp-json\/wp\/v2\/media?parent=76619"}],"wp:term":[{"taxonomy":"product_brand","embeddable":true,"href":"https:\/\/brandss.com.py\/index\/wp-json\/wp\/v2\/product_brand?post=76619"},{"taxonomy":"product_cat","embeddable":true,"href":"https:\/\/brandss.com.py\/index\/wp-json\/wp\/v2\/product_cat?post=76619"},{"taxonomy":"product_tag","embeddable":true,"href":"https:\/\/brandss.com.py\/index\/wp-json\/wp\/v2\/product_tag?post=76619"}],"curies":[{"name":"wp","href":"https:\/\/api.w.org\/{rel}","templated":true}]}}