{"id":76637,"date":"2025-03-18T14:13:50","date_gmt":"2025-03-18T14:13:50","guid":{"rendered":"https:\/\/brandss.com.py\/index\/?post_type=product&#038;p=76637"},"modified":"2025-03-18T14:14:13","modified_gmt":"2025-03-18T14:14:13","slug":"calzado-deportivo-femenino-nike-air-max-bella-tr-5-2","status":"publish","type":"product","link":"https:\/\/brandss.com.py\/index\/producto\/calzado-deportivo-femenino-nike-air-max-bella-tr-5-2\/","title":{"rendered":"CALZADO DEPORTIVO FEMENINO NIKE AIR MAX BELLA TR 5"},"content":{"rendered":"<p><img decoding=\"async\" src=\"https:\/\/encrypted-tbn0.gstatic.com\/images?q=tbn:ANd9GcSwxWjbiOX8rYuq720FgrIefCPVC-y-gHSUYg&amp;s\" alt=\"Logo Nike PNG transparente - StickPNG\" \/><\/p>\n<div class=\"flex max-w-full flex-col flex-grow\">\n<div class=\"min-h-8 text-message relative flex w-full flex-col items-end gap-2 whitespace-normal break-words text-start [.text-message+&amp;]:mt-5\" dir=\"auto\" data-message-author-role=\"assistant\" data-message-id=\"d931d97e-27ce-4c0e-befc-6a7896b71fb5\" data-message-model-slug=\"gpt-4o\">\n<div class=\"flex w-full flex-col gap-1 empty:hidden first:pt-[3px]\">\n<div class=\"markdown prose w-full break-words dark:prose-invert light\">\n<h1 data-start=\"0\" data-end=\"67\"><strong data-start=\"0\" data-end=\"65\"><span>Nike Air Max Bella TR 5 \u2013 Zapatos de Entrenamiento\u00a0<\/span><\/strong><\/h1>\n<p data-start=\"69\" data-end=\"379\"><span>El <\/span><strong data-start=\"72\" data-end=\"99\"><span>Nike Air Max Bella TR 5<\/span><\/strong><span> es el calzado perfecto para quienes buscan estabilidad, comodidad y estilo durante sus entrenamientos. Dise\u00f1ado espec\u00edficamente para el entrenamiento en gimnasio y levantamiento de pesas, este modelo combina la tecnolog\u00eda Air Max con una construcci\u00f3n ligera y un ajuste seguro.<\/span><\/p>\n<h3 data-start=\"381\" data-end=\"406\"><strong data-start=\"385\" data-end=\"404\"><span>Dise\u00f1o y estilo<\/span><\/strong><\/h3>\n<p data-start=\"407\" data-end=\"705\"><span>Este modelo presenta un atractivo color <\/span><strong data-start=\"447\" data-end=\"507\"><span>blanco con detalles en Bicoastal y grano dorado met\u00e1lico<\/span><\/strong><span> , aportando un toque c\u00f3modo y moderno a tu outfit deportivo. Su dise\u00f1o elegante y vers\u00e1til permite combinarlo f\u00e1cilmente con diferentes atuendos de entrenamiento o incluso con looks casuales.<\/span><\/p>\n<h3 data-start=\"707\" data-end=\"740\"><strong data-start=\"711\" data-end=\"738\"><span>Comodidad y rendimiento<\/span><\/strong><\/h3>\n<ul data-start=\"741\" data-end=\"1389\">\n<li data-start=\"741\" data-end=\"915\"><strong data-start=\"743\" data-end=\"769\"><span>Amortiguaci\u00f3n Air Max:<\/span><\/strong><span> La unidad Air en el tal\u00f3n proporciona una sensaci\u00f3n de suavidad y amortiguaci\u00f3n en cada pisada, reduciendo el impacto y mejorando la comodidad.<\/span><\/li>\n<li data-start=\"916\" data-end=\"1053\"><strong data-start=\"918\" data-end=\"959\"><span>Suela de goma con patr\u00f3n de tracci\u00f3n:<\/span><\/strong><span> Ofrece un agarre firme en distintas superficies, asegurando estabilidad en cada movimiento.<\/span><\/li>\n<li data-start=\"1054\" data-end=\"1156\"><strong data-start=\"1056\" data-end=\"1095\"><span>Construcci\u00f3n de malla transpirable:<\/span><\/strong><span> Mantiene los pies frescos durante entrenamientos intensos.<\/span><\/li>\n<li data-start=\"1157\" data-end=\"1288\"><strong data-start=\"1159\" data-end=\"1188\"><span>Sistema de ajuste seguro:<\/span><\/strong><span> Cuenta con una correa en el tal\u00f3n y un dise\u00f1o sin costuras que brinda un ajuste ce\u00f1ido y estable.<\/span><\/li>\n<li data-start=\"1289\" data-end=\"1389\"><strong data-start=\"1291\" data-end=\"1316\"><span>Entresuela de espuma:<\/span><\/strong><span> Brinda soporte y comodidad para sesiones de entrenamiento prolongadas.<\/span><\/li>\n<\/ul>\n<h3 data-start=\"1391\" data-end=\"1423\"><strong data-start=\"1395\" data-end=\"1421\"><span>Detalles del producto:<\/span><\/strong><\/h3>\n<ul data-start=\"1424\" data-end=\"1823\">\n<li data-start=\"1424\" data-end=\"1477\"><strong data-start=\"1426\" data-end=\"1436\"><span>Color:<\/span><\/strong><span> Blanco\/Bicoastal\/Grano dorado met\u00e1lico<\/span><\/li>\n<li data-start=\"1478\" data-end=\"1555\"><strong data-start=\"1480\" data-end=\"1493\"><span>Material:<\/span><\/strong><span> Malla transpirable y cuero sint\u00e9tico para mayor durabilidad.<\/span><\/li>\n<li data-start=\"1556\" data-end=\"1642\"><strong data-start=\"1558\" data-end=\"1576\"><span>Amortiguaci\u00f3n:<\/span><\/strong><span> Unidad Air Max en el tal\u00f3n para una sensaci\u00f3n ligera y reactiva<\/span><\/li>\n<li data-start=\"1643\" data-end=\"1753\"><strong data-start=\"1645\" data-end=\"1655\"><span>Suela:<\/span><\/strong><span> Goma con tracci\u00f3n optimizada para movimientos laterales y estabilidad en levantamiento de pesas<\/span><\/li>\n<li data-start=\"1754\" data-end=\"1796\"><strong data-start=\"1756\" data-end=\"1767\"><span>Cierre:<\/span><\/strong><span> Cordones con ajuste seguro<\/span><\/li>\n<li data-start=\"1797\" data-end=\"1823\"><strong data-start=\"1799\" data-end=\"1810\"><span>Estilo:<\/span><\/strong><span> DD9285-106<\/span><\/li>\n<\/ul>\n<h3 data-start=\"1825\" data-end=\"1874\"><strong data-start=\"1829\" data-end=\"1872\"><span>Versatilidad y Estilo en un Solo Dise\u00f1o<\/span><\/strong><\/h3>\n<p data-start=\"1875\" data-end=\"2157\" data-is-last-node=\"\" data-is-only-node=\"\"><span>Los <\/span><strong data-start=\"1879\" data-end=\"1906\"><span>Nike Air Max Bella TR 5<\/span><\/strong><span> son ideales para mujeres que buscan un calzado c\u00f3modo y resistente para sus rutinas de gimnasio. Su dise\u00f1o elegante y moderno, combinado con la tecnolog\u00eda Air Max, los convierte en una opci\u00f3n ideal tanto para el entrenamiento como para el uso diario.<\/span><\/p>\n<\/div>\n<\/div>\n<\/div>\n<\/div>\n","protected":false},"excerpt":{"rendered":"<p>Nike Air Max Bella TR 5 \u2013 Zapatos de Entrenamiento\u00a0 El Nike Air Max Bella TR 5 es el calzado<\/p>\n","protected":false},"featured_media":76638,"comment_status":"open","ping_status":"closed","template":"","meta":{"nf_dc_page":""},"product_brand":[],"product_cat":[73],"product_tag":[],"class_list":{"0":"post-76637","1":"product","2":"type-product","3":"status-publish","4":"has-post-thumbnail","6":"product_cat-femenino","8":"first","9":"instock","10":"shipping-taxable","11":"purchasable","12":"product-type-simple"},"_links":{"self":[{"href":"https:\/\/brandss.com.py\/index\/wp-json\/wp\/v2\/product\/76637","targetHints":{"allow":["GET"]}}],"collection":[{"href":"https:\/\/brandss.com.py\/index\/wp-json\/wp\/v2\/product"}],"about":[{"href":"https:\/\/brandss.com.py\/index\/wp-json\/wp\/v2\/types\/product"}],"replies":[{"embeddable":true,"href":"https:\/\/brandss.com.py\/index\/wp-json\/wp\/v2\/comments?post=76637"}],"version-history":[{"count":1,"href":"https:\/\/brandss.com.py\/index\/wp-json\/wp\/v2\/product\/76637\/revisions"}],"predecessor-version":[{"id":76644,"href":"https:\/\/brandss.com.py\/index\/wp-json\/wp\/v2\/product\/76637\/revisions\/76644"}],"wp:featuredmedia":[{"embeddable":true,"href":"https:\/\/brandss.com.py\/index\/wp-json\/wp\/v2\/media\/76638"}],"wp:attachment":[{"href":"https:\/\/brandss.com.py\/index\/wp-json\/wp\/v2\/media?parent=76637"}],"wp:term":[{"taxonomy":"product_brand","embeddable":true,"href":"https:\/\/brandss.com.py\/index\/wp-json\/wp\/v2\/product_brand?post=76637"},{"taxonomy":"product_cat","embeddable":true,"href":"https:\/\/brandss.com.py\/index\/wp-json\/wp\/v2\/product_cat?post=76637"},{"taxonomy":"product_tag","embeddable":true,"href":"https:\/\/brandss.com.py\/index\/wp-json\/wp\/v2\/product_tag?post=76637"}],"curies":[{"name":"wp","href":"https:\/\/api.w.org\/{rel}","templated":true}]}}