{"id":76663,"date":"2025-03-18T14:42:02","date_gmt":"2025-03-18T14:42:02","guid":{"rendered":"https:\/\/brandss.com.py\/index\/?post_type=product&#038;p=76663"},"modified":"2025-03-18T14:42:40","modified_gmt":"2025-03-18T14:42:40","slug":"calzado-casual-cano-alto-nike-air-femenino-force-1-07-mid","status":"publish","type":"product","link":"https:\/\/brandss.com.py\/index\/producto\/calzado-casual-cano-alto-nike-air-femenino-force-1-07-mid\/","title":{"rendered":"CALZADO CASUAL (CA\u00d1O ALTO) NIKE AIR FEMENINO FORCE 1&#8243; 07 MID"},"content":{"rendered":"<p><img decoding=\"async\" src=\"https:\/\/encrypted-tbn0.gstatic.com\/images?q=tbn:ANd9GcSwxWjbiOX8rYuq720FgrIefCPVC-y-gHSUYg&amp;s\" alt=\"Logo Nike PNG transparente - StickPNG\" \/><\/p>\n<div class=\"flex flex-1 grow basis-auto flex-col overflow-hidden\">\n<div class=\"relative h-full\">\n<div class=\"flex h-full flex-col overflow-y-auto [scrollbar-gutter:stable]\">\n<div class=\"mt-1.5 flex flex-col text-sm @thread-xl\/thread:pt-header-height md:pb-9\">\n<article class=\"group\/turn w-full text-token-text-primary focus-visible:outline-2 focus-visible:outline-offset-[-4px]\" dir=\"auto\" data-testid=\"conversation-turn-16\" data-scroll-anchor=\"true\">\n<div class=\"text-base my-auto mx-auto py-[18px] px-6\">\n<div class=\"mx-auto flex flex-1 text-base gap-4 md:gap-5 lg:gap-6 md:max-w-3xl lg:max-w-[40rem] xl:max-w-[48rem]\">\n<div class=\"group\/conversation-turn relative flex w-full min-w-0 flex-col agent-turn @xs\/thread:px-0 @sm\/thread:px-1.5 @md\/thread:px-4\">\n<div class=\"flex-col gap-1 md:gap-3\">\n<div class=\"flex max-w-full flex-col flex-grow\">\n<div class=\"min-h-8 text-message relative flex w-full flex-col items-end gap-2 whitespace-normal break-words text-start [.text-message+&amp;]:mt-5\" dir=\"auto\" data-message-author-role=\"assistant\" data-message-id=\"79ca2dda-9d7b-49b6-b6d2-adaaf3f95362\" data-message-model-slug=\"gpt-4o\">\n<div class=\"flex w-full flex-col gap-1 empty:hidden first:pt-[3px]\">\n<div class=\"markdown prose w-full break-words dark:prose-invert light\">\n<h1 data-start=\"0\" data-end=\"47\"><strong data-start=\"0\" data-end=\"45\"><span>Nike\u00a0<\/span><\/strong><strong data-start=\"0\" data-end=\"45\"><span>Air Force 1 &#8217;07 Mid \u2013 Tenis Femenino<\/span><\/strong><\/h1>\n<p data-start=\"0\" data-end=\"47\">El <strong data-start=\"52\" data-end=\"80\">Nike Air Force 1 &#8217;07 Mid<\/strong> es un cl\u00e1sico reinventado que combina la esencia del b\u00e1squetbol con el estilo urbano contempor\u00e1neo. Con su ic\u00f3nica silueta de media ca\u00f1a, este modelo ofrece un ajuste seguro, comodidad duradera y una est\u00e9tica atemporal que se adapta a cualquier outfit. Su dise\u00f1o vers\u00e1til y materiales de alta calidad hacen que sea una opci\u00f3n ideal tanto para el d\u00eda a d\u00eda como para ocasiones especiales.<\/p>\n<h3 data-start=\"472\" data-end=\"497\"><strong data-start=\"476\" data-end=\"495\"><span>Dise\u00f1o y estilo<\/span><\/strong><\/h3>\n<p data-start=\"498\" data-end=\"802\"><span>Este modelo mantiene la esencia del <\/span><strong data-start=\"534\" data-end=\"558\"><span>Air Force 1 original<\/span><\/strong><span> , pero con una actualizaci\u00f3n en su estructura <\/span><strong data-start=\"604\" data-end=\"621\"><span>de media ca\u00f1a<\/span><\/strong><span> , proporcionando mayor soporte y estabilidad en la zona del tobillo. Su parte superior est\u00e1 confeccionada en <\/span><strong data-start=\"730\" data-end=\"747\"><span>cuero premium<\/span><\/strong><span> , lo que garantiza durabilidad y un acabado elegante.<\/span><\/p>\n<p data-start=\"804\" data-end=\"1075\"><span>La correa ajustable de velcro en el tobillo a\u00f1ade un <\/span><strong data-start=\"857\" data-end=\"884\"><span>toque retro y deportivo<\/span><\/strong><span> , adem\u00e1s de reforzar el ajuste para una sensaci\u00f3n m\u00e1s segura. Los detalles perforados en la puntera permiten una mejor ventilaci\u00f3n, ayudando a mantener los pies frescos durante todo el d\u00eda.<\/span><\/p>\n<p data-start=\"1077\" data-end=\"1273\"><span>La ic\u00f3nica suela gruesa de goma, caracter\u00edstica de la l\u00ednea Air Force 1, no solo ofrece una est\u00e9tica robusta, sino que tambi\u00e9n brinda un excelente agarre y estabilidad en diferentes superficies.<\/span><\/p>\n<h3 data-start=\"1275\" data-end=\"1308\"><strong data-start=\"1279\" data-end=\"1306\"><span>Comodidad y rendimiento<\/span><\/strong><\/h3>\n<ul data-start=\"1309\" data-end=\"2075\">\n<li data-start=\"1309\" data-end=\"1484\"><strong data-start=\"1311\" data-end=\"1333\"><span>Amortiguaci\u00f3n Air:<\/span><\/strong><span> La cl\u00e1sica unidad <\/span><strong data-start=\"1352\" data-end=\"1364\"><span>Nike Air<\/span><\/strong><span> en la entresuela brinda una pisada suave y ligera, absorbiendo impactos para una mayor comodidad durante todo el d\u00eda.<\/span><\/li>\n<li data-start=\"1485\" data-end=\"1633\"><strong data-start=\"1487\" data-end=\"1505\"><span>Ajuste seguro:<\/span><\/strong><span> Su <\/span><strong data-start=\"1509\" data-end=\"1555\"><span>cierre con cordones y correa en el tobillo<\/span><\/strong><span> permite un ajuste personalizado, brindando soporte y estabilidad adicional.<\/span><\/li>\n<li data-start=\"1634\" data-end=\"1790\"><strong data-start=\"1636\" data-end=\"1664\"><span>Durabilidad excepcional:<\/span><\/strong><span> Su construcci\u00f3n en <\/span><strong data-start=\"1684\" data-end=\"1728\"><span>cuero resistente y suela de goma robusta<\/span><\/strong><span> aseguran una larga vida \u00fatil, sin comprometer la comodidad.<\/span><\/li>\n<li data-start=\"1791\" data-end=\"1940\"><strong data-start=\"1793\" data-end=\"1814\"><span>Transpirabilidad:<\/span><\/strong><span> Las <\/span><strong data-start=\"1819\" data-end=\"1850\"><span>perforaciones en la puntera<\/span><\/strong><span> mejoran la ventilaci\u00f3n, manteniendo los pies frescos incluso en largos periodos de uso.<\/span><\/li>\n<li data-start=\"1941\" data-end=\"2075\"><strong data-start=\"1943\" data-end=\"1969\"><span>Versatilidad absoluta:<\/span><\/strong><span> Su dise\u00f1o atemporal permite combinarlo con una gran variedad de looks, desde deportivos hasta casuales.<\/span><\/li>\n<\/ul>\n<h3 data-start=\"2077\" data-end=\"2109\"><strong data-start=\"2081\" data-end=\"2107\"><span>Detalles del producto:<\/span><\/strong><\/h3>\n<ul data-start=\"2110\" data-end=\"2559\">\n<li data-start=\"2110\" data-end=\"2189\"><strong data-start=\"2112\" data-end=\"2125\"><span>Material:<\/span><\/strong><span> Cuero premium para mayor resistencia y un acabado c\u00f3modo<\/span><\/li>\n<li data-start=\"2190\" data-end=\"2246\"><strong data-start=\"2192\" data-end=\"2202\"><span>Color:<\/span><\/strong><span> Variedad de opciones seg\u00fan disponibilidad<\/span><\/li>\n<li data-start=\"2247\" data-end=\"2338\"><strong data-start=\"2249\" data-end=\"2267\"><span>Amortiguaci\u00f3n:<\/span><\/strong><span> Unidad <\/span><strong data-start=\"2275\" data-end=\"2287\"><span>Nike Air<\/span><\/strong><span> encapsulada para una sensaci\u00f3n ligera y reactiva<\/span><\/li>\n<li data-start=\"2339\" data-end=\"2426\"><strong data-start=\"2341\" data-end=\"2351\"><span>Suela: <\/span><\/strong> <strong data-start=\"2352\" data-end=\"2392\"><span>Goma con patr\u00f3n de tracci\u00f3n circular<\/span><\/strong><span> para mejor agarre y estabilidad.<\/span><\/li>\n<li data-start=\"2427\" data-end=\"2486\"><strong data-start=\"2429\" data-end=\"2440\"><span>Cierre:<\/span><\/strong><span> Cordones con correa ajustable en el tobillo<\/span><\/li>\n<li data-start=\"2487\" data-end=\"2559\"><strong data-start=\"2489\" data-end=\"2500\"><span>Estilo:<\/span><\/strong><span> Cl\u00e1sico, urbano y vers\u00e1til, ideal para cualquier ocasi\u00f3n.<\/span><\/li>\n<\/ul>\n<h3 data-start=\"2561\" data-end=\"2604\"><strong data-start=\"2565\" data-end=\"2602\"><span>Un Cl\u00e1sico que Nunca Pasa de Moda<\/span><\/strong><\/h3>\n<p data-start=\"2605\" data-end=\"2995\" data-is-last-node=\"\" data-is-only-node=\"\"><span>Los <\/span><strong data-start=\"2609\" data-end=\"2637\"><span>Nike Air Force 1 &#8217;07 Mid<\/span><\/strong><span> son la combinaci\u00f3n perfecta de historia, estilo y funcionalidad. Con un dise\u00f1o ic\u00f3nico y materiales de calidad, estos tenis son una excelente opci\u00f3n para quienes buscan comodidad sin sacrificar estilo. Ya sea para un look casual, urbano o deportivo, este modelo sigue siendo un referente en la moda Sneaker y una pieza imprescindible en cualquier colecci\u00f3n.<\/span><\/p>\n<\/div>\n<\/div>\n<\/div>\n<\/div>\n<\/div>\n<\/div>\n<\/div>\n<\/div>\n<\/article>\n<\/div>\n<\/div>\n<\/div>\n<\/div>\n<p>&nbsp;<\/p>\n","protected":false},"excerpt":{"rendered":"<p>Nike\u00a0Air Force 1 &#8217;07 Mid \u2013 Tenis Femenino El Nike Air Force 1 &#8217;07 Mid es un cl\u00e1sico reinventado que<\/p>\n","protected":false},"featured_media":76664,"comment_status":"open","ping_status":"closed","template":"","meta":{"nf_dc_page":""},"product_brand":[],"product_cat":[73],"product_tag":[],"class_list":{"0":"post-76663","1":"product","2":"type-product","3":"status-publish","4":"has-post-thumbnail","6":"product_cat-femenino","8":"first","9":"instock","10":"shipping-taxable","11":"purchasable","12":"product-type-simple"},"_links":{"self":[{"href":"https:\/\/brandss.com.py\/index\/wp-json\/wp\/v2\/product\/76663","targetHints":{"allow":["GET"]}}],"collection":[{"href":"https:\/\/brandss.com.py\/index\/wp-json\/wp\/v2\/product"}],"about":[{"href":"https:\/\/brandss.com.py\/index\/wp-json\/wp\/v2\/types\/product"}],"replies":[{"embeddable":true,"href":"https:\/\/brandss.com.py\/index\/wp-json\/wp\/v2\/comments?post=76663"}],"version-history":[{"count":1,"href":"https:\/\/brandss.com.py\/index\/wp-json\/wp\/v2\/product\/76663\/revisions"}],"predecessor-version":[{"id":76671,"href":"https:\/\/brandss.com.py\/index\/wp-json\/wp\/v2\/product\/76663\/revisions\/76671"}],"wp:featuredmedia":[{"embeddable":true,"href":"https:\/\/brandss.com.py\/index\/wp-json\/wp\/v2\/media\/76664"}],"wp:attachment":[{"href":"https:\/\/brandss.com.py\/index\/wp-json\/wp\/v2\/media?parent=76663"}],"wp:term":[{"taxonomy":"product_brand","embeddable":true,"href":"https:\/\/brandss.com.py\/index\/wp-json\/wp\/v2\/product_brand?post=76663"},{"taxonomy":"product_cat","embeddable":true,"href":"https:\/\/brandss.com.py\/index\/wp-json\/wp\/v2\/product_cat?post=76663"},{"taxonomy":"product_tag","embeddable":true,"href":"https:\/\/brandss.com.py\/index\/wp-json\/wp\/v2\/product_tag?post=76663"}],"curies":[{"name":"wp","href":"https:\/\/api.w.org\/{rel}","templated":true}]}}