{"id":76672,"date":"2025-03-18T16:22:18","date_gmt":"2025-03-18T16:22:18","guid":{"rendered":"https:\/\/brandss.com.py\/index\/?post_type=product&#038;p=76672"},"modified":"2025-03-18T16:26:46","modified_gmt":"2025-03-18T16:26:46","slug":"calzado-deportivo-masculino-nike-giannis-immortality-3-4","status":"publish","type":"product","link":"https:\/\/brandss.com.py\/index\/producto\/calzado-deportivo-masculino-nike-giannis-immortality-3-4\/","title":{"rendered":"CALZADO DEPORTIVO MASCULINO NIKE GIANNIS IMMORTALITY 3"},"content":{"rendered":"<p><img loading=\"lazy\" decoding=\"async\" class=\"\" src=\"https:\/\/loodibee.com\/wp-content\/uploads\/Nike-Logo.png\" alt=\"Nike Logo History | FREE PNG Logos\" width=\"81\" height=\"81\" \/><\/p>\n<h1>GIANNIS IMMORTALITY 3<\/h1>\n<div class=\"experience-component experience-productText\">\n<div class=\"product-text-wrapper hide-empty  \">\n<div class=\"product-text-content     \">\n<div class=\"product-text  released    \" data-product-field=\"longDescription\">\n<div class=\"pi-tier3\">\n<div class=\"pi-pdpmainbody\">\n<p>\u00bfC\u00f3mo quieres que tu estilo de juego sea recordado? Conserva tu lugar entre los grandes, como Giannis, con el Giannis Immortality 3. Este calzado, hecho conscientemente para el b\u00e1squetbol actual de ritmo intenso y sin posiciones, es m\u00e1s suave que la versi\u00f3n anterior gracias a un patr\u00f3n de tracci\u00f3n espec\u00edfico que es ideal para lograr el Eurostep perfecto en el camino hacia la gloria.<\/p>\n<p><b>Ir al aro<\/b><\/p>\n<p>\u00bfVes esa ranura blanca que divide la suela del antepi\u00e9? Desacoplamos espec\u00edficamente la suela para que sea m\u00e1s f\u00e1cil hacer movimientos de lado a lado como el Eurostep, ya sea que est\u00e9s en transici\u00f3n o girando alrededor de un defensa en el aro.<\/p>\n<p><b>Pisada suave<\/b><\/p>\n<p>Hicimos que la espuma de la entresuela fuera m\u00e1s suave que la del Giannis Immortality 2, para ofrecer una experiencia m\u00e1s flexible en la planta del pie al correr por la cancha y ocupar todas las zonas de contraataque.<\/p>\n<p><b>Sensaci\u00f3n de seguridad<\/b><\/p>\n<p>Una correa sint\u00e9tica en el mediopi\u00e9 ayuda a mantener el pie estable cuando te mueves de lado a lado. La parte superior usa una malla dise\u00f1ada estrat\u00e9gicamente ligera y transpirable para ayudar a mantener el pie fresco.<\/p>\n<p><b>F\u00e1cil de poner sobre la marcha<\/b><\/p>\n<p>La presilla de agarre oversized en el tal\u00f3n te ayuda a ponerte el calzado de forma r\u00e1pida y f\u00e1cil.<\/p>\n<\/div>\n<\/div>\n<\/div>\n<\/div>\n<\/div>\n<\/div>\n<div class=\"experience-component experience-productText\">\n<div class=\"product-text-wrapper hide-empty  \">\n<div class=\"product-text-title\"><\/div>\n<div class=\"product-text-content  product-text-inline    \">\n<div class=\"product-text-label\">Color: Blanco\/Blanco-Blanco.<\/div>\n<\/div>\n<\/div>\n<\/div>\n<div class=\"experience-component experience-productText\">\n<div class=\"product-text-wrapper hide-empty  \">\n<div class=\"product-text-content  product-text-inline    \">\n<div class=\"product-text-label\">Estilo:\u00a0DZ7533-102.<\/div>\n<\/div>\n<\/div>\n<\/div>\n","protected":false},"excerpt":{"rendered":"<p>GIANNIS IMMORTALITY 3 \u00bfC\u00f3mo quieres que tu estilo de juego sea recordado? Conserva tu lugar entre los grandes, como Giannis,<\/p>\n","protected":false},"featured_media":76673,"comment_status":"open","ping_status":"closed","template":"","meta":{"nf_dc_page":""},"product_brand":[],"product_cat":[76],"product_tag":[],"class_list":{"0":"post-76672","1":"product","2":"type-product","3":"status-publish","4":"has-post-thumbnail","6":"product_cat-masculino","8":"first","9":"instock","10":"shipping-taxable","11":"purchasable","12":"product-type-simple"},"_links":{"self":[{"href":"https:\/\/brandss.com.py\/index\/wp-json\/wp\/v2\/product\/76672","targetHints":{"allow":["GET"]}}],"collection":[{"href":"https:\/\/brandss.com.py\/index\/wp-json\/wp\/v2\/product"}],"about":[{"href":"https:\/\/brandss.com.py\/index\/wp-json\/wp\/v2\/types\/product"}],"replies":[{"embeddable":true,"href":"https:\/\/brandss.com.py\/index\/wp-json\/wp\/v2\/comments?post=76672"}],"version-history":[{"count":1,"href":"https:\/\/brandss.com.py\/index\/wp-json\/wp\/v2\/product\/76672\/revisions"}],"predecessor-version":[{"id":76681,"href":"https:\/\/brandss.com.py\/index\/wp-json\/wp\/v2\/product\/76672\/revisions\/76681"}],"wp:featuredmedia":[{"embeddable":true,"href":"https:\/\/brandss.com.py\/index\/wp-json\/wp\/v2\/media\/76673"}],"wp:attachment":[{"href":"https:\/\/brandss.com.py\/index\/wp-json\/wp\/v2\/media?parent=76672"}],"wp:term":[{"taxonomy":"product_brand","embeddable":true,"href":"https:\/\/brandss.com.py\/index\/wp-json\/wp\/v2\/product_brand?post=76672"},{"taxonomy":"product_cat","embeddable":true,"href":"https:\/\/brandss.com.py\/index\/wp-json\/wp\/v2\/product_cat?post=76672"},{"taxonomy":"product_tag","embeddable":true,"href":"https:\/\/brandss.com.py\/index\/wp-json\/wp\/v2\/product_tag?post=76672"}],"curies":[{"name":"wp","href":"https:\/\/api.w.org\/{rel}","templated":true}]}}