{"id":76683,"date":"2025-03-18T16:51:42","date_gmt":"2025-03-18T16:51:42","guid":{"rendered":"https:\/\/brandss.com.py\/index\/?post_type=product&#038;p=76683"},"modified":"2025-09-23T10:34:47","modified_gmt":"2025-09-23T10:34:47","slug":"calzado-deportivo-masculino-nike-cosmic-unity-2-sisterhood","status":"publish","type":"product","link":"https:\/\/brandss.com.py\/index\/producto\/calzado-deportivo-masculino-nike-cosmic-unity-2-sisterhood\/","title":{"rendered":"CALZADO DEPORTIVO MASCULINO NIKE COSMIC UNITY 2 SISTERHOOD"},"content":{"rendered":"<p><img decoding=\"async\" src=\"https:\/\/encrypted-tbn0.gstatic.com\/images?q=tbn:ANd9GcSwxWjbiOX8rYuq720FgrIefCPVC-y-gHSUYg&amp;s\" alt=\"Logo Nike PNG transparente - StickPNG\" \/><\/p>\n<h1>DH1537-102<\/h1>\n<p>Los Nike Cosmic Unity 2 son calzados revolucionarios dise\u00f1ados para combinar el rendimiento deportivo y la sostenibilidad. Estos calzados representan el compromiso de Nike con la innovaci\u00f3n y la responsabilidad ambiental, brind\u00e1ndote opciones de alto rendimiento que tambi\u00e9n cuidan del planeta.<\/p>\n<p>Est\u00e1n confeccionados con materiales reciclados y sostenibles, como el Flyknit Crater, que utiliza hilos reciclados para reducir el desperdicio y el impacto ambiental. Este material ofrece una combinaci\u00f3n de transpirabilidad, flexibilidad y soporte para brindarte una experiencia c\u00f3moda y duradera.<\/p>\n<p>Los Nike Cosmic Unity 2 presentan una amortiguaci\u00f3n Zoom Air en el antepi\u00e9 que proporciona una respuesta r\u00e1pida y una excelente energ\u00eda de retorno en cada paso. Adem\u00e1s, su dise\u00f1o de corte medio ofrece estabilidad y soporte para movimientos \u00e1giles y din\u00e1micos en la cancha.<\/p>\n<p>Con su estilo moderno y llamativo, estos calzados son perfectos tanto para el uso en el baloncesto como para lucir un look casual y deportivo en tu d\u00eda a d\u00eda. El logo de Nike en el lateral y los detalles de colores vibrantes le agregan un toque de estilo y autenticidad.<\/p>\n<p>Los Nike Cosmic Unity 2 no solo te brindan un rendimiento excepcional en la cancha, sino que tambi\u00e9n contribuyen a un futuro m\u00e1s sostenible. Con su enfoque en la innovaci\u00f3n y la responsabilidad ambiental, estos calzados te permiten disfrutar del deporte mientras cuidas del planeta.<\/p>\n","protected":false},"excerpt":{"rendered":"<p>DH1537-102 Los Nike Cosmic Unity 2 son calzados revolucionarios dise\u00f1ados para combinar el rendimiento deportivo y la sostenibilidad. Estos calzados<\/p>\n","protected":false},"featured_media":76684,"comment_status":"open","ping_status":"closed","template":"","meta":{"nf_dc_page":""},"product_brand":[],"product_cat":[76],"product_tag":[],"class_list":{"0":"post-76683","1":"product","2":"type-product","3":"status-publish","4":"has-post-thumbnail","6":"product_cat-masculino","8":"first","9":"instock","10":"shipping-taxable","11":"purchasable","12":"product-type-simple"},"_links":{"self":[{"href":"https:\/\/brandss.com.py\/index\/wp-json\/wp\/v2\/product\/76683","targetHints":{"allow":["GET"]}}],"collection":[{"href":"https:\/\/brandss.com.py\/index\/wp-json\/wp\/v2\/product"}],"about":[{"href":"https:\/\/brandss.com.py\/index\/wp-json\/wp\/v2\/types\/product"}],"replies":[{"embeddable":true,"href":"https:\/\/brandss.com.py\/index\/wp-json\/wp\/v2\/comments?post=76683"}],"version-history":[{"count":2,"href":"https:\/\/brandss.com.py\/index\/wp-json\/wp\/v2\/product\/76683\/revisions"}],"predecessor-version":[{"id":76692,"href":"https:\/\/brandss.com.py\/index\/wp-json\/wp\/v2\/product\/76683\/revisions\/76692"}],"wp:featuredmedia":[{"embeddable":true,"href":"https:\/\/brandss.com.py\/index\/wp-json\/wp\/v2\/media\/76684"}],"wp:attachment":[{"href":"https:\/\/brandss.com.py\/index\/wp-json\/wp\/v2\/media?parent=76683"}],"wp:term":[{"taxonomy":"product_brand","embeddable":true,"href":"https:\/\/brandss.com.py\/index\/wp-json\/wp\/v2\/product_brand?post=76683"},{"taxonomy":"product_cat","embeddable":true,"href":"https:\/\/brandss.com.py\/index\/wp-json\/wp\/v2\/product_cat?post=76683"},{"taxonomy":"product_tag","embeddable":true,"href":"https:\/\/brandss.com.py\/index\/wp-json\/wp\/v2\/product_tag?post=76683"}],"curies":[{"name":"wp","href":"https:\/\/api.w.org\/{rel}","templated":true}]}}