{"id":76715,"date":"2025-03-18T18:06:40","date_gmt":"2025-03-18T18:06:40","guid":{"rendered":"https:\/\/brandss.com.py\/index\/?post_type=product&#038;p=76715"},"modified":"2025-09-24T19:08:47","modified_gmt":"2025-09-24T19:08:47","slug":"calzado-deportivo-masculino-nike-vomero-17","status":"publish","type":"product","link":"https:\/\/brandss.com.py\/index\/producto\/calzado-deportivo-masculino-nike-vomero-17\/","title":{"rendered":"CALZADO DEPORTIVO MASCULINO NIKE VOMERO 17"},"content":{"rendered":"<p><img loading=\"lazy\" decoding=\"async\" class=\"\" src=\"https:\/\/loodibee.com\/wp-content\/uploads\/Nike-Logo.png\" alt=\"Nike Logo History | FREE PNG Logos\" width=\"104\" height=\"104\" \/><\/p>\n<h1>VOMERO 17<\/h1>\n<p>El Vomero 17 proporciona una pisada el\u00e1stica y suave para energizar cada kil\u00f3metro, la cual te lleva a tu lugar feliz de running. Su espuma apilada proporciona una responsividad superior para ayudarte a mejorar cuando est\u00e9s listo para esa velocidad adicional. Y con mejoras generales que ofrecen un nuevo nivel de comodidad ligera y transpirabilidad, este calzado es para aquellos runners de calle que buscan la emoci\u00f3n del vroom y la sensaci\u00f3n de suavidad que te pone en modo crucero para distancias cortas o largas.<\/p>\n<div style=\"width: 864px;\" class=\"wp-video\"><video class=\"wp-video-shortcode\" id=\"video-76715-1\" width=\"864\" height=\"1080\" preload=\"metadata\" controls=\"controls\"><source type=\"video\/mp4\" src=\"https:\/\/brandss.com.py\/index\/wp-content\/uploads\/2025\/03\/video-2.mp4?_=1\" \/><a href=\"https:\/\/brandss.com.py\/index\/wp-content\/uploads\/2025\/03\/video-2.mp4\">https:\/\/brandss.com.py\/index\/wp-content\/uploads\/2025\/03\/video-2.mp4<\/a><\/video><\/div>\n<p>&nbsp;<\/p>\n<p><b>Amortiguaci\u00f3n: superalta<\/b><\/p>\n<p>Cuanta m\u00e1s amortiguaci\u00f3n tengas en la planta del pie, m\u00e1s suave y c\u00f3moda puede ser tu experiencia de running. La amortiguaci\u00f3n suaviza el impacto cuando los pies llegan al suelo. Equipado con nuestras espumas premium ZoomX Foam y Cushlon Foam, el Vomero 17 ofrece comodidad bajo los pies para una zancada equilitopda y suave. Con base en los comentarios de los runners, tambi\u00e9n quitamos la unidad Zoom Air en el antepi\u00e9 de la versi\u00f3n anterior para simplificar la entresuela y tener m\u00e1s suavidad.<\/p>\n<p>&nbsp;<\/p>\n<p><b>Responsividad: superalta<\/b><\/p>\n<p>Cuanto m\u00e1s responsivo sea el calzado, m\u00e1s retorno de energ\u00eda obtendr\u00e1s con cada paso. Ya sea que quieras correr un poco m\u00e1s r\u00e1pido o con un poco menos de esfuerzo, un calzado responsivo te brinda m\u00e1s elasticidad en tu pisada para que aproveches al m\u00e1ximo tu carrera. En el Vomero 17, nuestro calzado con el mejor resorte, el pie descansa sobre una pila de ZoomX Foam, la espuma m\u00e1s ligera y con mayor retorno de energ\u00eda de Nike Running, en la parte superior, y espuma suave en la parte inferior para tener una pisada energizada, pero suave.<\/p>\n<p>&nbsp;<\/p>\n<p><b>Soporte: neutro<\/b><\/p>\n<p>Cuanto m\u00e1s soporte ofrece el calzado, m\u00e1s estabilidad puede darle a tu pisada natural. La combinaci\u00f3n de soporte optimizado y amortiguaci\u00f3n colocada intencionalmente te ayuda a sentir seguridad en cada paso. El Vomero 17 tiene un soporte neutro. Te brinda equilibrio, ya sea que pises con el tal\u00f3n o con el antepi\u00e9. Tambi\u00e9n es bueno para carreras largas y cortas; ofrece una transici\u00f3n suave del tal\u00f3n a la punta que complementa la pisada natural.<\/p>\n<p>&nbsp;<\/p>\n<p><b>Ajuste y sensaci\u00f3n<\/b><\/p>\n<p>Este calzado se enorgullece en tener comodidad premium que te pone en modo crucero para distancias largas o cortas. La malla dise\u00f1ada estrat\u00e9gicamente le da m\u00e1s ligereza y transpirabilidad a la parte superior en comparaci\u00f3n con los Vomero anteriores. La plantilla suave ofrece comodidad al pon\u00e9rtelo y el cuello es c\u00f3modo en el tal\u00f3n al momento de correr. La leng\u00fceta acolchada y los cordones suaves y el\u00e1sticas completan una experiencia general ultrac\u00f3moda.<\/p>\n<p>&nbsp;<\/p>\n<p><b>\u00bfQu\u00e9 novedades tiene el Vomero 17?<\/b><\/p>\n<p>Simplificamos la estructura del 17 al quitar la unidad Zoom Air del antepi\u00e9 y apilar espuma ZoomX Foam premium arriba de la entresuela para amplificar la comodidad acolchada. El resultado es una pisada m\u00e1s suave y responsiva.<\/p>\n<p>&nbsp;<\/p>\n<p><b>M\u00e1s beneficios<\/b><\/p>\n<ul>\n<li>La goma de alta resistencia a la atopsi\u00f3n con resaltes en la suela ofrece tracci\u00f3n duradera.<\/li>\n<li>La suela flexible mejora la transici\u00f3n del tal\u00f3n a la punta.<\/li>\n<\/ul>\n<p>&nbsp;<\/p>\n<p><b>Datos del producto<\/b><\/p>\n<ul>\n<li>Peso: 300.2 gramos (talla 10 US de hombre).<\/li>\n<li>Ca\u00edda del tal\u00f3n a la punta: 10 mm.<\/li>\n<li>Este producto no est\u00e1 dise\u00f1ado para usarse como equipo de protecci\u00f3n personal (EPP).<\/li>\n<li><span class=\"nikeuy-store-components-0-x-specificationName nikeuy-store-components-0-x-specificationName--product-specification\">Color: <\/span><span class=\"nikeuy-store-components-0-x-specificationValue nikeuy-store-components-0-x-specificationValue--product-specification\">Negro\/Antracita\/Blanco.<\/span><\/li>\n<li>\n<div class=\"vtex-flex-layout-0-x-flexColChild vtex-flex-layout-0-x-flexColChild--pdp-centered-mobile vtex-flex-layout-0-x-flexColChild--product-col pb7\">\n<div class=\"nikeuy-store-components-0-x-specificationContainer flex\">\n<div><span class=\"vtex-product-identifier-0-x-product-identifier__label\">Modelo<\/span><span class=\"vtex-product-identifier-0-x-product-identifier__separator\">:\u00a0<\/span><span class=\"vtex-product-identifier-0-x-product-identifier__value\">FB1309-004.<\/span><\/div>\n<\/div>\n<\/div>\n<\/li>\n<\/ul>\n","protected":false},"excerpt":{"rendered":"<p>VOMERO 17 El Vomero 17 proporciona una pisada el\u00e1stica y suave para energizar cada kil\u00f3metro, la cual te lleva a<\/p>\n","protected":false},"featured_media":76717,"comment_status":"open","ping_status":"closed","template":"","meta":{"nf_dc_page":""},"product_brand":[],"product_cat":[76],"product_tag":[],"class_list":{"0":"post-76715","1":"product","2":"type-product","3":"status-publish","4":"has-post-thumbnail","6":"product_cat-masculino","8":"first","9":"instock","10":"shipping-taxable","11":"purchasable","12":"product-type-simple"},"_links":{"self":[{"href":"https:\/\/brandss.com.py\/index\/wp-json\/wp\/v2\/product\/76715","targetHints":{"allow":["GET"]}}],"collection":[{"href":"https:\/\/brandss.com.py\/index\/wp-json\/wp\/v2\/product"}],"about":[{"href":"https:\/\/brandss.com.py\/index\/wp-json\/wp\/v2\/types\/product"}],"replies":[{"embeddable":true,"href":"https:\/\/brandss.com.py\/index\/wp-json\/wp\/v2\/comments?post=76715"}],"version-history":[{"count":1,"href":"https:\/\/brandss.com.py\/index\/wp-json\/wp\/v2\/product\/76715\/revisions"}],"predecessor-version":[{"id":76729,"href":"https:\/\/brandss.com.py\/index\/wp-json\/wp\/v2\/product\/76715\/revisions\/76729"}],"wp:featuredmedia":[{"embeddable":true,"href":"https:\/\/brandss.com.py\/index\/wp-json\/wp\/v2\/media\/76717"}],"wp:attachment":[{"href":"https:\/\/brandss.com.py\/index\/wp-json\/wp\/v2\/media?parent=76715"}],"wp:term":[{"taxonomy":"product_brand","embeddable":true,"href":"https:\/\/brandss.com.py\/index\/wp-json\/wp\/v2\/product_brand?post=76715"},{"taxonomy":"product_cat","embeddable":true,"href":"https:\/\/brandss.com.py\/index\/wp-json\/wp\/v2\/product_cat?post=76715"},{"taxonomy":"product_tag","embeddable":true,"href":"https:\/\/brandss.com.py\/index\/wp-json\/wp\/v2\/product_tag?post=76715"}],"curies":[{"name":"wp","href":"https:\/\/api.w.org\/{rel}","templated":true}]}}