{"id":76740,"date":"2025-03-18T18:45:38","date_gmt":"2025-03-18T18:45:38","guid":{"rendered":"https:\/\/brandss.com.py\/index\/?post_type=product&#038;p=76740"},"modified":"2026-04-08T14:14:52","modified_gmt":"2026-04-08T14:14:52","slug":"perfume-masculino-bharara-king-edp-100ml","status":"publish","type":"product","link":"https:\/\/brandss.com.py\/index\/producto\/perfume-masculino-bharara-king-edp-100ml\/","title":{"rendered":"PERFUME MASCULINO BHARARA KING EDP 100ML"},"content":{"rendered":"<p><img loading=\"lazy\" decoding=\"async\" class=\"\" src=\"https:\/\/dojiw2m9tvv09.cloudfront.net\/91550\/brand\/6-photoroom9684.png\" alt=\"BHARARA PLACID PARFUM 3.4oz \/ 100ML EDP | Kiibok\" width=\"74\" height=\"74\" \/><\/p>\n<h1>KING<\/h1>\n<p>El perfume Bharara King est\u00e1 dise\u00f1ado para el hombre moderno que busca un aroma \u00fanico y atractivo. Esta fragancia cautivadora ofrece una mezcla exquisita de notas dulces y amaderadas que atraen los sentidos y dejan una impresi\u00f3n duradera. Desde la primera vez que te roc\u00edes Bharara King, sentir\u00e1s la confianza y la seguridad que transmite su aroma. Adem\u00e1s, su dise\u00f1o elegante y sofisticado hace de esta fragancia el complemento perfecto para cualquier ocasi\u00f3n.<img loading=\"lazy\" decoding=\"async\" class=\"alignleft\" src=\"https:\/\/perfumescardales.com.ar\/wp-content\/uploads\/2023\/04\/bharara-2.jpg\" width=\"614\" height=\"614\" \/><\/p>\n<p>\u201cNotas c\u00e1lidas y profundas para una experiencia sensorial \u00fanica\u201d<\/p>\n<p>Bharara King cuenta con una compleja mezcla de notas c\u00e1lidas y profundas que la hacen \u00fanica. En la parte superior, encontrar\u00e1s notas frescas y vibrantes de pomelo y mandarina, que dan paso a un coraz\u00f3n c\u00e1lido de canela y nuez moscada. Por \u00faltimo, las notas de fondo de madera de cedro y \u00e1mbar le dan a esta fragancia su profundidad y durabilidad. En conjunto, estas notas crean una experiencia sensorial \u00fanica y atractiva para el usuario.<\/p>\n<p>&nbsp;<\/p>\n<h3>Notas Olfativas<\/h3>\n<p>&nbsp;<\/p>\n<p>Bharara King es una fragancia masculina que exuda sensualidad y magnetismo. Las notas iniciales de naranja, bergamota y lim\u00f3n aportan una frescura vibrante, mientras las notas afrutadas en el coraz\u00f3n a\u00f1aden un toque jugoso y ex\u00f3tico. La vainilla introduce una calidez suave y adictiva que se entrelaza con el almizcle blanco, creando una textura aterciopelada. El \u00e1mbar aporta profundidad y un toque de misterio, haciendo de esta fragancia una elecci\u00f3n irresistible.<\/p>\n<p>King\u00a0de\u00a0Bharara\u00a0es una fragancia de la familia olfativa Arom\u00e1tica para Hombres.\u00a0King\u00a0se lanz\u00f3 en 2021.<\/p>\n<p><strong>Notas de salida:<\/strong> naranja, lim\u00f3n (lima \u00e1cida) y bergamota.<\/p>\n<p><strong>Nota de coraz\u00f3n:<\/strong> notas afrutadas.<\/p>\n<p><strong>Notas de fondo:<\/strong> vainilla, almizcle blanco y \u00e1mbar.<\/p>\n","protected":false},"excerpt":{"rendered":"<p>KING El perfume Bharara King est\u00e1 dise\u00f1ado para el hombre moderno que busca un aroma \u00fanico y atractivo. Esta fragancia<\/p>\n","protected":false},"featured_media":76741,"comment_status":"open","ping_status":"closed","template":"","meta":{"nf_dc_page":""},"product_brand":[111],"product_cat":[84],"product_tag":[162],"class_list":{"0":"post-76740","1":"product","2":"type-product","3":"status-publish","4":"has-post-thumbnail","6":"product_brand-bharara","7":"product_cat-perfumeria","8":"product_tag-162","10":"first","11":"instock","12":"sale","13":"shipping-taxable","14":"purchasable","15":"product-type-simple"},"_links":{"self":[{"href":"https:\/\/brandss.com.py\/index\/wp-json\/wp\/v2\/product\/76740","targetHints":{"allow":["GET"]}}],"collection":[{"href":"https:\/\/brandss.com.py\/index\/wp-json\/wp\/v2\/product"}],"about":[{"href":"https:\/\/brandss.com.py\/index\/wp-json\/wp\/v2\/types\/product"}],"replies":[{"embeddable":true,"href":"https:\/\/brandss.com.py\/index\/wp-json\/wp\/v2\/comments?post=76740"}],"version-history":[{"count":1,"href":"https:\/\/brandss.com.py\/index\/wp-json\/wp\/v2\/product\/76740\/revisions"}],"predecessor-version":[{"id":76745,"href":"https:\/\/brandss.com.py\/index\/wp-json\/wp\/v2\/product\/76740\/revisions\/76745"}],"wp:featuredmedia":[{"embeddable":true,"href":"https:\/\/brandss.com.py\/index\/wp-json\/wp\/v2\/media\/76741"}],"wp:attachment":[{"href":"https:\/\/brandss.com.py\/index\/wp-json\/wp\/v2\/media?parent=76740"}],"wp:term":[{"taxonomy":"product_brand","embeddable":true,"href":"https:\/\/brandss.com.py\/index\/wp-json\/wp\/v2\/product_brand?post=76740"},{"taxonomy":"product_cat","embeddable":true,"href":"https:\/\/brandss.com.py\/index\/wp-json\/wp\/v2\/product_cat?post=76740"},{"taxonomy":"product_tag","embeddable":true,"href":"https:\/\/brandss.com.py\/index\/wp-json\/wp\/v2\/product_tag?post=76740"}],"curies":[{"name":"wp","href":"https:\/\/api.w.org\/{rel}","templated":true}]}}