{"id":76746,"date":"2025-03-18T19:17:05","date_gmt":"2025-03-18T19:17:05","guid":{"rendered":"https:\/\/brandss.com.py\/index\/?post_type=product&#038;p=76746"},"modified":"2025-03-18T19:17:32","modified_gmt":"2025-03-18T19:17:32","slug":"calzado-deportivo-femenino-nike-infinityrn-4-gore-tex","status":"publish","type":"product","link":"https:\/\/brandss.com.py\/index\/producto\/calzado-deportivo-femenino-nike-infinityrn-4-gore-tex\/","title":{"rendered":"CALZADO DEPORTIVO FEMENINO NIKE INFINITYRN 4 GORE-TEX"},"content":{"rendered":"<p><img loading=\"lazy\" decoding=\"async\" class=\"\" src=\"https:\/\/loodibee.com\/wp-content\/uploads\/Nike-Logo.png\" alt=\"Nike Logo History | FREE PNG Logos\" width=\"131\" height=\"131\" \/><\/p>\n<h1>INFINITYRN 4 GORE-TEX<\/h1>\n<div class=\"experience-component experience-productText\">\n<div class=\"product-text-wrapper hide-empty  \">\n<div class=\"product-text-content     \">\n<div class=\"product-text  released    \" data-product-field=\"longDescription\">\n<p>El Infinity 4 GTX es la opci\u00f3n perfecta para los d\u00edas en los que la lluvia abunda y el viento sopla con fuerza, no importa cu\u00e1n sombr\u00edo se vea por la ventana, pero aun as\u00ed quieres correr. Cuenta con una capa impermeable GORE-TEX por todo el calzado y un cuello c\u00e1lido y jaspeado para mantener los pies secos cuando bajan las temperaturas y comienza a llover. Combina esos atributos t\u00e9rmicos con nuestra espuma Nike ReactX Foam, que brinda un 13% m\u00e1s de retorno de energ\u00eda en comparaci\u00f3n con la espuma Nike React Foam (\u00bfQu\u00e9 m\u00e1s pedir?). La espuma Nike ReactX Foam reduce la huella de carbono de la entresuela al menos un 43% en comparaci\u00f3n con la espuma Nike React Foam para ayudar tambi\u00e9n al planeta. Estar\u00e1s buscando charcos y pilas a medida que acumulas kil\u00f3metros.<\/p>\n<p><b>\u00bfQu\u00e9 novedades tiene el Nike InfinityRN 4?<\/b><\/p>\n<p>Esta versi\u00f3n del Nike InfinityRN 4 sigue brindando una pisada c\u00f3moda con sensaci\u00f3n de suavidad. Adem\u00e1s, cuenta con la espuma ReactX Foam que ofrece m\u00e1s soporte.<\/p>\n<p><b>Dise\u00f1o transpirable<\/b><\/p>\n<p>La tela GORE-TEX impermeable mantiene el agua a raya para que puedas concentrarte en la aventura.<\/p>\n<p><b>Amortiguaci\u00f3n: superalta<\/b><\/p>\n<p>Cuanta m\u00e1s amortiguaci\u00f3n tengas en la planta del pie, m\u00e1s suave y c\u00f3moda puede ser tu experiencia de running. La amortiguaci\u00f3n suaviza el impacto cuando los pies llegan al suelo. La espuma ReactX Foam te brinda una sensaci\u00f3n incre\u00edblemente suave que te ayuda a impulsar tus l\u00edmites.<\/p>\n<p><b>Soporte: alto<\/b><\/p>\n<p>Cuanto m\u00e1s soporte ofrece el calzado, m\u00e1s estabilidad puede darle a tu pisada natural. La combinaci\u00f3n de soporte optimizado y amortiguaci\u00f3n colocada intencionalmente te ayuda a sentir seguridad en cada paso. La suela curva ayuda a que tu pie se balancee suavemente desde el tal\u00f3n hasta la punta y en cada paso hasta la pisada. Hace que cada paso se sienta m\u00e1s natural y agrega eficiencia a tu carrera, lo que te ayuda a desperdiciar menos energ\u00eda en cada pisada. Una banda de ajuste Flyknit interna (como una banda de goma alrededor de la parte media del pie) ofrece un soporte el\u00e1stico y seguro.<\/p>\n<p><b>Responsividad: moderada<\/b><\/p>\n<p>Cuanto m\u00e1s responsivo sea el calzado, m\u00e1s retorno de energ\u00eda obtendr\u00e1s con cada paso. Ya sea que quieras correr un poco m\u00e1s r\u00e1pido o con un poco menos de esfuerzo, un calzado responsivo te brinda m\u00e1s elasticidad en tu pisada para que aproveches al m\u00e1ximo tu carrera. La espuma ReactX Foam te brinda un 13% adicional de retorno de energ\u00eda en comparaci\u00f3n con la espuma React Foam, lo que te ayuda a mantener la frescura y la elasticidad durante la carrera.<\/p>\n<p><b>Transpirabilidad contenida<\/b><\/p>\n<p>El acabado repelente al agua en la punta te ayuda a mantenerte libre de humedad cuando cambia el tiempo.<\/p>\n<p><b>M\u00e1s beneficios<\/b><\/p>\n<ul>\n<li>La suela tipo waffle proporciona tracci\u00f3n duradera.<\/li>\n<li>El cuello de espuma se siente suave y con soporte al tacto.<\/li>\n<li>El incremento de goma en la suela proporciona tracci\u00f3n y durabilidad.<\/li>\n<\/ul>\n<p><b>Datos del producto<\/b><\/p>\n<ul>\n<li>Este producto no est\u00e1 dise\u00f1ado para usarse como equipo de protecci\u00f3n personal (EPP)<\/li>\n<li>Color: Marfil p\u00e1lido\/Blanco cumbre\/Tinte platino\/Antracita<\/li>\n<li>Modelo: FB2197-100<\/li>\n<\/ul>\n<\/div>\n<\/div>\n<\/div>\n<\/div>\n","protected":false},"excerpt":{"rendered":"<p>INFINITYRN 4 GORE-TEX El Infinity 4 GTX es la opci\u00f3n perfecta para los d\u00edas en los que la lluvia abunda<\/p>\n","protected":false},"featured_media":76747,"comment_status":"open","ping_status":"closed","template":"","meta":{"nf_dc_page":""},"product_brand":[],"product_cat":[73],"product_tag":[],"class_list":{"0":"post-76746","1":"product","2":"type-product","3":"status-publish","4":"has-post-thumbnail","6":"product_cat-femenino","8":"first","9":"instock","10":"shipping-taxable","11":"purchasable","12":"product-type-simple"},"_links":{"self":[{"href":"https:\/\/brandss.com.py\/index\/wp-json\/wp\/v2\/product\/76746","targetHints":{"allow":["GET"]}}],"collection":[{"href":"https:\/\/brandss.com.py\/index\/wp-json\/wp\/v2\/product"}],"about":[{"href":"https:\/\/brandss.com.py\/index\/wp-json\/wp\/v2\/types\/product"}],"replies":[{"embeddable":true,"href":"https:\/\/brandss.com.py\/index\/wp-json\/wp\/v2\/comments?post=76746"}],"version-history":[{"count":1,"href":"https:\/\/brandss.com.py\/index\/wp-json\/wp\/v2\/product\/76746\/revisions"}],"predecessor-version":[{"id":76760,"href":"https:\/\/brandss.com.py\/index\/wp-json\/wp\/v2\/product\/76746\/revisions\/76760"}],"wp:featuredmedia":[{"embeddable":true,"href":"https:\/\/brandss.com.py\/index\/wp-json\/wp\/v2\/media\/76747"}],"wp:attachment":[{"href":"https:\/\/brandss.com.py\/index\/wp-json\/wp\/v2\/media?parent=76746"}],"wp:term":[{"taxonomy":"product_brand","embeddable":true,"href":"https:\/\/brandss.com.py\/index\/wp-json\/wp\/v2\/product_brand?post=76746"},{"taxonomy":"product_cat","embeddable":true,"href":"https:\/\/brandss.com.py\/index\/wp-json\/wp\/v2\/product_cat?post=76746"},{"taxonomy":"product_tag","embeddable":true,"href":"https:\/\/brandss.com.py\/index\/wp-json\/wp\/v2\/product_tag?post=76746"}],"curies":[{"name":"wp","href":"https:\/\/api.w.org\/{rel}","templated":true}]}}