{"id":76761,"date":"2025-03-19T11:08:59","date_gmt":"2025-03-19T11:08:59","guid":{"rendered":"https:\/\/brandss.com.py\/index\/?post_type=product&#038;p=76761"},"modified":"2025-06-03T10:33:14","modified_gmt":"2025-06-03T10:33:14","slug":"calzado-deportivo-masculino-nike-lebron-witness-viii","status":"publish","type":"product","link":"https:\/\/brandss.com.py\/index\/producto\/calzado-deportivo-masculino-nike-lebron-witness-viii\/","title":{"rendered":"CALZADO DEPORTIVO MASCULINO NIKE LEBRON WITNESS VIII"},"content":{"rendered":"<p><img loading=\"lazy\" decoding=\"async\" class=\"\" src=\"https:\/\/1000marcas.net\/wp-content\/uploads\/2019\/11\/Logo-Nike.jpg\" alt=\"Logo de Nike: la historia y el significado del logotipo, la marca y el  s\u00edmbolo. | png, vector\" width=\"174\" height=\"98\" \/><\/p>\n<h1>LEBRON WITNESS VIII<\/h1>\n<div class=\"b-fullpdpdetails__item\" data-prop-name=\"productDescription\"><span>Al pisar la cancha, \u00bfqu\u00e9 tipo de rendimiento quieres ofrecer? \u00a1Deja que el espect\u00e1culo destaque con estas LeBron Witness 8 y demuestra que tu estilo y tus habilidades no tienen l\u00edmites! Estas zapatillas elegantes y de dise\u00f1o audaz ofrecen estabilidad al pisar a fondo y aterrizajes suaves al volver al suelo, permitiendo a jugadores como t\u00fa y LeBron saltar, frenar y correr de l\u00ednea de fondo a l\u00ednea de fondo.<\/span><\/div>\n<div class=\"b-fullpdpdetails__attribute\" data-id=\"gmg_enhancedBenefits\">\n<div class=\"b-fullpdpdetails__section\">\n<div><\/div>\n<div class=\"b-fullpdpdetails__title\"><strong>Max Air fabricado<\/strong><\/div>\n<div><\/div>\n<div class=\"b-productdata__content\"><span>Una unidad Max Air en la entresuela de perfil bajo se combina con una envoltura de espuma para brindar soporte al moverse lateralmente. Ayuda a amortiguar el impacto y facilita una transici\u00f3n suave del tal\u00f3n a la punta. Tambi\u00e9n proporciona estabilidad lateral y ayuda a controlar y dirigir la fuerza.<\/span><\/div>\n<\/div>\n<div class=\"b-fullpdpdetails__section\">\n<div><\/div>\n<div class=\"b-fullpdpdetails__title\"><strong>Sensaci\u00f3n de seguridad<\/strong><\/div>\n<div><\/div>\n<div class=\"b-productdata__content\"><span>La malla transpirable proporciona un ajuste ligero y c\u00f3modo en la parte superior, desde la malla que sujeta el antepi\u00e9 hasta las piezas moldeadas externas que sujetan el tal\u00f3n. Las costuras reforzadas en los laterales ayudan a que el calzado se ajuste perfectamente, conteniendo todo el pie.<\/span><\/div>\n<\/div>\n<div class=\"b-fullpdpdetails__section\">\n<div><\/div>\n<div class=\"b-fullpdpdetails__title\"><strong>Pegar y mover<\/strong><\/div>\n<div><\/div>\n<div class=\"b-productdata__content\"><span>Dividimos la suela de goma y la recortamos parcialmente bajo el arco para facilitar su flexi\u00f3n y reducir su peso. El cl\u00e1sico dise\u00f1o de espiga proporciona una tracci\u00f3n duradera.<\/span><\/div>\n<\/div>\n<div>\n<p>&nbsp;<\/p>\n<p><strong>Caracter\u00edsticas:<\/strong><\/p>\n<ul>\n<li><span>Una unidad Max Air en la entresuela de perfil bajo se combina con una envoltura de espuma para brindar soporte al moverse lateralmente. Ayuda a amortiguar el impacto y facilita una transici\u00f3n suave del tal\u00f3n a la punta. Tambi\u00e9n proporciona estabilidad lateral y ayuda a controlar y dirigir la fuerza.<\/span><\/li>\n<li><span>La malla transpirable proporciona un ajuste ligero y adaptable en la parte superior, desde la malla que sujeta el antepi\u00e9 hasta las piezas moldeadas externas que sujetan el tal\u00f3n. Las costuras reforzadas en los laterales ayudan a que el calzado se ajuste perfectamente para una sujeci\u00f3n completa del pie.<\/span><\/li>\n<li><span>Dividimos la suela de goma y la recortamos parcialmente bajo el arco para facilitar su flexi\u00f3n y reducir su peso. El cl\u00e1sico dise\u00f1o de espiga proporciona una tracci\u00f3n duradera.<\/span><\/li>\n<li><span>Cuello acolchado.<\/span><\/li>\n<li><span>Leng\u00fceta acolchada con puntada de diamante.<\/span><\/li>\n<li><span>Color: Blanco\/Gris humo claro\/Negro.<\/span><\/li>\n<li><span>Modelo: FB2239-100.<\/span><\/li>\n<\/ul>\n<\/div>\n<div><\/div>\n<\/div>\n","protected":false},"excerpt":{"rendered":"<p>LEBRON WITNESS VIII Al pisar la cancha, \u00bfqu\u00e9 tipo de rendimiento quieres ofrecer? \u00a1Deja que el espect\u00e1culo destaque con estas<\/p>\n","protected":false},"featured_media":76762,"comment_status":"open","ping_status":"closed","template":"","meta":{"nf_dc_page":""},"product_brand":[],"product_cat":[76],"product_tag":[],"class_list":{"0":"post-76761","1":"product","2":"type-product","3":"status-publish","4":"has-post-thumbnail","6":"product_cat-masculino","8":"first","9":"instock","10":"shipping-taxable","11":"purchasable","12":"product-type-simple"},"_links":{"self":[{"href":"https:\/\/brandss.com.py\/index\/wp-json\/wp\/v2\/product\/76761","targetHints":{"allow":["GET"]}}],"collection":[{"href":"https:\/\/brandss.com.py\/index\/wp-json\/wp\/v2\/product"}],"about":[{"href":"https:\/\/brandss.com.py\/index\/wp-json\/wp\/v2\/types\/product"}],"replies":[{"embeddable":true,"href":"https:\/\/brandss.com.py\/index\/wp-json\/wp\/v2\/comments?post=76761"}],"version-history":[{"count":1,"href":"https:\/\/brandss.com.py\/index\/wp-json\/wp\/v2\/product\/76761\/revisions"}],"predecessor-version":[{"id":76772,"href":"https:\/\/brandss.com.py\/index\/wp-json\/wp\/v2\/product\/76761\/revisions\/76772"}],"wp:featuredmedia":[{"embeddable":true,"href":"https:\/\/brandss.com.py\/index\/wp-json\/wp\/v2\/media\/76762"}],"wp:attachment":[{"href":"https:\/\/brandss.com.py\/index\/wp-json\/wp\/v2\/media?parent=76761"}],"wp:term":[{"taxonomy":"product_brand","embeddable":true,"href":"https:\/\/brandss.com.py\/index\/wp-json\/wp\/v2\/product_brand?post=76761"},{"taxonomy":"product_cat","embeddable":true,"href":"https:\/\/brandss.com.py\/index\/wp-json\/wp\/v2\/product_cat?post=76761"},{"taxonomy":"product_tag","embeddable":true,"href":"https:\/\/brandss.com.py\/index\/wp-json\/wp\/v2\/product_tag?post=76761"}],"curies":[{"name":"wp","href":"https:\/\/api.w.org\/{rel}","templated":true}]}}