{"id":76784,"date":"2025-03-19T12:43:37","date_gmt":"2025-03-19T12:43:37","guid":{"rendered":"https:\/\/brandss.com.py\/index\/?post_type=product&#038;p=76784"},"modified":"2025-03-19T12:43:57","modified_gmt":"2025-03-19T12:43:57","slug":"vestido-deportivo-femenino-nike-golf-sin-mangas","status":"publish","type":"product","link":"https:\/\/brandss.com.py\/index\/producto\/vestido-deportivo-femenino-nike-golf-sin-mangas\/","title":{"rendered":"VESTIDO DEPORTIVO FEMENINO NIKE GOLF SIN MANGAS"},"content":{"rendered":"<p><img decoding=\"async\" src=\"https:\/\/encrypted-tbn0.gstatic.com\/images?q=tbn:ANd9GcSwxWjbiOX8rYuq720FgrIefCPVC-y-gHSUYg&amp;s\" alt=\"Logo Nike PNG transparente - StickPNG\" \/><\/p>\n<div class=\"flex flex-1 grow basis-auto flex-col overflow-hidden\">\n<div class=\"relative h-full\">\n<div class=\"flex h-full flex-col overflow-y-auto [scrollbar-gutter:stable]\">\n<div class=\"mt-1.5 flex flex-col text-sm @thread-xl\/thread:pt-header-height md:pb-9\">\n<article class=\"group\/turn w-full text-token-text-primary focus-visible:outline-2 focus-visible:outline-offset-[-4px]\" dir=\"auto\" data-testid=\"conversation-turn-6\" data-scroll-anchor=\"true\">\n<div class=\"text-base my-auto mx-auto py-[18px] px-6\">\n<div class=\"mx-auto flex flex-1 text-base gap-4 md:gap-5 lg:gap-6 md:max-w-3xl lg:max-w-[40rem] xl:max-w-[48rem]\">\n<div class=\"group\/conversation-turn relative flex w-full min-w-0 flex-col agent-turn @xs\/thread:px-0 @sm\/thread:px-1.5 @md\/thread:px-4\">\n<div class=\"flex-col gap-1 md:gap-3\">\n<div class=\"flex max-w-full flex-col flex-grow\">\n<div class=\"min-h-8 text-message relative flex w-full flex-col items-end gap-2 whitespace-normal break-words text-start [.text-message+&amp;]:mt-5\" dir=\"auto\" data-message-author-role=\"assistant\" data-message-id=\"262b1046-69df-420a-a962-39b7a46e8712\" data-message-model-slug=\"gpt-4o\">\n<div class=\"flex w-full flex-col gap-1 empty:hidden first:pt-[3px]\">\n<div class=\"markdown prose w-full break-words dark:prose-invert light\">\n<h1 data-start=\"0\" data-end=\"68\"><strong data-start=\"0\" data-end=\"66\">Vestido Nike Golf Femenino Sin Mangas Dri-FIT Ace<\/strong><\/h1>\n<p data-start=\"70\" data-end=\"380\">Luce elegante y si\u00e9ntete c\u00f3moda en el campo de golf con el <strong data-start=\"129\" data-end=\"157\">vestido Nike Dri-FIT Ace<\/strong>, una prenda dise\u00f1ada para ofrecer <strong data-start=\"192\" data-end=\"223\">m\u00e1ximo rendimiento y estilo<\/strong> en cada movimiento. Con un ajuste favorecedor y materiales de alta calidad, este vestido sin mangas se convertir\u00e1 en tu aliado perfecto para cada partida.<\/p>\n<h3 data-start=\"382\" data-end=\"422\">\ud83c\udf1f <strong data-start=\"389\" data-end=\"420\">Caracter\u00edsticas\u00a0<\/strong><\/h3>\n<p data-start=\"423\" data-end=\"1360\">\u2714 <strong data-start=\"425\" data-end=\"448\">Tecnolog\u00eda Dri-FIT:<\/strong> Mantiene tu piel seca y fresca al absorber y evaporar el sudor r\u00e1pidamente.<br data-start=\"524\" data-end=\"527\" \/>\u2714 <strong data-start=\"529\" data-end=\"558\">Tejido el\u00e1stico y ligero:<\/strong> Fabricado con una combinaci\u00f3n de <strong data-start=\"592\" data-end=\"623\">84% poli\u00e9ster y 16% spandex<\/strong>, proporciona flexibilidad y comodidad en cada swing.<br data-start=\"676\" data-end=\"679\" \/>\u2714 <strong data-start=\"681\" data-end=\"703\">Dise\u00f1o sin mangas:<\/strong> Te ofrece <strong data-start=\"714\" data-end=\"746\">total libertad de movimiento<\/strong>, ideal para un juego sin restricciones.<br data-start=\"786\" data-end=\"789\" \/>\u2714 <strong data-start=\"791\" data-end=\"817\">Bolsillos funcionales:<\/strong> Incluye <strong data-start=\"826\" data-end=\"867\">dos bolsillos laterales y uno trasero<\/strong> con forro de malla, perfectos para llevar peque\u00f1os objetos sin a\u00f1adir volumen extra.<br data-start=\"952\" data-end=\"955\" \/>\u2714 <strong data-start=\"957\" data-end=\"985\">Ventilaci\u00f3n estrat\u00e9gica:<\/strong> Perforaciones laterales para una mayor transpirabilidad y frescura incluso en los d\u00edas m\u00e1s c\u00e1lidos.<br data-start=\"1085\" data-end=\"1088\" \/>\u2714 <strong data-start=\"1090\" data-end=\"1113\">Estilo sofisticado:<\/strong> Su dise\u00f1o incorpora <strong data-start=\"1134\" data-end=\"1166\">pliegues en la parte trasera<\/strong>, aportando un toque elegante sin comprometer la movilidad.<br data-start=\"1225\" data-end=\"1228\" \/>\u2714 <strong data-start=\"1230\" data-end=\"1249\">Color vibrante:<\/strong> Disponible en un atractivo <strong data-start=\"1277\" data-end=\"1299\">tono naranja coral<\/strong>, una opci\u00f3n moderna y llamativa para destacar en el campo.<\/p>\n<h3 data-start=\"1362\" data-end=\"1386\">\ud83c\udfaf <strong data-start=\"1369\" data-end=\"1384\">Ideal para:<\/strong><\/h3>\n<ul data-start=\"1387\" data-end=\"1607\">\n<li data-start=\"1387\" data-end=\"1470\">Mujeres golfistas que buscan <strong data-start=\"1418\" data-end=\"1440\">comodidad y estilo<\/strong> en su vestimenta deportiva.<\/li>\n<li data-start=\"1471\" data-end=\"1537\">Climas c\u00e1lidos, gracias a su <strong data-start=\"1502\" data-end=\"1534\">tejido transpirable y ligero<\/strong>.<\/li>\n<li data-start=\"1538\" data-end=\"1607\">Un look sofisticado y funcional dentro y fuera del campo de golf.<\/li>\n<\/ul>\n<p data-start=\"1609\" data-end=\"1781\" data-is-last-node=\"\" data-is-only-node=\"\">Con el <strong data-start=\"1616\" data-end=\"1647\">Nike Dri-FIT Ace Golf Dress<\/strong>, disfruta de la combinaci\u00f3n perfecta de <strong data-start=\"1688\" data-end=\"1722\">rendimiento, dise\u00f1o y frescura<\/strong> en cada juego. \u00a1Hazlo tuyo y juega con total confianza! \u26f3\u2728<\/p>\n<\/div>\n<\/div>\n<\/div>\n<\/div>\n<\/div>\n<\/div>\n<\/div>\n<\/div>\n<\/article>\n<\/div>\n<\/div>\n<\/div>\n<\/div>\n","protected":false},"excerpt":{"rendered":"<p>Vestido Nike Golf Femenino Sin Mangas Dri-FIT Ace Luce elegante y si\u00e9ntete c\u00f3moda en el campo de golf con el<\/p>\n","protected":false},"featured_media":76785,"comment_status":"open","ping_status":"closed","template":"","meta":{"nf_dc_page":""},"product_brand":[],"product_cat":[73],"product_tag":[],"class_list":{"0":"post-76784","1":"product","2":"type-product","3":"status-publish","4":"has-post-thumbnail","6":"product_cat-femenino","8":"first","9":"instock","10":"shipping-taxable","11":"purchasable","12":"product-type-simple"},"_links":{"self":[{"href":"https:\/\/brandss.com.py\/index\/wp-json\/wp\/v2\/product\/76784","targetHints":{"allow":["GET"]}}],"collection":[{"href":"https:\/\/brandss.com.py\/index\/wp-json\/wp\/v2\/product"}],"about":[{"href":"https:\/\/brandss.com.py\/index\/wp-json\/wp\/v2\/types\/product"}],"replies":[{"embeddable":true,"href":"https:\/\/brandss.com.py\/index\/wp-json\/wp\/v2\/comments?post=76784"}],"version-history":[{"count":1,"href":"https:\/\/brandss.com.py\/index\/wp-json\/wp\/v2\/product\/76784\/revisions"}],"predecessor-version":[{"id":76790,"href":"https:\/\/brandss.com.py\/index\/wp-json\/wp\/v2\/product\/76784\/revisions\/76790"}],"wp:featuredmedia":[{"embeddable":true,"href":"https:\/\/brandss.com.py\/index\/wp-json\/wp\/v2\/media\/76785"}],"wp:attachment":[{"href":"https:\/\/brandss.com.py\/index\/wp-json\/wp\/v2\/media?parent=76784"}],"wp:term":[{"taxonomy":"product_brand","embeddable":true,"href":"https:\/\/brandss.com.py\/index\/wp-json\/wp\/v2\/product_brand?post=76784"},{"taxonomy":"product_cat","embeddable":true,"href":"https:\/\/brandss.com.py\/index\/wp-json\/wp\/v2\/product_cat?post=76784"},{"taxonomy":"product_tag","embeddable":true,"href":"https:\/\/brandss.com.py\/index\/wp-json\/wp\/v2\/product_tag?post=76784"}],"curies":[{"name":"wp","href":"https:\/\/api.w.org\/{rel}","templated":true}]}}