{"id":76791,"date":"2025-03-19T12:54:15","date_gmt":"2025-03-19T12:54:15","guid":{"rendered":"https:\/\/brandss.com.py\/index\/?post_type=product&#038;p=76791"},"modified":"2025-03-19T12:54:35","modified_gmt":"2025-03-19T12:54:35","slug":"calzado-casual-infantil-nike-air-force-1-low-le","status":"publish","type":"product","link":"https:\/\/brandss.com.py\/index\/producto\/calzado-casual-infantil-nike-air-force-1-low-le\/","title":{"rendered":"CALZADO CASUAL INFANTIL NIKE AIR FORCE 1 LOW LE"},"content":{"rendered":"<p><img decoding=\"async\" src=\"https:\/\/encrypted-tbn0.gstatic.com\/images?q=tbn:ANd9GcSwxWjbiOX8rYuq720FgrIefCPVC-y-gHSUYg&amp;s\" alt=\"Logo Nike PNG transparente - StickPNG\" \/><\/p>\n<div class=\"flex flex-1 grow basis-auto flex-col overflow-hidden\">\n<div class=\"relative h-full\">\n<div class=\"flex h-full flex-col overflow-y-auto [scrollbar-gutter:stable]\">\n<div class=\"mt-1.5 flex flex-col text-sm @thread-xl\/thread:pt-header-height md:pb-9\">\n<article class=\"group\/turn w-full text-token-text-primary focus-visible:outline-2 focus-visible:outline-offset-[-4px]\" dir=\"auto\" data-testid=\"conversation-turn-10\" data-scroll-anchor=\"true\">\n<div class=\"text-base my-auto mx-auto py-[18px] px-6\">\n<div class=\"mx-auto flex flex-1 text-base gap-4 md:gap-5 lg:gap-6 md:max-w-3xl lg:max-w-[40rem] xl:max-w-[48rem]\">\n<div class=\"group\/conversation-turn relative flex w-full min-w-0 flex-col agent-turn @xs\/thread:px-0 @sm\/thread:px-1.5 @md\/thread:px-4\">\n<div class=\"flex-col gap-1 md:gap-3\">\n<div class=\"flex max-w-full flex-col flex-grow\">\n<div class=\"min-h-8 text-message relative flex w-full flex-col items-end gap-2 whitespace-normal break-words text-start [.text-message+&amp;]:mt-5\" dir=\"auto\" data-message-author-role=\"assistant\" data-message-id=\"4a18aa22-bc6e-4ca3-a093-7f35a0bb5cfe\" data-message-model-slug=\"gpt-4o\">\n<div class=\"flex w-full flex-col gap-1 empty:hidden first:pt-[3px]\">\n<div class=\"markdown prose w-full break-words dark:prose-invert light\">\n<h1 data-start=\"0\" data-end=\"70\"><strong data-start=\"4\" data-end=\"68\"><span>Nike Air Force 1 Low LE Infantil &#8220;Triple Blanco&#8221;\u00a0<\/span><\/strong><\/h1>\n<p data-start=\"72\" data-end=\"487\"><span>El <\/span><strong data-start=\"75\" data-end=\"117\"><span>Nike Air Force 1 Low LE &#8220;Triple White&#8221;<\/span><\/strong><span> es una versi\u00f3n para ni\u00f1os del ic\u00f3nico modelo de baloncesto lanzado en 1982. Con un dise\u00f1o atemporal completamente blanco, este calzado se ha convertido en un cl\u00e1sico que ofrece comodidad, estilo y durabilidad para el uso diario. Su construcci\u00f3n en cuero de alta calidad y la ic\u00f3nica suela Air lo hacen perfecto tanto para la escuela como para actividades recreativas.<\/span><\/p>\n<hr data-start=\"489\" data-end=\"494\" \/>\n<h3 data-start=\"496\" data-end=\"536\"><span>\ud83c\udfc0 <\/span><strong data-start=\"503\" data-end=\"534\"><span>Caracter\u00edsticas\u00a0<\/span><\/strong><\/h3>\n<p data-start=\"538\" data-end=\"570\"><span>\u2714 <\/span><strong data-start=\"540\" data-end=\"565\"><span>Dise\u00f1o &#8220;Triple Blanco&#8221;<\/span><\/strong><span> \ud83c\udf1f<\/span><\/p>\n<ul data-start=\"571\" data-end=\"726\">\n<li data-start=\"571\" data-end=\"659\"><span>Totalmente blanco para un estilo limpio y vers\u00e1til que combina con cualquier outfit.<\/span><\/li>\n<li data-start=\"660\" data-end=\"726\"><span>Ideal para ocasiones casuales o para un look urbano impecable.<\/span><\/li>\n<\/ul>\n<p data-start=\"728\" data-end=\"757\"><span>\u2714 <\/span><strong data-start=\"730\" data-end=\"752\"><span>Materiales premium<\/span><\/strong><span> \ud83d\udc5f<\/span><\/p>\n<ul data-start=\"758\" data-end=\"954\">\n<li data-start=\"758\" data-end=\"859\"><strong data-start=\"760\" data-end=\"807\"><span>Parte superior de cuero genuino y sint\u00e9tico<\/span><\/strong><span> , ofreciendo mayor durabilidad y un ajuste c\u00f3modo.<\/span><\/li>\n<li data-start=\"860\" data-end=\"954\"><strong data-start=\"862\" data-end=\"893\"><span>Perforaciones en la puntera<\/span><\/strong><span> que mejoran la ventilaci\u00f3n para mantener los pies frescos.<\/span><\/li>\n<\/ul>\n<p data-start=\"956\" data-end=\"995\"><span>\u2714 <\/span><strong data-start=\"958\" data-end=\"987\"><span>Comodidad y amortiguaci\u00f3n<\/span><\/strong><span> \ud83c\udfc3\u200d\u2642\ufe0f<\/span><\/p>\n<ul data-start=\"996\" data-end=\"1197\">\n<li data-start=\"996\" data-end=\"1112\"><strong data-start=\"998\" data-end=\"1021\"><span>Tecnolog\u00eda Nike Air<\/span><\/strong><span> en la entresuela para una amortiguaci\u00f3n ligera y una sensaci\u00f3n de suavidad en cada paso.<\/span><\/li>\n<li data-start=\"1113\" data-end=\"1197\"><strong data-start=\"1115\" data-end=\"1143\"><span>Forro interior acolchado<\/span><\/strong><span> que brinda un ajuste c\u00f3modo para un uso prolongado.<\/span><\/li>\n<\/ul>\n<p data-start=\"1199\" data-end=\"1246\"><span>\u2714 <\/span><strong data-start=\"1201\" data-end=\"1241\"><span>Suela resistente y tracci\u00f3n superior<\/span><\/strong><span> \ud83d\udd25<\/span><\/p>\n<ul data-start=\"1247\" data-end=\"1447\">\n<li data-start=\"1247\" data-end=\"1359\"><strong data-start=\"1249\" data-end=\"1273\"><span>Suela de goma s\u00f3lida<\/span><\/strong><span> con patr\u00f3n de c\u00edrculos conc\u00e9ntricos que proporciona excelente agarre y durabilidad.<\/span><\/li>\n<li data-start=\"1360\" data-end=\"1447\"><span>Dise\u00f1ada para resistir el desgaste diario y ofrecer estabilidad en cada movimiento.<\/span><\/li>\n<\/ul>\n<p data-start=\"1449\" data-end=\"1478\"><span>\u2714 <\/span><strong data-start=\"1451\" data-end=\"1473\"><span>Ajuste y seguridad<\/span><\/strong><span> \ud83d\udd12<\/span><\/p>\n<ul data-start=\"1479\" data-end=\"1646\">\n<li data-start=\"1479\" data-end=\"1565\"><strong data-start=\"1481\" data-end=\"1518\"><span>Cierre con cordones tradicionales<\/span><\/strong><span> , asegurando un ajuste firme y personalizado.<\/span><\/li>\n<li data-start=\"1566\" data-end=\"1646\"><span>Leng\u00fceta y cuello acolchados que mejoran la comodidad alrededor del tobillo.<\/span><\/li>\n<\/ul>\n<hr data-start=\"1648\" data-end=\"1653\" \/>\n<h3 data-start=\"1655\" data-end=\"1679\"><span>\ud83c\udfaf <\/span><strong data-start=\"1662\" data-end=\"1677\"><span>Ideal para:<\/span><\/strong><\/h3>\n<p data-start=\"1680\" data-end=\"1918\"><span>\u2705 Ni\u00f1os y ni\u00f1as que buscan un calzado c\u00f3modo y resistente para el d\u00eda a d\u00eda. <\/span><br data-start=\"1756\" data-end=\"1759\" \/><span>\u2705 Actividades escolares, juegos al aire libre y looks urbanos modernos. <\/span><br data-start=\"1830\" data-end=\"1833\" \/><span>\u2705 Amantes de las zapatillas cl\u00e1sicas que quieren un dise\u00f1o atemporal en su colecci\u00f3n.<\/span><\/p>\n<p data-start=\"1920\" data-end=\"2121\" data-is-last-node=\"\" data-is-only-node=\"\"><span>Con los <\/span><strong data-start=\"1928\" data-end=\"1970\"><span>Nike Air Force 1 Low LE &#8220;Triple White&#8221;<\/span><\/strong><span> , los m\u00e1s peque\u00f1os pueden disfrutar de la comodidad y el estilo de un calzado legendario. \u00a1Dales un toque de frescura y versatilidad a sus pasos! \u2728\ud83d\udc5f<\/span><\/p>\n<\/div>\n<\/div>\n<\/div>\n<\/div>\n<\/div>\n<\/div>\n<\/div>\n<\/div>\n<\/article>\n<\/div>\n<\/div>\n<\/div>\n<\/div>\n<p>&nbsp;<\/p>\n","protected":false},"excerpt":{"rendered":"<p>Nike Air Force 1 Low LE Infantil &#8220;Triple Blanco&#8221;\u00a0 El Nike Air Force 1 Low LE &#8220;Triple White&#8221; es una<\/p>\n","protected":false},"featured_media":76793,"comment_status":"open","ping_status":"closed","template":"","meta":{"nf_dc_page":""},"product_brand":[],"product_cat":[75],"product_tag":[],"class_list":{"0":"post-76791","1":"product","2":"type-product","3":"status-publish","4":"has-post-thumbnail","6":"product_cat-infantil","8":"first","9":"instock","10":"shipping-taxable","11":"purchasable","12":"product-type-simple"},"_links":{"self":[{"href":"https:\/\/brandss.com.py\/index\/wp-json\/wp\/v2\/product\/76791","targetHints":{"allow":["GET"]}}],"collection":[{"href":"https:\/\/brandss.com.py\/index\/wp-json\/wp\/v2\/product"}],"about":[{"href":"https:\/\/brandss.com.py\/index\/wp-json\/wp\/v2\/types\/product"}],"replies":[{"embeddable":true,"href":"https:\/\/brandss.com.py\/index\/wp-json\/wp\/v2\/comments?post=76791"}],"version-history":[{"count":1,"href":"https:\/\/brandss.com.py\/index\/wp-json\/wp\/v2\/product\/76791\/revisions"}],"predecessor-version":[{"id":76800,"href":"https:\/\/brandss.com.py\/index\/wp-json\/wp\/v2\/product\/76791\/revisions\/76800"}],"wp:featuredmedia":[{"embeddable":true,"href":"https:\/\/brandss.com.py\/index\/wp-json\/wp\/v2\/media\/76793"}],"wp:attachment":[{"href":"https:\/\/brandss.com.py\/index\/wp-json\/wp\/v2\/media?parent=76791"}],"wp:term":[{"taxonomy":"product_brand","embeddable":true,"href":"https:\/\/brandss.com.py\/index\/wp-json\/wp\/v2\/product_brand?post=76791"},{"taxonomy":"product_cat","embeddable":true,"href":"https:\/\/brandss.com.py\/index\/wp-json\/wp\/v2\/product_cat?post=76791"},{"taxonomy":"product_tag","embeddable":true,"href":"https:\/\/brandss.com.py\/index\/wp-json\/wp\/v2\/product_tag?post=76791"}],"curies":[{"name":"wp","href":"https:\/\/api.w.org\/{rel}","templated":true}]}}