{"id":76801,"date":"2025-03-19T13:12:03","date_gmt":"2025-03-19T13:12:03","guid":{"rendered":"https:\/\/brandss.com.py\/index\/?post_type=product&#038;p=76801"},"modified":"2026-04-21T11:37:42","modified_gmt":"2026-04-21T11:37:42","slug":"calzado-casual-masculino-nike-court-vision-low","status":"publish","type":"product","link":"https:\/\/brandss.com.py\/index\/producto\/calzado-casual-masculino-nike-court-vision-low\/","title":{"rendered":"CALZADO CASUAL MASCULINO NIKE COURT VISION LOW"},"content":{"rendered":"<p><img decoding=\"async\" src=\"https:\/\/encrypted-tbn0.gstatic.com\/images?q=tbn:ANd9GcSwxWjbiOX8rYuq720FgrIefCPVC-y-gHSUYg&amp;s\" alt=\"Logo Nike PNG transparente - StickPNG\" \/><\/p>\n<div class=\"flex flex-1 grow basis-auto flex-col overflow-hidden\">\n<div class=\"relative h-full\">\n<div class=\"flex h-full flex-col overflow-y-auto [scrollbar-gutter:stable]\">\n<div class=\"mt-1.5 flex flex-col text-sm @thread-xl\/thread:pt-header-height md:pb-9\">\n<article class=\"group\/turn w-full text-token-text-primary focus-visible:outline-2 focus-visible:outline-offset-[-4px]\" dir=\"auto\" data-testid=\"conversation-turn-14\" data-scroll-anchor=\"true\">\n<div class=\"text-base my-auto mx-auto py-[18px] px-6\">\n<div class=\"mx-auto flex flex-1 text-base gap-4 md:gap-5 lg:gap-6 md:max-w-3xl lg:max-w-[40rem] xl:max-w-[48rem]\">\n<div class=\"group\/conversation-turn relative flex w-full min-w-0 flex-col agent-turn @xs\/thread:px-0 @sm\/thread:px-1.5 @md\/thread:px-4\">\n<div class=\"flex-col gap-1 md:gap-3\">\n<div class=\"flex max-w-full flex-col flex-grow\">\n<div class=\"min-h-8 text-message relative flex w-full flex-col items-end gap-2 whitespace-normal break-words text-start [.text-message+&amp;]:mt-5\" dir=\"auto\" data-message-author-role=\"assistant\" data-message-id=\"f3071129-f05d-47a6-9d77-fbe1ee3b49b3\" data-message-model-slug=\"gpt-4o\">\n<div class=\"flex w-full flex-col gap-1 empty:hidden first:pt-[3px]\">\n<div class=\"markdown prose w-full break-words dark:prose-invert light\">\n<h1 data-start=\"0\" data-end=\"47\"><strong data-start=\"4\" data-end=\"45\"><span>Tenis Masculino Nike Court Vision Low<\/span><\/strong><\/h1>\n<p data-start=\"49\" data-end=\"361\"><span>Los <\/span><strong data-start=\"53\" data-end=\"78\"><span>Nike Court Vision Low<\/span><\/strong><span> son la combinaci\u00f3n perfecta entre el estilo retro del baloncesto de los a\u00f1os 80 y la comodidad de un calzado moderno. Dise\u00f1ados para brindar <\/span><strong data-start=\"220\" data-end=\"276\"><span>durabilidad, versatilidad y un look urbano atemporal<\/span><\/strong><span> , estos tenis son ideales tanto para el d\u00eda a d\u00eda como para ocasiones m\u00e1s casuales.<\/span><\/p>\n<hr data-start=\"363\" data-end=\"368\" \/>\n<h3 data-start=\"370\" data-end=\"411\"><span>\ud83d\udd25 <\/span><strong data-start=\"377\" data-end=\"409\"><span>Caracter\u00edsticas\u00a0<\/span><\/strong><\/h3>\n<p data-start=\"413\" data-end=\"452\"><span>\u2714 <\/span><strong data-start=\"415\" data-end=\"447\"><span>Dise\u00f1o Cl\u00e1sico de Baloncesto<\/span><\/strong><span> \ud83c\udfc0<\/span><\/p>\n<ul data-start=\"453\" data-end=\"604\">\n<li data-start=\"453\" data-end=\"537\"><span>Inspirados en los modelos ic\u00f3nicos de los a\u00f1os 80, con un look retro y elegante.<\/span><\/li>\n<li data-start=\"538\" data-end=\"604\"><span>Perforaciones en la parte superior que mejoran la ventilaci\u00f3n.<\/span><\/li>\n<\/ul>\n<p data-start=\"606\" data-end=\"652\"><span>\u2714 <\/span><strong data-start=\"608\" data-end=\"647\"><span>Materiales Resistentes y de Calidad<\/span><\/strong><span> \ud83d\udc5f<\/span><\/p>\n<ul data-start=\"653\" data-end=\"826\">\n<li data-start=\"653\" data-end=\"750\"><span>Parte superior en <\/span><strong data-start=\"673\" data-end=\"699\"><span>cuero sint\u00e9tico y tela<\/span><\/strong><span> , que proporciona durabilidad y un ajuste c\u00f3modo.<\/span><\/li>\n<li data-start=\"751\" data-end=\"826\"><span>Dise\u00f1o reforzado en \u00e1reas clave para una mayor resistencia al desgaste.<\/span><\/li>\n<\/ul>\n<p data-start=\"828\" data-end=\"865\"><span>\u2714 <\/span><strong data-start=\"830\" data-end=\"860\"><span>Comodidad para Todo el D\u00eda<\/span><\/strong><span> \ud83d\ude0c<\/span><\/p>\n<ul data-start=\"866\" data-end=\"1010\">\n<li data-start=\"866\" data-end=\"931\"><strong data-start=\"868\" data-end=\"892\"><span>Entresuela acolchada<\/span><\/strong><span> que ofrece una amortiguaci\u00f3n ligera.<\/span><\/li>\n<li data-start=\"932\" data-end=\"1010\"><strong data-start=\"934\" data-end=\"971\"><span>Cuello acolchado y leng\u00fceta suave<\/span><\/strong><span> , mejorando el ajuste y la comodidad.<\/span><\/li>\n<\/ul>\n<p data-start=\"1012\" data-end=\"1054\"><span>\u2714 <\/span><strong data-start=\"1014\" data-end=\"1049\"><span>Suela de Goma con Alta Tracci\u00f3n<\/span><\/strong><span> \ud83e\uddb6<\/span><\/p>\n<ul data-start=\"1055\" data-end=\"1204\">\n<li data-start=\"1055\" data-end=\"1129\"><span>Patr\u00f3n de agarre que proporciona estabilidad y seguridad en cada paso.<\/span><\/li>\n<li data-start=\"1130\" data-end=\"1204\"><span>Dise\u00f1o robusto para una excelente adherencia en distintas superficies.<\/span><\/li>\n<\/ul>\n<p data-start=\"1206\" data-end=\"1247\"><span>\u2714 <\/span><strong data-start=\"1208\" data-end=\"1242\"><span>Sostenibilidad con Next Nature<\/span><\/strong><span> \ud83c\udf0d<\/span><\/p>\n<ul data-start=\"1248\" data-end=\"1421\">\n<li data-start=\"1248\" data-end=\"1421\"><span>Algunas versiones de <\/span><strong data-start=\"1272\" data-end=\"1297\"><span>Nike Court Vision Low<\/span><\/strong><span> forman parte de la iniciativa <\/span><strong data-start=\"1328\" data-end=\"1343\"><span>Next Nature<\/span><\/strong><span> , utilizando al menos un <\/span><strong data-start=\"1368\" data-end=\"1400\"><span>20% de materiales reciclados<\/span><\/strong><span> en su fabricaci\u00f3n.<\/span><\/li>\n<\/ul>\n<hr data-start=\"1423\" data-end=\"1428\" \/>\n<h3 data-start=\"1430\" data-end=\"1464\"><span>\ud83c\udfaf\u00bfPara <\/span><strong data-start=\"1437\" data-end=\"1462\"><span>qui\u00e9n es ideal?<\/span><\/strong><\/h3>\n<p data-start=\"1465\" data-end=\"1709\"><span>\u2705 Hombres que buscan un calzado c\u00f3modo, resistente y con estilo. <\/span><br data-start=\"1529\" data-end=\"1532\" \/><span>\u2705 Amantes del dise\u00f1o cl\u00e1sico del baloncesto. <\/span><br data-start=\"1576\" data-end=\"1579\" \/><span>\u2705 Uso diario: desde la oficina hasta una salida casual. <\/span><br data-start=\"1634\" data-end=\"1637\" \/><span>\u2705 Quienes buscan una opci\u00f3n vers\u00e1til que combine con cualquier outfit.<\/span><\/p>\n<p data-start=\"1711\" data-end=\"1866\" data-is-last-node=\"\" data-is-only-node=\"\"><span>Con los <\/span><strong data-start=\"1719\" data-end=\"1744\"><span>Nike Court Vision Low<\/span><\/strong><span> , obtendr\u00e1s la fusi\u00f3n perfecta entre <\/span><strong data-start=\"1781\" data-end=\"1807\"><span>tradici\u00f3n y modernidad<\/span><\/strong><span> . \u00a1A\u00f1\u00e1delos a tu colecci\u00f3n y luce un estilo impecable! \ud83d\udd25\ud83d\udc5f<\/span><\/p>\n<\/div>\n<\/div>\n<\/div>\n<\/div>\n<\/div>\n<\/div>\n<\/div>\n<\/div>\n<\/article>\n<\/div>\n<\/div>\n<\/div>\n<\/div>\n","protected":false},"excerpt":{"rendered":"<p>Tenis Masculino Nike Court Vision Low Los Nike Court Vision Low son la combinaci\u00f3n perfecta entre el estilo retro del<\/p>\n","protected":false},"featured_media":76802,"comment_status":"open","ping_status":"closed","template":"","meta":{"nf_dc_page":""},"product_brand":[],"product_cat":[76],"product_tag":[],"class_list":{"0":"post-76801","1":"product","2":"type-product","3":"status-publish","4":"has-post-thumbnail","6":"product_cat-masculino","8":"first","9":"outofstock","10":"shipping-taxable","11":"purchasable","12":"product-type-simple"},"_links":{"self":[{"href":"https:\/\/brandss.com.py\/index\/wp-json\/wp\/v2\/product\/76801","targetHints":{"allow":["GET"]}}],"collection":[{"href":"https:\/\/brandss.com.py\/index\/wp-json\/wp\/v2\/product"}],"about":[{"href":"https:\/\/brandss.com.py\/index\/wp-json\/wp\/v2\/types\/product"}],"replies":[{"embeddable":true,"href":"https:\/\/brandss.com.py\/index\/wp-json\/wp\/v2\/comments?post=76801"}],"version-history":[{"count":1,"href":"https:\/\/brandss.com.py\/index\/wp-json\/wp\/v2\/product\/76801\/revisions"}],"predecessor-version":[{"id":76808,"href":"https:\/\/brandss.com.py\/index\/wp-json\/wp\/v2\/product\/76801\/revisions\/76808"}],"wp:featuredmedia":[{"embeddable":true,"href":"https:\/\/brandss.com.py\/index\/wp-json\/wp\/v2\/media\/76802"}],"wp:attachment":[{"href":"https:\/\/brandss.com.py\/index\/wp-json\/wp\/v2\/media?parent=76801"}],"wp:term":[{"taxonomy":"product_brand","embeddable":true,"href":"https:\/\/brandss.com.py\/index\/wp-json\/wp\/v2\/product_brand?post=76801"},{"taxonomy":"product_cat","embeddable":true,"href":"https:\/\/brandss.com.py\/index\/wp-json\/wp\/v2\/product_cat?post=76801"},{"taxonomy":"product_tag","embeddable":true,"href":"https:\/\/brandss.com.py\/index\/wp-json\/wp\/v2\/product_tag?post=76801"}],"curies":[{"name":"wp","href":"https:\/\/api.w.org\/{rel}","templated":true}]}}