{"id":76835,"date":"2025-03-19T14:38:06","date_gmt":"2025-03-19T14:38:06","guid":{"rendered":"https:\/\/brandss.com.py\/index\/?post_type=product&#038;p=76835"},"modified":"2025-03-19T14:38:22","modified_gmt":"2025-03-19T14:38:22","slug":"chaqueta-femenino-nike-dri-fit-bliss-luxe-anorak","status":"publish","type":"product","link":"https:\/\/brandss.com.py\/index\/producto\/chaqueta-femenino-nike-dri-fit-bliss-luxe-anorak\/","title":{"rendered":"CHAQUETA FEMENINO NIKE DRI-FIT BLISS LUXE ANORAK"},"content":{"rendered":"<p><img decoding=\"async\" src=\"https:\/\/encrypted-tbn0.gstatic.com\/images?q=tbn:ANd9GcSwxWjbiOX8rYuq720FgrIefCPVC-y-gHSUYg&amp;s\" alt=\"Logo Nike PNG transparente - StickPNG\" \/><\/p>\n<h3 data-start=\"120\" data-end=\"166\"><strong data-start=\"124\" data-end=\"164\"><span>Campera Nike Femenina Estilo Vestido<\/span><\/strong><\/h3>\n<p data-start=\"168\" data-end=\"641\"><span>La <\/span><strong data-start=\"171\" data-end=\"211\"><span>Campera Nike Femenina Estilo Vestido<\/span><\/strong><span> es la opci\u00f3n ideal para quienes buscan una prenda que combine la comodidad de una campera deportiva con la elegancia y versatilidad de un vestido. Con un dise\u00f1o que combina funcionalidad y estilo, esta prenda es perfecta para quienes quieren un look relajado, moderno y c\u00f3modo sin sacrificar el rendimiento deportivo. Ya sea para actividades f\u00edsicas o para un d\u00eda casual en la ciudad, esta campera ofrece lo mejor de ambos mundos.<\/span><\/p>\n<hr data-start=\"643\" data-end=\"646\" \/>\n<h3 data-start=\"648\" data-end=\"683\"><strong data-start=\"652\" data-end=\"683\"><span>Caracter\u00edsticas destacadas:<\/span><\/strong><\/h3>\n<p data-start=\"685\" data-end=\"724\"><span>\u2714 <\/span><strong data-start=\"687\" data-end=\"722\"><span>Dise\u00f1o Estilo Vestido Deportivo<\/span><\/strong><\/p>\n<ul data-start=\"725\" data-end=\"1192\">\n<li data-start=\"725\" data-end=\"844\"><span>Esta campera presenta una <\/span><strong data-start=\"753\" data-end=\"775\"><span>longitud extendida<\/span><\/strong><span> , similar a un vestido, proporcionando un ajuste fluido y relajado.<\/span><\/li>\n<li data-start=\"845\" data-end=\"1032\"><span>Su <\/span><strong data-start=\"850\" data-end=\"865\"><span>corte largo<\/span><\/strong><span> ofrece la elegancia de un vestido pero con la <\/span><strong data-start=\"912\" data-end=\"949\"><span>comodidad de una prenda deportiva<\/span><\/strong><span> , ideal para quienes buscan un look m\u00e1s chic pero sin perder el estilo deportivo.<\/span><\/li>\n<li data-start=\"1033\" data-end=\"1192\"><span>Los <\/span><strong data-start=\"1039\" data-end=\"1060\"><span>detalles modernos<\/span><\/strong><span> en el dise\u00f1o, como el cuello alto o la capucha, hacen que este modelo sea perfecto tanto para d\u00edas fr\u00edos como para eventos casuales.<\/span><\/li>\n<\/ul>\n<p data-start=\"1194\" data-end=\"1232\"><span>\u2714 <\/span><strong data-start=\"1196\" data-end=\"1230\"><span>Materiales de Alto Rendimiento<\/span><\/strong><\/p>\n<ul data-start=\"1233\" data-end=\"1763\">\n<li data-start=\"1233\" data-end=\"1434\"><span>Fabricada con <\/span><strong data-start=\"1249\" data-end=\"1297\"><span>tejidos avanzados como Dri-FIT y Tech Fleece<\/span><\/strong><span> , esta campera te mantiene <\/span><strong data-start=\"1324\" data-end=\"1341\"><span>c\u00f3moda y seca<\/span><\/strong><span> al eliminar la humedad de tu piel, ideal para hacer ejercicio o actividades al aire libre.<\/span><\/li>\n<li data-start=\"1435\" data-end=\"1626\"><span>La mezcla de <\/span><strong data-start=\"1450\" data-end=\"1475\"><span>materiales sint\u00e9ticos<\/span><\/strong><span> proporciona <\/span><strong data-start=\"1488\" data-end=\"1515\"><span>suavidad y flexibilidad<\/span><\/strong><span> , asegurando que la prenda se ajuste perfectamente a tu cuerpo y te ofrezca una libertad total de movimiento.<\/span><\/li>\n<li data-start=\"1627\" data-end=\"1763\"><span>Estos materiales tambi\u00e9n ofrecen <\/span><strong data-start=\"1662\" data-end=\"1689\"><span>resistencia al desgaste<\/span><\/strong><span> , lo que hace que la campera sea duradera y adecuada para el uso diario.<\/span><\/li>\n<\/ul>\n<p data-start=\"1765\" data-end=\"1802\"><span>\u2714 <\/span><strong data-start=\"1767\" data-end=\"1800\"><span>Ajuste Personalizado y C\u00f3modo<\/span><\/strong><\/p>\n<ul data-start=\"1803\" data-end=\"2228\">\n<li data-start=\"1803\" data-end=\"1972\"><strong data-start=\"1805\" data-end=\"1835\"><span>Cuello y capucha ajustables<\/span><\/strong><span> que no solo proporcionan protecci\u00f3n contra el viento y el fr\u00edo, sino que tambi\u00e9n permiten personalizar tu estilo seg\u00fan tu preferencia.<\/span><\/li>\n<li data-start=\"1973\" data-end=\"2104\"><strong data-start=\"1975\" data-end=\"2014\"><span>Cintura el\u00e1stica o cord\u00f3n de ajuste<\/span><\/strong><span> que te permite ajustar la campera a tu cuerpo para un <\/span><strong data-start=\"2069\" data-end=\"2101\"><span>ajuste m\u00e1s favorecedor y c\u00f3modo<\/span><\/strong><span> .<\/span><\/li>\n<li data-start=\"2105\" data-end=\"2228\"><strong data-start=\"2107\" data-end=\"2126\"><span>Pu\u00f1os el\u00e1sticos<\/span><\/strong><span> para un ajuste seguro y c\u00f3modo en los brazos, evitando que la prenda se deslice mientras te mueves.<\/span><\/li>\n<\/ul>\n<p data-start=\"2230\" data-end=\"2263\"><span>\u2714 <\/span><strong data-start=\"2232\" data-end=\"2261\"><span>Estilo urbano y deportivo<\/span><\/strong><\/p>\n<ul data-start=\"2264\" data-end=\"2737\">\n<li data-start=\"2264\" data-end=\"2430\"><span>Esta campera est\u00e1 dise\u00f1ada para aquellas que buscan un <\/span><strong data-start=\"2321\" data-end=\"2349\"><span>look deportivo y moderno<\/span><\/strong><span> , ideal para <\/span><strong data-start=\"2362\" data-end=\"2388\"><span>actividades informales<\/span><\/strong><span> como caminar, correr o hacer ejercicio.<\/span><\/li>\n<li data-start=\"2431\" data-end=\"2574\"><span>Su <\/span><strong data-start=\"2436\" data-end=\"2455\"><span>dise\u00f1o vers\u00e1til<\/span><\/strong><span> permite que sea f\u00e1cilmente combinado con otras prendas, desde leggings deportivos hasta jeans o pantalones casuales.<\/span><\/li>\n<li data-start=\"2575\" data-end=\"2737\"><strong data-start=\"2577\" data-end=\"2601\"><span>Detalles funcionales<\/span><\/strong><span> como los <\/span><strong data-start=\"2611\" data-end=\"2639\"><span>bolsillos con cremallera<\/span><\/strong><span> permiten guardar peque\u00f1os objetos como llaves o tel\u00e9fono, sin perder el estilo ni la comodidad.<\/span><\/li>\n<\/ul>\n<p data-start=\"2739\" data-end=\"2775\"><span>\u2714 <\/span><strong data-start=\"2741\" data-end=\"2773\"><span>Variedad de Colores Modernos<\/span><\/strong><\/p>\n<ul data-start=\"2776\" data-end=\"3161\">\n<li data-start=\"2776\" data-end=\"2964\"><span>La campera est\u00e1 disponible en una <\/span><strong data-start=\"2812\" data-end=\"2838\"><span>amplia gama de colores<\/span><\/strong><span> , desde opciones cl\u00e1sicas como <\/span><strong data-start=\"2869\" data-end=\"2893\"><span>negro, gris o blanco<\/span><\/strong><span> , hasta tonos m\u00e1s vibrantes y llamativos como <\/span><strong data-start=\"2939\" data-end=\"2961\"><span>rojo, azul y verde<\/span><\/strong><span> .<\/span><\/li>\n<li data-start=\"2965\" data-end=\"3161\"><span>Los colores neutros permiten que esta prenda se combine f\u00e1cilmente con otros elementos de tu guardarropa, mientras que los tonos brillantes agregan un toque de energ\u00eda y frescura a tu atuendo.<\/span><\/li>\n<\/ul>\n<p data-start=\"3163\" data-end=\"3199\"><span>\u2714 <\/span><strong data-start=\"3165\" data-end=\"3197\"><span>F\u00e1cil de Cuidar y Resistente<\/span><\/strong><\/p>\n<ul data-start=\"3200\" data-end=\"3418\">\n<li data-start=\"3200\" data-end=\"3295\"><strong data-start=\"3202\" data-end=\"3228\"><span>Resistente al desgaste<\/span><\/strong><span> y f\u00e1cil de mantener, lo que la hace perfecta para el uso diario.<\/span><\/li>\n<li data-start=\"3296\" data-end=\"3418\"><span>La campera es <\/span><strong data-start=\"3312\" data-end=\"3333\"><span>lavable a m\u00e1quina<\/span><\/strong><span> y dise\u00f1ada para resistir m\u00faltiples lavados sin perder su forma ni sus propiedades.<\/span><\/li>\n<\/ul>\n<hr data-start=\"3420\" data-end=\"3423\" \/>\n<h3 data-start=\"3425\" data-end=\"3454\"><strong data-start=\"3429\" data-end=\"3454\"><span>\u00bfPara qui\u00e9n es ideal?<\/span><\/strong><\/h3>\n<p data-start=\"3455\" data-end=\"3912\"><span>\u2705 <\/span><strong data-start=\"3457\" data-end=\"3476\"><span>Mujeres activas<\/span><\/strong><span> que buscan una prenda que combine estilo deportivo y comodidad. <\/span><br data-start=\"3540\" data-end=\"3543\" \/><span>\u2705 Aquellas que desean una <\/span><strong data-start=\"3569\" data-end=\"3599\"><span>alternativa moderna y chic<\/span><\/strong><span> para el d\u00eda a d\u00eda, sin renunciar a la funcionalidad. <\/span><br data-start=\"3652\" data-end=\"3655\" \/><span>\u2705 Personas que practican deportes o actividades al aire libre y desean una prenda <\/span><strong data-start=\"3737\" data-end=\"3760\"><span>pr\u00e1ctica y elegante<\/span><\/strong><span> para complementar su ropa deportiva. <\/span><br data-start=\"3797\" data-end=\"3800\" \/><span>\u2705 Quienes buscan una <\/span><strong data-start=\"3821\" data-end=\"3841\"><span>campera vers\u00e1til<\/span><\/strong><span> que pueda usar tanto para hacer ejercicio como para un paseo casual.<\/span><\/p>\n<hr data-start=\"3914\" data-end=\"3917\" \/>\n<p data-start=\"3919\" data-end=\"4313\" data-is-last-node=\"\" data-is-only-node=\"\"><span>Con la <\/span><strong data-start=\"3926\" data-end=\"3966\"><span>campera Nike femenina estilo vestido<\/span><\/strong><span> , no solo est\u00e1s eligiendo una prenda que ofrece <\/span><strong data-start=\"4014\" data-end=\"4027\"><span>comodidad<\/span><\/strong><span> y <\/span><strong data-start=\"4030\" data-end=\"4047\"><span>funcionalidad<\/span><\/strong><span> , sino tambi\u00e9n un dise\u00f1o moderno que te permite llevar un look \u00fanico y lleno de estilo. Ideal para <\/span><strong data-start=\"4146\" data-end=\"4180\"><span>mujeres din\u00e1micas y con estilo<\/span><\/strong><span> , esta prenda se convierte en una opci\u00f3n vers\u00e1til que se adapta a tu ritmo y necesidades. <\/span><strong data-start=\"4270\" data-end=\"4313\" data-is-last-node=\"\"><span>\u00a1Ll\u00e9vala y destaca con tu estilo \u00fanico!<\/span><\/strong><\/p>\n","protected":false},"excerpt":{"rendered":"<p>Campera Nike Femenina Estilo Vestido La Campera Nike Femenina Estilo Vestido es la opci\u00f3n ideal para quienes buscan una prenda<\/p>\n","protected":false},"featured_media":76836,"comment_status":"open","ping_status":"closed","template":"","meta":{"nf_dc_page":""},"product_brand":[],"product_cat":[73],"product_tag":[],"class_list":{"0":"post-76835","1":"product","2":"type-product","3":"status-publish","4":"has-post-thumbnail","6":"product_cat-femenino","8":"first","9":"instock","10":"shipping-taxable","11":"purchasable","12":"product-type-simple"},"_links":{"self":[{"href":"https:\/\/brandss.com.py\/index\/wp-json\/wp\/v2\/product\/76835","targetHints":{"allow":["GET"]}}],"collection":[{"href":"https:\/\/brandss.com.py\/index\/wp-json\/wp\/v2\/product"}],"about":[{"href":"https:\/\/brandss.com.py\/index\/wp-json\/wp\/v2\/types\/product"}],"replies":[{"embeddable":true,"href":"https:\/\/brandss.com.py\/index\/wp-json\/wp\/v2\/comments?post=76835"}],"version-history":[{"count":1,"href":"https:\/\/brandss.com.py\/index\/wp-json\/wp\/v2\/product\/76835\/revisions"}],"predecessor-version":[{"id":76843,"href":"https:\/\/brandss.com.py\/index\/wp-json\/wp\/v2\/product\/76835\/revisions\/76843"}],"wp:featuredmedia":[{"embeddable":true,"href":"https:\/\/brandss.com.py\/index\/wp-json\/wp\/v2\/media\/76836"}],"wp:attachment":[{"href":"https:\/\/brandss.com.py\/index\/wp-json\/wp\/v2\/media?parent=76835"}],"wp:term":[{"taxonomy":"product_brand","embeddable":true,"href":"https:\/\/brandss.com.py\/index\/wp-json\/wp\/v2\/product_brand?post=76835"},{"taxonomy":"product_cat","embeddable":true,"href":"https:\/\/brandss.com.py\/index\/wp-json\/wp\/v2\/product_cat?post=76835"},{"taxonomy":"product_tag","embeddable":true,"href":"https:\/\/brandss.com.py\/index\/wp-json\/wp\/v2\/product_tag?post=76835"}],"curies":[{"name":"wp","href":"https:\/\/api.w.org\/{rel}","templated":true}]}}