{"id":76844,"date":"2025-03-19T16:21:29","date_gmt":"2025-03-19T16:21:29","guid":{"rendered":"https:\/\/brandss.com.py\/index\/?post_type=product&#038;p=76844"},"modified":"2025-03-19T16:24:25","modified_gmt":"2025-03-19T16:24:25","slug":"calzado-deportivo-masculino-nike-lebron-witness-viii-2","status":"publish","type":"product","link":"https:\/\/brandss.com.py\/index\/producto\/calzado-deportivo-masculino-nike-lebron-witness-viii-2\/","title":{"rendered":"CALZADO DEPORTIVO MASCULINO NIKE LEBRON WITNESS VIII"},"content":{"rendered":"<p><img loading=\"lazy\" decoding=\"async\" class=\"\" src=\"https:\/\/1000marcas.net\/wp-content\/uploads\/2019\/11\/Logo-Nike.jpg\" alt=\"Logo de Nike: la historia y el significado del logotipo, la marca y el  s\u00edmbolo. | png, vector\" width=\"234\" height=\"132\" \/><\/p>\n<h1>LEBRON WITNESS VIII<\/h1>\n<p>Los\u00a0Nike LeBron Witness 8\u00a0son unos\u00a0zapatos de b\u00e1squet\u00a0que son elegantes y esculpidos con audacia ofrece estabilidad al despegar y suavidad al aterrizar, lo que permite a las estrellas, como t\u00fa y LeBron, hacer rebotes, frenar y arrancar desde una l\u00ednea de fondo a la otra.<\/p>\n<h3>Beneficios del producto<\/h3>\n<ul>\n<li>La unidad\u00a0Max Air\u00a0en una entresuela de perfil bajo se combina con una envoltura de espuma para brindar soporte cuando te mueves en direcciones laterales. Ayuda a amortiguar el impacto, a la vez que brinda soporte para una transici\u00f3n suave del tal\u00f3n a la punta. Adem\u00e1s, proporciona estabilidad de lado a lado y ayuda a aprovechar y dirigir tu fuerza.<\/li>\n<li>La malla transpirable proporciona un ajuste ligero y adaptable en la parte superior, desde la red que sostiene el antepi\u00e9 hasta las piezas moldeadas externas que ayudan a asegurar el tal\u00f3n. Las costuras reforzadas a lo largo delos laterales ayudan a que el calzado se ajuste c\u00f3modamente para contener todo el pie.<\/li>\n<li>Dividimos la suela de goma y la cortamos parcialmente debajo del arco para ayudar a reducir el peso y permitir que se doble y flexione. El patr\u00f3n gr\u00e1fico de espiguilla cl\u00e1sico aporta tracci\u00f3n duradera.<\/li>\n<li>Cuello acolchado.<\/li>\n<li>Leng\u00fceta acolchada cosida con forma de diamante.<\/li>\n<li>Color: Ashen Slate\/Diffused Blue\/University Blue\/White.<\/li>\n<li><span data-qa=\"ProductSku\">Modelo: FB2239 400.<\/span><\/li>\n<\/ul>\n","protected":false},"excerpt":{"rendered":"<p>LEBRON WITNESS VIII Los\u00a0Nike LeBron Witness 8\u00a0son unos\u00a0zapatos de b\u00e1squet\u00a0que son elegantes y esculpidos con audacia ofrece estabilidad al despegar<\/p>\n","protected":false},"featured_media":76845,"comment_status":"open","ping_status":"closed","template":"","meta":{"nf_dc_page":""},"product_brand":[],"product_cat":[76],"product_tag":[],"class_list":{"0":"post-76844","1":"product","2":"type-product","3":"status-publish","4":"has-post-thumbnail","6":"product_cat-masculino","8":"first","9":"instock","10":"shipping-taxable","11":"purchasable","12":"product-type-simple"},"_links":{"self":[{"href":"https:\/\/brandss.com.py\/index\/wp-json\/wp\/v2\/product\/76844","targetHints":{"allow":["GET"]}}],"collection":[{"href":"https:\/\/brandss.com.py\/index\/wp-json\/wp\/v2\/product"}],"about":[{"href":"https:\/\/brandss.com.py\/index\/wp-json\/wp\/v2\/types\/product"}],"replies":[{"embeddable":true,"href":"https:\/\/brandss.com.py\/index\/wp-json\/wp\/v2\/comments?post=76844"}],"version-history":[{"count":1,"href":"https:\/\/brandss.com.py\/index\/wp-json\/wp\/v2\/product\/76844\/revisions"}],"predecessor-version":[{"id":76857,"href":"https:\/\/brandss.com.py\/index\/wp-json\/wp\/v2\/product\/76844\/revisions\/76857"}],"wp:featuredmedia":[{"embeddable":true,"href":"https:\/\/brandss.com.py\/index\/wp-json\/wp\/v2\/media\/76845"}],"wp:attachment":[{"href":"https:\/\/brandss.com.py\/index\/wp-json\/wp\/v2\/media?parent=76844"}],"wp:term":[{"taxonomy":"product_brand","embeddable":true,"href":"https:\/\/brandss.com.py\/index\/wp-json\/wp\/v2\/product_brand?post=76844"},{"taxonomy":"product_cat","embeddable":true,"href":"https:\/\/brandss.com.py\/index\/wp-json\/wp\/v2\/product_cat?post=76844"},{"taxonomy":"product_tag","embeddable":true,"href":"https:\/\/brandss.com.py\/index\/wp-json\/wp\/v2\/product_tag?post=76844"}],"curies":[{"name":"wp","href":"https:\/\/api.w.org\/{rel}","templated":true}]}}