{"id":76858,"date":"2025-03-19T16:40:36","date_gmt":"2025-03-19T16:40:36","guid":{"rendered":"https:\/\/brandss.com.py\/index\/?post_type=product&#038;p=76858"},"modified":"2025-03-19T16:41:06","modified_gmt":"2025-03-19T16:41:06","slug":"calzado-deportivo-femenino-nike-air-huarache-anthracite","status":"publish","type":"product","link":"https:\/\/brandss.com.py\/index\/producto\/calzado-deportivo-femenino-nike-air-huarache-anthracite\/","title":{"rendered":"CALZADO DEPORTIVO FEMENINO NIKE AIR HUARACHE ANTHRACITE"},"content":{"rendered":"<p><img decoding=\"async\" src=\"https:\/\/encrypted-tbn0.gstatic.com\/images?q=tbn:ANd9GcSwxWjbiOX8rYuq720FgrIefCPVC-y-gHSUYg&amp;s\" alt=\"Logo Nike PNG transparente - StickPNG\" \/><\/p>\n<h1 data-start=\"0\" data-end=\"46\"><strong data-start=\"4\" data-end=\"46\"><span>HUARACHE\u00a0 ANTHRACITE<\/span><\/strong><\/h1>\n<p data-start=\"48\" data-end=\"608\"><span>Los <\/span><strong data-start=\"52\" data-end=\"94\"><span>Nike Air Huarache Femeninos Anthracite<\/span><\/strong><span> combinan un dise\u00f1o ic\u00f3nico y moderno con la comodidad y el rendimiento que solo Nike puede ofrecer. Con un estilo que ha trascendido generaciones, estos tenis se mantienen como uno de los modelos m\u00e1s populares tanto entre los atletas como entre los amantes de la moda urbana. El modelo <\/span><strong data-start=\"381\" data-end=\"395\"><span>Anthracite<\/span><\/strong><span> destaca por su c\u00f3modo tono gris oscuro, lo que permite una f\u00e1cil combinaci\u00f3n con cualquier atuendo, mientras que sus caracter\u00edsticas avanzadas aseguran un confort y soporte excepcionales durante todo el d\u00eda.<\/span><\/p>\n<hr data-start=\"610\" data-end=\"613\" \/>\n<h3 data-start=\"615\" data-end=\"651\"><strong data-start=\"619\" data-end=\"651\"><span>Caracter\u00edsticas principales:<\/span><\/strong><\/h3>\n<p data-start=\"653\" data-end=\"1010\"><span>\u2714 <\/span><strong data-start=\"655\" data-end=\"703\"><span>Ajuste personalizado con tecnolog\u00eda de bot\u00f3n<\/span><\/strong><br data-start=\"703\" data-end=\"706\" \/><span> La <\/span><strong data-start=\"709\" data-end=\"742\"><span>estructura interna tipo bot\u00f3n<\/span><\/strong><span> y la <\/span><strong data-start=\"748\" data-end=\"769\"><span>banda de neopreno<\/span><\/strong><span> ofrecen un ajuste <\/span><strong data-start=\"788\" data-end=\"807\"><span>seguro y c\u00f3modo<\/span><\/strong><span> , adapt\u00e1ndose al contorno del pie para brindar una sensaci\u00f3n de sujeci\u00f3n sin incomodidad. Este dise\u00f1o permite que el calzado se ajuste de manera perfecta, d\u00e1ndote una sensaci\u00f3n de seguridad en cada paso.<\/span><\/p>\n<p data-start=\"1012\" data-end=\"1327\"><span>\u2714 <\/span><strong data-start=\"1014\" data-end=\"1064\"><span>Amortiguaci\u00f3n Air-Sole para Confort y Ligereza<\/span><\/strong><br data-start=\"1064\" data-end=\"1067\" \/><span> El modelo incorpora una <\/span><strong data-start=\"1091\" data-end=\"1110\"><span>unidad Air-Sole<\/span><\/strong><span> en el tal\u00f3n que proporciona una <\/span><strong data-start=\"1143\" data-end=\"1167\"><span>amortiguaci\u00f3n ligera<\/span><\/strong><span> y eficaz. Esta tecnolog\u00eda ayuda a reducir el impacto durante el caminar o correr, brindando una experiencia m\u00e1s c\u00f3moda, suave y ligera en cada movimiento.<\/span><\/p>\n<p>&nbsp;<\/p>\n<p>&nbsp;<\/p>\n","protected":false},"excerpt":{"rendered":"<p>HUARACHE\u00a0 ANTHRACITE Los Nike Air Huarache Femeninos Anthracite combinan un dise\u00f1o ic\u00f3nico y moderno con la comodidad y el rendimiento<\/p>\n","protected":false},"featured_media":76859,"comment_status":"open","ping_status":"closed","template":"","meta":{"nf_dc_page":""},"product_brand":[],"product_cat":[73],"product_tag":[],"class_list":{"0":"post-76858","1":"product","2":"type-product","3":"status-publish","4":"has-post-thumbnail","6":"product_cat-femenino","8":"first","9":"instock","10":"shipping-taxable","11":"purchasable","12":"product-type-simple"},"_links":{"self":[{"href":"https:\/\/brandss.com.py\/index\/wp-json\/wp\/v2\/product\/76858","targetHints":{"allow":["GET"]}}],"collection":[{"href":"https:\/\/brandss.com.py\/index\/wp-json\/wp\/v2\/product"}],"about":[{"href":"https:\/\/brandss.com.py\/index\/wp-json\/wp\/v2\/types\/product"}],"replies":[{"embeddable":true,"href":"https:\/\/brandss.com.py\/index\/wp-json\/wp\/v2\/comments?post=76858"}],"version-history":[{"count":1,"href":"https:\/\/brandss.com.py\/index\/wp-json\/wp\/v2\/product\/76858\/revisions"}],"predecessor-version":[{"id":76864,"href":"https:\/\/brandss.com.py\/index\/wp-json\/wp\/v2\/product\/76858\/revisions\/76864"}],"wp:featuredmedia":[{"embeddable":true,"href":"https:\/\/brandss.com.py\/index\/wp-json\/wp\/v2\/media\/76859"}],"wp:attachment":[{"href":"https:\/\/brandss.com.py\/index\/wp-json\/wp\/v2\/media?parent=76858"}],"wp:term":[{"taxonomy":"product_brand","embeddable":true,"href":"https:\/\/brandss.com.py\/index\/wp-json\/wp\/v2\/product_brand?post=76858"},{"taxonomy":"product_cat","embeddable":true,"href":"https:\/\/brandss.com.py\/index\/wp-json\/wp\/v2\/product_cat?post=76858"},{"taxonomy":"product_tag","embeddable":true,"href":"https:\/\/brandss.com.py\/index\/wp-json\/wp\/v2\/product_tag?post=76858"}],"curies":[{"name":"wp","href":"https:\/\/api.w.org\/{rel}","templated":true}]}}