{"id":76865,"date":"2025-03-19T16:50:18","date_gmt":"2025-03-19T16:50:18","guid":{"rendered":"https:\/\/brandss.com.py\/index\/?post_type=product&#038;p=76865"},"modified":"2025-07-14T10:13:47","modified_gmt":"2025-07-14T10:13:47","slug":"calzado-deportivo-masculino-nike-lebron-witness-viii-3","status":"publish","type":"product","link":"https:\/\/brandss.com.py\/index\/producto\/calzado-deportivo-masculino-nike-lebron-witness-viii-3\/","title":{"rendered":"CALZADO DEPORTIVO MASCULINO NIKE LEBRON WITNESS VIII"},"content":{"rendered":"<p><img loading=\"lazy\" decoding=\"async\" class=\"\" src=\"https:\/\/1000marcas.net\/wp-content\/uploads\/2019\/11\/Logo-Nike.jpg\" alt=\"Logo de Nike: la historia y el significado del logotipo, la marca y el  s\u00edmbolo. | png, vector\" width=\"153\" height=\"86\" \/><\/p>\n<h1>LEBRON WITNESS VIII<\/h1>\n<p><span>Al pisar la cancha, \u00bfqu\u00e9 tipo de rendimiento quieres ofrecer? \u00a1Deja que el espect\u00e1culo destaque con estas LeBron Witness 8 y demuestra que tu estilo y tus habilidades no tienen l\u00edmites! Estas zapatillas elegantes y de dise\u00f1o audaz ofrecen estabilidad al pisar a fondo y aterrizajes suaves al volver al suelo, permitiendo a jugadores como t\u00fa y LeBron saltar, frenar y correr de l\u00ednea de fondo a l\u00ednea de fondo.<\/span><\/p>\n<p><strong>Caracter\u00edsticas:<\/strong><\/p>\n<ul>\n<li><span>Una unidad Max Air en la entresuela de perfil bajo se combina con una envoltura de espuma para brindar soporte al moverse lateralmente. Ayuda a amortiguar el impacto y facilita una transici\u00f3n suave del tal\u00f3n a la punta. Tambi\u00e9n proporciona estabilidad lateral y ayuda a controlar y dirigir la fuerza.<\/span><\/li>\n<li><span>La malla transpirable proporciona un ajuste ligero y adaptable en la parte superior, desde la malla que sujeta el antepi\u00e9 hasta las piezas moldeadas externas que sujetan el tal\u00f3n. Las costuras reforzadas en los laterales ayudan a que el calzado se ajuste perfectamente para una sujeci\u00f3n completa del pie.<\/span><\/li>\n<li><span>Dividimos la suela de goma y la recortamos parcialmente bajo el arco para facilitar su flexi\u00f3n y reducir su peso. El cl\u00e1sico dise\u00f1o de espiga proporciona una tracci\u00f3n duradera.<\/span><\/li>\n<li><span>Cuello acolchado<\/span><\/li>\n<li><span>Leng\u00fceta acolchada con puntada de diamante<\/span><\/li>\n<li>Color: Field Purple\/White-dusty Cactus.<\/li>\n<li>Modelo: FB2239-500.<\/li>\n<\/ul>\n","protected":false},"excerpt":{"rendered":"<p>LEBRON WITNESS VIII Al pisar la cancha, \u00bfqu\u00e9 tipo de rendimiento quieres ofrecer? \u00a1Deja que el espect\u00e1culo destaque con estas<\/p>\n","protected":false},"featured_media":76866,"comment_status":"open","ping_status":"closed","template":"","meta":{"nf_dc_page":""},"product_brand":[],"product_cat":[76],"product_tag":[],"class_list":{"0":"post-76865","1":"product","2":"type-product","3":"status-publish","4":"has-post-thumbnail","6":"product_cat-masculino","8":"first","9":"instock","10":"shipping-taxable","11":"purchasable","12":"product-type-simple"},"_links":{"self":[{"href":"https:\/\/brandss.com.py\/index\/wp-json\/wp\/v2\/product\/76865","targetHints":{"allow":["GET"]}}],"collection":[{"href":"https:\/\/brandss.com.py\/index\/wp-json\/wp\/v2\/product"}],"about":[{"href":"https:\/\/brandss.com.py\/index\/wp-json\/wp\/v2\/types\/product"}],"replies":[{"embeddable":true,"href":"https:\/\/brandss.com.py\/index\/wp-json\/wp\/v2\/comments?post=76865"}],"version-history":[{"count":1,"href":"https:\/\/brandss.com.py\/index\/wp-json\/wp\/v2\/product\/76865\/revisions"}],"predecessor-version":[{"id":76874,"href":"https:\/\/brandss.com.py\/index\/wp-json\/wp\/v2\/product\/76865\/revisions\/76874"}],"wp:featuredmedia":[{"embeddable":true,"href":"https:\/\/brandss.com.py\/index\/wp-json\/wp\/v2\/media\/76866"}],"wp:attachment":[{"href":"https:\/\/brandss.com.py\/index\/wp-json\/wp\/v2\/media?parent=76865"}],"wp:term":[{"taxonomy":"product_brand","embeddable":true,"href":"https:\/\/brandss.com.py\/index\/wp-json\/wp\/v2\/product_brand?post=76865"},{"taxonomy":"product_cat","embeddable":true,"href":"https:\/\/brandss.com.py\/index\/wp-json\/wp\/v2\/product_cat?post=76865"},{"taxonomy":"product_tag","embeddable":true,"href":"https:\/\/brandss.com.py\/index\/wp-json\/wp\/v2\/product_tag?post=76865"}],"curies":[{"name":"wp","href":"https:\/\/api.w.org\/{rel}","templated":true}]}}