{"id":76875,"date":"2025-03-19T16:57:43","date_gmt":"2025-03-19T16:57:43","guid":{"rendered":"https:\/\/brandss.com.py\/index\/?post_type=product&#038;p=76875"},"modified":"2025-07-07T18:02:31","modified_gmt":"2025-07-07T18:02:31","slug":"calzado-casual-femenino-nike-air-jordan-1-elevate-low","status":"publish","type":"product","link":"https:\/\/brandss.com.py\/index\/producto\/calzado-casual-femenino-nike-air-jordan-1-elevate-low\/","title":{"rendered":"CALZADO CASUAL FEMENINO NIKE AIR JORDAN 1 ELEVATE LOW"},"content":{"rendered":"<p><img decoding=\"async\" src=\"https:\/\/encrypted-tbn0.gstatic.com\/images?q=tbn:ANd9GcSwxWjbiOX8rYuq720FgrIefCPVC-y-gHSUYg&amp;s\" alt=\"Logo Nike PNG transparente - StickPNG\" \/><\/p>\n<h1>DH7004-111<\/h1>\n<div class=\"flex flex-1 grow basis-auto flex-col overflow-hidden\">\n<div class=\"relative h-full\">\n<div class=\"flex h-full flex-col overflow-y-auto [scrollbar-gutter:stable]\">\n<div class=\"mt-1.5 flex flex-col text-sm @thread-xl\/thread:pt-header-height\">\n<article class=\"group\/turn w-full text-token-text-primary focus-visible:outline-2 focus-visible:outline-offset-[-4px]\" dir=\"auto\" data-testid=\"conversation-turn-44\" data-scroll-anchor=\"true\">\n<div class=\"text-base my-auto mx-auto py-[18px] px-6\">\n<div class=\"mx-auto flex flex-1 text-base gap-4 md:gap-5 lg:gap-6 md:max-w-3xl lg:max-w-[40rem] xl:max-w-[48rem]\">\n<div class=\"group\/conversation-turn relative flex w-full min-w-0 flex-col agent-turn @xs\/thread:px-0 @sm\/thread:px-1.5 @md\/thread:px-4\">\n<div class=\"flex-col gap-1 md:gap-3\">\n<div class=\"flex max-w-full flex-col flex-grow\">\n<div class=\"min-h-8 text-message relative flex w-full flex-col items-end gap-2 whitespace-normal break-words text-start [.text-message+&amp;]:mt-5\" dir=\"auto\" data-message-author-role=\"assistant\" data-message-id=\"a8c85905-4ddc-4536-b7da-2d48a7f3d75f\" data-message-model-slug=\"gpt-4o-mini\">\n<div class=\"flex w-full flex-col gap-1 empty:hidden first:pt-[3px]\">\n<div class=\"markdown prose w-full break-words dark:prose-invert light\">\n<p data-start=\"0\" data-end=\"434\"><span>Los <\/span><strong data-start=\"4\" data-end=\"32\"><span>Air Jordan 1 Elevate Low<\/span><\/strong><span> para mujer son una versi\u00f3n renovada y moderna del cl\u00e1sico modelo Air Jordan 1. Este calzado combina el legado ic\u00f3nico de la l\u00ednea Air Jordan con una est\u00e9tica contempor\u00e1nea, destac\u00e1ndose por su dise\u00f1o de plataforma baja que le da un toque elevado y \u00fanico. Su silueta de bajo perfil proporciona un estilo din\u00e1mico y vers\u00e1til, mientras que la entresuela elevada agrega altura sin sacrificar la comodidad.<\/span><\/p>\n<h3 data-start=\"436\" data-end=\"472\"><strong data-start=\"440\" data-end=\"472\"><span>Caracter\u00edsticas principales:<\/span><\/strong><\/h3>\n<ul data-start=\"474\" data-end=\"1988\">\n<li data-start=\"474\" data-end=\"785\">\n<p data-start=\"476\" data-end=\"785\"><strong data-start=\"476\" data-end=\"505\"><span>Dise\u00f1o de Plataforma Baja<\/span><\/strong><span> : <\/span><br data-start=\"506\" data-end=\"509\" \/><span>La <\/span><strong data-start=\"514\" data-end=\"536\"><span>entresuela elevada<\/span><\/strong><span> de los <\/span><strong data-start=\"544\" data-end=\"572\"><span>Air Jordan 1 Elevate Low<\/span><\/strong><span> brinda una mayor <\/span><strong data-start=\"590\" data-end=\"600\"><span>altura<\/span><\/strong><span> y una <\/span><strong data-start=\"607\" data-end=\"628\"><span>presencia moderna<\/span><\/strong><span> , combinando estilo y comodidad. Su dise\u00f1o aporta una silueta m\u00e1s estilizada y contempor\u00e1nea que resalta tu look, manteniendo la esencia del dise\u00f1o original.<\/span><\/p>\n<\/li>\n<li data-start=\"787\" data-end=\"1111\">\n<p data-start=\"789\" data-end=\"1111\"><strong data-start=\"789\" data-end=\"815\"><span>Amortiguaci\u00f3n Air-Sole<\/span><\/strong><span> : <\/span><br data-start=\"816\" data-end=\"819\" \/><span>Equipados con <\/span><strong data-start=\"835\" data-end=\"869\"><span>unidades Air-Sole encapsuladas<\/span><\/strong><span> , estos tenis ofrecen <\/span><strong data-start=\"891\" data-end=\"917\"><span>una amortiguaci\u00f3n superior<\/span><\/strong><span> , absorbiendo el impacto en cada paso y brindando una comodidad excepcional. Esta tecnolog\u00eda garantiza que cada movimiento sea m\u00e1s suave y ligero, ya sea caminando o realizando actividad f\u00edsica.<\/span><\/p>\n<\/li>\n<li data-start=\"1113\" data-end=\"1396\">\n<p data-start=\"1115\" data-end=\"1396\"><strong data-start=\"1115\" data-end=\"1145\"><span>Materiales de Alta Calidad<\/span><\/strong><span> : <\/span><br data-start=\"1146\" data-end=\"1149\" \/><span>La <\/span><strong data-start=\"1154\" data-end=\"1174\"><span>empine de cuero<\/span><\/strong><span> asegura una <\/span><strong data-start=\"1187\" data-end=\"1213\"><span>sensaci\u00f3n estructurada<\/span><\/strong><span> y un acabado premium que combina durabilidad y soporte. La combinaci\u00f3n de materiales de alta calidad asegura que estos tenis sean resistentes y proporcionen una gran sujeci\u00f3n al pie.<\/span><\/p>\n<\/li>\n<li data-start=\"1398\" data-end=\"1710\">\n<p data-start=\"1400\" data-end=\"1710\"><strong data-start=\"1400\" data-end=\"1432\"><span>Dise\u00f1o vers\u00e1til y estilizado<\/span><\/strong><span> : <\/span><br data-start=\"1433\" data-end=\"1436\" \/><span>Con una amplia variedad de combinaciones de colores, los <\/span><strong data-start=\"1495\" data-end=\"1523\"><span>Air Jordan 1 Elevate Low<\/span><\/strong><span> se adaptan f\u00e1cilmente a diferentes estilos y ocasiones. Son perfectos para completar tanto looks deportivos como casuales, haciendo que se integren sin esfuerzo en tu guardarropa diario.<\/span><\/p>\n<\/li>\n<li data-start=\"1712\" data-end=\"1988\">\n<p data-start=\"1714\" data-end=\"1988\"><strong data-start=\"1714\" data-end=\"1742\"><span>Suela de Goma y Tracci\u00f3n<\/span><\/strong><span> : <\/span><br data-start=\"1743\" data-end=\"1746\" \/><span>La suela de goma ofrece <\/span><strong data-start=\"1772\" data-end=\"1784\"><span>tracci\u00f3n<\/span><\/strong><span> en diversas superficies, asegurando que tengas estabilidad y un buen agarre mientras caminas o corres. Esto los convierte en una opci\u00f3n ideal tanto para actividades deportivas como para el uso cotidiano.<\/span><\/p>\n<\/li>\n<\/ul>\n<h3 data-start=\"1990\" data-end=\"2043\"><strong data-start=\"1994\" data-end=\"2043\"><span>\u00bfPor qu\u00e9 elegir los Air Jordan 1 Elevate Low?<\/span><\/strong><\/h3>\n<ul data-start=\"2045\" data-end=\"2531\">\n<li data-start=\"2045\" data-end=\"2199\"><strong data-start=\"2047\" data-end=\"2081\"><span>Estilo ic\u00f3nico y contempor\u00e1neo<\/span><\/strong><span> : El dise\u00f1o cl\u00e1sico de Air Jordan se mezcla con detalles modernos, dando lugar a un calzado que no pasa desapercibido.<\/span><\/li>\n<li data-start=\"2200\" data-end=\"2314\"><strong data-start=\"2202\" data-end=\"2229\"><span>Comodidad y rendimiento<\/span><\/strong><span> : La <\/span><strong data-start=\"2234\" data-end=\"2257\"><span>tecnolog\u00eda Air-Sole<\/span><\/strong><span> proporciona amortiguaci\u00f3n y confort durante todo el d\u00eda.<\/span><\/li>\n<li data-start=\"2315\" data-end=\"2429\"><strong data-start=\"2317\" data-end=\"2333\"><span>Versatilidad<\/span><\/strong><span> : Se adapta f\u00e1cilmente a diferentes estilos y usos, desde entrenamientos hasta eventos casuales.<\/span><\/li>\n<li data-start=\"2430\" data-end=\"2531\"><strong data-start=\"2432\" data-end=\"2447\"><span>Durabilidad<\/span><\/strong><span> : El <\/span><strong data-start=\"2452\" data-end=\"2469\"><span>cuero premium<\/span><\/strong><span> garantiza que los tenis sean resistentes y de larga duraci\u00f3n.<\/span><\/li>\n<\/ul>\n<p data-start=\"2533\" data-end=\"2692\" data-is-last-node=\"\" data-is-only-node=\"\"><span>Los <\/span><strong data-start=\"2537\" data-end=\"2565\"><span>Air Jordan 1 Elevate Low<\/span><\/strong><span> son una opci\u00f3n ideal para quienes buscan un calzado que combine el <\/span><strong data-start=\"2633\" data-end=\"2648\"><span>rendimiento<\/span><\/strong><span> con el <\/span><strong data-start=\"2656\" data-end=\"2666\"><span>estilo<\/span><\/strong><span> \u00fanico de la marca Jordan.<\/span><\/p>\n<\/div>\n<\/div>\n<\/div>\n<\/div>\n<\/div>\n<\/div>\n<\/div>\n<\/div>\n<\/article>\n<\/div>\n<\/div>\n<\/div>\n<\/div>\n","protected":false},"excerpt":{"rendered":"<p>DH7004-111 Los Air Jordan 1 Elevate Low para mujer son una versi\u00f3n renovada y moderna del cl\u00e1sico modelo Air Jordan<\/p>\n","protected":false},"featured_media":76876,"comment_status":"open","ping_status":"closed","template":"","meta":{"nf_dc_page":""},"product_brand":[],"product_cat":[73],"product_tag":[],"class_list":{"0":"post-76875","1":"product","2":"type-product","3":"status-publish","4":"has-post-thumbnail","6":"product_cat-femenino","8":"first","9":"outofstock","10":"shipping-taxable","11":"purchasable","12":"product-type-simple"},"_links":{"self":[{"href":"https:\/\/brandss.com.py\/index\/wp-json\/wp\/v2\/product\/76875","targetHints":{"allow":["GET"]}}],"collection":[{"href":"https:\/\/brandss.com.py\/index\/wp-json\/wp\/v2\/product"}],"about":[{"href":"https:\/\/brandss.com.py\/index\/wp-json\/wp\/v2\/types\/product"}],"replies":[{"embeddable":true,"href":"https:\/\/brandss.com.py\/index\/wp-json\/wp\/v2\/comments?post=76875"}],"version-history":[{"count":1,"href":"https:\/\/brandss.com.py\/index\/wp-json\/wp\/v2\/product\/76875\/revisions"}],"predecessor-version":[{"id":76884,"href":"https:\/\/brandss.com.py\/index\/wp-json\/wp\/v2\/product\/76875\/revisions\/76884"}],"wp:featuredmedia":[{"embeddable":true,"href":"https:\/\/brandss.com.py\/index\/wp-json\/wp\/v2\/media\/76876"}],"wp:attachment":[{"href":"https:\/\/brandss.com.py\/index\/wp-json\/wp\/v2\/media?parent=76875"}],"wp:term":[{"taxonomy":"product_brand","embeddable":true,"href":"https:\/\/brandss.com.py\/index\/wp-json\/wp\/v2\/product_brand?post=76875"},{"taxonomy":"product_cat","embeddable":true,"href":"https:\/\/brandss.com.py\/index\/wp-json\/wp\/v2\/product_cat?post=76875"},{"taxonomy":"product_tag","embeddable":true,"href":"https:\/\/brandss.com.py\/index\/wp-json\/wp\/v2\/product_tag?post=76875"}],"curies":[{"name":"wp","href":"https:\/\/api.w.org\/{rel}","templated":true}]}}