{"id":76892,"date":"2025-03-19T17:28:11","date_gmt":"2025-03-19T17:28:11","guid":{"rendered":"https:\/\/brandss.com.py\/index\/?post_type=product&#038;p=76892"},"modified":"2025-03-19T17:30:12","modified_gmt":"2025-03-19T17:30:12","slug":"calzado-casual-femenino-nike-air-force-1-wild","status":"publish","type":"product","link":"https:\/\/brandss.com.py\/index\/producto\/calzado-casual-femenino-nike-air-force-1-wild\/","title":{"rendered":"CALZADO CASUAL FEMENINO NIKE AIR FORCE 1 WILD"},"content":{"rendered":"<p><img loading=\"lazy\" decoding=\"async\" class=\"\" src=\"https:\/\/1000marcas.net\/wp-content\/uploads\/2019\/11\/Logo-Nike.jpg\" alt=\"Logo de Nike: la historia y el significado del logotipo, la marca y el  s\u00edmbolo. | png, vector\" width=\"167\" height=\"94\" \/><\/p>\n<h1>AIR FORCE 1 WILD<\/h1>\n<div class=\"experience-component experience-productText\">\n<div class=\"product-text-wrapper hide-empty  \">\n<div class=\"product-text-content     \">\n<div class=\"product-text  released    \" data-product-field=\"longDescription\">\n<div class=\"pi-tier3\">\n<div class=\"pi-pdpmainbody\">\n<p>Estar al aire libre es apto para todos, al igual que este calzado. El AF1 cl\u00e1sico se reinventa con un dise\u00f1o aventurero con agujetas funcionales, materiales duraderos y costuras resistentes. La entresuela envuelta en tela es ligera y m\u00e1s flexible; adem\u00e1s, la almohadilla adicional del tal\u00f3n te ofrece mayor comodidad. Los detalles bordados contrastan con los detalles similares a una bota para brindar un look vers\u00e1til y funcional.<\/p>\n<p><b>Air Force 1<\/b><\/p>\n<p>El Air Force 1, que debut\u00f3 en 1982 como un elemento imprescindible del b\u00e1squetbol, se convirti\u00f3 en el n\u00famero uno en los a\u00f1os 90. El look impecable del blanco sobre blanco cl\u00e1sico del AF1 triunf\u00f3 tanto en la cancha como en la calle y en muchos sitios m\u00e1s. El Air Force 1, que encontr\u00f3 su ritmo en la cultura del hiphop con el lanzamiento de colaboraciones y combinaciones de colores limitadas, se convirti\u00f3 en un calzado ic\u00f3nico en todo el mundo. No puede negarse el impacto de este modelo b\u00e1sico, con m\u00e1s de 2,000 versiones en la moda, la m\u00fasica y la cultura del calzado deportivo.<\/p>\n<p><b>Estilo que perdura<\/b><\/p>\n<p>Las agujetas tipo cuerda, los bucles entrelazados y los ojales tradicionales se unen para crear un sistema de agujetas m\u00e1s fuerte. Una nueva leng\u00fceta m\u00e1s suave agrega comodidad adicional, y las costuras laterales agregan durabilidad.<\/p>\n<p><b>Resistente y refinado<\/b><\/p>\n<p>La gamuza blanquecina se mezcla con la malla duradera y los detalles funcionales para ofrecer el AF1 inspirado en la bota de senderismo que no sab\u00edas que necesitabas.<\/p>\n<p><b>Dise\u00f1o ligero<\/b><\/p>\n<p>La entresuela redise\u00f1ada es ligera y flexible, y la suela de goma renovada proporciona mejor tracci\u00f3n.<\/p>\n<p><b>M\u00e1s beneficios<\/b><\/p>\n<ul>\n<li>Cuello acolchado de corte low que luce elegante y se siente genial<\/li>\n<li>Dise\u00f1ada originalmente para el b\u00e1squetbol de alto rendimiento, la amortiguaci\u00f3n Nike Air brinda comodidad duradera.<\/li>\n<li>La suela de goma con puntos de pivote en aro aporta tracci\u00f3n duradera y un estilo de herencia.<\/li>\n<li>Color: Violeta Platino\/Malva Ahumado\/Tierra\/Violeta Platino.<\/li>\n<li>Modelo: FB2348-003.<\/li>\n<\/ul>\n<\/div>\n<\/div>\n<\/div>\n<\/div>\n<\/div>\n<\/div>\n","protected":false},"excerpt":{"rendered":"<p>AIR FORCE 1 WILD Estar al aire libre es apto para todos, al igual que este calzado. El AF1 cl\u00e1sico<\/p>\n","protected":false},"featured_media":76893,"comment_status":"open","ping_status":"closed","template":"","meta":{"nf_dc_page":""},"product_brand":[],"product_cat":[73],"product_tag":[],"class_list":{"0":"post-76892","1":"product","2":"type-product","3":"status-publish","4":"has-post-thumbnail","6":"product_cat-femenino","8":"first","9":"instock","10":"shipping-taxable","11":"purchasable","12":"product-type-simple"},"_links":{"self":[{"href":"https:\/\/brandss.com.py\/index\/wp-json\/wp\/v2\/product\/76892","targetHints":{"allow":["GET"]}}],"collection":[{"href":"https:\/\/brandss.com.py\/index\/wp-json\/wp\/v2\/product"}],"about":[{"href":"https:\/\/brandss.com.py\/index\/wp-json\/wp\/v2\/types\/product"}],"replies":[{"embeddable":true,"href":"https:\/\/brandss.com.py\/index\/wp-json\/wp\/v2\/comments?post=76892"}],"version-history":[{"count":1,"href":"https:\/\/brandss.com.py\/index\/wp-json\/wp\/v2\/product\/76892\/revisions"}],"predecessor-version":[{"id":76906,"href":"https:\/\/brandss.com.py\/index\/wp-json\/wp\/v2\/product\/76892\/revisions\/76906"}],"wp:featuredmedia":[{"embeddable":true,"href":"https:\/\/brandss.com.py\/index\/wp-json\/wp\/v2\/media\/76893"}],"wp:attachment":[{"href":"https:\/\/brandss.com.py\/index\/wp-json\/wp\/v2\/media?parent=76892"}],"wp:term":[{"taxonomy":"product_brand","embeddable":true,"href":"https:\/\/brandss.com.py\/index\/wp-json\/wp\/v2\/product_brand?post=76892"},{"taxonomy":"product_cat","embeddable":true,"href":"https:\/\/brandss.com.py\/index\/wp-json\/wp\/v2\/product_cat?post=76892"},{"taxonomy":"product_tag","embeddable":true,"href":"https:\/\/brandss.com.py\/index\/wp-json\/wp\/v2\/product_tag?post=76892"}],"curies":[{"name":"wp","href":"https:\/\/api.w.org\/{rel}","templated":true}]}}