{"id":76903,"date":"2025-03-19T17:30:31","date_gmt":"2025-03-19T17:30:31","guid":{"rendered":"https:\/\/brandss.com.py\/index\/?post_type=product&#038;p=76903"},"modified":"2025-03-19T17:30:49","modified_gmt":"2025-03-19T17:30:49","slug":"calzado-casual-femenino-nike-air-max-90","status":"publish","type":"product","link":"https:\/\/brandss.com.py\/index\/producto\/calzado-casual-femenino-nike-air-max-90\/","title":{"rendered":"CALZADO CASUAL FEMENINO NIKE AIR MAX 90"},"content":{"rendered":"<p><img decoding=\"async\" src=\"https:\/\/encrypted-tbn0.gstatic.com\/images?q=tbn:ANd9GcSwxWjbiOX8rYuq720FgrIefCPVC-y-gHSUYg&amp;s\" alt=\"Logo Nike PNG transparente - StickPNG\" \/><\/p>\n<h1>DH8010-101<\/h1>\n<div class=\"flex flex-1 grow basis-auto flex-col overflow-hidden\">\n<div class=\"relative h-full\">\n<div class=\"flex h-full flex-col overflow-y-auto [scrollbar-gutter:stable]\">\n<div class=\"mt-1.5 flex flex-col text-sm @thread-xl\/thread:pt-header-height md:pb-9\">\n<article class=\"group\/turn w-full text-token-text-primary focus-visible:outline-2 focus-visible:outline-offset-[-4px]\" dir=\"auto\" data-testid=\"conversation-turn-48\" data-scroll-anchor=\"true\">\n<div class=\"text-base my-auto mx-auto py-[18px] px-6\">\n<div class=\"mx-auto flex flex-1 text-base gap-4 md:gap-5 lg:gap-6 md:max-w-3xl lg:max-w-[40rem] xl:max-w-[48rem]\">\n<div class=\"group\/conversation-turn relative flex w-full min-w-0 flex-col agent-turn @xs\/thread:px-0 @sm\/thread:px-1.5 @md\/thread:px-4\">\n<div class=\"flex-col gap-1 md:gap-3\">\n<div class=\"flex max-w-full flex-col flex-grow\">\n<div class=\"min-h-8 text-message relative flex w-full flex-col items-end gap-2 whitespace-normal break-words text-start [.text-message+&amp;]:mt-5\" dir=\"auto\" data-message-author-role=\"assistant\" data-message-id=\"7edb203a-714e-4f1a-b1ce-c365f6c799d9\" data-message-model-slug=\"gpt-4o\">\n<div class=\"flex w-full flex-col gap-1 empty:hidden first:pt-[3px]\">\n<div class=\"markdown prose w-full break-words dark:prose-invert light\">\n<p data-start=\"0\" data-end=\"361\"><span>Las <\/span><strong data-start=\"4\" data-end=\"23\"><span>Nike Air Max 90<\/span><\/strong><span> son la combinaci\u00f3n perfecta entre herencia y modernidad. Con un dise\u00f1o que ha trascendido generaciones, este modelo mantiene los elementos cl\u00e1sicos que lo hicieron famoso, como la ic\u00f3nica <\/span><strong data-start=\"212\" data-end=\"228\"><span>suela Waffle<\/span><\/strong><span> , los <\/span><strong data-start=\"234\" data-end=\"260\"><span>revestimientos cosidos<\/span><\/strong><span> y los distintivos detalles en <\/span><strong data-start=\"291\" data-end=\"298\"><span>TPU<\/span><\/strong><span> , pero con mejoras que brindan mayor comodidad y durabilidad.<\/span><\/p>\n<h3 data-start=\"363\" data-end=\"398\"><strong data-start=\"367\" data-end=\"396\"><span>Dise\u00f1o ic\u00f3nico y duradero<\/span><\/strong><\/h3>\n<p data-start=\"399\" data-end=\"697\"><span>Desde su lanzamiento, las <\/span><strong data-start=\"425\" data-end=\"439\"><span>Air Max 90<\/span><\/strong><span> han sido sin\u00f3nimo de estilo y rendimiento. Su construcci\u00f3n con materiales de alta calidad, como <\/span><strong data-start=\"536\" data-end=\"577\"><span>malla transpirable, cuero y sint\u00e9tico<\/span><\/strong><span> , ofrece una combinaci\u00f3n perfecta entre <\/span><strong data-start=\"617\" data-end=\"642\"><span>soporte y ventilaci\u00f3n<\/span><\/strong><span> , asegurando frescura y resistencia en el uso diario.<\/span><\/p>\n<h3 data-start=\"699\" data-end=\"750\"><strong data-start=\"703\" data-end=\"748\"><span>Amortiguaci\u00f3n Air Max para M\u00e1ximo Confort<\/span><\/strong><\/h3>\n<p data-start=\"751\" data-end=\"1037\"><span>La unidad <\/span><strong data-start=\"761\" data-end=\"772\"><span>Max Air<\/span><\/strong><span> en el tal\u00f3n proporciona una amortiguaci\u00f3n ligera y eficaz, reduciendo el impacto y asegurando una pisada m\u00e1s c\u00f3moda y estable. Esta tecnolog\u00eda est\u00e1 dise\u00f1ada para acompa\u00f1arte en cualquier actividad, desde caminatas largas hasta un d\u00eda de uso casual sin molestias.<\/span><\/p>\n<h3 data-start=\"1039\" data-end=\"1077\"><strong data-start=\"1043\" data-end=\"1075\"><span>Ajuste y comodidad mejorados<\/span><\/strong><\/h3>\n<p data-start=\"1078\" data-end=\"1326\"><span>El dise\u00f1o ergon\u00f3mico y el <\/span><strong data-start=\"1104\" data-end=\"1124\"><span>cuello acolchado<\/span><\/strong><span> en el tobillo brindan una sensaci\u00f3n suave y un ajuste seguro. Gracias a su estructura optimizada, las <\/span><strong data-start=\"1227\" data-end=\"1246\"><span>Nike Air Max 90<\/span><\/strong><span> se adaptan al pie de manera natural, brindando estabilidad en cada paso.<\/span><\/p>\n<h3 data-start=\"1328\" data-end=\"1365\"><strong data-start=\"1332\" data-end=\"1363\"><span>Estilo vers\u00e1til y atemporal<\/span><\/strong><\/h3>\n<p data-start=\"1366\" data-end=\"1686\"><span>Disponibles en una amplia gama de colores y combinaciones, estas zapatillas son una excelente opci\u00f3n tanto para quienes buscan un look deportivo como para quienes prefieren un estilo urbano y casual. Su silueta ic\u00f3nica y detalles modernos las convierten en una pieza imprescindible para cualquier colecci\u00f3n de calzado.<\/span><\/p>\n<h3 data-start=\"1688\" data-end=\"1725\"><strong data-start=\"1692\" data-end=\"1723\"><span>Caracter\u00edsticas Destacadas:<\/span><\/strong><\/h3>\n<p data-start=\"1726\" data-end=\"2207\"><span>\u2714 <\/span><strong data-start=\"1728\" data-end=\"1758\"><span>Unidad Air Max en el tal\u00f3n<\/span><\/strong><span> que ofrece amortiguaci\u00f3n y suavidad en cada pisada. <\/span><br data-start=\"1810\" data-end=\"1813\" \/><span>\u2714 <\/span><strong data-start=\"1815\" data-end=\"1831\"><span>Suela Waffle<\/span><\/strong><span> para una tracci\u00f3n \u00f3ptima y una mayor resistencia al desgaste. <\/span><br data-start=\"1893\" data-end=\"1896\" \/><span>\u2714 <\/span><strong data-start=\"1898\" data-end=\"1956\"><span>Parte superior de malla, cuero y materiales sint\u00e9ticos<\/span><\/strong><span> que combinan transpirabilidad y durabilidad. <\/span><br data-start=\"2001\" data-end=\"2004\" \/><span>\u2714 <\/span><strong data-start=\"2006\" data-end=\"2025\"><span>Detalles en TPU<\/span><\/strong><span> que realzan el dise\u00f1o cl\u00e1sico con un toque moderno. <\/span><br data-start=\"2077\" data-end=\"2080\" \/><span>\u2714 <\/span><strong data-start=\"2082\" data-end=\"2102\"><span>Collar acolchado<\/span><\/strong><span> para un ajuste m\u00e1s c\u00f3modo y seguro. <\/span><br data-start=\"2138\" data-end=\"2141\" \/><span>\u2714 <\/span><strong data-start=\"2143\" data-end=\"2161\"><span>Dise\u00f1o ic\u00f3nico<\/span><\/strong><span> que se adapta a cualquier ocasi\u00f3n y estilo.<\/span><\/p>\n<p data-start=\"2209\" data-end=\"2381\" data-is-last-node=\"\" data-is-only-node=\"\"><span>Las <\/span><strong data-start=\"2213\" data-end=\"2232\"><span>Nike Air Max 90<\/span><\/strong><span> no solo son un cl\u00e1sico del calzado deportivo, sino tambi\u00e9n una opci\u00f3n perfecta para quienes buscan comodidad, durabilidad y un dise\u00f1o inconfundible.<\/span><\/p>\n<\/div>\n<\/div>\n<\/div>\n<\/div>\n<\/div>\n<\/div>\n<\/div>\n<\/div>\n<\/article>\n<\/div>\n<\/div>\n<\/div>\n<\/div>\n","protected":false},"excerpt":{"rendered":"<p>DH8010-101 Las Nike Air Max 90 son la combinaci\u00f3n perfecta entre herencia y modernidad. Con un dise\u00f1o que ha trascendido<\/p>\n","protected":false},"featured_media":76904,"comment_status":"open","ping_status":"closed","template":"","meta":{"nf_dc_page":""},"product_brand":[],"product_cat":[73],"product_tag":[],"class_list":{"0":"post-76903","1":"product","2":"type-product","3":"status-publish","4":"has-post-thumbnail","6":"product_cat-femenino","8":"first","9":"instock","10":"shipping-taxable","11":"purchasable","12":"product-type-simple"},"_links":{"self":[{"href":"https:\/\/brandss.com.py\/index\/wp-json\/wp\/v2\/product\/76903","targetHints":{"allow":["GET"]}}],"collection":[{"href":"https:\/\/brandss.com.py\/index\/wp-json\/wp\/v2\/product"}],"about":[{"href":"https:\/\/brandss.com.py\/index\/wp-json\/wp\/v2\/types\/product"}],"replies":[{"embeddable":true,"href":"https:\/\/brandss.com.py\/index\/wp-json\/wp\/v2\/comments?post=76903"}],"version-history":[{"count":1,"href":"https:\/\/brandss.com.py\/index\/wp-json\/wp\/v2\/product\/76903\/revisions"}],"predecessor-version":[{"id":76912,"href":"https:\/\/brandss.com.py\/index\/wp-json\/wp\/v2\/product\/76903\/revisions\/76912"}],"wp:featuredmedia":[{"embeddable":true,"href":"https:\/\/brandss.com.py\/index\/wp-json\/wp\/v2\/media\/76904"}],"wp:attachment":[{"href":"https:\/\/brandss.com.py\/index\/wp-json\/wp\/v2\/media?parent=76903"}],"wp:term":[{"taxonomy":"product_brand","embeddable":true,"href":"https:\/\/brandss.com.py\/index\/wp-json\/wp\/v2\/product_brand?post=76903"},{"taxonomy":"product_cat","embeddable":true,"href":"https:\/\/brandss.com.py\/index\/wp-json\/wp\/v2\/product_cat?post=76903"},{"taxonomy":"product_tag","embeddable":true,"href":"https:\/\/brandss.com.py\/index\/wp-json\/wp\/v2\/product_tag?post=76903"}],"curies":[{"name":"wp","href":"https:\/\/api.w.org\/{rel}","templated":true}]}}