{"id":76924,"date":"2025-03-20T11:55:43","date_gmt":"2025-03-20T11:55:43","guid":{"rendered":"https:\/\/brandss.com.py\/index\/?post_type=product&#038;p=76924"},"modified":"2025-03-20T12:08:41","modified_gmt":"2025-03-20T12:08:41","slug":"calzado-deportivo-masculino-nike-sb-air-max-ishod","status":"publish","type":"product","link":"https:\/\/brandss.com.py\/index\/producto\/calzado-deportivo-masculino-nike-sb-air-max-ishod\/","title":{"rendered":"CALZADO DEPORTIVO MASCULINO NIKE SB AIR MAX ISHOD"},"content":{"rendered":"<p><img loading=\"lazy\" decoding=\"async\" class=\"\" src=\"https:\/\/1000marcas.net\/wp-content\/uploads\/2019\/11\/Logo-Nike.jpg\" alt=\"Logo de Nike: la historia y el significado del logotipo, la marca y el  s\u00edmbolo. | png, vector\" width=\"135\" height=\"76\" \/><\/p>\n<h1>SB AIR MAX ISHOD<\/h1>\n<p>Inspirados en los calzados de baloncesto cl\u00e1sicos de los a\u00f1os 90 y dise\u00f1ados para soportar las exigencias del skate, las Nike SB Ishod contin\u00faan con su legado innovador. Su suela cupsole est\u00e1 dise\u00f1ada para facilitar su colocaci\u00f3n, combinando la est\u00e9tica original de Ishod con elementos actualizados como la malla y un pilar Air expuesto con tecnolog\u00eda Air Max. Entre sus ventajas se incluyen detalles llamativos como el nombre &#8220;Ishod&#8221; grabado en los ojales ocultos y el bordado &#8220;Wair&#8221; en la parte superior. El dise\u00f1o de suela de copa tiene como objetivo minimizar la cantidad de tiempo necesario para atar los cordones, mientras que el patr\u00f3n de espiga en la suela exterior proporciona tracci\u00f3n esencial para andar en patineta. La impactante presencia visual del Air Max, con su ventana en la suela, refleja el toque del legendario dise\u00f1ador Tinker Hatfield, quien utiliz\u00f3 la arquitectura parisina para restablecer la tecnolog\u00eda Air como l\u00edder en amortiguaci\u00f3n, ofreciendo la cantidad justa de soporte y combinando comodidad y estilo.<\/p>\n<p>Color: Blanco\/Blanco cumbre\/Rojo universitario\/Rojo universitario.<\/p>\n<p>Modelo: FB2393-100.<\/p>\n","protected":false},"excerpt":{"rendered":"<p>SB AIR MAX ISHOD Inspirados en los calzados de baloncesto cl\u00e1sicos de los a\u00f1os 90 y dise\u00f1ados para soportar las<\/p>\n","protected":false},"featured_media":76925,"comment_status":"open","ping_status":"closed","template":"","meta":{"nf_dc_page":""},"product_brand":[],"product_cat":[76],"product_tag":[],"class_list":{"0":"post-76924","1":"product","2":"type-product","3":"status-publish","4":"has-post-thumbnail","6":"product_cat-masculino","8":"first","9":"instock","10":"shipping-taxable","11":"purchasable","12":"product-type-simple"},"_links":{"self":[{"href":"https:\/\/brandss.com.py\/index\/wp-json\/wp\/v2\/product\/76924","targetHints":{"allow":["GET"]}}],"collection":[{"href":"https:\/\/brandss.com.py\/index\/wp-json\/wp\/v2\/product"}],"about":[{"href":"https:\/\/brandss.com.py\/index\/wp-json\/wp\/v2\/types\/product"}],"replies":[{"embeddable":true,"href":"https:\/\/brandss.com.py\/index\/wp-json\/wp\/v2\/comments?post=76924"}],"version-history":[{"count":1,"href":"https:\/\/brandss.com.py\/index\/wp-json\/wp\/v2\/product\/76924\/revisions"}],"predecessor-version":[{"id":76942,"href":"https:\/\/brandss.com.py\/index\/wp-json\/wp\/v2\/product\/76924\/revisions\/76942"}],"wp:featuredmedia":[{"embeddable":true,"href":"https:\/\/brandss.com.py\/index\/wp-json\/wp\/v2\/media\/76925"}],"wp:attachment":[{"href":"https:\/\/brandss.com.py\/index\/wp-json\/wp\/v2\/media?parent=76924"}],"wp:term":[{"taxonomy":"product_brand","embeddable":true,"href":"https:\/\/brandss.com.py\/index\/wp-json\/wp\/v2\/product_brand?post=76924"},{"taxonomy":"product_cat","embeddable":true,"href":"https:\/\/brandss.com.py\/index\/wp-json\/wp\/v2\/product_cat?post=76924"},{"taxonomy":"product_tag","embeddable":true,"href":"https:\/\/brandss.com.py\/index\/wp-json\/wp\/v2\/product_tag?post=76924"}],"curies":[{"name":"wp","href":"https:\/\/api.w.org\/{rel}","templated":true}]}}