{"id":76926,"date":"2025-03-20T11:56:19","date_gmt":"2025-03-20T11:56:19","guid":{"rendered":"https:\/\/brandss.com.py\/index\/?post_type=product&#038;p=76926"},"modified":"2025-03-20T11:56:50","modified_gmt":"2025-03-20T11:56:50","slug":"calzado-deportivo-femenino-nike-air-max-97","status":"publish","type":"product","link":"https:\/\/brandss.com.py\/index\/producto\/calzado-deportivo-femenino-nike-air-max-97\/","title":{"rendered":"CALZADO DEPORTIVO FEMENINO NIKE AIR MAX 97"},"content":{"rendered":"<p><img decoding=\"async\" src=\"https:\/\/encrypted-tbn0.gstatic.com\/images?q=tbn:ANd9GcSwxWjbiOX8rYuq720FgrIefCPVC-y-gHSUYg&amp;s\" alt=\"Logo Nike PNG transparente - StickPNG\" \/><\/p>\n<div class=\"flex flex-1 grow basis-auto flex-col overflow-hidden\">\n<div class=\"relative h-full\">\n<div class=\"flex h-full flex-col overflow-y-auto [scrollbar-gutter:stable]\">\n<div class=\"mt-1.5 flex flex-col text-sm @thread-xl\/thread:pt-header-height md:pb-9\">\n<article class=\"group\/turn w-full text-token-text-primary focus-visible:outline-2 focus-visible:outline-offset-[-4px]\" dir=\"auto\" data-testid=\"conversation-turn-2\" data-scroll-anchor=\"true\">\n<div class=\"text-base my-auto mx-auto py-[18px] px-6\">\n<div class=\"mx-auto flex flex-1 text-base gap-4 md:gap-5 lg:gap-6 md:max-w-3xl lg:max-w-[40rem] xl:max-w-[48rem]\">\n<div class=\"group\/conversation-turn relative flex w-full min-w-0 flex-col agent-turn @xs\/thread:px-0 @sm\/thread:px-1.5 @md\/thread:px-4\">\n<div class=\"flex-col gap-1 md:gap-3\">\n<div class=\"flex max-w-full flex-col flex-grow\">\n<div class=\"min-h-8 text-message relative flex w-full flex-col items-end gap-2 whitespace-normal break-words text-start [.text-message+&amp;]:mt-5\" dir=\"auto\" data-message-author-role=\"assistant\" data-message-id=\"3e55a143-4d02-4ef1-80e7-6808cdeff68c\" data-message-model-slug=\"gpt-4o\">\n<div class=\"flex w-full flex-col gap-1 empty:hidden first:pt-[3px]\">\n<div class=\"markdown prose w-full break-words dark:prose-invert light\">\n<p data-start=\"0\" data-end=\"255\"><span>Los <\/span><strong data-start=\"4\" data-end=\"23\"><span>Nike Air Max 97<\/span><\/strong><span> para mujer son unos tenis ic\u00f3nicos que combinan estilo y comodidad con un dise\u00f1o innovador. Inspirados en las ondas del agua y los trenes bala japoneses, estos tenis destacan por su est\u00e9tica aerodin\u00e1mica y su estructura envolvente.<\/span><\/p>\n<h3 data-start=\"257\" data-end=\"293\"><strong data-start=\"261\" data-end=\"293\"><span>Caracter\u00edsticas principales:<\/span><\/strong><\/h3>\n<ul data-start=\"294\" data-end=\"841\">\n<li data-start=\"294\" data-end=\"419\"><strong data-start=\"296\" data-end=\"326\"><span>Dise\u00f1o elegante y moderno:<\/span><\/strong><span> Su silueta ondulada y su acabado llamativo los convierten en un modelo vers\u00e1til y atemporal.<\/span><\/li>\n<li data-start=\"420\" data-end=\"542\"><strong data-start=\"422\" data-end=\"450\"><span>Unidad Air Max completa:<\/span><\/strong><span> Proporciona una amortiguaci\u00f3n superior de longitud completa para una pisada c\u00f3moda y suave.<\/span><\/li>\n<li data-start=\"543\" data-end=\"658\"><strong data-start=\"545\" data-end=\"576\"><span>Materiales de alta calidad:<\/span><\/strong><span> Combinaci\u00f3n de malla y cuero sint\u00e9tico para mayor transpirabilidad y durabilidad.<\/span><\/li>\n<li data-start=\"659\" data-end=\"757\"><strong data-start=\"661\" data-end=\"679\"><span>Suela de goma:<\/span><\/strong><span> Ofrece tracci\u00f3n y resistencia para un mejor agarre en diferentes superficies.<\/span><\/li>\n<li data-start=\"758\" data-end=\"841\"><strong data-start=\"760\" data-end=\"791\"><span>Sistema de cordones ocultos:<\/span><\/strong><span> Brinda un ajuste seguro y un look m\u00e1s estilizado.<\/span><\/li>\n<\/ul>\n<p data-start=\"843\" data-end=\"991\" data-is-last-node=\"\" data-is-only-node=\"\"><span>Perfectos para un estilo urbano y deportivo, los <\/span><strong data-start=\"892\" data-end=\"911\"><span>Nike Air Max 97<\/span><\/strong><span> son ideales para quienes buscan comodidad sin perder elegancia en su d\u00eda a d\u00eda.<\/span><\/p>\n<\/div>\n<\/div>\n<\/div>\n<\/div>\n<\/div>\n<\/div>\n<\/div>\n<\/div>\n<\/article>\n<\/div>\n<\/div>\n<\/div>\n<\/div>\n","protected":false},"excerpt":{"rendered":"<p>Los Nike Air Max 97 para mujer son unos tenis ic\u00f3nicos que combinan estilo y comodidad con un dise\u00f1o innovador.<\/p>\n","protected":false},"featured_media":76931,"comment_status":"open","ping_status":"closed","template":"","meta":{"nf_dc_page":""},"product_brand":[],"product_cat":[73],"product_tag":[],"class_list":{"0":"post-76926","1":"product","2":"type-product","3":"status-publish","4":"has-post-thumbnail","6":"product_cat-femenino","8":"first","9":"instock","10":"shipping-taxable","11":"purchasable","12":"product-type-simple"},"_links":{"self":[{"href":"https:\/\/brandss.com.py\/index\/wp-json\/wp\/v2\/product\/76926","targetHints":{"allow":["GET"]}}],"collection":[{"href":"https:\/\/brandss.com.py\/index\/wp-json\/wp\/v2\/product"}],"about":[{"href":"https:\/\/brandss.com.py\/index\/wp-json\/wp\/v2\/types\/product"}],"replies":[{"embeddable":true,"href":"https:\/\/brandss.com.py\/index\/wp-json\/wp\/v2\/comments?post=76926"}],"version-history":[{"count":1,"href":"https:\/\/brandss.com.py\/index\/wp-json\/wp\/v2\/product\/76926\/revisions"}],"predecessor-version":[{"id":76943,"href":"https:\/\/brandss.com.py\/index\/wp-json\/wp\/v2\/product\/76926\/revisions\/76943"}],"wp:featuredmedia":[{"embeddable":true,"href":"https:\/\/brandss.com.py\/index\/wp-json\/wp\/v2\/media\/76931"}],"wp:attachment":[{"href":"https:\/\/brandss.com.py\/index\/wp-json\/wp\/v2\/media?parent=76926"}],"wp:term":[{"taxonomy":"product_brand","embeddable":true,"href":"https:\/\/brandss.com.py\/index\/wp-json\/wp\/v2\/product_brand?post=76926"},{"taxonomy":"product_cat","embeddable":true,"href":"https:\/\/brandss.com.py\/index\/wp-json\/wp\/v2\/product_cat?post=76926"},{"taxonomy":"product_tag","embeddable":true,"href":"https:\/\/brandss.com.py\/index\/wp-json\/wp\/v2\/product_tag?post=76926"}],"curies":[{"name":"wp","href":"https:\/\/api.w.org\/{rel}","templated":true}]}}