{"id":76964,"date":"2025-03-20T14:10:24","date_gmt":"2025-03-20T14:10:24","guid":{"rendered":"https:\/\/brandss.com.py\/index\/?post_type=product&#038;p=76964"},"modified":"2025-03-20T14:11:41","modified_gmt":"2025-03-20T14:11:41","slug":"calzado-deportivo-femenino-nike-zoom-gp-challenge-1-hc","status":"publish","type":"product","link":"https:\/\/brandss.com.py\/index\/producto\/calzado-deportivo-femenino-nike-zoom-gp-challenge-1-hc\/","title":{"rendered":"CALZADO DEPORTIVO FEMENINO NIKE ZOOM GP CHALLENGE 1 HC"},"content":{"rendered":"<p><img loading=\"lazy\" decoding=\"async\" class=\"\" src=\"https:\/\/1000marcas.net\/wp-content\/uploads\/2019\/11\/Logo-Nike.jpg\" alt=\"Logo de Nike: la historia y el significado del logotipo, la marca y el  s\u00edmbolo. | png, vector\" width=\"149\" height=\"84\" \/><\/p>\n<h1>ZOOM GP CHALLENGE 1 HC<\/h1>\n<div class=\"desc_block short\">\n<p>Los calzados de tenis para mujer Nike Zoom GP Challenge 1 HC garantizan capacidad de respuesta\u00a0y\u00a0seguridad. Son perfectos tanto para jugadoras que juegan por la l\u00ednea de fondo como para aquellas que golpean r\u00e1pidamente la pelota en la red, anotando el punto decisivo. Dise\u00f1adas para\u00a0pistas duras.<\/p>\n<p><strong>Detalles:<\/strong><\/p>\n<ul>\n<li>Parte superior de malla duradera y transpirable con paneles laterales de TPU que sostienen el pie durante la torsi\u00f3n y los movimientos laterales<\/li>\n<li>Mediasuela con doble unidad Air Zoom, en el antepi\u00e9 para dar m\u00e1s impulso al primer paso y en el tal\u00f3n para amortiguar los impactos en el suelo<\/li>\n<li>Placa de pl\u00e1stico en el mediopi\u00e9 que proporciona estabilidad y mayor propulsi\u00f3n<\/li>\n<li>Suela de goma antiabrasi\u00f3n y ranuras flexibles que permiten que el zapato siga los movimientos del pie sin perder agarre con el suelo<\/li>\n<li>Dise\u00f1o en forma de U que te ayuda a ponerte el zapato y ajustarlo f\u00e1cilmente<\/li>\n<li>Cuello acolchado para mayor comodidad en el tobillo<\/li>\n<li>Taza con respaldo y base semirr\u00edgida<\/li>\n<li>Leng\u00fceta acolchada en malla transpirable y no integrada en la estructura<\/li>\n<li>Puntera reforzada con una capa extra de goma<\/li>\n<li>Plantilla interna moldeada y extra\u00edble<\/li>\n<li>Color: White\/Black<\/li>\n<li>Modelo: \u00a0FB3148-101<\/li>\n<\/ul>\n<\/div>\n<div class=\"desc_block noshow\"><\/div>\n<div class=\"desc_block noshow\">\n<p><strong>Air Zoom<br \/>\n<\/strong>La unidad Nike Air Zoom est\u00e1 compuesta por cojinetes planos e indeformables y asegura una amortiguaci\u00f3n ligera y super-reactiva.<\/p>\n<\/div>\n","protected":false},"excerpt":{"rendered":"<p>ZOOM GP CHALLENGE 1 HC Los calzados de tenis para mujer Nike Zoom GP Challenge 1 HC garantizan capacidad de<\/p>\n","protected":false},"featured_media":76965,"comment_status":"open","ping_status":"closed","template":"","meta":{"nf_dc_page":""},"product_brand":[],"product_cat":[73],"product_tag":[],"class_list":{"0":"post-76964","1":"product","2":"type-product","3":"status-publish","4":"has-post-thumbnail","6":"product_cat-femenino","8":"first","9":"instock","10":"shipping-taxable","11":"purchasable","12":"product-type-simple"},"_links":{"self":[{"href":"https:\/\/brandss.com.py\/index\/wp-json\/wp\/v2\/product\/76964","targetHints":{"allow":["GET"]}}],"collection":[{"href":"https:\/\/brandss.com.py\/index\/wp-json\/wp\/v2\/product"}],"about":[{"href":"https:\/\/brandss.com.py\/index\/wp-json\/wp\/v2\/types\/product"}],"replies":[{"embeddable":true,"href":"https:\/\/brandss.com.py\/index\/wp-json\/wp\/v2\/comments?post=76964"}],"version-history":[{"count":1,"href":"https:\/\/brandss.com.py\/index\/wp-json\/wp\/v2\/product\/76964\/revisions"}],"predecessor-version":[{"id":76973,"href":"https:\/\/brandss.com.py\/index\/wp-json\/wp\/v2\/product\/76964\/revisions\/76973"}],"wp:featuredmedia":[{"embeddable":true,"href":"https:\/\/brandss.com.py\/index\/wp-json\/wp\/v2\/media\/76965"}],"wp:attachment":[{"href":"https:\/\/brandss.com.py\/index\/wp-json\/wp\/v2\/media?parent=76964"}],"wp:term":[{"taxonomy":"product_brand","embeddable":true,"href":"https:\/\/brandss.com.py\/index\/wp-json\/wp\/v2\/product_brand?post=76964"},{"taxonomy":"product_cat","embeddable":true,"href":"https:\/\/brandss.com.py\/index\/wp-json\/wp\/v2\/product_cat?post=76964"},{"taxonomy":"product_tag","embeddable":true,"href":"https:\/\/brandss.com.py\/index\/wp-json\/wp\/v2\/product_tag?post=76964"}],"curies":[{"name":"wp","href":"https:\/\/api.w.org\/{rel}","templated":true}]}}