{"id":76974,"date":"2025-03-20T14:43:48","date_gmt":"2025-03-20T14:43:48","guid":{"rendered":"https:\/\/brandss.com.py\/index\/?post_type=product&#038;p=76974"},"modified":"2026-02-11T10:19:45","modified_gmt":"2026-02-11T10:19:45","slug":"calzado-deportivo-masculino-nike-air-monarch-iv","status":"publish","type":"product","link":"https:\/\/brandss.com.py\/index\/producto\/calzado-deportivo-masculino-nike-air-monarch-iv\/","title":{"rendered":"CALZADO DEPORTIVO MASCULINO NIKE AIR MONARCH IV"},"content":{"rendered":"<p><img loading=\"lazy\" decoding=\"async\" class=\"\" src=\"https:\/\/1000marcas.net\/wp-content\/uploads\/2019\/11\/Logo-Nike.jpg\" alt=\"Logo de Nike: la historia y el significado del logotipo, la marca y el  s\u00edmbolo. | png, vector\" width=\"123\" height=\"69\" \/><\/p>\n<h1>AIR MONARCH IV<\/h1>\n<p>Las Nike Air Monarch IV<span>\u00a0presentan un dise\u00f1o cl\u00e1sico\u00a0hecho de cuero genuino y amortiguaci\u00f3n Nike Air liviana para brindar comodidad mientras te mueves. La suela estable evita que el pie se deslice dentro del zapato. La leng\u00fceta en el tal\u00f3n hace que sea m\u00e1s f\u00e1cil ponerlo y quitarlo.<\/span><\/p>\n<p><b><span>Parte superior:<\/span><\/b><span>\u00a0\u00a0cuero natural, material sint\u00e9tico.<\/span><\/p>\n<p><b><span>Suela exterior:<\/span><\/b><span>\u00a0\u00a0goma antideslizante que no deja marcas.<\/span><\/p>\n<p><b><span>Forro y contrafuertes del tal\u00f3n:<\/span><\/b><span>\u00a0\u00a0fabricados con materiales textiles.<\/span><\/p>\n<p><strong>Color:<\/strong> Obsidian\/Pink Foam-Obsidian-Lime Blast.<\/p>\n<p><strong>Modelo: <\/strong>FB7143-403.<\/p>\n","protected":false},"excerpt":{"rendered":"<p>AIR MONARCH IV Las Nike Air Monarch IV\u00a0presentan un dise\u00f1o cl\u00e1sico\u00a0hecho de cuero genuino y amortiguaci\u00f3n Nike Air liviana para<\/p>\n","protected":false},"featured_media":76975,"comment_status":"open","ping_status":"closed","template":"","meta":{"nf_dc_page":""},"product_brand":[],"product_cat":[76],"product_tag":[],"class_list":{"0":"post-76974","1":"product","2":"type-product","3":"status-publish","4":"has-post-thumbnail","6":"product_cat-masculino","8":"first","9":"instock","10":"shipping-taxable","11":"purchasable","12":"product-type-simple"},"_links":{"self":[{"href":"https:\/\/brandss.com.py\/index\/wp-json\/wp\/v2\/product\/76974","targetHints":{"allow":["GET"]}}],"collection":[{"href":"https:\/\/brandss.com.py\/index\/wp-json\/wp\/v2\/product"}],"about":[{"href":"https:\/\/brandss.com.py\/index\/wp-json\/wp\/v2\/types\/product"}],"replies":[{"embeddable":true,"href":"https:\/\/brandss.com.py\/index\/wp-json\/wp\/v2\/comments?post=76974"}],"version-history":[{"count":1,"href":"https:\/\/brandss.com.py\/index\/wp-json\/wp\/v2\/product\/76974\/revisions"}],"predecessor-version":[{"id":76984,"href":"https:\/\/brandss.com.py\/index\/wp-json\/wp\/v2\/product\/76974\/revisions\/76984"}],"wp:featuredmedia":[{"embeddable":true,"href":"https:\/\/brandss.com.py\/index\/wp-json\/wp\/v2\/media\/76975"}],"wp:attachment":[{"href":"https:\/\/brandss.com.py\/index\/wp-json\/wp\/v2\/media?parent=76974"}],"wp:term":[{"taxonomy":"product_brand","embeddable":true,"href":"https:\/\/brandss.com.py\/index\/wp-json\/wp\/v2\/product_brand?post=76974"},{"taxonomy":"product_cat","embeddable":true,"href":"https:\/\/brandss.com.py\/index\/wp-json\/wp\/v2\/product_cat?post=76974"},{"taxonomy":"product_tag","embeddable":true,"href":"https:\/\/brandss.com.py\/index\/wp-json\/wp\/v2\/product_tag?post=76974"}],"curies":[{"name":"wp","href":"https:\/\/api.w.org\/{rel}","templated":true}]}}