{"id":76985,"date":"2025-03-20T16:29:34","date_gmt":"2025-03-20T16:29:34","guid":{"rendered":"https:\/\/brandss.com.py\/index\/?post_type=product&#038;p=76985"},"modified":"2025-08-02T11:37:42","modified_gmt":"2025-08-02T11:37:42","slug":"calzado-deportivo-masculino-nike-air-trainer-1-2","status":"publish","type":"product","link":"https:\/\/brandss.com.py\/index\/producto\/calzado-deportivo-masculino-nike-air-trainer-1-2\/","title":{"rendered":"CALZADO DEPORTIVO MASCULINO NIKE AIR TRAINER 1"},"content":{"rendered":"<p><img loading=\"lazy\" decoding=\"async\" class=\"\" src=\"https:\/\/1000marcas.net\/wp-content\/uploads\/2019\/11\/Logo-Nike.jpg\" alt=\"Logo de Nike: la historia y el significado del logotipo, la marca y el  s\u00edmbolo. | png, vector\" width=\"112\" height=\"63\" \/><\/p>\n<h1>AIR TRAINER 1<\/h1>\n<p>Los calzados de entrenamiento originales del 87 te permiten cruzar la ciudad entera sin perderte. Los detalles, como la correa del antepi\u00e9, a\u00f1aden un toque retro, la piel combina con mucho gusto y, por si no fuera poco, la amortiguaci\u00f3n Air mantiene la comodidad cuando pasas mucho tiempo fuera de casa. Amortiguaci\u00f3n Air, originalmente dise\u00f1ada para el deporte de alto rendimiento, para ofrecer una comodidad duradera. Suela exterior de goma para mayor tracci\u00f3n y durabilidad. Cinta del antepi\u00e9 que te permite personalizar el ajuste y zona del cuello de perfil medio para a\u00f1adir sujeci\u00f3n. Entonces, \u00bfad\u00f3nde llevar\u00e1s tus calzados?<\/p>\n<p><span>Regresa al 87 con las Nike Air Trainer 1. Esta vers\u00e1til combinaci\u00f3n de colores del modelo cl\u00e1sico luce una construcci\u00f3n de cuero abatanado de primera calidad. Caracter\u00edsticas originales como la correa del antepi\u00e9 y el bordado Nike Air hacen un gui\u00f1o a las ra\u00edces de la silueta.<\/span><\/p>\n<p>&nbsp;<\/p>\n<ul>\n<li><span>Parte superior de cuero.<\/span><\/li>\n<li><span>Superposiciones de Swoosh.<\/span><\/li>\n<li><span>Correa para el antepi\u00e9.<\/span><\/li>\n<li><span>Perforaciones para transpirabilidad.<\/span><\/li>\n<li><span>Sistema de cordones tradicional.<\/span><\/li>\n<li><span>Cuello de tobillo acolchado.<\/span><\/li>\n<li><span>Marca Nike Air en el tal\u00f3n.<\/span><\/li>\n<li><span>Entresuela de espuma para mayor soporte.<\/span><\/li>\n<li><span>Amortiguaci\u00f3n de aire.<\/span><\/li>\n<li><span>Suela de goma.<\/span><\/li>\n<li>Color: Blanco\/ Negro.<\/li>\n<li>Modelo: FB8066-100.<\/li>\n<\/ul>\n","protected":false},"excerpt":{"rendered":"<p>AIR TRAINER 1 Los calzados de entrenamiento originales del 87 te permiten cruzar la ciudad entera sin perderte. Los detalles,<\/p>\n","protected":false},"featured_media":76986,"comment_status":"open","ping_status":"closed","template":"","meta":{"nf_dc_page":""},"product_brand":[],"product_cat":[76],"product_tag":[],"class_list":{"0":"post-76985","1":"product","2":"type-product","3":"status-publish","4":"has-post-thumbnail","6":"product_cat-masculino","8":"first","9":"instock","10":"shipping-taxable","11":"purchasable","12":"product-type-simple"},"_links":{"self":[{"href":"https:\/\/brandss.com.py\/index\/wp-json\/wp\/v2\/product\/76985","targetHints":{"allow":["GET"]}}],"collection":[{"href":"https:\/\/brandss.com.py\/index\/wp-json\/wp\/v2\/product"}],"about":[{"href":"https:\/\/brandss.com.py\/index\/wp-json\/wp\/v2\/types\/product"}],"replies":[{"embeddable":true,"href":"https:\/\/brandss.com.py\/index\/wp-json\/wp\/v2\/comments?post=76985"}],"version-history":[{"count":1,"href":"https:\/\/brandss.com.py\/index\/wp-json\/wp\/v2\/product\/76985\/revisions"}],"predecessor-version":[{"id":76995,"href":"https:\/\/brandss.com.py\/index\/wp-json\/wp\/v2\/product\/76985\/revisions\/76995"}],"wp:featuredmedia":[{"embeddable":true,"href":"https:\/\/brandss.com.py\/index\/wp-json\/wp\/v2\/media\/76986"}],"wp:attachment":[{"href":"https:\/\/brandss.com.py\/index\/wp-json\/wp\/v2\/media?parent=76985"}],"wp:term":[{"taxonomy":"product_brand","embeddable":true,"href":"https:\/\/brandss.com.py\/index\/wp-json\/wp\/v2\/product_brand?post=76985"},{"taxonomy":"product_cat","embeddable":true,"href":"https:\/\/brandss.com.py\/index\/wp-json\/wp\/v2\/product_cat?post=76985"},{"taxonomy":"product_tag","embeddable":true,"href":"https:\/\/brandss.com.py\/index\/wp-json\/wp\/v2\/product_tag?post=76985"}],"curies":[{"name":"wp","href":"https:\/\/api.w.org\/{rel}","templated":true}]}}