{"id":77008,"date":"2025-03-20T17:30:32","date_gmt":"2025-03-20T17:30:32","guid":{"rendered":"https:\/\/brandss.com.py\/index\/?post_type=product&#038;p=77008"},"modified":"2025-03-20T17:32:57","modified_gmt":"2025-03-20T17:32:57","slug":"calzado-casual-femenino-nike-waflle-debut","status":"publish","type":"product","link":"https:\/\/brandss.com.py\/index\/producto\/calzado-casual-femenino-nike-waflle-debut\/","title":{"rendered":"CALZADO CASUAL FEMENINO NIKE WAFLLE DEBUT"},"content":{"rendered":"<p><img decoding=\"async\" src=\"https:\/\/encrypted-tbn0.gstatic.com\/images?q=tbn:ANd9GcSwxWjbiOX8rYuq720FgrIefCPVC-y-gHSUYg&amp;s\" alt=\"Logo Nike PNG transparente - StickPNG\" \/><\/p>\n<div class=\"flex max-w-full flex-col flex-grow\">\n<div class=\"min-h-8 text-message relative flex w-full flex-col items-end gap-2 whitespace-normal break-words text-start [.text-message+&amp;]:mt-5\" dir=\"auto\" data-message-author-role=\"assistant\" data-message-id=\"3dd0f71d-9225-47a5-a972-942a37e86592\" data-message-model-slug=\"gpt-4o\">\n<div class=\"flex w-full flex-col gap-1 empty:hidden first:pt-[3px]\">\n<div class=\"markdown prose w-full break-words dark:prose-invert light\">\n<p data-start=\"0\" data-end=\"280\"><span>Los <\/span><strong data-start=\"4\" data-end=\"25\"><span>Nike Waffle Debut<\/span><\/strong><span> para mujer fusionan lo mejor del dise\u00f1o retro con un toque moderno y sofisticado. Inspirados en los inicios de Nike, estos tenis combinan materiales cl\u00e1sicos con una est\u00e9tica renovada, perfecta para quienes buscan estilo y comodidad en un solo calzado.<\/span><\/p>\n<h3 data-start=\"282\" data-end=\"319\"><strong data-start=\"286\" data-end=\"317\"><span>Caracter\u00edsticas destacadas:<\/span><\/strong><\/h3>\n<ul data-start=\"320\" data-end=\"946\">\n<li data-start=\"320\" data-end=\"500\"><strong data-start=\"322\" data-end=\"361\"><span>Dise\u00f1o vintage con un giro moderno:<\/span><\/strong><span> La combinaci\u00f3n de gamuza y nylon evoca una era cl\u00e1sica, mientras que la entresuela en forma de cu\u00f1a ofrece un toque de altura adicional.<\/span><\/li>\n<li data-start=\"501\" data-end=\"608\"><strong data-start=\"503\" data-end=\"526\"><span>Comodidad superior:<\/span><\/strong><span> Amortiguaci\u00f3n ligera que brinda una pisada suave y estable durante todo el d\u00eda.<\/span><\/li>\n<li data-start=\"609\" data-end=\"715\"><strong data-start=\"611\" data-end=\"641\"><span>Suela tipo waffle ic\u00f3nica:<\/span><\/strong><span> Proporciona tracci\u00f3n y durabilidad, manteniendo el ADN cl\u00e1sico de Nike.<\/span><\/li>\n<li data-start=\"716\" data-end=\"834\"><strong data-start=\"718\" data-end=\"746\"><span>Colores complementarios:<\/span><\/strong><span> La combinaci\u00f3n de tonos negro, naranja y blanco le da un estilo vers\u00e1til y atractivo.<\/span><\/li>\n<li data-start=\"835\" data-end=\"946\"><strong data-start=\"837\" data-end=\"864\"><span>Fabricaci\u00f3n de calidad:<\/span><\/strong><span> Elaborados en Indonesia y Vietnam con materiales resistentes y de alta calidad.<\/span><\/li>\n<\/ul>\n<p data-start=\"948\" data-end=\"1152\" data-is-last-node=\"\" data-is-only-node=\"\"><span>Los <\/span><strong data-start=\"952\" data-end=\"973\"><span>Nike Waffle Debut<\/span><\/strong><span> son la opci\u00f3n ideal para quienes aman el estilo retro sin sacrificar la innovaci\u00f3n. Perfectos para el d\u00eda a d\u00eda, estos tenis son una adici\u00f3n imprescindible a cualquier colecci\u00f3n.<\/span><\/p>\n<\/div>\n<\/div>\n<\/div>\n<\/div>\n","protected":false},"excerpt":{"rendered":"<p>Los Nike Waffle Debut para mujer fusionan lo mejor del dise\u00f1o retro con un toque moderno y sofisticado. Inspirados en<\/p>\n","protected":false},"featured_media":77016,"comment_status":"open","ping_status":"closed","template":"","meta":{"nf_dc_page":""},"product_brand":[],"product_cat":[73],"product_tag":[],"class_list":{"0":"post-77008","1":"product","2":"type-product","3":"status-publish","4":"has-post-thumbnail","6":"product_cat-femenino","8":"first","9":"instock","10":"shipping-taxable","11":"purchasable","12":"product-type-simple"},"_links":{"self":[{"href":"https:\/\/brandss.com.py\/index\/wp-json\/wp\/v2\/product\/77008","targetHints":{"allow":["GET"]}}],"collection":[{"href":"https:\/\/brandss.com.py\/index\/wp-json\/wp\/v2\/product"}],"about":[{"href":"https:\/\/brandss.com.py\/index\/wp-json\/wp\/v2\/types\/product"}],"replies":[{"embeddable":true,"href":"https:\/\/brandss.com.py\/index\/wp-json\/wp\/v2\/comments?post=77008"}],"version-history":[{"count":1,"href":"https:\/\/brandss.com.py\/index\/wp-json\/wp\/v2\/product\/77008\/revisions"}],"predecessor-version":[{"id":77017,"href":"https:\/\/brandss.com.py\/index\/wp-json\/wp\/v2\/product\/77008\/revisions\/77017"}],"wp:featuredmedia":[{"embeddable":true,"href":"https:\/\/brandss.com.py\/index\/wp-json\/wp\/v2\/media\/77016"}],"wp:attachment":[{"href":"https:\/\/brandss.com.py\/index\/wp-json\/wp\/v2\/media?parent=77008"}],"wp:term":[{"taxonomy":"product_brand","embeddable":true,"href":"https:\/\/brandss.com.py\/index\/wp-json\/wp\/v2\/product_brand?post=77008"},{"taxonomy":"product_cat","embeddable":true,"href":"https:\/\/brandss.com.py\/index\/wp-json\/wp\/v2\/product_cat?post=77008"},{"taxonomy":"product_tag","embeddable":true,"href":"https:\/\/brandss.com.py\/index\/wp-json\/wp\/v2\/product_tag?post=77008"}],"curies":[{"name":"wp","href":"https:\/\/api.w.org\/{rel}","templated":true}]}}