{"id":77018,"date":"2025-03-20T17:45:31","date_gmt":"2025-03-20T17:45:31","guid":{"rendered":"https:\/\/brandss.com.py\/index\/?post_type=product&#038;p=77018"},"modified":"2025-10-11T13:00:51","modified_gmt":"2025-10-11T13:00:51","slug":"calzado-deportivo-masculino-nike-react-hyperset","status":"publish","type":"product","link":"https:\/\/brandss.com.py\/index\/producto\/calzado-deportivo-masculino-nike-react-hyperset\/","title":{"rendered":"CALZADO DEPORTIVO MASCULINO NIKE REACT HYPERSET"},"content":{"rendered":"<p><img decoding=\"async\" src=\"https:\/\/encrypted-tbn0.gstatic.com\/images?q=tbn:ANd9GcSwxWjbiOX8rYuq720FgrIefCPVC-y-gHSUYg&amp;s\" alt=\"Logo Nike PNG transparente - StickPNG\" \/><\/p>\n<div class=\"flex max-w-full flex-col flex-grow\">\n<div class=\"min-h-8 text-message relative flex w-full flex-col items-end gap-2 whitespace-normal break-words text-start [.text-message+&amp;]:mt-5\" dir=\"auto\" data-message-author-role=\"assistant\" data-message-id=\"3dd0f71d-9225-47a5-a972-942a37e86592\" data-message-model-slug=\"gpt-4o\">\n<div class=\"flex w-full flex-col gap-1 empty:hidden first:pt-[3px]\">\n<div class=\"markdown prose w-full break-words dark:prose-invert light\">\n<div>\n<p><span>Las zapatillas de voleibol Nike React Hyperset &#8211; Le M DJ4473-170 son la opci\u00f3n perfecta para quienes buscan el m\u00e1ximo rendimiento en la cancha. Gracias a su dise\u00f1o bajo y moderno, estas zapatillas blancas no solo lucen geniales, sino que tambi\u00e9n ofrecen comodidad y soporte durante partidos intensos.<\/span><\/p>\n<p><span>La parte superior est\u00e1 fabricada con materiales sint\u00e9ticos de alta calidad, lo que garantiza durabilidad y ligereza, fundamentales en deportes din\u00e1micos como el voleibol. El interior de la zapatilla est\u00e1 forrado con material textil, lo que aumenta la comodidad durante todo el d\u00eda. Adem\u00e1s, la suela antideslizante proporciona un excelente agarre en cualquier superficie de la cancha, lo que permite movimientos m\u00e1s seguros y mejores saltos.<\/span><\/p>\n<p><span>Los zapatos con cordones se ajustan perfectamente al pie, lo cual es crucial para la estabilidad durante los movimientos r\u00e1pidos. Sus colores universales, incluyendo detalles dorados, permiten que estos zapatos combinen con diversos atuendos deportivos. El logotipo del fabricante les aporta car\u00e1cter, destacando la alta calidad de la marca Nike.<\/span><\/p>\n<p><span>Aunque no son aislantes, su dise\u00f1o sofisticado las hace ideales para diversas condiciones. Vienen en su caja original y las zapatillas de voleibol Nike React Hyperset &#8211; Le M DJ4473-170 no solo son una excelente opci\u00f3n para cualquier jugador de voleibol, sino tambi\u00e9n una gran incorporaci\u00f3n a tu armario deportivo. \u00a1Elige calidad y estilo, y enriquece tus entrenamientos y partidos con este modelo \u00fanico!<\/span><\/p>\n<\/div>\n<p data-start=\"948\" data-end=\"1152\" data-is-last-node=\"\" data-is-only-node=\"\">\n<\/div>\n<\/div>\n<\/div>\n<\/div>\n","protected":false},"excerpt":{"rendered":"<p>Las zapatillas de voleibol Nike React Hyperset &#8211; Le M DJ4473-170 son la opci\u00f3n perfecta para quienes buscan el m\u00e1ximo<\/p>\n","protected":false},"featured_media":77019,"comment_status":"open","ping_status":"closed","template":"","meta":{"nf_dc_page":""},"product_brand":[],"product_cat":[76],"product_tag":[],"class_list":{"0":"post-77018","1":"product","2":"type-product","3":"status-publish","4":"has-post-thumbnail","6":"product_cat-masculino","8":"first","9":"outofstock","10":"shipping-taxable","11":"purchasable","12":"product-type-simple"},"_links":{"self":[{"href":"https:\/\/brandss.com.py\/index\/wp-json\/wp\/v2\/product\/77018","targetHints":{"allow":["GET"]}}],"collection":[{"href":"https:\/\/brandss.com.py\/index\/wp-json\/wp\/v2\/product"}],"about":[{"href":"https:\/\/brandss.com.py\/index\/wp-json\/wp\/v2\/types\/product"}],"replies":[{"embeddable":true,"href":"https:\/\/brandss.com.py\/index\/wp-json\/wp\/v2\/comments?post=77018"}],"version-history":[{"count":1,"href":"https:\/\/brandss.com.py\/index\/wp-json\/wp\/v2\/product\/77018\/revisions"}],"predecessor-version":[{"id":77022,"href":"https:\/\/brandss.com.py\/index\/wp-json\/wp\/v2\/product\/77018\/revisions\/77022"}],"wp:featuredmedia":[{"embeddable":true,"href":"https:\/\/brandss.com.py\/index\/wp-json\/wp\/v2\/media\/77019"}],"wp:attachment":[{"href":"https:\/\/brandss.com.py\/index\/wp-json\/wp\/v2\/media?parent=77018"}],"wp:term":[{"taxonomy":"product_brand","embeddable":true,"href":"https:\/\/brandss.com.py\/index\/wp-json\/wp\/v2\/product_brand?post=77018"},{"taxonomy":"product_cat","embeddable":true,"href":"https:\/\/brandss.com.py\/index\/wp-json\/wp\/v2\/product_cat?post=77018"},{"taxonomy":"product_tag","embeddable":true,"href":"https:\/\/brandss.com.py\/index\/wp-json\/wp\/v2\/product_tag?post=77018"}],"curies":[{"name":"wp","href":"https:\/\/api.w.org\/{rel}","templated":true}]}}