{"id":77023,"date":"2025-03-20T17:56:30","date_gmt":"2025-03-20T17:56:30","guid":{"rendered":"https:\/\/brandss.com.py\/index\/?post_type=product&#038;p=77023"},"modified":"2026-01-26T11:44:15","modified_gmt":"2026-01-26T11:44:15","slug":"calzado-deportivo-masculino-nike-romaleos-4-levantamiento-de-pesas","status":"publish","type":"product","link":"https:\/\/brandss.com.py\/index\/producto\/calzado-deportivo-masculino-nike-romaleos-4-levantamiento-de-pesas\/","title":{"rendered":"CALZADO DEPORTIVO MASCULINO NIKE ROMALEOS 4 LEVANTAMIENTO DE PESAS"},"content":{"rendered":"<p><img decoding=\"async\" src=\"https:\/\/encrypted-tbn0.gstatic.com\/images?q=tbn:ANd9GcSwxWjbiOX8rYuq720FgrIefCPVC-y-gHSUYg&amp;s\" alt=\"Logo Nike PNG transparente - StickPNG\" \/><\/p>\n<p>&nbsp;<\/p>\n<p>El Nike Romaleos 4 SE es una versi\u00f3n actualizada de los legendarios levantadores de pesas Nike Romaleos 2.<br \/>\nLos levantadores de pesas Romaleos 4 SE son adecuados para levantamiento de pesas, levantamiento de pesas, crossfit, levantamiento de pesas rusas y otros deportes de fuerza.<\/p>\n<p>Fijaci\u00f3n segura:<br \/>\nLa parte superior del Romaleos 4 SE est\u00e1 hecha de materiales duraderos para mayor estabilidad.<br \/>\nLos cierres con cordones y las correas dobles multidireccionales mantienen los pies seguros durante los entrenamientos m\u00e1s intensos.<\/p>\n<p>Despegue explosivo:<br \/>\nLa suela r\u00edgida permite una transferencia de potencia \u00f3ptima desde el suelo para soportar movimientos explosivos.<\/p>\n<p>Gui\u00f3n poderoso:<br \/>\nLa suela exterior r\u00edgida con elevaci\u00f3n del tal\u00f3n proporciona la plataforma m\u00e1s estable del mercado y una transferencia de energ\u00eda \u00f3ptima.<\/p>\n<p>Plataforma robusta:<br \/>\nEl tal\u00f3n ancho crea una base estable para escaladas intensas, mientras que la suela de goma proporciona una tracci\u00f3n duradera para satisfacer las demandas de tu deporte.<\/p>\n<p>Bloqueo total:<br \/>\nLas correas anchas y ajustables ajustan el ajuste c\u00f3modamente para mantener el pie contenido y los cordones fuera del camino.<\/p>\n<p>&nbsp;<\/p>\n","protected":false},"excerpt":{"rendered":"<p>&nbsp; El Nike Romaleos 4 SE es una versi\u00f3n actualizada de los legendarios levantadores de pesas Nike Romaleos 2. Los<\/p>\n","protected":false},"featured_media":77026,"comment_status":"open","ping_status":"closed","template":"","meta":{"nf_dc_page":""},"product_brand":[],"product_cat":[76],"product_tag":[],"class_list":{"0":"post-77023","1":"product","2":"type-product","3":"status-publish","4":"has-post-thumbnail","6":"product_cat-masculino","8":"first","9":"outofstock","10":"shipping-taxable","11":"purchasable","12":"product-type-simple"},"_links":{"self":[{"href":"https:\/\/brandss.com.py\/index\/wp-json\/wp\/v2\/product\/77023","targetHints":{"allow":["GET"]}}],"collection":[{"href":"https:\/\/brandss.com.py\/index\/wp-json\/wp\/v2\/product"}],"about":[{"href":"https:\/\/brandss.com.py\/index\/wp-json\/wp\/v2\/types\/product"}],"replies":[{"embeddable":true,"href":"https:\/\/brandss.com.py\/index\/wp-json\/wp\/v2\/comments?post=77023"}],"version-history":[{"count":1,"href":"https:\/\/brandss.com.py\/index\/wp-json\/wp\/v2\/product\/77023\/revisions"}],"predecessor-version":[{"id":77027,"href":"https:\/\/brandss.com.py\/index\/wp-json\/wp\/v2\/product\/77023\/revisions\/77027"}],"wp:featuredmedia":[{"embeddable":true,"href":"https:\/\/brandss.com.py\/index\/wp-json\/wp\/v2\/media\/77026"}],"wp:attachment":[{"href":"https:\/\/brandss.com.py\/index\/wp-json\/wp\/v2\/media?parent=77023"}],"wp:term":[{"taxonomy":"product_brand","embeddable":true,"href":"https:\/\/brandss.com.py\/index\/wp-json\/wp\/v2\/product_brand?post=77023"},{"taxonomy":"product_cat","embeddable":true,"href":"https:\/\/brandss.com.py\/index\/wp-json\/wp\/v2\/product_cat?post=77023"},{"taxonomy":"product_tag","embeddable":true,"href":"https:\/\/brandss.com.py\/index\/wp-json\/wp\/v2\/product_tag?post=77023"}],"curies":[{"name":"wp","href":"https:\/\/api.w.org\/{rel}","templated":true}]}}