{"id":77028,"date":"2025-03-20T18:02:20","date_gmt":"2025-03-20T18:02:20","guid":{"rendered":"https:\/\/brandss.com.py\/index\/?post_type=product&#038;p=77028"},"modified":"2025-06-03T10:33:30","modified_gmt":"2025-06-03T10:33:30","slug":"calzado-deportivo-masculino-nike-air-max-pulse","status":"publish","type":"product","link":"https:\/\/brandss.com.py\/index\/producto\/calzado-deportivo-masculino-nike-air-max-pulse\/","title":{"rendered":"CALZADO DEPORTIVO MASCULINO NIKE AIR MAX PULSE"},"content":{"rendered":"<p><img loading=\"lazy\" decoding=\"async\" class=\"\" src=\"https:\/\/1000marcas.net\/wp-content\/uploads\/2019\/11\/Logo-Nike.jpg\" alt=\"Logo de Nike: la historia y el significado del logotipo, la marca y el s\u00edmbolo. | png, vector\" width=\"117\" height=\"66\" \/><\/p>\n<h1>AIR MAX PULSE<\/h1>\n<p class=\"nds-text pb4-sm css-qtj9g7 e1yhcai00 appearance-body1 color-primary weight-regular\" data-testid=\"product-description\">Combinando un toque urbano con un toque resistente, las Air Max Pulse aportan un toque underground a la ic\u00f3nica l\u00ednea Air Max. Su entresuela revestida en tela y sus detalles sellados al vac\u00edo realzan su imagen urbana, mientras que los colores inspirados en la escena musical grime le dan un toque r\u00fastico. La amortiguaci\u00f3n Nike Air de punta, renovada a partir de las incre\u00edblemente suaves Air Max 270, ofrece la comodidad que siempre has deseado, ya sea para hacer recados o para ir de fiesta.<\/p>\n<div data-testid=\"benefit-section\">\n<h4 class=\"nds-text pb2-sm css-1m2rxfq e1yhcai00 appearance-title4 color-primary weight-regular\" data-testid=\"benefit-header\">Sensaci\u00f3n irreal<\/h4>\n<p class=\"nds-text pb4-sm css-ris3xr e1yhcai00 appearance-body2 color-primary weight-regular\" data-testid=\"single-benefit-text\">Un sistema de amortiguaci\u00f3n de carga puntual cuenta con un clip de pl\u00e1stico que distribuye el peso a puntos espec\u00edficos de la unidad Air. Esto se traduce en una experiencia superior con un rebote excepcional.<\/p>\n<h4 class=\"nds-text pb2-sm css-1m2rxfq e1yhcai00 appearance-title4 color-primary weight-regular\" data-testid=\"benefit-header\">Esto no es una zapatilla de deporte<\/h4>\n<p class=\"nds-text pb4-sm css-ris3xr e1yhcai00 appearance-body2 color-primary weight-regular\" data-testid=\"single-benefit-text\">Puede que parezcan tus zapatillas de deporte m\u00e1s c\u00f3modas, pero su dise\u00f1o es puro estilo de vida. P\u00f3ntelas con tu mejor atuendo y sal a la calle.<\/p>\n<\/div>\n<div data-testid=\"benefit-section\">\n<h4 class=\"nds-text pb2-sm css-1m2rxfq e1yhcai00 appearance-title4 color-primary weight-regular\" data-testid=\"benefit-header\">Or\u00edgenes de las Nike Air Max<\/h4>\n<p class=\"nds-text pb4-sm css-ris3xr e1yhcai00 appearance-body2 color-primary weight-regular\" data-testid=\"single-benefit-text\">La revolucionaria tecnolog\u00eda Air se incorpor\u00f3 al calzado Nike en 1978. Las Air Max 1 debutaron con tecnolog\u00eda Air visible en el tal\u00f3n, ofreciendo a los aficionados m\u00e1s que solo la sensaci\u00f3n de la amortiguaci\u00f3n Air: de repente, pod\u00edan verla. Desde entonces, las zapatillas Air Max de nueva generaci\u00f3n se han convertido en un \u00e9xito entre atletas y coleccionistas gracias a sus llamativas combinaciones de colores y una amortiguaci\u00f3n fiable y ligera.<\/p>\n<\/div>\n<div data-testid=\"benefit-section\"><\/div>\n<div data-testid=\"benefit-section\">\n<h4 class=\"nds-text pb2-sm css-1m2rxfq e1yhcai00 appearance-title4 color-primary weight-regular\" data-testid=\"benefit-header\">Detalles del producto<\/h4>\n<ul class=\"ncss-list-ul pb4-sm\" data-testid=\"benefit-list\">\n<li class=\"nds-text ncss-li css-xlkxpi e1yhcai00 appearance-body1 color-primary weight-regular\">Parte superior textil<\/li>\n<li class=\"nds-text ncss-li css-xlkxpi e1yhcai00 appearance-body1 color-primary weight-regular\">Superposiciones de cuero y sint\u00e9ticos<\/li>\n<li class=\"nds-text ncss-li css-xlkxpi e1yhcai00 appearance-body1 color-primary weight-regular\">Entresuela de espuma<\/li>\n<li class=\"nds-text ncss-li css-xlkxpi e1yhcai00 appearance-body1 color-primary weight-regular\">Se muestra: Oliva neutro\/Oliva medio\/Oliva neutro\/Negro<\/li>\n<li class=\"nds-text ncss-li css-xlkxpi e1yhcai00 appearance-body1 color-primary weight-regular\">Modelo: FJ2589-200<\/li>\n<li class=\"nds-text ncss-li css-xlkxpi e1yhcai00 appearance-body1 color-primary weight-regular\">Pa\u00eds\/Regi\u00f3n de origen: Vietnam<\/li>\n<\/ul>\n<\/div>\n","protected":false},"excerpt":{"rendered":"<p>AIR MAX PULSE Combinando un toque urbano con un toque resistente, las Air Max Pulse aportan un toque underground a<\/p>\n","protected":false},"featured_media":77029,"comment_status":"open","ping_status":"closed","template":"","meta":{"nf_dc_page":""},"product_brand":[],"product_cat":[76],"product_tag":[],"class_list":{"0":"post-77028","1":"product","2":"type-product","3":"status-publish","4":"has-post-thumbnail","6":"product_cat-masculino","8":"first","9":"instock","10":"shipping-taxable","11":"purchasable","12":"product-type-simple"},"_links":{"self":[{"href":"https:\/\/brandss.com.py\/index\/wp-json\/wp\/v2\/product\/77028","targetHints":{"allow":["GET"]}}],"collection":[{"href":"https:\/\/brandss.com.py\/index\/wp-json\/wp\/v2\/product"}],"about":[{"href":"https:\/\/brandss.com.py\/index\/wp-json\/wp\/v2\/types\/product"}],"replies":[{"embeddable":true,"href":"https:\/\/brandss.com.py\/index\/wp-json\/wp\/v2\/comments?post=77028"}],"version-history":[{"count":2,"href":"https:\/\/brandss.com.py\/index\/wp-json\/wp\/v2\/product\/77028\/revisions"}],"predecessor-version":[{"id":77040,"href":"https:\/\/brandss.com.py\/index\/wp-json\/wp\/v2\/product\/77028\/revisions\/77040"}],"wp:featuredmedia":[{"embeddable":true,"href":"https:\/\/brandss.com.py\/index\/wp-json\/wp\/v2\/media\/77029"}],"wp:attachment":[{"href":"https:\/\/brandss.com.py\/index\/wp-json\/wp\/v2\/media?parent=77028"}],"wp:term":[{"taxonomy":"product_brand","embeddable":true,"href":"https:\/\/brandss.com.py\/index\/wp-json\/wp\/v2\/product_brand?post=77028"},{"taxonomy":"product_cat","embeddable":true,"href":"https:\/\/brandss.com.py\/index\/wp-json\/wp\/v2\/product_cat?post=77028"},{"taxonomy":"product_tag","embeddable":true,"href":"https:\/\/brandss.com.py\/index\/wp-json\/wp\/v2\/product_tag?post=77028"}],"curies":[{"name":"wp","href":"https:\/\/api.w.org\/{rel}","templated":true}]}}