{"id":77049,"date":"2025-03-20T18:35:49","date_gmt":"2025-03-20T18:35:49","guid":{"rendered":"https:\/\/brandss.com.py\/index\/?post_type=product&#038;p=77049"},"modified":"2025-07-07T18:02:18","modified_gmt":"2025-07-07T18:02:18","slug":"calzado-casual-femenino-nike-air-jordan-1-mid","status":"publish","type":"product","link":"https:\/\/brandss.com.py\/index\/producto\/calzado-casual-femenino-nike-air-jordan-1-mid\/","title":{"rendered":"CALZADO CASUAL FEMENINO NIKE AIR JORDAN 1 MID"},"content":{"rendered":"<p><img loading=\"lazy\" decoding=\"async\" class=\"\" src=\"https:\/\/1000marcas.net\/wp-content\/uploads\/2019\/11\/Logo-Nike.jpg\" alt=\"Logo de Nike: la historia y el significado del logotipo, la marca y el  s\u00edmbolo. | png, vector\" width=\"123\" height=\"69\" \/><\/p>\n<h1>AIR JORDAN 1 MID<\/h1>\n<p>Las Nike Air Jordan 1 High debutaron en 1985 como los primeros calzados exclusivos de Michael Jordan, allanando el camino para una carrera exitosa e ic\u00f3nica. Dise\u00f1adas por Peter Moore, las Jordan 1 presentan un dise\u00f1o inspirado en las Nike Dunk, adornado con el Swoosh de Nike y el logotipo de Jordan Wings. Tras el lanzamiento de las segundas Air Jordan 1 High retro en la d\u00e9cada de 2000, tambi\u00e9n se lanzaron las Jordan 1 Mid. Con la variante Mid, Jordan buscaba consolidarse en el segmento de estilo de vida, ya que no estaban tan optimizadas para el rendimiento como las cl\u00e1sicas High.<\/p>\n<p>Las Air Jordan 1 Mid ofrecen un estilo integral en la cancha y una comodidad excepcional para un look legendario. El elemento Air-Sole proporciona amortiguaci\u00f3n en cancha dura y el cuello acolchado garantiza una sensaci\u00f3n de sujeci\u00f3n.<\/p>\n<p>Color: Gris humo\/ Negro crudo-Vela<\/p>\n<p>Modelo: FJ3448-001<\/p>\n","protected":false},"excerpt":{"rendered":"<p>AIR JORDAN 1 MID Las Nike Air Jordan 1 High debutaron en 1985 como los primeros calzados exclusivos de Michael<\/p>\n","protected":false},"featured_media":77062,"comment_status":"open","ping_status":"closed","template":"","meta":{"nf_dc_page":""},"product_brand":[],"product_cat":[73],"product_tag":[],"class_list":{"0":"post-77049","1":"product","2":"type-product","3":"status-publish","4":"has-post-thumbnail","6":"product_cat-femenino","8":"first","9":"outofstock","10":"shipping-taxable","11":"purchasable","12":"product-type-simple"},"_links":{"self":[{"href":"https:\/\/brandss.com.py\/index\/wp-json\/wp\/v2\/product\/77049","targetHints":{"allow":["GET"]}}],"collection":[{"href":"https:\/\/brandss.com.py\/index\/wp-json\/wp\/v2\/product"}],"about":[{"href":"https:\/\/brandss.com.py\/index\/wp-json\/wp\/v2\/types\/product"}],"replies":[{"embeddable":true,"href":"https:\/\/brandss.com.py\/index\/wp-json\/wp\/v2\/comments?post=77049"}],"version-history":[{"count":1,"href":"https:\/\/brandss.com.py\/index\/wp-json\/wp\/v2\/product\/77049\/revisions"}],"predecessor-version":[{"id":77073,"href":"https:\/\/brandss.com.py\/index\/wp-json\/wp\/v2\/product\/77049\/revisions\/77073"}],"wp:featuredmedia":[{"embeddable":true,"href":"https:\/\/brandss.com.py\/index\/wp-json\/wp\/v2\/media\/77062"}],"wp:attachment":[{"href":"https:\/\/brandss.com.py\/index\/wp-json\/wp\/v2\/media?parent=77049"}],"wp:term":[{"taxonomy":"product_brand","embeddable":true,"href":"https:\/\/brandss.com.py\/index\/wp-json\/wp\/v2\/product_brand?post=77049"},{"taxonomy":"product_cat","embeddable":true,"href":"https:\/\/brandss.com.py\/index\/wp-json\/wp\/v2\/product_cat?post=77049"},{"taxonomy":"product_tag","embeddable":true,"href":"https:\/\/brandss.com.py\/index\/wp-json\/wp\/v2\/product_tag?post=77049"}],"curies":[{"name":"wp","href":"https:\/\/api.w.org\/{rel}","templated":true}]}}