{"id":77089,"date":"2025-03-20T18:59:11","date_gmt":"2025-03-20T18:59:11","guid":{"rendered":"https:\/\/brandss.com.py\/index\/?post_type=product&#038;p=77089"},"modified":"2025-07-07T18:02:06","modified_gmt":"2025-07-07T18:02:06","slug":"calzado-casual-femenino-air-jordan-1-low-se","status":"publish","type":"product","link":"https:\/\/brandss.com.py\/index\/producto\/calzado-casual-femenino-air-jordan-1-low-se\/","title":{"rendered":"CALZADO CASUAL FEMENINO AIR JORDAN 1 LOW SE"},"content":{"rendered":"<p><img loading=\"lazy\" decoding=\"async\" class=\"\" src=\"https:\/\/1000marcas.net\/wp-content\/uploads\/2019\/11\/Logo-Nike.jpg\" alt=\"Logo de Nike: la historia y el significado del logotipo, la marca y el  s\u00edmbolo. | png, vector\" width=\"171\" height=\"96\" \/><\/p>\n<h1>AIR JORDAN 1 LOW SE<\/h1>\n<p>Inspiradas en las originales de 1985, las Air Jordan 1 Low te ofrecen un look cl\u00e1sico y limpio, familiar y fresco a la vez. Con un dise\u00f1o ic\u00f3nico que complementa a la perfecci\u00f3n cualquier estilo, estas zapatillas garantizan una comodidad \u00f3ptima.<\/p>\n<p>De ca\u00f1a baja, pero nunca de perfil bajo. Esta edici\u00f3n especial AJ1 Low re\u00fane texturas ricas y neutros c\u00e1lidos para una apariencia que puede llevar o complementar tu ajuste m\u00e1s fresco.<\/p>\n<p>El cuero y la gamuza en la parte superior te brindan una construcci\u00f3n de calidad.<br \/>\nNike La tecnolog\u00eda Air absorbe el impacto para brindar amortiguaci\u00f3n en cada paso.<br \/>\nLa goma en la suela exterior te brinda tracci\u00f3n diaria.<\/p>\n<p><b>M\u00e1s detalles<\/b><\/p>\n<ul>\n<li>Logotipo de alas en el tal\u00f3n.<\/li>\n<li>Logotipo Swoosh cosido.<\/li>\n<li>Jumpman en la lengua.<\/li>\n<li>Color: Legend Md Brown\/Legend Coffee-sail.<\/li>\n<li>Modelo: FJ3453-200.<\/li>\n<\/ul>\n","protected":false},"excerpt":{"rendered":"<p>AIR JORDAN 1 LOW SE Inspiradas en las originales de 1985, las Air Jordan 1 Low te ofrecen un look<\/p>\n","protected":false},"featured_media":77099,"comment_status":"open","ping_status":"closed","template":"","meta":{"nf_dc_page":""},"product_brand":[],"product_cat":[73],"product_tag":[],"class_list":{"0":"post-77089","1":"product","2":"type-product","3":"status-publish","4":"has-post-thumbnail","6":"product_cat-femenino","8":"first","9":"outofstock","10":"shipping-taxable","11":"purchasable","12":"product-type-simple"},"_links":{"self":[{"href":"https:\/\/brandss.com.py\/index\/wp-json\/wp\/v2\/product\/77089","targetHints":{"allow":["GET"]}}],"collection":[{"href":"https:\/\/brandss.com.py\/index\/wp-json\/wp\/v2\/product"}],"about":[{"href":"https:\/\/brandss.com.py\/index\/wp-json\/wp\/v2\/types\/product"}],"replies":[{"embeddable":true,"href":"https:\/\/brandss.com.py\/index\/wp-json\/wp\/v2\/comments?post=77089"}],"version-history":[{"count":1,"href":"https:\/\/brandss.com.py\/index\/wp-json\/wp\/v2\/product\/77089\/revisions"}],"predecessor-version":[{"id":77107,"href":"https:\/\/brandss.com.py\/index\/wp-json\/wp\/v2\/product\/77089\/revisions\/77107"}],"wp:featuredmedia":[{"embeddable":true,"href":"https:\/\/brandss.com.py\/index\/wp-json\/wp\/v2\/media\/77099"}],"wp:attachment":[{"href":"https:\/\/brandss.com.py\/index\/wp-json\/wp\/v2\/media?parent=77089"}],"wp:term":[{"taxonomy":"product_brand","embeddable":true,"href":"https:\/\/brandss.com.py\/index\/wp-json\/wp\/v2\/product_brand?post=77089"},{"taxonomy":"product_cat","embeddable":true,"href":"https:\/\/brandss.com.py\/index\/wp-json\/wp\/v2\/product_cat?post=77089"},{"taxonomy":"product_tag","embeddable":true,"href":"https:\/\/brandss.com.py\/index\/wp-json\/wp\/v2\/product_tag?post=77089"}],"curies":[{"name":"wp","href":"https:\/\/api.w.org\/{rel}","templated":true}]}}