{"id":77110,"date":"2025-03-21T11:15:39","date_gmt":"2025-03-21T11:15:39","guid":{"rendered":"https:\/\/brandss.com.py\/index\/?post_type=product&#038;p=77110"},"modified":"2025-03-21T11:16:18","modified_gmt":"2025-03-21T11:16:18","slug":"calzado-deportivo-masculino-nike-air-max-tw","status":"publish","type":"product","link":"https:\/\/brandss.com.py\/index\/producto\/calzado-deportivo-masculino-nike-air-max-tw\/","title":{"rendered":"CALZADO DEPORTIVO MASCULINO NIKE AIR MAX TW"},"content":{"rendered":"<p><img loading=\"lazy\" decoding=\"async\" class=\"\" src=\"https:\/\/1000marcas.net\/wp-content\/uploads\/2019\/11\/Logo-Nike.jpg\" alt=\"Logo de Nike: la historia y el significado del logotipo, la marca y el  s\u00edmbolo. | png, vector\" width=\"132\" height=\"74\" \/><\/p>\n<h1>AIR MAX TW<\/h1>\n<p class=\"nds-text pb4-sm css-qtj9g7 e1yhcai00 appearance-body1 color-primary weight-regular\" data-testid=\"product-description\"><span>Inspirado en la franquicia de zapatillas que introdujo la amortiguaci\u00f3n Nike Air al mundo, el atractivo dise\u00f1o de las Nike Air Max TW combina comodidad y estilo. Su parte superior ligera combina l\u00edneas angulares con vibrantes toques de color, mientras que las ventanas en la entresuela le dan un toque moderno a la amortiguaci\u00f3n Air.<\/span><\/p>\n<div data-testid=\"benefit-section\"><\/div>\n<div data-testid=\"benefit-section\">\n<h4 class=\"nds-text pb2-sm css-1m2rxfq e1yhcai00 appearance-title4 color-primary weight-regular\" data-testid=\"benefit-header\"><span>Beneficios<\/span><\/h4>\n<ul class=\"ncss-list-ul pb4-sm\" data-testid=\"benefit-list\">\n<li class=\"nds-text ncss-li css-xlkxpi e1yhcai00 appearance-body1 color-primary weight-regular\"><span>Las ventanas de aire en la entresuela se combinan con l\u00edneas de dise\u00f1o angulares en la parte superior para lograr un estilo retro de los a\u00f1os 90.<\/span><\/li>\n<li class=\"nds-text ncss-li css-xlkxpi e1yhcai00 appearance-body1 color-primary weight-regular\"><span>La parte superior dise\u00f1ada y transpirable agrega un aspecto moderno que tambi\u00e9n es duradero.<\/span><\/li>\n<li class=\"nds-text ncss-li css-xlkxpi e1yhcai00 appearance-body1 color-primary weight-regular\"><span>Dise\u00f1ado originalmente para carreras de alto rendimiento, la amortiguaci\u00f3n Max Air brinda comodidad comprobada en el tiempo.<\/span><\/li>\n<\/ul>\n<\/div>\n<div data-testid=\"benefit-section\"><\/div>\n<div data-testid=\"benefit-section\">\n<h4 class=\"nds-text pb2-sm css-1m2rxfq e1yhcai00 appearance-title4 color-primary weight-regular\" data-testid=\"benefit-header\"><span>Detalles del producto<\/span><\/h4>\n<ul class=\"ncss-list-ul pb4-sm\" data-testid=\"benefit-list\">\n<li class=\"nds-text ncss-li css-xlkxpi e1yhcai00 appearance-body1 color-primary weight-regular\"><span>Detalles reflectantes<\/span><\/li>\n<li class=\"nds-text ncss-li css-xlkxpi e1yhcai00 appearance-body1 color-primary weight-regular\"><span>No est\u00e1 dise\u00f1ado para usarse como equipo de protecci\u00f3n personal (EPP)<\/span><\/li>\n<li class=\"nds-text ncss-li css-xlkxpi e1yhcai00 appearance-body1 color-primary weight-regular\"><span>Se muestra: blanco\/negro\/mandar\u00edn brillante<\/span><\/li>\n<li class=\"nds-text ncss-li css-xlkxpi e1yhcai00 appearance-body1 color-primary weight-regular\"><span>Estilo: FJ4005-100<\/span><\/li>\n<\/ul>\n<\/div>\n","protected":false},"excerpt":{"rendered":"<p>AIR MAX TW Inspirado en la franquicia de zapatillas que introdujo la amortiguaci\u00f3n Nike Air al mundo, el atractivo dise\u00f1o<\/p>\n","protected":false},"featured_media":77111,"comment_status":"open","ping_status":"closed","template":"","meta":{"nf_dc_page":""},"product_brand":[],"product_cat":[76],"product_tag":[],"class_list":{"0":"post-77110","1":"product","2":"type-product","3":"status-publish","4":"has-post-thumbnail","6":"product_cat-masculino","8":"first","9":"instock","10":"shipping-taxable","11":"purchasable","12":"product-type-simple"},"_links":{"self":[{"href":"https:\/\/brandss.com.py\/index\/wp-json\/wp\/v2\/product\/77110","targetHints":{"allow":["GET"]}}],"collection":[{"href":"https:\/\/brandss.com.py\/index\/wp-json\/wp\/v2\/product"}],"about":[{"href":"https:\/\/brandss.com.py\/index\/wp-json\/wp\/v2\/types\/product"}],"replies":[{"embeddable":true,"href":"https:\/\/brandss.com.py\/index\/wp-json\/wp\/v2\/comments?post=77110"}],"version-history":[{"count":1,"href":"https:\/\/brandss.com.py\/index\/wp-json\/wp\/v2\/product\/77110\/revisions"}],"predecessor-version":[{"id":77122,"href":"https:\/\/brandss.com.py\/index\/wp-json\/wp\/v2\/product\/77110\/revisions\/77122"}],"wp:featuredmedia":[{"embeddable":true,"href":"https:\/\/brandss.com.py\/index\/wp-json\/wp\/v2\/media\/77111"}],"wp:attachment":[{"href":"https:\/\/brandss.com.py\/index\/wp-json\/wp\/v2\/media?parent=77110"}],"wp:term":[{"taxonomy":"product_brand","embeddable":true,"href":"https:\/\/brandss.com.py\/index\/wp-json\/wp\/v2\/product_brand?post=77110"},{"taxonomy":"product_cat","embeddable":true,"href":"https:\/\/brandss.com.py\/index\/wp-json\/wp\/v2\/product_cat?post=77110"},{"taxonomy":"product_tag","embeddable":true,"href":"https:\/\/brandss.com.py\/index\/wp-json\/wp\/v2\/product_tag?post=77110"}],"curies":[{"name":"wp","href":"https:\/\/api.w.org\/{rel}","templated":true}]}}