{"id":77123,"date":"2025-03-21T12:18:52","date_gmt":"2025-03-21T12:18:52","guid":{"rendered":"https:\/\/brandss.com.py\/index\/?post_type=product&#038;p=77123"},"modified":"2025-10-16T19:15:50","modified_gmt":"2025-10-16T19:15:50","slug":"calzado-casual-masculino-nike-dunk-low-retro-se","status":"publish","type":"product","link":"https:\/\/brandss.com.py\/index\/producto\/calzado-casual-masculino-nike-dunk-low-retro-se\/","title":{"rendered":"CALZADO CASUAL MASCULINO NIKE DUNK LOW RETRO SE"},"content":{"rendered":"<p><img loading=\"lazy\" decoding=\"async\" class=\"\" src=\"https:\/\/1000marcas.net\/wp-content\/uploads\/2019\/11\/Logo-Nike.jpg\" alt=\"Logo de Nike: la historia y el significado del logotipo, la marca y el  s\u00edmbolo. | png, vector\" width=\"139\" height=\"78\" \/><\/p>\n<h1>DUNK LOW RETRO SE<\/h1>\n<p class=\"nds-text pb4-sm css-qtj9g7 e1yhcai00 appearance-body1 color-primary weight-regular\" data-testid=\"product-description\"><span>El \u00edcono del baloncesto de los 80 regresa con colores cl\u00e1sicos, cuero impecable y un estilo retro. Llevando el estilo vintage a la calle, su cuello acolchado te permite jugar a cualquier parte con comodidad.<\/span><\/p>\n<div data-testid=\"benefit-section\">\n<h4 class=\"nds-text pb2-sm css-1m2rxfq e1yhcai00 appearance-title4 color-primary weight-regular\" data-testid=\"benefit-header\">Nike Dunk<\/h4>\n<p class=\"nds-text pb4-sm css-ris3xr e1yhcai00 appearance-body2 color-primary weight-regular\" data-testid=\"single-benefit-text\">Nacidas de una serie de fusiones, modificaciones y plazos ajustados, las Nike Dunk llegaron a las canchas de baloncesto universitario durante la temporada 85-86. Si bien los dise\u00f1os originales de College Colors te ayudaban a mantenerte fiel a tu universidad, las Dunk no llegaron a ser populares. Pero fue la falta de popularidad de estas humildes zapatillas \u2014y sus suelas planas y con buen agarre\u2014 lo que las impuls\u00f3 a conquistar a los skaters. D\u00e9cadas despu\u00e9s, este favorito del d\u00eda a d\u00eda sigue disponible en innumerables combinaciones de colores, lo que demuestra que su influencia es innegable.<\/p>\n<\/div>\n<div data-testid=\"benefit-section\">\n<h4 class=\"nds-text pb2-sm css-1m2rxfq e1yhcai00 appearance-title4 color-primary weight-regular\" data-testid=\"benefit-header\"><span>Beneficios<\/span><\/h4>\n<ul class=\"ncss-list-ul pb4-sm\" data-testid=\"benefit-list\">\n<li class=\"nds-text ncss-li css-xlkxpi e1yhcai00 appearance-body1 color-primary weight-regular\"><span>La parte superior de cuero se suaviza y adquiere un car\u00e1cter vintage con el uso.<\/span><\/li>\n<li class=\"nds-text ncss-li css-xlkxpi e1yhcai00 appearance-body1 color-primary weight-regular\"><span>La entresuela de espuma ofrece una amortiguaci\u00f3n ligera y sensible.<\/span><\/li>\n<li class=\"nds-text ncss-li css-xlkxpi e1yhcai00 appearance-body1 color-primary weight-regular\"><span>La suela de goma con c\u00edrculo pivotante de aros cl\u00e1sicos agrega durabilidad y tracci\u00f3n.<\/span><\/li>\n<\/ul>\n<\/div>\n<div data-testid=\"benefit-section\"><\/div>\n<div data-testid=\"benefit-section\">\n<h4 class=\"nds-text pb2-sm css-1m2rxfq e1yhcai00 appearance-title4 color-primary weight-regular\" data-testid=\"benefit-header\"><span>Detalles del producto<\/span><\/h4>\n<ul class=\"ncss-list-ul pb4-sm\" data-testid=\"benefit-list\">\n<li class=\"nds-text ncss-li css-xlkxpi e1yhcai00 appearance-body1 color-primary weight-regular\"><span>Logotipo Swoosh de gamuza.<\/span><\/li>\n<li class=\"nds-text ncss-li css-xlkxpi e1yhcai00 appearance-body1 color-primary weight-regular\"><span>Se muestra: Phantom\/Light Bone\/Summit White\/Khaki.<\/span><\/li>\n<li class=\"nds-text ncss-li css-xlkxpi e1yhcai00 appearance-body1 color-primary weight-regular\"><span>Estilo: FJ4188-001.<\/span><\/li>\n<li class=\"nds-text ncss-li css-xlkxpi e1yhcai00 appearance-body1 color-primary weight-regular\"><span>Pa\u00eds\/Regi\u00f3n de origen: Vietnam.<\/span><\/li>\n<\/ul>\n<\/div>\n","protected":false},"excerpt":{"rendered":"<p>DUNK LOW RETRO SE El \u00edcono del baloncesto de los 80 regresa con colores cl\u00e1sicos, cuero impecable y un estilo<\/p>\n","protected":false},"featured_media":77124,"comment_status":"open","ping_status":"closed","template":"","meta":{"nf_dc_page":""},"product_brand":[],"product_cat":[76],"product_tag":[],"class_list":{"0":"post-77123","1":"product","2":"type-product","3":"status-publish","4":"has-post-thumbnail","6":"product_cat-masculino","8":"first","9":"instock","10":"shipping-taxable","11":"purchasable","12":"product-type-simple"},"_links":{"self":[{"href":"https:\/\/brandss.com.py\/index\/wp-json\/wp\/v2\/product\/77123","targetHints":{"allow":["GET"]}}],"collection":[{"href":"https:\/\/brandss.com.py\/index\/wp-json\/wp\/v2\/product"}],"about":[{"href":"https:\/\/brandss.com.py\/index\/wp-json\/wp\/v2\/types\/product"}],"replies":[{"embeddable":true,"href":"https:\/\/brandss.com.py\/index\/wp-json\/wp\/v2\/comments?post=77123"}],"version-history":[{"count":1,"href":"https:\/\/brandss.com.py\/index\/wp-json\/wp\/v2\/product\/77123\/revisions"}],"predecessor-version":[{"id":77134,"href":"https:\/\/brandss.com.py\/index\/wp-json\/wp\/v2\/product\/77123\/revisions\/77134"}],"wp:featuredmedia":[{"embeddable":true,"href":"https:\/\/brandss.com.py\/index\/wp-json\/wp\/v2\/media\/77124"}],"wp:attachment":[{"href":"https:\/\/brandss.com.py\/index\/wp-json\/wp\/v2\/media?parent=77123"}],"wp:term":[{"taxonomy":"product_brand","embeddable":true,"href":"https:\/\/brandss.com.py\/index\/wp-json\/wp\/v2\/product_brand?post=77123"},{"taxonomy":"product_cat","embeddable":true,"href":"https:\/\/brandss.com.py\/index\/wp-json\/wp\/v2\/product_cat?post=77123"},{"taxonomy":"product_tag","embeddable":true,"href":"https:\/\/brandss.com.py\/index\/wp-json\/wp\/v2\/product_tag?post=77123"}],"curies":[{"name":"wp","href":"https:\/\/api.w.org\/{rel}","templated":true}]}}