{"id":77135,"date":"2025-03-21T14:11:49","date_gmt":"2025-03-21T14:11:49","guid":{"rendered":"https:\/\/brandss.com.py\/index\/?post_type=product&#038;p=77135"},"modified":"2025-03-21T14:12:34","modified_gmt":"2025-03-21T14:12:34","slug":"calzado-deportivo-masculino-nike-waffle-debut","status":"publish","type":"product","link":"https:\/\/brandss.com.py\/index\/producto\/calzado-deportivo-masculino-nike-waffle-debut\/","title":{"rendered":"CALZADO DEPORTIVO MASCULINO NIKE WAFFLE DEBUT"},"content":{"rendered":"<p><img loading=\"lazy\" decoding=\"async\" class=\"\" src=\"https:\/\/1000marcas.net\/wp-content\/uploads\/2019\/11\/Logo-Nike.jpg\" alt=\"Logo de Nike: la historia y el significado del logotipo, la marca y el  s\u00edmbolo. | png, vector\" width=\"181\" height=\"102\" \/><\/p>\n<h1>WAFFLE DEBUT<\/h1>\n<p data-orginal-font-size=\"16\" data-orginal-letter-spacing=\"0\" data-orginal-line-height=\"20\" data-sk-trans-index=\"735\"><span>Lo retro se moderniza con las Nike Waffle Debut. \u00bfRecuerdas la tendencia del ante suave y el nailon? Ha vuelto, junto con la entresuela de cu\u00f1a modernizada, incre\u00edblemente suave. Y por si fuera poco, hemos conservado el cl\u00e1sico en la suela: la infalible suela Waffle, que a\u00f1ade tracci\u00f3n, durabilidad y un estilo cl\u00e1sico a tus pasos.<\/span><\/p>\n<p data-orginal-font-size=\"16\" data-orginal-letter-spacing=\"0\" data-orginal-line-height=\"20\" data-sk-trans-index=\"736\"><strong>Caracter\u00edsticas:<\/strong><\/p>\n<ul>\n<li data-orginal-font-size=\"16\" data-orginal-letter-spacing=\"0\" data-orginal-line-height=\"20\" data-sk-trans-index=\"737\"><span>Los logotipos Swoosh envuelven el tal\u00f3n para formar una leng\u00fceta para tirar, lo que agrega una est\u00e9tica pensada para facilitar su colocaci\u00f3n y extracci\u00f3n.<\/span><\/li>\n<li data-orginal-font-size=\"16\" data-orginal-letter-spacing=\"0\" data-orginal-line-height=\"20\" data-sk-trans-index=\"738\"><span>Las superposiciones de gamuza suave evocan los materiales utilizados en los zapatos deportivos Nike Blue Ribbon anteriores, mientras que las capas inferiores textiles agregan durabilidad con un acabado n\u00edtido.<\/span><\/li>\n<li data-orginal-font-size=\"16\" data-orginal-letter-spacing=\"0\" data-orginal-line-height=\"20\" data-sk-trans-index=\"739\"><span>El cuello bajo y acolchado luce elegante y se siente muy bien.<\/span><\/li>\n<li data-orginal-font-size=\"16\" data-orginal-letter-spacing=\"0\" data-orginal-line-height=\"20\" data-sk-trans-index=\"740\"><span>Lengua de espuma expuesta.<\/span><\/li>\n<li data-orginal-font-size=\"16\" data-orginal-letter-spacing=\"0\" data-orginal-line-height=\"20\" data-sk-trans-index=\"741\"><span>Perforaciones en el tal\u00f3n.<\/span><\/li>\n<li data-orginal-font-size=\"16\" data-orginal-letter-spacing=\"0\" data-orginal-line-height=\"20\" data-sk-trans-index=\"742\"><span>Cordones tradicionales.<\/span><\/li>\n<li data-orginal-font-size=\"16\" data-orginal-letter-spacing=\"0\" data-orginal-line-height=\"20\" data-sk-trans-index=\"742\">Color: Negro.<\/li>\n<li data-orginal-font-size=\"16\" data-orginal-letter-spacing=\"0\" data-orginal-line-height=\"20\" data-sk-trans-index=\"742\">Modelo: FJ4195-001.<\/li>\n<\/ul>\n","protected":false},"excerpt":{"rendered":"<p>WAFFLE DEBUT Lo retro se moderniza con las Nike Waffle Debut. \u00bfRecuerdas la tendencia del ante suave y el nailon?<\/p>\n","protected":false},"featured_media":77136,"comment_status":"open","ping_status":"closed","template":"","meta":{"nf_dc_page":""},"product_brand":[],"product_cat":[76],"product_tag":[],"class_list":{"0":"post-77135","1":"product","2":"type-product","3":"status-publish","4":"has-post-thumbnail","6":"product_cat-masculino","8":"first","9":"instock","10":"shipping-taxable","11":"purchasable","12":"product-type-simple"},"_links":{"self":[{"href":"https:\/\/brandss.com.py\/index\/wp-json\/wp\/v2\/product\/77135","targetHints":{"allow":["GET"]}}],"collection":[{"href":"https:\/\/brandss.com.py\/index\/wp-json\/wp\/v2\/product"}],"about":[{"href":"https:\/\/brandss.com.py\/index\/wp-json\/wp\/v2\/types\/product"}],"replies":[{"embeddable":true,"href":"https:\/\/brandss.com.py\/index\/wp-json\/wp\/v2\/comments?post=77135"}],"version-history":[{"count":1,"href":"https:\/\/brandss.com.py\/index\/wp-json\/wp\/v2\/product\/77135\/revisions"}],"predecessor-version":[{"id":77144,"href":"https:\/\/brandss.com.py\/index\/wp-json\/wp\/v2\/product\/77135\/revisions\/77144"}],"wp:featuredmedia":[{"embeddable":true,"href":"https:\/\/brandss.com.py\/index\/wp-json\/wp\/v2\/media\/77136"}],"wp:attachment":[{"href":"https:\/\/brandss.com.py\/index\/wp-json\/wp\/v2\/media?parent=77135"}],"wp:term":[{"taxonomy":"product_brand","embeddable":true,"href":"https:\/\/brandss.com.py\/index\/wp-json\/wp\/v2\/product_brand?post=77135"},{"taxonomy":"product_cat","embeddable":true,"href":"https:\/\/brandss.com.py\/index\/wp-json\/wp\/v2\/product_cat?post=77135"},{"taxonomy":"product_tag","embeddable":true,"href":"https:\/\/brandss.com.py\/index\/wp-json\/wp\/v2\/product_tag?post=77135"}],"curies":[{"name":"wp","href":"https:\/\/api.w.org\/{rel}","templated":true}]}}