{"id":77172,"date":"2025-03-21T16:43:17","date_gmt":"2025-03-21T16:43:17","guid":{"rendered":"https:\/\/brandss.com.py\/index\/?post_type=product&#038;p=77172"},"modified":"2025-03-21T16:43:38","modified_gmt":"2025-03-21T16:43:38","slug":"calzado-casual-masculino-air-max-dawn-sail-coconut-milk","status":"publish","type":"product","link":"https:\/\/brandss.com.py\/index\/producto\/calzado-casual-masculino-air-max-dawn-sail-coconut-milk\/","title":{"rendered":"CALZADO CASUAL MASCULINO AIR MAX DAWN&#8217; SAIL COCONUT MILK"},"content":{"rendered":"<p><img loading=\"lazy\" decoding=\"async\" class=\"\" src=\"https:\/\/1000marcas.net\/wp-content\/uploads\/2019\/11\/Nike-logo.jpg\" alt=\"Logo de Nike: la historia y el significado del logotipo, la ...\" width=\"352\" height=\"198\" \/><\/p>\n<div class=\"flex flex-1 grow basis-auto flex-col overflow-hidden\">\n<div class=\"relative h-full\">\n<div class=\"flex h-full flex-col overflow-y-auto [scrollbar-gutter:stable]\">\n<div class=\"mt-1.5 flex flex-col text-sm @thread-xl\/thread:pt-header-height md:pb-9\">\n<article class=\"group\/turn w-full text-token-text-primary focus-visible:outline-2 focus-visible:outline-offset-[-4px]\" dir=\"auto\" data-testid=\"conversation-turn-10\" data-scroll-anchor=\"true\">\n<div class=\"text-base my-auto mx-auto py-[18px] px-6\">\n<div class=\"mx-auto flex flex-1 text-base gap-4 md:gap-5 lg:gap-6 md:max-w-3xl lg:max-w-[40rem] xl:max-w-[48rem]\">\n<div class=\"group\/conversation-turn relative flex w-full min-w-0 flex-col agent-turn @xs\/thread:px-0 @sm\/thread:px-1.5 @md\/thread:px-4\">\n<div class=\"flex-col gap-1 md:gap-3\">\n<div class=\"flex max-w-full flex-col flex-grow\">\n<div class=\"min-h-8 text-message relative flex w-full flex-col items-end gap-2 whitespace-normal break-words text-start [.text-message+&amp;]:mt-5\" dir=\"auto\" data-message-author-role=\"assistant\" data-message-id=\"17a33c36-fab0-47d2-abc1-52056eb0ae42\" data-message-model-slug=\"gpt-4o\">\n<div class=\"flex w-full flex-col gap-1 empty:hidden first:pt-[3px]\">\n<div class=\"markdown prose w-full break-words dark:prose-invert light\">\n<h3 data-start=\"0\" data-end=\"72\"><strong data-start=\"4\" data-end=\"70\"><span>Nike Air Max Dawn Masculino \u2013 Comodidad y Estilo Retro Moderno<\/span><\/strong><\/h3>\n<p data-start=\"107\" data-end=\"439\"><span>Los <\/span><strong data-start=\"111\" data-end=\"132\"><span>Nike Air Max Dawn<\/span><\/strong><span> son una combinaci\u00f3n perfecta de dise\u00f1o cl\u00e1sico y tecnolog\u00eda moderna, inspirados en el legado de la l\u00ednea <\/span><strong data-start=\"238\" data-end=\"249\"><span>Air Max<\/span><\/strong><span> pero con un toque minimalista y contempor\u00e1neo. Este modelo en tonos <\/span><strong data-start=\"318\" data-end=\"341\"><span>Sail y Coconut Milk<\/span><\/strong><span> ofrece un look limpio y vers\u00e1til, ideal para quienes buscan comodidad sin sacrificar el estilo.<\/span><\/p>\n<hr data-start=\"441\" data-end=\"444\" \/>\n<h2 data-start=\"446\" data-end=\"474\"><strong data-start=\"449\" data-end=\"472\"><span>Dise\u00f1o y materiales<\/span><\/strong><\/h2>\n<p data-start=\"475\" data-end=\"756\"><span>Con un dise\u00f1o retro que rinde homenaje a las primeras generaciones de Air Max, estos tenis cuentan con una parte superior fabricada en una combinaci\u00f3n de <\/span><strong data-start=\"629\" data-end=\"654\"><span>materiales reciclados<\/span><\/strong><span> , como malla transpirable y detalles en gamuza sint\u00e9tica, lo que los hace una opci\u00f3n m\u00e1s sostenible.<\/span><\/p>\n<p data-start=\"758\" data-end=\"938\"><span>El color <\/span><strong data-start=\"767\" data-end=\"821\"><span>Sail (blanco cremoso) y Coconut Milk (beige suave)<\/span><\/strong><span> aporta un estilo c\u00f3modo y neutro, f\u00e1cil de combinar con diferentes outfits, desde deportivos hasta casuales.<\/span><\/p>\n<p data-start=\"940\" data-end=\"1100\"><span>Los detalles en el <\/span><strong data-start=\"959\" data-end=\"977\"><span>Swoosh de Nike<\/span><\/strong><span> y los acabados minimalistas elevan el dise\u00f1o, ofreciendo una est\u00e9tica moderna sin perder la esencia cl\u00e1sica del Air Max.<\/span><\/p>\n<hr data-start=\"1102\" data-end=\"1105\" \/>\n<h2 data-start=\"1107\" data-end=\"1139\"><strong data-start=\"1110\" data-end=\"1137\"><span>Amortiguaci\u00f3n y confort<\/span><\/strong><\/h2>\n<p data-start=\"1140\" data-end=\"1464\"><span>\u2714 <\/span><strong data-start=\"1142\" data-end=\"1180\"><span>Unidad Air Max visible en el tal\u00f3n<\/span><\/strong><span> : Brinda una amortiguaci\u00f3n ligera y c\u00f3moda para el uso diario. <\/span><br data-start=\"1242\" data-end=\"1245\" \/><span>\u2714 <\/span><strong data-start=\"1247\" data-end=\"1280\"><span>Espuma suave en la entresuela<\/span><\/strong><span> : Absorbe impactos y proporciona una sensaci\u00f3n de comodidad en cada pisada. <\/span><br data-start=\"1355\" data-end=\"1358\" \/><span>\u2714 <\/span><strong data-start=\"1360\" data-end=\"1383\"><span>Plantilla acolchada<\/span><\/strong><span> : Aumenta la sensaci\u00f3n de confort, ideal para largas caminatas o un d\u00eda activo.<\/span><\/p>\n<hr data-start=\"1466\" data-end=\"1469\" \/>\n<h2 data-start=\"1471\" data-end=\"1496\"><strong data-start=\"1474\" data-end=\"1494\"><span>Suela y Tracci\u00f3n<\/span><\/strong><\/h2>\n<p data-start=\"1497\" data-end=\"1753\"><span>La suela de goma con patr\u00f3n adherente garantiza <\/span><strong data-start=\"1545\" data-end=\"1577\"><span>mayor tracci\u00f3n y estabilidad<\/span><\/strong><span> en diferentes superficies, permitiendo un caminar seguro y c\u00f3modo. Su dise\u00f1o est\u00e1 inspirado en los cl\u00e1sicos Air Max de los a\u00f1os 90, pero con un enfoque m\u00e1s moderno y ligero.<\/span><\/p>\n<hr data-start=\"1755\" data-end=\"1758\" \/>\n<h2 data-start=\"1760\" data-end=\"1794\"><strong data-start=\"1763\" data-end=\"1792\"><span>Versatilidad y uso diario<\/span><\/strong><\/h2>\n<p data-start=\"1795\" data-end=\"2064\"><span>Los <\/span><strong data-start=\"1799\" data-end=\"1820\"><span>Nike Air Max Dawn<\/span><\/strong><span> en <\/span><strong data-start=\"1824\" data-end=\"1845\"><span>Sail\/Coconut Milk<\/span><\/strong><span> son una excelente elecci\u00f3n para quienes buscan unos tenis c\u00f3modos, resistentes y con un dise\u00f1o atemporal. Perfectos para el <\/span><strong data-start=\"1970\" data-end=\"1984\"><span>uso diario<\/span><\/strong><span> , desde paseos casuales hasta looks urbanos con un toque deportivo y elegante.<\/span><\/p>\n<p data-start=\"2066\" data-end=\"2183\" data-is-last-node=\"\" data-is-only-node=\"\"><span>Si quieres combinar comodidad, estilo y un dise\u00f1o inspirado en la herencia de Nike, estos tenis son una opci\u00f3n ideal.<\/span><\/p>\n<\/div>\n<\/div>\n<\/div>\n<\/div>\n<\/div>\n<\/div>\n<\/div>\n<\/div>\n<\/article>\n<\/div>\n<\/div>\n<\/div>\n<\/div>\n<p>&nbsp;<\/p>\n","protected":false},"excerpt":{"rendered":"<p>Nike Air Max Dawn Masculino \u2013 Comodidad y Estilo Retro Moderno Los Nike Air Max Dawn son una combinaci\u00f3n perfecta<\/p>\n","protected":false},"featured_media":77173,"comment_status":"open","ping_status":"closed","template":"","meta":{"nf_dc_page":""},"product_brand":[],"product_cat":[76],"product_tag":[],"class_list":{"0":"post-77172","1":"product","2":"type-product","3":"status-publish","4":"has-post-thumbnail","6":"product_cat-masculino","8":"first","9":"instock","10":"shipping-taxable","11":"purchasable","12":"product-type-simple"},"_links":{"self":[{"href":"https:\/\/brandss.com.py\/index\/wp-json\/wp\/v2\/product\/77172","targetHints":{"allow":["GET"]}}],"collection":[{"href":"https:\/\/brandss.com.py\/index\/wp-json\/wp\/v2\/product"}],"about":[{"href":"https:\/\/brandss.com.py\/index\/wp-json\/wp\/v2\/types\/product"}],"replies":[{"embeddable":true,"href":"https:\/\/brandss.com.py\/index\/wp-json\/wp\/v2\/comments?post=77172"}],"version-history":[{"count":1,"href":"https:\/\/brandss.com.py\/index\/wp-json\/wp\/v2\/product\/77172\/revisions"}],"predecessor-version":[{"id":77180,"href":"https:\/\/brandss.com.py\/index\/wp-json\/wp\/v2\/product\/77172\/revisions\/77180"}],"wp:featuredmedia":[{"embeddable":true,"href":"https:\/\/brandss.com.py\/index\/wp-json\/wp\/v2\/media\/77173"}],"wp:attachment":[{"href":"https:\/\/brandss.com.py\/index\/wp-json\/wp\/v2\/media?parent=77172"}],"wp:term":[{"taxonomy":"product_brand","embeddable":true,"href":"https:\/\/brandss.com.py\/index\/wp-json\/wp\/v2\/product_brand?post=77172"},{"taxonomy":"product_cat","embeddable":true,"href":"https:\/\/brandss.com.py\/index\/wp-json\/wp\/v2\/product_cat?post=77172"},{"taxonomy":"product_tag","embeddable":true,"href":"https:\/\/brandss.com.py\/index\/wp-json\/wp\/v2\/product_tag?post=77172"}],"curies":[{"name":"wp","href":"https:\/\/api.w.org\/{rel}","templated":true}]}}