{"id":77181,"date":"2025-03-21T17:11:18","date_gmt":"2025-03-21T17:11:18","guid":{"rendered":"https:\/\/brandss.com.py\/index\/?post_type=product&#038;p=77181"},"modified":"2025-03-21T17:11:53","modified_gmt":"2025-03-21T17:11:53","slug":"calzado-infantil-nike-air-more-uptempo-alter-630","status":"publish","type":"product","link":"https:\/\/brandss.com.py\/index\/producto\/calzado-infantil-nike-air-more-uptempo-alter-630\/","title":{"rendered":"CALZADO INFANTIL NIKE AIR MORE UPTEMPO ALTER 630"},"content":{"rendered":"<p><img loading=\"lazy\" decoding=\"async\" class=\"\" src=\"https:\/\/1000marcas.net\/wp-content\/uploads\/2019\/11\/Nike-logo.jpg\" alt=\"Logo de Nike: la historia y el significado del logotipo, la ...\" width=\"313\" height=\"176\" \/><\/p>\n<div class=\"flex max-w-full flex-col flex-grow\">\n<div class=\"min-h-8 text-message relative flex w-full flex-col items-end gap-2 whitespace-normal break-words text-start [.text-message+&amp;]:mt-5\" dir=\"auto\" data-message-author-role=\"assistant\" data-message-id=\"f9ae1d9b-1e3d-4846-abb5-46cad21a6e8d\" data-message-model-slug=\"gpt-4o\">\n<div class=\"flex w-full flex-col gap-1 empty:hidden first:pt-[3px]\">\n<div class=\"markdown prose w-full break-words dark:prose-invert light\">\n<h1 data-start=\"0\" data-end=\"84\"><strong data-start=\"4\" data-end=\"82\">Nike Air More Uptempo Alter 630 \u2013 Estilo Juvenil con Amortiguaci\u00f3n Ic\u00f3nica<\/strong><\/h1>\n<p data-start=\"85\" data-end=\"150\"><strong data-start=\"85\" data-end=\"99\">Categor\u00eda:<\/strong> Juvenil <br data-start=\"107\" data-end=\"110\" \/><strong data-start=\"110\" data-end=\"121\">Modelo:<\/strong> Air More Uptempo Alter 630<\/p>\n<p data-start=\"152\" data-end=\"541\">Los <strong data-start=\"156\" data-end=\"191\">Nike Air More Uptempo Alter 630<\/strong> son una versi\u00f3n juvenil del legendario modelo Uptempo, dise\u00f1ada originalmente para el baloncesto y adoptada como un \u00edcono de la moda urbana. Su dise\u00f1o llamativo, con el caracter\u00edstico logo &#8220;AIR&#8221; en los laterales y su amortiguaci\u00f3n Air Max, los convierten en una opci\u00f3n perfecta para quienes buscan un calzado c\u00f3modo, resistente y con mucho estilo.<\/p>\n<hr data-start=\"543\" data-end=\"546\" \/>\n<h2 data-start=\"548\" data-end=\"578\"><strong data-start=\"551\" data-end=\"576\">Dise\u00f1o y estilo \u00fanico<\/strong><\/h2>\n<p data-start=\"579\" data-end=\"768\">Este modelo mantiene la esencia de los Uptempo originales, pero con un toque renovado. Su silueta robusta y los detalles llamativos en los laterales lo hacen destacar en cualquier outfit.<\/p>\n<p data-start=\"770\" data-end=\"1007\">La parte superior est\u00e1 confeccionada con <strong data-start=\"811\" data-end=\"851\">piel premium y materiales sint\u00e9ticos<\/strong> , proporcionando durabilidad y un ajuste firme. Su dise\u00f1o envolvente brinda soporte y estabilidad, ideal para el uso diario o para actividades deportivas.<\/p>\n<hr data-start=\"1009\" data-end=\"1012\" \/>\n<h2 data-start=\"1014\" data-end=\"1048\"><strong data-start=\"1017\" data-end=\"1046\">Comodidad y amortizaci\u00f3n<\/strong><\/h2>\n<p data-start=\"1049\" data-end=\"1382\">\u2714 <strong data-start=\"1051\" data-end=\"1094\">Unidad Air Max visible en toda la suela<\/strong> : Absorbe impactos y proporciona una pisada m\u00e1s c\u00f3moda y ligera. <br data-start=\"1158\" data-end=\"1161\" \/>\u2714 <strong data-start=\"1163\" data-end=\"1193\">Entresuela de espuma suave<\/strong> : Mejora el confort, reduciendo la fatiga durante largas caminatas o juegos. <br data-start=\"1269\" data-end=\"1272\" \/>\u2714 <strong data-start=\"1274\" data-end=\"1302\">Sistema de ajuste seguro<\/strong> : Los cordones y la estructura del calzado aseguran un ajuste firme y estable.<\/p>\n<hr data-start=\"1384\" data-end=\"1387\" \/>\n<h2 data-start=\"1389\" data-end=\"1414\"><strong data-start=\"1392\" data-end=\"1412\">Suela y Tracci\u00f3n<\/strong><\/h2>\n<p data-start=\"1415\" data-end=\"1630\">La suela de goma cuenta con un <strong data-start=\"1446\" data-end=\"1485\">patr\u00f3n de tracci\u00f3n multidireccional<\/strong> , proporcionando agarre y estabilidad en diversas superficies. Su dise\u00f1o duradero garantiza resistencia al desgaste, ideal para el uso juvenil.<\/p>\n<hr data-start=\"1632\" data-end=\"1635\" \/>\n<h2 data-start=\"1637\" data-end=\"1674\"><strong data-start=\"1640\" data-end=\"1672\">Versatilidad y estilo urbano<\/strong><\/h2>\n<p data-start=\"1675\" data-end=\"1969\">Los <strong data-start=\"1679\" data-end=\"1714\">Nike Air More Uptempo Alter 630<\/strong> son perfectos tanto para jugar baloncesto como para combinar con un look casual o streetwear. Su dise\u00f1o llamativo y su historia dentro de la cultura shoe los convierten en una opci\u00f3n ideal para quienes buscan un calzado ic\u00f3nico con m\u00e1xima comodidad.<\/p>\n<p data-start=\"1971\" data-end=\"2138\" data-is-last-node=\"\" data-is-only-node=\"\">Si quieres unos tenis juveniles con <strong data-start=\"2007\" data-end=\"2069\">dise\u00f1o atrevido, tecnolog\u00eda Air Max y estilo inconfundible<\/strong> , los <strong data-start=\"2075\" data-end=\"2110\">Nike Air More Uptempo Alter 630<\/strong> son una excelente elecci\u00f3n.<\/p>\n<\/div>\n<\/div>\n<\/div>\n<\/div>\n","protected":false},"excerpt":{"rendered":"<p>Nike Air More Uptempo Alter 630 \u2013 Estilo Juvenil con Amortiguaci\u00f3n Ic\u00f3nica Categor\u00eda: Juvenil Modelo: Air More Uptempo Alter 630<\/p>\n","protected":false},"featured_media":77182,"comment_status":"open","ping_status":"closed","template":"","meta":{"nf_dc_page":""},"product_brand":[],"product_cat":[75],"product_tag":[],"class_list":{"0":"post-77181","1":"product","2":"type-product","3":"status-publish","4":"has-post-thumbnail","6":"product_cat-infantil","8":"first","9":"instock","10":"shipping-taxable","11":"purchasable","12":"product-type-simple"},"_links":{"self":[{"href":"https:\/\/brandss.com.py\/index\/wp-json\/wp\/v2\/product\/77181","targetHints":{"allow":["GET"]}}],"collection":[{"href":"https:\/\/brandss.com.py\/index\/wp-json\/wp\/v2\/product"}],"about":[{"href":"https:\/\/brandss.com.py\/index\/wp-json\/wp\/v2\/types\/product"}],"replies":[{"embeddable":true,"href":"https:\/\/brandss.com.py\/index\/wp-json\/wp\/v2\/comments?post=77181"}],"version-history":[{"count":2,"href":"https:\/\/brandss.com.py\/index\/wp-json\/wp\/v2\/product\/77181\/revisions"}],"predecessor-version":[{"id":77190,"href":"https:\/\/brandss.com.py\/index\/wp-json\/wp\/v2\/product\/77181\/revisions\/77190"}],"wp:featuredmedia":[{"embeddable":true,"href":"https:\/\/brandss.com.py\/index\/wp-json\/wp\/v2\/media\/77182"}],"wp:attachment":[{"href":"https:\/\/brandss.com.py\/index\/wp-json\/wp\/v2\/media?parent=77181"}],"wp:term":[{"taxonomy":"product_brand","embeddable":true,"href":"https:\/\/brandss.com.py\/index\/wp-json\/wp\/v2\/product_brand?post=77181"},{"taxonomy":"product_cat","embeddable":true,"href":"https:\/\/brandss.com.py\/index\/wp-json\/wp\/v2\/product_cat?post=77181"},{"taxonomy":"product_tag","embeddable":true,"href":"https:\/\/brandss.com.py\/index\/wp-json\/wp\/v2\/product_tag?post=77181"}],"curies":[{"name":"wp","href":"https:\/\/api.w.org\/{rel}","templated":true}]}}