{"id":77191,"date":"2025-03-21T17:41:34","date_gmt":"2025-03-21T17:41:34","guid":{"rendered":"https:\/\/brandss.com.py\/index\/?post_type=product&#038;p=77191"},"modified":"2025-03-21T17:42:19","modified_gmt":"2025-03-21T17:42:19","slug":"columpio-para-bebe-ingenuity-inlighten-twinkle-tails-movil-plegable","status":"publish","type":"product","link":"https:\/\/brandss.com.py\/index\/producto\/columpio-para-bebe-ingenuity-inlighten-twinkle-tails-movil-plegable\/","title":{"rendered":"COLUMPIO PARA BEB\u00c9 INGENUITY INLIGHTEN TWINKLE TAILS M\u00d3VIL PLEGABLE"},"content":{"rendered":"<p><img loading=\"lazy\" decoding=\"async\" class=\"\" src=\"https:\/\/getlogovector.com\/wp-content\/uploads\/2021\/07\/ingenuity-logo-vector.png\" alt=\"Ingenuity Logo Vector - (.SVG + .PNG) - GetLogoVector.Com\" width=\"158\" height=\"88\" \/><\/p>\n<h1>INLIGHTEN TWINKLE TAILS<\/h1>\n<p><span>Dale a tu beb\u00e9 un lugar relajante para acurrucarse y balancearse con el columpio relajante Ingenuity InLighten. Este columpio motorizado para beb\u00e9s puede realizar casi tantas tareas como t\u00fa. El m\u00f3vil electr\u00f3nico con luces incluye 2 juguetes de peluche y luces deslumbrantes, adem\u00e1s de un espejo para que los beb\u00e9s puedan contemplar su reflejo. A los beb\u00e9s les encanta alcanzar y golpear el conejito de peluche y los juguetes de nube incluidos. Con 2 posiciones de reclinado, detalles delicados y telas suaves, el beb\u00e9 puede balancearse con una comodidad acogedora. El adorable coj\u00edn para beb\u00e9s con forma de conejito brinda soporte adicional a los reci\u00e9n nacidos y se puede quitar cuando el beb\u00e9 crece. El marco plegable es liviano y f\u00e1cil de transportar o mover de una habitaci\u00f3n a otra. \u00a1Usa la funci\u00f3n ConnectMe para conectar un dispositivo inteligente y reproducir m\u00fasica, videos, fotos personalizados y m\u00e1s! O calma al beb\u00e9 con 16 melod\u00edas, 3 sonidos de la naturaleza y ruido blanco. El cable USB incluido alimenta el movimiento del columpio, la m\u00fasica y las luces. Adaptador de CA de pared no incluido. Los desastres no son un problema con InLighten. Los juguetes y el armaz\u00f3n son lavables, y el coj\u00edn del asiento y el coj\u00edn del soporte se pueden lavar a m\u00e1quina para facilitar su limpieza. Este art\u00edculo imprescindible para padres es una excelente idea de regalo para baby shower.<\/span><\/p>\n<ul>\n<li><span>El columpio relajante Ingenuity InLighten gira 180\u00b0 y se balancea en 3 direcciones; dise\u00f1o unisex para ni\u00f1a o ni\u00f1o con dulces detalles de conejito.<\/span><\/li>\n<li><span>El m\u00f3vil LightBeams incluye dos peluches y proyecta un deslumbrante espect\u00e1culo de luces. El espejo en la parte inferior del m\u00f3vil fomenta el autodescubrimiento. F\u00e1cil de limpiar, con el coj\u00edn del asiento y el coj\u00edn laterales lavables a m\u00e1quina. El armaz\u00f3n y los juguetes se limpian f\u00e1cilmente.<\/span><\/li>\n<li><span>Calma a tu beb\u00e9 con 16 melod\u00edas, 3 sonidos de la naturaleza y ruido blanco; la funci\u00f3n ConnectMe se conecta a tu dispositivo inteligente y reproduce m\u00fasica, videos, fotos y m\u00e1s personalizados; incluye 3 configuraciones de temporizador: 30, 45 o 60 minutos<\/span><\/li>\n<li><span>La tecnolog\u00eda TrueSpeed \u200b\u200bmantiene 6 velocidades a medida que el beb\u00e9 crece; incluye 2 posiciones de reclinaci\u00f3n para la comodidad del beb\u00e9 y arn\u00e9s de seguridad de 5 puntos; alimentado por un cable USB para ahorrar bater\u00edas (incluido) &#8211; adaptador de pared NO incluido<\/span><\/li>\n<li><span>El marco se pliega f\u00e1cilmente para portabilidad y almacenamiento; ideal para viajes, hogares peque\u00f1os o para guardar en la casa de los abuelos; dimensiones ensambladas 40,94&#8243; (alto) x 42,13&#8243; (ancho) x 31,89&#8243; (profundidad); para edades de 0 a 9 meses o hasta 20 libras<\/span><\/li>\n<\/ul>\n<p><b><span>Detalles<\/span><\/b><\/p>\n<p><span>Modelo: 12412<\/span><br \/>\n<span>Dimensiones (pulg.): 40,94&#8243; (alto) x 42,13&#8243; (ancho) x 31,89&#8243; (largo)<\/span><br \/>\n<span>Rango de edad del usuario (meses): 0 a 9 meses<\/span><br \/>\n<span>Requiere ensamblaje: S\u00ed<\/span><br \/>\n<span>Pilas: No requeridas<\/span><br \/>\n<span>Materiales: 64 % metal, 29 % pl\u00e1stico, 7 % tela<\/span><\/p>\n<p><b><span>Instrucciones y cuidado<\/span><\/b><\/p>\n<ul>\n<li><span>Almohadilla del asiento: Ret\u00edrela del armaz\u00f3n. Abroche las hebillas del sistema de sujeci\u00f3n y la almohadilla. Fije todos los parches de velcro a su parche correspondiente. Lave a m\u00e1quina con agua fr\u00eda en ciclo delicado. No usar lej\u00eda. Secar en secadora a baja temperatura.<\/span><\/li>\n<li><span>Coj\u00edn: Lavar a m\u00e1quina con agua fr\u00eda, ciclo delicado. No usar lej\u00eda. Secar al aire libre.<\/span><\/li>\n<li><span>Barra de juguetes y juguetes: Limpiar con un pa\u00f1o h\u00famedo y jab\u00f3n suave. Secar al aire. No sumergir en agua.<\/span><\/li>\n<li><span>Marco \u2013 Limpie el marco de metal con un pa\u00f1o suave y limpio y un jab\u00f3n suave.<\/span><\/li>\n<li><span>Almacenamiento \u2013 Cuando guarde el columpio, gu\u00e1rdelo siempre en un lugar seco, lejos de fuentes de calor y fuera del sol.<\/span><\/li>\n<\/ul>\n","protected":false},"excerpt":{"rendered":"<p>INLIGHTEN TWINKLE TAILS Dale a tu beb\u00e9 un lugar relajante para acurrucarse y balancearse con el columpio relajante Ingenuity InLighten.<\/p>\n","protected":false},"featured_media":77192,"comment_status":"open","ping_status":"closed","template":"","meta":{"nf_dc_page":""},"product_brand":[],"product_cat":[75],"product_tag":[],"class_list":{"0":"post-77191","1":"product","2":"type-product","3":"status-publish","4":"has-post-thumbnail","6":"product_cat-infantil","8":"first","9":"instock","10":"shipping-taxable","11":"purchasable","12":"product-type-simple"},"_links":{"self":[{"href":"https:\/\/brandss.com.py\/index\/wp-json\/wp\/v2\/product\/77191","targetHints":{"allow":["GET"]}}],"collection":[{"href":"https:\/\/brandss.com.py\/index\/wp-json\/wp\/v2\/product"}],"about":[{"href":"https:\/\/brandss.com.py\/index\/wp-json\/wp\/v2\/types\/product"}],"replies":[{"embeddable":true,"href":"https:\/\/brandss.com.py\/index\/wp-json\/wp\/v2\/comments?post=77191"}],"version-history":[{"count":1,"href":"https:\/\/brandss.com.py\/index\/wp-json\/wp\/v2\/product\/77191\/revisions"}],"predecessor-version":[{"id":77211,"href":"https:\/\/brandss.com.py\/index\/wp-json\/wp\/v2\/product\/77191\/revisions\/77211"}],"wp:featuredmedia":[{"embeddable":true,"href":"https:\/\/brandss.com.py\/index\/wp-json\/wp\/v2\/media\/77192"}],"wp:attachment":[{"href":"https:\/\/brandss.com.py\/index\/wp-json\/wp\/v2\/media?parent=77191"}],"wp:term":[{"taxonomy":"product_brand","embeddable":true,"href":"https:\/\/brandss.com.py\/index\/wp-json\/wp\/v2\/product_brand?post=77191"},{"taxonomy":"product_cat","embeddable":true,"href":"https:\/\/brandss.com.py\/index\/wp-json\/wp\/v2\/product_cat?post=77191"},{"taxonomy":"product_tag","embeddable":true,"href":"https:\/\/brandss.com.py\/index\/wp-json\/wp\/v2\/product_tag?post=77191"}],"curies":[{"name":"wp","href":"https:\/\/api.w.org\/{rel}","templated":true}]}}