{"id":77212,"date":"2025-03-21T17:58:39","date_gmt":"2025-03-21T17:58:39","guid":{"rendered":"https:\/\/brandss.com.py\/index\/?post_type=product&#038;p=77212"},"modified":"2025-03-21T17:59:19","modified_gmt":"2025-03-21T17:59:19","slug":"calzado-casal-masculino-nike-air-max-90","status":"publish","type":"product","link":"https:\/\/brandss.com.py\/index\/producto\/calzado-casal-masculino-nike-air-max-90\/","title":{"rendered":"CALZADO CASUAL MASCULINO NIKE AIR MAX 90"},"content":{"rendered":"<p><img loading=\"lazy\" decoding=\"async\" class=\"\" src=\"https:\/\/1000marcas.net\/wp-content\/uploads\/2019\/11\/Nike-logo.jpg\" alt=\"Logo de Nike: la historia y el significado del logotipo, la ...\" width=\"359\" height=\"202\" \/><\/p>\n<div class=\"flex flex-1 grow basis-auto flex-col overflow-hidden\">\n<div class=\"relative h-full\">\n<div class=\"flex h-full flex-col overflow-y-auto [scrollbar-gutter:stable]\">\n<div class=\"mt-1.5 flex flex-col text-sm @thread-xl\/thread:pt-header-height md:pb-9\">\n<article class=\"group\/turn w-full text-token-text-primary focus-visible:outline-2 focus-visible:outline-offset-[-4px]\" dir=\"auto\" data-testid=\"conversation-turn-16\" data-scroll-anchor=\"true\">\n<div class=\"text-base my-auto mx-auto py-[18px] px-6\">\n<div class=\"mx-auto flex flex-1 text-base gap-4 md:gap-5 lg:gap-6 md:max-w-3xl lg:max-w-[40rem] xl:max-w-[48rem]\">\n<div class=\"group\/conversation-turn relative flex w-full min-w-0 flex-col agent-turn @xs\/thread:px-0 @sm\/thread:px-1.5 @md\/thread:px-4\">\n<div class=\"flex-col gap-1 md:gap-3\">\n<div class=\"flex max-w-full flex-col flex-grow\">\n<div class=\"min-h-8 text-message relative flex w-full flex-col items-end gap-2 whitespace-normal break-words text-start [.text-message+&amp;]:mt-5\" dir=\"auto\" data-message-author-role=\"assistant\" data-message-id=\"aa0d5e94-9c07-4338-af01-77f59d8fad06\" data-message-model-slug=\"gpt-4o\">\n<div class=\"flex w-full flex-col gap-1 empty:hidden first:pt-[3px]\">\n<div class=\"markdown prose w-full break-words dark:prose-invert light\">\n<h3 data-start=\"0\" data-end=\"70\"><strong data-start=\"4\" data-end=\"68\">Nike Air Max 90 \u2013 Un Cl\u00e1sico Atemporal de Comodidad y Estilo<\/strong><\/h3>\n<p data-start=\"71\" data-end=\"127\"><strong data-start=\"71\" data-end=\"85\">Categor\u00eda:<\/strong> Masculino <br data-start=\"95\" data-end=\"98\" \/><strong data-start=\"98\" data-end=\"109\">Modelo:<\/strong> Nike Air Max 90<\/p>\n<p data-start=\"129\" data-end=\"452\">Los <strong data-start=\"133\" data-end=\"152\">Nike Air Max 90<\/strong> son uno de los tenis m\u00e1s ic\u00f3nicos de la marca, reconocidos por su dise\u00f1o atemporal y su innovadora amortiguaci\u00f3n. Desde su lanzamiento en los a\u00f1os 90, este modelo ha sido una referencia en la cultura Sneaker y el estilo urbano, combinando comodidad, durabilidad y un look vers\u00e1til para el d\u00eda a d\u00eda.<\/p>\n<hr data-start=\"454\" data-end=\"457\" \/>\n<h2 data-start=\"459\" data-end=\"506\"><strong data-start=\"462\" data-end=\"504\">Dise\u00f1o Cl\u00e1sico y Materiales de Calidad<\/strong><\/h2>\n<p data-start=\"507\" data-end=\"781\">El dise\u00f1o de los <strong data-start=\"524\" data-end=\"538\">Air Max 90<\/strong> mantiene la est\u00e9tica original con l\u00edneas din\u00e1micas y una silueta robusta. Su parte superior est\u00e1 confeccionada con <strong data-start=\"654\" data-end=\"713\">una combinaci\u00f3n de cuero, malla y materiales sint\u00e9ticos<\/strong> , proporcionando resistencia, transpirabilidad y un ajuste c\u00f3modo.<\/p>\n<p data-start=\"783\" data-end=\"975\">Los detalles en la <strong data-start=\"802\" data-end=\"840\">unidad Air Max visibles en el tal\u00f3n<\/strong> y los acentos en el Swoosh de Nike le dan un toque distintivo, mientras que su estructura reforzada brinda estabilidad en cada paso.<\/p>\n<hr data-start=\"977\" data-end=\"980\" \/>\n<h2 data-start=\"982\" data-end=\"1014\"><strong data-start=\"985\" data-end=\"1012\">Amortiguaci\u00f3n y confort<\/strong><\/h2>\n<p data-start=\"1015\" data-end=\"1325\">\u2714 <strong data-start=\"1017\" data-end=\"1047\">Unidad Air Max en el tal\u00f3n<\/strong> : Proporciona una amortiguaci\u00f3n ligera y reactiva para absorber impactos. <br data-start=\"1120\" data-end=\"1123\" \/>\u2714 <strong data-start=\"1125\" data-end=\"1153\">Entresuela de espuma EVA<\/strong> : Ofrece una pisada suave y c\u00f3moda, ideal para largas caminatas o uso diario. <br data-start=\"1230\" data-end=\"1233\" \/>\u2714 <strong data-start=\"1235\" data-end=\"1258\">Plantilla acolchada<\/strong> : aumenta la sensaci\u00f3n de confort y reduce la fatiga en los pies.<\/p>\n<hr data-start=\"1327\" data-end=\"1330\" \/>\n<h2 data-start=\"1332\" data-end=\"1357\"><strong data-start=\"1335\" data-end=\"1355\">Suela y Tracci\u00f3n<\/strong><\/h2>\n<p data-start=\"1358\" data-end=\"1527\">La <strong data-start=\"1361\" data-end=\"1401\">suela de goma con patr\u00f3n tipo waffle<\/strong> brinda una excelente tracci\u00f3n y durabilidad en diferentes superficies, garantizando estabilidad y seguridad en cada pisada.<\/p>\n<p data-start=\"1529\" data-end=\"1670\">Su dise\u00f1o flexible permite una movilidad natural del pie, lo que lo hace ideal tanto para caminar como para actividades deportivas ligeras.<\/p>\n<hr data-start=\"1672\" data-end=\"1675\" \/>\n<h2 data-start=\"1677\" data-end=\"1714\"><strong data-start=\"1680\" data-end=\"1712\">Versatilidad y estilo urbano<\/strong><\/h2>\n<p data-start=\"1715\" data-end=\"1945\">Los <strong data-start=\"1719\" data-end=\"1738\">Nike Air Max 90<\/strong> son el complemento perfecto para cualquier outfit casual o deportivo. Su dise\u00f1o cl\u00e1sico pero moderno los hace f\u00e1ciles de combinar con jeans, joggers o ropa deportiva, aportando siempre un toque de estilo.<\/p>\n<p data-start=\"1947\" data-end=\"2111\" data-is-last-node=\"\" data-is-only-node=\"\">Si buscas unos tenis c\u00f3modos, resistentes y con un dise\u00f1o ic\u00f3nico que nunca pasa de moda, los <strong data-start=\"2041\" data-end=\"2060\">Nike Air Max 90<\/strong> son una excelente elecci\u00f3n para cualquier ocasi\u00f3n.<\/p>\n<\/div>\n<\/div>\n<\/div>\n<\/div>\n<\/div>\n<\/div>\n<\/div>\n<\/div>\n<\/article>\n<\/div>\n<\/div>\n<\/div>\n<\/div>\n","protected":false},"excerpt":{"rendered":"<p>Nike Air Max 90 \u2013 Un Cl\u00e1sico Atemporal de Comodidad y Estilo Categor\u00eda: Masculino Modelo: Nike Air Max 90 Los<\/p>\n","protected":false},"featured_media":77214,"comment_status":"open","ping_status":"closed","template":"","meta":{"nf_dc_page":""},"product_brand":[],"product_cat":[76],"product_tag":[],"class_list":{"0":"post-77212","1":"product","2":"type-product","3":"status-publish","4":"has-post-thumbnail","6":"product_cat-masculino","8":"first","9":"instock","10":"shipping-taxable","11":"purchasable","12":"product-type-simple"},"_links":{"self":[{"href":"https:\/\/brandss.com.py\/index\/wp-json\/wp\/v2\/product\/77212","targetHints":{"allow":["GET"]}}],"collection":[{"href":"https:\/\/brandss.com.py\/index\/wp-json\/wp\/v2\/product"}],"about":[{"href":"https:\/\/brandss.com.py\/index\/wp-json\/wp\/v2\/types\/product"}],"replies":[{"embeddable":true,"href":"https:\/\/brandss.com.py\/index\/wp-json\/wp\/v2\/comments?post=77212"}],"version-history":[{"count":2,"href":"https:\/\/brandss.com.py\/index\/wp-json\/wp\/v2\/product\/77212\/revisions"}],"predecessor-version":[{"id":77221,"href":"https:\/\/brandss.com.py\/index\/wp-json\/wp\/v2\/product\/77212\/revisions\/77221"}],"wp:featuredmedia":[{"embeddable":true,"href":"https:\/\/brandss.com.py\/index\/wp-json\/wp\/v2\/media\/77214"}],"wp:attachment":[{"href":"https:\/\/brandss.com.py\/index\/wp-json\/wp\/v2\/media?parent=77212"}],"wp:term":[{"taxonomy":"product_brand","embeddable":true,"href":"https:\/\/brandss.com.py\/index\/wp-json\/wp\/v2\/product_brand?post=77212"},{"taxonomy":"product_cat","embeddable":true,"href":"https:\/\/brandss.com.py\/index\/wp-json\/wp\/v2\/product_cat?post=77212"},{"taxonomy":"product_tag","embeddable":true,"href":"https:\/\/brandss.com.py\/index\/wp-json\/wp\/v2\/product_tag?post=77212"}],"curies":[{"name":"wp","href":"https:\/\/api.w.org\/{rel}","templated":true}]}}