{"id":77234,"date":"2025-03-21T18:49:50","date_gmt":"2025-03-21T18:49:50","guid":{"rendered":"https:\/\/brandss.com.py\/index\/?post_type=product&#038;p=77234"},"modified":"2025-03-21T18:50:27","modified_gmt":"2025-03-21T18:50:27","slug":"calzado-casual-masculino-nike-air-force-1-low-creater-flyknit","status":"publish","type":"product","link":"https:\/\/brandss.com.py\/index\/producto\/calzado-casual-masculino-nike-air-force-1-low-creater-flyknit\/","title":{"rendered":"CALZADO CASUAL MASCULINO NIKE AIR FORCE 1 LOW CREATER FLYKNIT"},"content":{"rendered":"<p><img loading=\"lazy\" decoding=\"async\" class=\"\" src=\"https:\/\/1000marcas.net\/wp-content\/uploads\/2019\/11\/Nike-logo.jpg\" alt=\"Logo de Nike: la historia y el significado del logotipo, la ...\" width=\"330\" height=\"186\" \/>}<\/p>\n<div class=\"flex max-w-full flex-col flex-grow\">\n<div class=\"min-h-8 text-message relative flex w-full flex-col items-end gap-2 whitespace-normal break-words text-start [.text-message+&amp;]:mt-5\" dir=\"auto\" data-message-author-role=\"assistant\" data-message-id=\"27c894b6-00b8-45d7-a6cb-244f7b3afb72\" data-message-model-slug=\"gpt-4o\">\n<div class=\"flex w-full flex-col gap-1 empty:hidden first:pt-[3px]\">\n<div class=\"markdown prose w-full break-words dark:prose-invert light\">\n<h1 data-start=\"0\" data-end=\"86\"><strong data-start=\"4\" data-end=\"84\"><span>Nike Air Force 1 Low Crater Flyknit \u2013 Estilo Cl\u00e1sico con un Toque Sostenible<\/span><\/strong><\/h1>\n<p data-start=\"87\" data-end=\"163\"><strong data-start=\"87\" data-end=\"101\"><span>Categor\u00eda:<\/span><\/strong><span> Masculino <\/span><br data-start=\"111\" data-end=\"114\" \/><strong data-start=\"114\" data-end=\"125\"><span>Modelo:<\/span><\/strong><span> Nike Air Force 1 Low Crater Flyknit<\/span><\/p>\n<p data-start=\"165\" data-end=\"551\"><span>Los <\/span><strong data-start=\"169\" data-end=\"208\"><span>Nike Air Force 1 Low Crater Flyknit<\/span><\/strong><span> son una versi\u00f3n moderna y sostenible del cl\u00e1sico Air Force 1, combinando su ic\u00f3nica silueta con materiales reciclados y tecnolog\u00eda <\/span><strong data-start=\"340\" data-end=\"351\"><span>Flyknit<\/span><\/strong><span> para mayor ligereza y transpirabilidad. Este modelo es ideal para quienes buscan un calzado c\u00f3modo, resistente y con un enfoque ecol\u00f3gico, sin sacrificar el estilo urbano caracter\u00edstico de los AF1.<\/span><\/p>\n<hr data-start=\"553\" data-end=\"556\" \/>\n<h2 data-start=\"558\" data-end=\"598\"><strong data-start=\"561\" data-end=\"596\"><span>Dise\u00f1o y Materiales Sostenibles<\/span><\/strong><\/h2>\n<p data-start=\"599\" data-end=\"843\"><span>Este modelo mantiene la <\/span><strong data-start=\"623\" data-end=\"645\"><span>estructura cl\u00e1sica<\/span><\/strong><span> de los Air Force 1 pero con una actualizaci\u00f3n innovadora: la parte superior est\u00e1 confeccionada con <\/span><strong data-start=\"745\" data-end=\"756\"><span>Flyknit<\/span><\/strong><span> , un tejido ligero y transpirable que se adapta al pie y reduce el peso del calzado.<\/span><\/p>\n<p data-start=\"845\" data-end=\"1094\"><span>Adem\u00e1s, la suela est\u00e1 hecha con <\/span><strong data-start=\"877\" data-end=\"892\"><span>Crater Foam<\/span><\/strong><span> , un material compuesto de residuos reciclados que no solo aporta un dise\u00f1o \u00fanico con texturas moteadas, sino que tambi\u00e9n <\/span><strong data-start=\"1014\" data-end=\"1045\"><span>reduce el impacto ambiental<\/span><\/strong><span> sin comprometer la durabilidad ni la tracci\u00f3n.<\/span><\/p>\n<p data-start=\"1096\" data-end=\"1242\"><span>El dise\u00f1o de las <\/span><strong data-start=\"1113\" data-end=\"1147\"><span>Air Force 1 Low Crater Flyknit<\/span><\/strong><span> ofrece un look moderno y vers\u00e1til, perfecto para combinar con outfits casuales y deportivos.<\/span><\/p>\n<hr data-start=\"1244\" data-end=\"1247\" \/>\n<h2 data-start=\"1249\" data-end=\"1283\"><strong data-start=\"1252\" data-end=\"1281\"><span>Comodidad y amortizaci\u00f3n<\/span><\/strong><\/h2>\n<p data-start=\"1284\" data-end=\"1557\"><span>\u2714 <\/span><strong data-start=\"1286\" data-end=\"1312\"><span>Parte superior Flyknit<\/span><\/strong><span> : Ajuste ligero y transpirable, ideal para largas jornadas de uso. <\/span><br data-start=\"1378\" data-end=\"1381\" \/><span>\u2714 <\/span><strong data-start=\"1383\" data-end=\"1413\"><span>Entresuela con Crater Foam<\/span><\/strong><span> : Proporciona una pisada suave y amortiguada. <\/span><br data-start=\"1458\" data-end=\"1461\" \/><span>\u2714 <\/span><strong data-start=\"1463\" data-end=\"1483\"><span>Cuello acolchado<\/span><\/strong><span> : Mayor comodidad en la zona del tobillo para un ajuste seguro y c\u00f3modo.<\/span><\/p>\n<hr data-start=\"1559\" data-end=\"1562\" \/>\n<h2 data-start=\"1564\" data-end=\"1589\"><strong data-start=\"1567\" data-end=\"1587\"><span>Suela y Tracci\u00f3n<\/span><\/strong><\/h2>\n<p data-start=\"1590\" data-end=\"1834\"><span>La suela de goma reciclada con tecnolog\u00eda <\/span><strong data-start=\"1632\" data-end=\"1646\"><span>Nike Grind<\/span><\/strong><span> proporciona un excelente agarre y resistencia al desgaste. Su dise\u00f1o motado no solo refuerza su compromiso con la sostenibilidad, sino que tambi\u00e9n a\u00f1ade un toque distintivo al calzado.<\/span><\/p>\n<hr data-start=\"1836\" data-end=\"1839\" \/>\n<h2 data-start=\"1841\" data-end=\"1878\"><strong data-start=\"1844\" data-end=\"1876\"><span>Versatilidad y estilo urbano<\/span><\/strong><\/h2>\n<p data-start=\"1879\" data-end=\"2207\"><span>Los <\/span><strong data-start=\"1883\" data-end=\"1922\"><span>Nike Air Force 1 Low Crater Flyknit<\/span><\/strong><span> son perfectos para quienes buscan un calzado cl\u00e1sico pero con materiales innovadores y ecol\u00f3gicos. Su dise\u00f1o ligero y transpirable los convierte en una excelente opci\u00f3n para el uso diario, ya sea para caminar, salir con amigos o complementar un look urbano con conciencia ambiental.<\/span><\/p>\n<p data-start=\"2209\" data-end=\"2363\" data-is-last-node=\"\" data-is-only-node=\"\"><span>Si quieres la <\/span><strong data-start=\"2223\" data-end=\"2248\"><span>comodidad y el estilo<\/span><\/strong><span> de los Air Force 1 pero con un dise\u00f1o m\u00e1s sostenible y liviano, los <\/span><strong data-start=\"2317\" data-end=\"2335\"><span>Crater Flyknit<\/span><\/strong><span> son una excelente elecci\u00f3n.<\/span><\/p>\n<\/div>\n<\/div>\n<\/div>\n<\/div>\n<p>&nbsp;<\/p>\n","protected":false},"excerpt":{"rendered":"<p>} Nike Air Force 1 Low Crater Flyknit \u2013 Estilo Cl\u00e1sico con un Toque Sostenible Categor\u00eda: Masculino Modelo: Nike Air<\/p>\n","protected":false},"featured_media":77235,"comment_status":"open","ping_status":"closed","template":"","meta":{"nf_dc_page":""},"product_brand":[],"product_cat":[76],"product_tag":[],"class_list":{"0":"post-77234","1":"product","2":"type-product","3":"status-publish","4":"has-post-thumbnail","6":"product_cat-masculino","8":"first","9":"instock","10":"shipping-taxable","11":"purchasable","12":"product-type-simple"},"_links":{"self":[{"href":"https:\/\/brandss.com.py\/index\/wp-json\/wp\/v2\/product\/77234","targetHints":{"allow":["GET"]}}],"collection":[{"href":"https:\/\/brandss.com.py\/index\/wp-json\/wp\/v2\/product"}],"about":[{"href":"https:\/\/brandss.com.py\/index\/wp-json\/wp\/v2\/types\/product"}],"replies":[{"embeddable":true,"href":"https:\/\/brandss.com.py\/index\/wp-json\/wp\/v2\/comments?post=77234"}],"version-history":[{"count":1,"href":"https:\/\/brandss.com.py\/index\/wp-json\/wp\/v2\/product\/77234\/revisions"}],"predecessor-version":[{"id":77242,"href":"https:\/\/brandss.com.py\/index\/wp-json\/wp\/v2\/product\/77234\/revisions\/77242"}],"wp:featuredmedia":[{"embeddable":true,"href":"https:\/\/brandss.com.py\/index\/wp-json\/wp\/v2\/media\/77235"}],"wp:attachment":[{"href":"https:\/\/brandss.com.py\/index\/wp-json\/wp\/v2\/media?parent=77234"}],"wp:term":[{"taxonomy":"product_brand","embeddable":true,"href":"https:\/\/brandss.com.py\/index\/wp-json\/wp\/v2\/product_brand?post=77234"},{"taxonomy":"product_cat","embeddable":true,"href":"https:\/\/brandss.com.py\/index\/wp-json\/wp\/v2\/product_cat?post=77234"},{"taxonomy":"product_tag","embeddable":true,"href":"https:\/\/brandss.com.py\/index\/wp-json\/wp\/v2\/product_tag?post=77234"}],"curies":[{"name":"wp","href":"https:\/\/api.w.org\/{rel}","templated":true}]}}