{"id":77259,"date":"2025-03-21T19:17:07","date_gmt":"2025-03-21T19:17:07","guid":{"rendered":"https:\/\/brandss.com.py\/index\/?post_type=product&#038;p=77259"},"modified":"2025-03-21T19:17:34","modified_gmt":"2025-03-21T19:17:34","slug":"lampara-de-pie-dyberg-larsen-cale-blanca","status":"publish","type":"product","link":"https:\/\/brandss.com.py\/index\/producto\/lampara-de-pie-dyberg-larsen-cale-blanca\/","title":{"rendered":"L\u00c1MPARA DE PIE DYBERG LARSEN CALE BLANCA"},"content":{"rendered":"<p><img loading=\"lazy\" decoding=\"async\" class=\"\" src=\"https:\/\/shop63157.sfstatic.io\/upload_dir\/pics\/DybergLarsen_logo.jpg\" width=\"138\" height=\"72\" \/><\/p>\n<h1>CALE<\/h1>\n<p>La l\u00e1mpara de pie Cale presenta un dise\u00f1o excepcionalmente estilizado. Su pantalla es oblonga y fina. Est\u00e1 fabricada en metal, lo que le confiere un aspecto robusto. El color blanco mate suaviza el dise\u00f1o. Esta l\u00e1mpara de pie se adapta a cualquier habitaci\u00f3n, pero es especialmente \u00fatil como l\u00e1mpara de lectura junto a un sill\u00f3n. Incluye un cable blanco de 1,8 m.<\/p>\n<p>Modelo: 7087.<br \/>\nSerie:\u00a0 Cale.<br \/>\nMArca: Dyberg Larsen.<br \/>\nTipo: L\u00e1mpara de pie.<br \/>\nClase de IP: 20.<br \/>\nMaterial: Metal.<br \/>\nColor: Blanco.<br \/>\nDi\u00e1metro: 15,5.<br \/>\nAltura: 135.<br \/>\nFuente(s) de luz incluida(s): No.<br \/>\nM\u00e1ximo efecto sobre la fuente de luz: 35 W.<br \/>\nN\u00famero de fuentes de luz: 1.<br \/>\nLongitud del cable: 1,8 metros.<br \/>\nTipo de enchufe: UE.<br \/>\nColor del cord\u00f3n: Blanco.<\/p>\n","protected":false},"excerpt":{"rendered":"<p>CALE La l\u00e1mpara de pie Cale presenta un dise\u00f1o excepcionalmente estilizado. Su pantalla es oblonga y fina. Est\u00e1 fabricada en<\/p>\n","protected":false},"featured_media":77260,"comment_status":"open","ping_status":"closed","template":"","meta":{"nf_dc_page":""},"product_brand":[],"product_cat":[83],"product_tag":[],"class_list":{"0":"post-77259","1":"product","2":"type-product","3":"status-publish","4":"has-post-thumbnail","6":"product_cat-hogar","8":"first","9":"instock","10":"shipping-taxable","11":"purchasable","12":"product-type-simple"},"_links":{"self":[{"href":"https:\/\/brandss.com.py\/index\/wp-json\/wp\/v2\/product\/77259","targetHints":{"allow":["GET"]}}],"collection":[{"href":"https:\/\/brandss.com.py\/index\/wp-json\/wp\/v2\/product"}],"about":[{"href":"https:\/\/brandss.com.py\/index\/wp-json\/wp\/v2\/types\/product"}],"replies":[{"embeddable":true,"href":"https:\/\/brandss.com.py\/index\/wp-json\/wp\/v2\/comments?post=77259"}],"version-history":[{"count":1,"href":"https:\/\/brandss.com.py\/index\/wp-json\/wp\/v2\/product\/77259\/revisions"}],"predecessor-version":[{"id":77265,"href":"https:\/\/brandss.com.py\/index\/wp-json\/wp\/v2\/product\/77259\/revisions\/77265"}],"wp:featuredmedia":[{"embeddable":true,"href":"https:\/\/brandss.com.py\/index\/wp-json\/wp\/v2\/media\/77260"}],"wp:attachment":[{"href":"https:\/\/brandss.com.py\/index\/wp-json\/wp\/v2\/media?parent=77259"}],"wp:term":[{"taxonomy":"product_brand","embeddable":true,"href":"https:\/\/brandss.com.py\/index\/wp-json\/wp\/v2\/product_brand?post=77259"},{"taxonomy":"product_cat","embeddable":true,"href":"https:\/\/brandss.com.py\/index\/wp-json\/wp\/v2\/product_cat?post=77259"},{"taxonomy":"product_tag","embeddable":true,"href":"https:\/\/brandss.com.py\/index\/wp-json\/wp\/v2\/product_tag?post=77259"}],"curies":[{"name":"wp","href":"https:\/\/api.w.org\/{rel}","templated":true}]}}