{"id":77266,"date":"2025-03-22T11:41:54","date_gmt":"2025-03-22T11:41:54","guid":{"rendered":"https:\/\/brandss.com.py\/index\/?post_type=product&#038;p=77266"},"modified":"2025-03-22T11:42:33","modified_gmt":"2025-03-22T11:42:33","slug":"moises-leclerc-baby-bassinet","status":"publish","type":"product","link":"https:\/\/brandss.com.py\/index\/producto\/moises-leclerc-baby-bassinet\/","title":{"rendered":"MOIS\u00c9S LECLERC BABY BASSINET"},"content":{"rendered":"<p><img loading=\"lazy\" decoding=\"async\" class=\"\" src=\"https:\/\/moy-lvenok.ru\/image\/data\/Leclerc\/Logo-leclerc-black.gif\" alt=\"Leclerc LEC25991 \u041f\u043e\u0434\u0441\u0442\u0430\u043a\u0430\u043d\u043d\u0438\u043a \u0434\u043b\u044f \u043a\u043e\u043b\u044f\u0441\u043a\u0438 \u043a\u0443\u043f\u0438\u0442\u044c \u0432 \u0421\u0438\u043c\u0444\u0435\u0440\u043e\u043f\u043e\u043b\u0435, \u0434\u043e\u0441\u0442\u0430\u0432\u043a\u0430 \u043f\u043e  \u041a\u0440\u044b\u043c\u0443\" width=\"128\" height=\"44\" \/><\/p>\n<h1>BASSINET<\/h1>\n<p><span>Compatible con todos los cochecitos Leclerc, este capazo te permite usar tu cochecito de inmediato. Su suave acolchado y espacioso capazo es ideal para la comodidad de tu beb\u00e9.<\/span><\/p>\n<p><span>La cuna se acopla f\u00e1cilmente a todos los cochecitos Leclerc Baby con los adaptadores incluidos. Gracias a las tres posiciones del respaldo de nuestros cochecitos, puedes colocarlo completamente plano. As\u00ed, puedes colocar f\u00e1cilmente el capazo en el cochecito con los adaptadores incluidos.<\/span><\/p>\n<p><span>La cuna se pliega para ahorrar espacio. Cuenta con unas peque\u00f1as patas debajo que permiten que, cuando est\u00e1 en el suelo, se balancee o se quede quieta, seg\u00fan las necesidades del beb\u00e9.<\/span><\/p>\n<p><strong><span>Color: <\/span><\/strong><span>Negro<\/span><\/p>\n<p><strong><span>Tama\u00f1o:\u00a0<\/span><\/strong><\/p>\n<p><span>Apto desde el nacimiento hasta los 6 meses.<\/span><\/p>\n<p><span>4 kilos<\/span><\/p>\n<p><span>Profundidad desplegada 87cm<\/span><\/p>\n<p><span>Altura desplegada 67cm<\/span><\/p>\n<p><span>Ancho desplegado 41cm<\/span><\/p>\n<p><strong><span>Marca: <\/span><\/strong><span>Leclerc<\/span><\/p>\n","protected":false},"excerpt":{"rendered":"<p>BASSINET Compatible con todos los cochecitos Leclerc, este capazo te permite usar tu cochecito de inmediato. Su suave acolchado y<\/p>\n","protected":false},"featured_media":77267,"comment_status":"open","ping_status":"closed","template":"","meta":{"nf_dc_page":""},"product_brand":[],"product_cat":[75],"product_tag":[],"class_list":{"0":"post-77266","1":"product","2":"type-product","3":"status-publish","4":"has-post-thumbnail","6":"product_cat-infantil","8":"first","9":"instock","10":"shipping-taxable","11":"purchasable","12":"product-type-simple"},"_links":{"self":[{"href":"https:\/\/brandss.com.py\/index\/wp-json\/wp\/v2\/product\/77266","targetHints":{"allow":["GET"]}}],"collection":[{"href":"https:\/\/brandss.com.py\/index\/wp-json\/wp\/v2\/product"}],"about":[{"href":"https:\/\/brandss.com.py\/index\/wp-json\/wp\/v2\/types\/product"}],"replies":[{"embeddable":true,"href":"https:\/\/brandss.com.py\/index\/wp-json\/wp\/v2\/comments?post=77266"}],"version-history":[{"count":1,"href":"https:\/\/brandss.com.py\/index\/wp-json\/wp\/v2\/product\/77266\/revisions"}],"predecessor-version":[{"id":77282,"href":"https:\/\/brandss.com.py\/index\/wp-json\/wp\/v2\/product\/77266\/revisions\/77282"}],"wp:featuredmedia":[{"embeddable":true,"href":"https:\/\/brandss.com.py\/index\/wp-json\/wp\/v2\/media\/77267"}],"wp:attachment":[{"href":"https:\/\/brandss.com.py\/index\/wp-json\/wp\/v2\/media?parent=77266"}],"wp:term":[{"taxonomy":"product_brand","embeddable":true,"href":"https:\/\/brandss.com.py\/index\/wp-json\/wp\/v2\/product_brand?post=77266"},{"taxonomy":"product_cat","embeddable":true,"href":"https:\/\/brandss.com.py\/index\/wp-json\/wp\/v2\/product_cat?post=77266"},{"taxonomy":"product_tag","embeddable":true,"href":"https:\/\/brandss.com.py\/index\/wp-json\/wp\/v2\/product_tag?post=77266"}],"curies":[{"name":"wp","href":"https:\/\/api.w.org\/{rel}","templated":true}]}}