{"id":77283,"date":"2025-03-22T12:35:19","date_gmt":"2025-03-22T12:35:19","guid":{"rendered":"https:\/\/brandss.com.py\/index\/?post_type=product&#038;p=77283"},"modified":"2025-03-22T12:35:55","modified_gmt":"2025-03-22T12:35:55","slug":"mecedora-infantil-maxi-cosi-kori-ligero-2-en-1","status":"publish","type":"product","link":"https:\/\/brandss.com.py\/index\/producto\/mecedora-infantil-maxi-cosi-kori-ligero-2-en-1\/","title":{"rendered":"MECEDORA INFANTIL MAXI.COSI KORI LIGERO 2 EN 1"},"content":{"rendered":"<p><img loading=\"lazy\" decoding=\"async\" class=\"\" src=\"https:\/\/www.manual.sv\/thumbs\/brands\/l\/1681-maxi-cosi_logo.webp\" alt=\"Manual de usuario Maxi-Cosi Mura Plus (Espa\u00f1ol - 41 p\u00e1ginas)\" width=\"139\" height=\"139\" \/><\/p>\n<h1>KORI LIGERO 2 EN 1<\/h1>\n<p><span>\u00bfT\u00fa y tu beb\u00e9 necesitan un momento de relax y un cambio de aires? Descubre la nueva mecedora 2 en 1 Maxi-Cosi Kori, para beb\u00e9s que se mecen. La Kori presenta un dise\u00f1o moderno, es ligera y ofrece un buen soporte, se ajusta f\u00e1cilmente de posici\u00f3n fija a mecedora y sus telas son lavables a m\u00e1quina. No importa lo que tengas que hacer en casa, puedes estar tranquilo sabiendo que tu beb\u00e9 puede sentarse o mecerse tranquilamente. Desde los primeros d\u00edas de vida hasta muchos meses despu\u00e9s, tu beb\u00e9 podr\u00e1 relajarse con comodidad o disfrutar de la acci\u00f3n en la Kori.<\/span><\/p>\n<p><span>El acogedor coj\u00edn para reci\u00e9n nacidos, fabricado con materiales suaves de alta calidad, ofrece a tu beb\u00e9 la m\u00e1xima comodidad y soporte: es el mejor asiento de la casa. El Kori se ajusta a tres posiciones diferentes con una sola mano, se limpia f\u00e1cilmente y pesa muy poco. Su dise\u00f1o inteligente tambi\u00e9n te permite guardarlo debajo de la cama o detr\u00e1s del sof\u00e1 cuando lo necesites. \u00a1Pero con su dise\u00f1o atractivo y elegante, puede que no quieras hacerlo! No importa d\u00f3nde est\u00e9s en la casa, siempre podr\u00e1s mecer a tu beb\u00e9 c\u00f3modamente a tu lado. As\u00ed ambos podr\u00e1n disfrutar de un rato relajado.<\/span><\/p>\n<p>La mecedora Maxi-Cosi Kori 2 en 1 presenta un dise\u00f1o moderno y es una silla infantil ligera y con buen soporte. No importa lo que necesites hacer en casa, puedes estar tranquila sabiendo que tu beb\u00e9 puede sentarse o mecerse tranquilamente.\u00a0\u00a0El c\u00f3modo reductor para reci\u00e9n nacidos, fabricado con materiales suaves de alta calidad, le proporciona a tu beb\u00e9 la m\u00e1xima comodidad. Mecer a tu beb\u00e9 c\u00f3modamente a tu lado garantiza que ambos disfruten de momentos de relax.<\/p>\n<p><strong>Caracter\u00edsticas<\/strong><\/p>\n<ul>\n<li><span class=\"a-list-item\"><span>2 modos de uso con opciones basculantes y estacionarias.<\/span><\/span><\/li>\n<li><span class=\"a-list-item\"><span>Detalles de estilo elegantes, materiales de alta calidad y un dise\u00f1o ultraligero.<\/span><\/span><\/li>\n<li><span class=\"a-list-item\"><span>Plantilla suave y de apoyo para mayor soporte y comodidad para el beb\u00e9.<\/span><\/span><\/li>\n<li><span class=\"a-list-item\"><span>3 posiciones de altura del asiento se pueden ajustar f\u00e1cilmente con una mano.<\/span><\/span><\/li>\n<li><span class=\"a-list-item\"><span>Las telas son f\u00e1ciles de quitar y lavar a m\u00e1quina.<\/span><\/span><\/li>\n<\/ul>\n<p><strong><span>\u00a0Dimensiones y peso<\/span><\/strong><\/p>\n<ul>\n<li><span>29,6&#8243; x 18,1&#8243; x 5,5&#8243;<\/span><\/li>\n<li><span>7,73 libras<\/span><\/li>\n<\/ul>\n","protected":false},"excerpt":{"rendered":"<p>KORI LIGERO 2 EN 1 \u00bfT\u00fa y tu beb\u00e9 necesitan un momento de relax y un cambio de aires? Descubre<\/p>\n","protected":false},"featured_media":77284,"comment_status":"open","ping_status":"closed","template":"","meta":{"nf_dc_page":""},"product_brand":[],"product_cat":[75],"product_tag":[],"class_list":{"0":"post-77283","1":"product","2":"type-product","3":"status-publish","4":"has-post-thumbnail","6":"product_cat-infantil","8":"first","9":"instock","10":"shipping-taxable","11":"purchasable","12":"product-type-simple"},"_links":{"self":[{"href":"https:\/\/brandss.com.py\/index\/wp-json\/wp\/v2\/product\/77283","targetHints":{"allow":["GET"]}}],"collection":[{"href":"https:\/\/brandss.com.py\/index\/wp-json\/wp\/v2\/product"}],"about":[{"href":"https:\/\/brandss.com.py\/index\/wp-json\/wp\/v2\/types\/product"}],"replies":[{"embeddable":true,"href":"https:\/\/brandss.com.py\/index\/wp-json\/wp\/v2\/comments?post=77283"}],"version-history":[{"count":1,"href":"https:\/\/brandss.com.py\/index\/wp-json\/wp\/v2\/product\/77283\/revisions"}],"predecessor-version":[{"id":77296,"href":"https:\/\/brandss.com.py\/index\/wp-json\/wp\/v2\/product\/77283\/revisions\/77296"}],"wp:featuredmedia":[{"embeddable":true,"href":"https:\/\/brandss.com.py\/index\/wp-json\/wp\/v2\/media\/77284"}],"wp:attachment":[{"href":"https:\/\/brandss.com.py\/index\/wp-json\/wp\/v2\/media?parent=77283"}],"wp:term":[{"taxonomy":"product_brand","embeddable":true,"href":"https:\/\/brandss.com.py\/index\/wp-json\/wp\/v2\/product_brand?post=77283"},{"taxonomy":"product_cat","embeddable":true,"href":"https:\/\/brandss.com.py\/index\/wp-json\/wp\/v2\/product_cat?post=77283"},{"taxonomy":"product_tag","embeddable":true,"href":"https:\/\/brandss.com.py\/index\/wp-json\/wp\/v2\/product_tag?post=77283"}],"curies":[{"name":"wp","href":"https:\/\/api.w.org\/{rel}","templated":true}]}}