{"id":77307,"date":"2025-03-22T13:05:04","date_gmt":"2025-03-22T13:05:04","guid":{"rendered":"https:\/\/brandss.com.py\/index\/?post_type=product&#038;p=77307"},"modified":"2025-03-22T13:05:29","modified_gmt":"2025-03-22T13:05:29","slug":"calzado-deportivo-masculino-nike-legend-essential-3-next-nature","status":"publish","type":"product","link":"https:\/\/brandss.com.py\/index\/producto\/calzado-deportivo-masculino-nike-legend-essential-3-next-nature\/","title":{"rendered":"CALZADO DEPORTIVO MASCULINO NIKE LEGEND ESSENTIAL 3 NEXT NATURE"},"content":{"rendered":"<p><img loading=\"lazy\" decoding=\"async\" class=\"\" src=\"https:\/\/1000marcas.net\/wp-content\/uploads\/2019\/11\/Nike-logo.jpg\" alt=\"Logo de Nike: la historia y el significado del logotipo, la ...\" width=\"353\" height=\"199\" \/><\/p>\n<div class=\"flex flex-1 grow basis-auto flex-col overflow-hidden\">\n<div class=\"relative h-full\">\n<div class=\"flex h-full flex-col overflow-y-auto [scrollbar-gutter:stable]\">\n<div class=\"mt-1.5 flex flex-col text-sm @thread-xl\/thread:pt-header-height md:pb-9\">\n<article class=\"group\/turn w-full text-token-text-primary focus-visible:outline-2 focus-visible:outline-offset-[-4px]\" dir=\"auto\" data-testid=\"conversation-turn-10\" data-scroll-anchor=\"true\">\n<div class=\"text-base my-auto mx-auto py-[18px] px-6\">\n<div class=\"mx-auto flex flex-1 text-base gap-4 md:gap-5 lg:gap-6 md:max-w-3xl lg:max-w-[40rem] xl:max-w-[48rem]\">\n<div class=\"group\/conversation-turn relative flex w-full min-w-0 flex-col agent-turn @xs\/thread:px-0 @sm\/thread:px-1.5 @md\/thread:px-4\">\n<div class=\"flex-col gap-1 md:gap-3\">\n<div class=\"flex max-w-full flex-col flex-grow\">\n<div class=\"min-h-8 text-message relative flex w-full flex-col items-end gap-2 whitespace-normal break-words text-start [.text-message+&amp;]:mt-5\" dir=\"auto\" data-message-author-role=\"assistant\" data-message-id=\"b07ec4f4-2f2b-496e-9c9d-e335dabf818c\" data-message-model-slug=\"gpt-4o\">\n<div class=\"flex w-full flex-col gap-1 empty:hidden first:pt-[3px]\">\n<div class=\"markdown prose w-full break-words dark:prose-invert light\">\n<p class=\"\" data-start=\"0\" data-end=\"385\"><span>Los <\/span><strong data-start=\"23\" data-end=\"62\"><span>Nike Legend Essential 3 Next Nature<\/span><\/strong><span> son tenis dise\u00f1ados para el entrenamiento masculino, ideales para actividades en el gimnasio y ejercicios de alta intensidad. Su construcci\u00f3n proporciona estabilidad, tracci\u00f3n y comodidad en cada movimiento, asegurando un rendimiento \u00f3ptimo en levantamiento de pesas, ejercicios funcionales y entrenamientos de agilidad.<\/span><\/p>\n<p class=\"\" data-start=\"387\" data-end=\"693\"><span>Este modelo forma parte de la iniciativa sostenible de Nike <\/span><strong data-start=\"447\" data-end=\"465\"><span>&#8220;Move to Zero&#8221;<\/span><\/strong><span> , ya que incluye materiales reciclados sin comprometer el rendimiento. Su dise\u00f1o incorpora una base plana y un tal\u00f3n recto para mayor estabilidad, mientras que su suela con ranuras permite flexibilidad y movimientos din\u00e1micos.<\/span><\/p>\n<p class=\"\" data-start=\"695\" data-end=\"717\"><strong data-start=\"695\" data-end=\"715\"><span>Caracter\u00edsticas:<\/span><\/strong><\/p>\n<ul data-start=\"718\" data-end=\"1231\">\n<li class=\"\" data-start=\"718\" data-end=\"814\">\n<p class=\"\" data-start=\"720\" data-end=\"814\"><strong data-start=\"720\" data-end=\"739\"><span>Sostenibilidad:<\/span><\/strong><span> Fabricados con materiales reciclados, incluido Nike Grind en la suela.<\/span><\/p>\n<\/li>\n<li class=\"\" data-start=\"815\" data-end=\"927\">\n<p class=\"\" data-start=\"817\" data-end=\"927\"><strong data-start=\"817\" data-end=\"842\"><span>Estabilidad mejorada:<\/span><\/strong><span> Tal\u00f3n recto y suela plana que brindan una base s\u00f3lida para levantar pesas.<\/span><\/p>\n<\/li>\n<li class=\"\" data-start=\"928\" data-end=\"1045\">\n<p class=\"\" data-start=\"930\" data-end=\"1045\"><strong data-start=\"930\" data-end=\"956\"><span>Flexibilidad y agarre:<\/span><\/strong><span> Ranuras en la zona delantera para facilitar movimientos \u00e1giles y cambios de direcci\u00f3n.<\/span><\/p>\n<\/li>\n<li class=\"\" data-start=\"1046\" data-end=\"1142\">\n<p class=\"\" data-start=\"1048\" data-end=\"1142\"><strong data-start=\"1048\" data-end=\"1064\"><span>Durabilidad:<\/span><\/strong><span> Materiales resistentes a la abrasi\u00f3n para soportar entrenamientos intensos.<\/span><\/p>\n<\/li>\n<li class=\"\" data-start=\"1143\" data-end=\"1231\">\n<p class=\"\" data-start=\"1145\" data-end=\"1231\"><strong data-start=\"1145\" data-end=\"1159\"><span>Comodidad:<\/span><\/strong><span> Espuma en la zona media para mayor amortiguaci\u00f3n y ajuste ergon\u00f3mico.<\/span><\/p>\n<\/li>\n<\/ul>\n<p class=\"\" data-start=\"1233\" data-end=\"1411\"><span>Los <\/span><strong data-start=\"1237\" data-end=\"1276\"><span>Nike Legend Essential 3 Next Nature<\/span><\/strong><span> son la opci\u00f3n perfecta para quienes buscan un calzado vers\u00e1til, resistente y con un enfoque ecol\u00f3gico para su rutina de entrenamiento.<\/span><\/p>\n<\/div>\n<\/div>\n<\/div>\n<\/div>\n<div class=\"mb-2 flex gap-3 -ml-2\">\n<div class=\"flex items-center justify-start rounded-xl p-1\">\n<div class=\"flex items-center\"><\/div>\n<\/div>\n<\/div>\n<\/div>\n<\/div>\n<\/div>\n<\/div>\n<\/article>\n<\/div>\n<\/div>\n<\/div>\n<\/div>\n","protected":false},"excerpt":{"rendered":"<p>Los Nike Legend Essential 3 Next Nature son tenis dise\u00f1ados para el entrenamiento masculino, ideales para actividades en el gimnasio<\/p>\n","protected":false},"featured_media":77308,"comment_status":"open","ping_status":"closed","template":"","meta":{"nf_dc_page":""},"product_brand":[],"product_cat":[76],"product_tag":[],"class_list":{"0":"post-77307","1":"product","2":"type-product","3":"status-publish","4":"has-post-thumbnail","6":"product_cat-masculino","8":"first","9":"instock","10":"shipping-taxable","11":"purchasable","12":"product-type-simple"},"_links":{"self":[{"href":"https:\/\/brandss.com.py\/index\/wp-json\/wp\/v2\/product\/77307","targetHints":{"allow":["GET"]}}],"collection":[{"href":"https:\/\/brandss.com.py\/index\/wp-json\/wp\/v2\/product"}],"about":[{"href":"https:\/\/brandss.com.py\/index\/wp-json\/wp\/v2\/types\/product"}],"replies":[{"embeddable":true,"href":"https:\/\/brandss.com.py\/index\/wp-json\/wp\/v2\/comments?post=77307"}],"version-history":[{"count":1,"href":"https:\/\/brandss.com.py\/index\/wp-json\/wp\/v2\/product\/77307\/revisions"}],"predecessor-version":[{"id":77316,"href":"https:\/\/brandss.com.py\/index\/wp-json\/wp\/v2\/product\/77307\/revisions\/77316"}],"wp:featuredmedia":[{"embeddable":true,"href":"https:\/\/brandss.com.py\/index\/wp-json\/wp\/v2\/media\/77308"}],"wp:attachment":[{"href":"https:\/\/brandss.com.py\/index\/wp-json\/wp\/v2\/media?parent=77307"}],"wp:term":[{"taxonomy":"product_brand","embeddable":true,"href":"https:\/\/brandss.com.py\/index\/wp-json\/wp\/v2\/product_brand?post=77307"},{"taxonomy":"product_cat","embeddable":true,"href":"https:\/\/brandss.com.py\/index\/wp-json\/wp\/v2\/product_cat?post=77307"},{"taxonomy":"product_tag","embeddable":true,"href":"https:\/\/brandss.com.py\/index\/wp-json\/wp\/v2\/product_tag?post=77307"}],"curies":[{"name":"wp","href":"https:\/\/api.w.org\/{rel}","templated":true}]}}