{"id":77309,"date":"2025-03-22T13:07:49","date_gmt":"2025-03-22T13:07:49","guid":{"rendered":"https:\/\/brandss.com.py\/index\/?post_type=product&#038;p=77309"},"modified":"2025-03-22T13:08:20","modified_gmt":"2025-03-22T13:08:20","slug":"mesa-auxiliar-tchibo-con-estante-de-bucle","status":"publish","type":"product","link":"https:\/\/brandss.com.py\/index\/producto\/mesa-auxiliar-tchibo-con-estante-de-bucle\/","title":{"rendered":"MESA AUXILIAR TCHIBO CON ESTANTE DE BUCLE"},"content":{"rendered":"<p><img loading=\"lazy\" decoding=\"async\" class=\"\" src=\"https:\/\/images.seeklogo.com\/logo-png\/49\/2\/tchibo-logo-png_seeklogo-499760.png\" alt=\"Tchibo Logo PNG Vector (AI, CDR, EPS, PDF, SVG) Free Download\" width=\"118\" height=\"118\" \/><\/p>\n<h1><span>667939<\/span><\/h1>\n<div class=\"pdp__product-description__section__items\" data-v-0cc81e92=\"\">\n<div class=\"pdp__product-description__key-facts pdp__product-description__section__item\" data-v-0cc81e92=\"\">\n<ul class=\"tp-list\" data-v-0cc81e92=\"\">\n<li data-v-0cc81e92=\"\"><span>Tablero y patas de mesa de roble macizo barnizado con certificaci\u00f3n FSC\u00ae<\/span><\/li>\n<li data-v-0cc81e92=\"\"><span>Bandeja de bucle de poli\u00e9ster<\/span><\/li>\n<li data-v-0cc81e92=\"\"><span>Incluye protectores de suelo<\/span><\/li>\n<li data-v-0cc81e92=\"\"><span>Probado para detectar sustancias nocivas por institutos externos acreditados<\/span><\/li>\n<\/ul>\n<\/div>\n<\/div>\n<div class=\"pdp__product-description__section__items\" data-v-0cc81e92=\"\">\n<div class=\"pdp__product-description__hard-facts pdp__product-description__section__item\" data-v-0cc81e92=\"\">\n<dl data-v-0cc81e92=\"\">\n<dt data-v-0cc81e92=\"\">Color<\/dt>\n<dd data-v-0cc81e92=\"\">roble natural<\/dd>\n<dd data-v-0cc81e92=\"\">estante beige<\/dd>\n<\/dl>\n<dl data-v-0cc81e92=\"\">\n<dt data-v-0cc81e92=\"\">material<\/dt>\n<dd data-v-0cc81e92=\"\">Roble macizo con certificaci\u00f3n FSC\u00ae, barnizado<\/dd>\n<dd data-v-0cc81e92=\"\">Roble (nombre bot\u00e1nico: Quercus spp.; pa\u00eds de origen de la madera: EE. UU.)<\/dd>\n<dd data-v-0cc81e92=\"\">Estante 100% poli\u00e9ster<\/dd>\n<\/dl>\n<dl data-v-0cc81e92=\"\">\n<dt data-v-0cc81e92=\"\">Contenido<\/dt>\n<dd data-v-0cc81e92=\"\">Incluye protectores de suelo, material de montaje e instrucciones.<\/dd>\n<\/dl>\n<dl data-v-0cc81e92=\"\">\n<dt data-v-0cc81e92=\"\">Capacidad de carga<\/dt>\n<dd data-v-0cc81e92=\"\">Tablero de mesa m\u00e1x. 20 kg<\/dd>\n<dd data-v-0cc81e92=\"\">Almacenamiento m\u00e1x. 5 kg<\/dd>\n<\/dl>\n<dl data-v-0cc81e92=\"\">\n<dt data-v-0cc81e92=\"\">Otra informaci\u00f3n<\/dt>\n<dd data-v-0cc81e92=\"\">El art\u00edculo se entrega desmontado.<\/dd>\n<dd data-v-0cc81e92=\"\">Entrega en 1 paquete<\/dd>\n<\/dl>\n<dl data-v-0cc81e92=\"\">\n<dt data-v-0cc81e92=\"\">masa<\/dt>\n<dd data-v-0cc81e92=\"\">Ancho x Alto x Profundidad aprox. 50 x 55 x 30,5 cm<\/dd>\n<\/dl>\n<p class=\"pdp-productinformation__bulletpoints__headline\" data-v-a3a50e71=\"\"><strong data-v-a3a50e71=\"\">Instrucciones de cuidado adicionales<\/strong><\/p>\n<ul class=\"tp-list pdp-productinformation__bulletpoints__items\" data-v-a3a50e71=\"\">\n<li data-v-a3a50e71=\"\">Se puede limpiar con un pa\u00f1o h\u00famedo.<\/li>\n<\/ul>\n<ul id=\"pdp-expansion-panels-group\" class=\"tp-expansion-panel-group\" data-v-3ea99e1d=\"\" data-v-64272a66=\"\">\n<li class=\"tp-expansion-panel pdp-global-module pdp-expansion-panels__global-module\" data-v-3ea99e1d=\"\" data-v-a2c7e778=\"\" data-v-cc40660d=\"\">\n<div class=\"tp-expansion-panel-header tp-expansion-panel-header--active\" data-v-cc40660d=\"\">\n<div class=\"tp-expansion-panel-header-inner\" role=\"button\" aria-expanded=\"true\" data-v-cc40660d=\"\">\n<div class=\"tp-expansion-panel-header-inner-wrapper\" data-v-cc40660d=\"\">\n<div class=\"tp-expansion-panel-header-title\" data-subtitle-nowrap=\"false\" data-v-cc40660d=\"\">\n<div data-v-a2c7e778=\"\">Dos buenas razones para utilizar madera cultivada de forma sostenible<\/div>\n<\/div>\n<\/div>\n<\/div>\n<\/div>\n<div class=\"tp-expansion-panel-content\" data-v-1d216662=\"\">\n<div class=\"tp-expansion-panel-content-inner\" data-v-1d216662=\"\">\n<div class=\"IMAGE_LEFT_TEXT_RIGHT\" data-v-a2c7e778=\"\">\n<div class=\"pdp-content-module__container\" data-v-a2c7e778=\"\">\n<div class=\"pdp-content-module__container__left\" data-v-a2c7e778=\"\">\n<div class=\"tp-image\" data-state=\"srcLoaded\" data-v-a2c7e778=\"\" data-v-150d33fe=\"\"><img decoding=\"async\" src=\"https:\/\/www.tchibo.ch\/newmedia\/productmodule_illu\/a3dbc6323768fd3b\/ggwaldwirtschaft_dach.png\" alt=\"\" width=\"auto\" height=\"auto\" data-v-150d33fe=\"\" \/><\/div>\n<\/div>\n<div class=\"pdp-content-module__container__right\" data-v-a2c7e778=\"\">\n<h3>CULTIVO ORG\u00c1NICO<\/h3>\n<p>Los productos que utilizan recursos de fuentes renovables protegen la naturaleza desde la fase de cultivo.<\/p>\n<h3>REDUCE EL CO2<\/h3>\n<p>La silvicultura sostenible produce menos gases de efecto invernadero. Y eso tambi\u00e9n protege los oc\u00e9anos y la atm\u00f3sfera.<\/p>\n<\/div>\n<\/div>\n<div class=\"tp-expansion-panel-header tp-expansion-panel-header--active\" data-v-cc40660d=\"\">\n<div class=\"tp-expansion-panel-header-inner\" role=\"button\" aria-expanded=\"true\" data-v-cc40660d=\"\">\n<div class=\"tp-expansion-panel-header-inner-wrapper\" data-v-cc40660d=\"\">\n<div class=\"tp-expansion-panel-header-title\" data-subtitle-nowrap=\"false\" data-v-cc40660d=\"\">\n<div data-v-a2c7e778=\"\"><strong>madera de roble<\/strong><\/div>\n<\/div>\n<\/div>\n<\/div>\n<\/div>\n<div class=\"tp-expansion-panel-content\" data-v-1d216662=\"\">\n<div class=\"tp-expansion-panel-content-inner\" data-v-1d216662=\"\">\n<div class=\"TEXT_LEFT_IMAGE_RIGHT\" data-v-a2c7e778=\"\">\n<div class=\"pdp-content-module__container\" data-v-a2c7e778=\"\">\n<div class=\"pdp-content-module__container__left\" data-v-a2c7e778=\"\">\n<p>El roble es robusto y r\u00fastico. Este \u00e1rbol de hoja caduca, de crecimiento lento, tiene una madera especialmente dura con una estructura fuerte y, por lo tanto, es especialmente duradero. En t\u00e9rminos de color, la madera de roble var\u00eda desde marr\u00f3n claro hasta marr\u00f3n medio y marr\u00f3n rosado.<\/p>\n<ul id=\"pdp-expansion-panels-group\" class=\"tp-expansion-panel-group\" data-v-3ea99e1d=\"\" data-v-64272a66=\"\">\n<li class=\"tp-expansion-panel pdp-global-module pdp-expansion-panels__global-module\" data-v-3ea99e1d=\"\" data-v-a2c7e778=\"\" data-v-cc40660d=\"\">\n<div class=\"tp-expansion-panel-header tp-expansion-panel-header--active\" data-v-cc40660d=\"\">\n<div class=\"tp-expansion-panel-header-inner\" role=\"button\" aria-expanded=\"true\" data-v-cc40660d=\"\">\n<div class=\"tp-expansion-panel-header-inner-wrapper\" data-v-cc40660d=\"\">\n<div class=\"tp-expansion-panel-header-title\" data-subtitle-nowrap=\"false\" data-v-cc40660d=\"\">\n<div data-v-a2c7e778=\"\">Dos buenas razones para utilizar madera sostenible<\/div>\n<\/div>\n<\/div>\n<\/div>\n<\/div>\n<div class=\"tp-expansion-panel-content\" data-v-1d216662=\"\">\n<div class=\"tp-expansion-panel-content-inner\" data-v-1d216662=\"\">\n<div class=\"IMAGE_LEFT_TEXT_RIGHT\" data-v-a2c7e778=\"\">\n<div class=\"pdp-content-module__container\" data-v-a2c7e778=\"\">\n<div class=\"pdp-content-module__container__left\" data-v-a2c7e778=\"\">\n<div class=\"tp-image\" data-state=\"srcLoaded\" data-v-a2c7e778=\"\" data-v-150d33fe=\"\"><img decoding=\"async\" src=\"https:\/\/www.tchibo.ch\/newmedia\/productmodule_illu\/a9d0214cd6da210b\/edit.png\" alt=\"\" width=\"auto\" height=\"auto\" data-v-150d33fe=\"\" \/><\/div>\n<\/div>\n<div class=\"pdp-content-module__container__right\" data-v-a2c7e778=\"\">\n<h3>PROTEGE EL MEDIO AMBIENTE<\/h3>\n<p>Los productos procedentes de fuentes controladas y renovables protegen la naturaleza durante el cultivo.<\/p>\n<h3>DI CLARAMENTE QU\u00c9 CONTIENE<\/h3>\n<p>Gracias a una cadena de suministro controlada, las fibras del producto pueden rastrearse hasta su cultivo.<\/p>\n<\/div>\n<ul id=\"pdp-expansion-panels-group\" class=\"tp-expansion-panel-group\" data-v-3ea99e1d=\"\" data-v-64272a66=\"\">\n<li class=\"tp-expansion-panel pdp-productinformation-logos pdp-expansion-panels__quality-logos\" data-v-3ea99e1d=\"\" data-v-b9959fea=\"\" data-v-cc40660d=\"\">\n<div class=\"tp-expansion-panel-header tp-expansion-panel-header--active\" data-v-cc40660d=\"\">\n<div class=\"tp-expansion-panel-header-inner\" role=\"button\" aria-expanded=\"true\" data-v-cc40660d=\"\">\n<div class=\"tp-expansion-panel-header-inner-wrapper\" data-v-cc40660d=\"\">\n<div class=\"tp-expansion-panel-header-title\" data-subtitle-nowrap=\"false\" data-v-cc40660d=\"\">\n<div data-v-b9959fea=\"\"><span>Calidad<\/span><\/div>\n<\/div>\n<\/div>\n<\/div>\n<\/div>\n<div class=\"tp-expansion-panel-content\" data-v-1d216662=\"\">\n<div class=\"tp-expansion-panel-content-inner\" data-v-1d216662=\"\">\n<div data-v-b9959fea=\"\">\n<div class=\"pdp-productinformation-logos__container\" data-v-b9959fea=\"\">\n<div class=\"pdp-productinformation-logos__item\" data-v-b9959fea=\"\">\n<div class=\"pdp-productinformation-logos__image\" data-v-b9959fea=\"\">\n<div class=\"tp-image\" data-state=\"srcLoaded\" data-v-b9959fea=\"\" data-v-150d33fe=\"\"><img decoding=\"async\" src=\"https:\/\/www.tchibo.ch\/newmedia\/logo\/4e\/d9\/46d8fa5b0ae9\/31bbbaee347e5f6f\/tcm102.gif\" alt=\"Aviso de calidad\" width=\"auto\" height=\"auto\" data-v-150d33fe=\"\" \/><\/div>\n<\/div>\n<div class=\"pdp-productinformation-logos__details\" data-v-b9959fea=\"\">\n<div class=\"pdp-productinformation-logos__title\" data-v-b9959fea=\"\"><span>Aviso de calidad<\/span><\/div>\n<div class=\"pdp-productinformation-logos__text\" data-v-b9959fea=\"\"><span>El sello de calidad TCM significa una excelente calidad del producto.<\/span><\/div>\n<\/div>\n<\/div>\n<div class=\"pdp-productinformation-logos__item\" data-v-b9959fea=\"\">\n<div class=\"pdp-productinformation-logos__image\" data-v-b9959fea=\"\">\n<div class=\"tp-image\" data-state=\"srcLoaded\" data-v-b9959fea=\"\" data-v-150d33fe=\"\"><img decoding=\"async\" src=\"https:\/\/www.tchibo.ch\/newmedia\/logo\/4b1d063a1f4d54ae\/kma279_dach.png\" alt=\"\" width=\"auto\" height=\"auto\" data-v-150d33fe=\"\" \/><\/div>\n<\/div>\n<div class=\"pdp-productinformation-logos__details\" data-v-b9959fea=\"\">\n<div class=\"pdp-productinformation-logos__text\" data-v-b9959fea=\"\"><span>El s\u00edmbolo de la gesti\u00f3n forestal responsable<\/span><\/div>\n<\/div>\n<\/div>\n<\/div>\n<\/div>\n<\/div>\n<\/div>\n<\/li>\n<\/ul>\n<\/div>\n<\/div>\n<\/div>\n<\/div>\n<\/li>\n<\/ul>\n<\/div>\n<\/div>\n<\/div>\n<\/div>\n<\/div>\n<\/div>\n<\/div>\n<\/div>\n<\/li>\n<\/ul>\n<\/div>\n<\/div>\n","protected":false},"excerpt":{"rendered":"<p>667939 Tablero y patas de mesa de roble macizo barnizado con certificaci\u00f3n FSC\u00ae Bandeja de bucle de poli\u00e9ster Incluye protectores<\/p>\n","protected":false},"featured_media":77317,"comment_status":"open","ping_status":"closed","template":"","meta":{"nf_dc_page":""},"product_brand":[],"product_cat":[72],"product_tag":[],"class_list":{"0":"post-77309","1":"product","2":"type-product","3":"status-publish","4":"has-post-thumbnail","6":"product_cat-tchibo","8":"first","9":"instock","10":"shipping-taxable","11":"purchasable","12":"product-type-simple"},"_links":{"self":[{"href":"https:\/\/brandss.com.py\/index\/wp-json\/wp\/v2\/product\/77309","targetHints":{"allow":["GET"]}}],"collection":[{"href":"https:\/\/brandss.com.py\/index\/wp-json\/wp\/v2\/product"}],"about":[{"href":"https:\/\/brandss.com.py\/index\/wp-json\/wp\/v2\/types\/product"}],"replies":[{"embeddable":true,"href":"https:\/\/brandss.com.py\/index\/wp-json\/wp\/v2\/comments?post=77309"}],"version-history":[{"count":1,"href":"https:\/\/brandss.com.py\/index\/wp-json\/wp\/v2\/product\/77309\/revisions"}],"predecessor-version":[{"id":77323,"href":"https:\/\/brandss.com.py\/index\/wp-json\/wp\/v2\/product\/77309\/revisions\/77323"}],"wp:featuredmedia":[{"embeddable":true,"href":"https:\/\/brandss.com.py\/index\/wp-json\/wp\/v2\/media\/77317"}],"wp:attachment":[{"href":"https:\/\/brandss.com.py\/index\/wp-json\/wp\/v2\/media?parent=77309"}],"wp:term":[{"taxonomy":"product_brand","embeddable":true,"href":"https:\/\/brandss.com.py\/index\/wp-json\/wp\/v2\/product_brand?post=77309"},{"taxonomy":"product_cat","embeddable":true,"href":"https:\/\/brandss.com.py\/index\/wp-json\/wp\/v2\/product_cat?post=77309"},{"taxonomy":"product_tag","embeddable":true,"href":"https:\/\/brandss.com.py\/index\/wp-json\/wp\/v2\/product_tag?post=77309"}],"curies":[{"name":"wp","href":"https:\/\/api.w.org\/{rel}","templated":true}]}}