{"id":77324,"date":"2025-03-22T13:25:15","date_gmt":"2025-03-22T13:25:15","guid":{"rendered":"https:\/\/brandss.com.py\/index\/?post_type=product&#038;p=77324"},"modified":"2025-09-19T10:54:59","modified_gmt":"2025-09-19T10:54:59","slug":"calzado-deportivo-masculino-nike-legend-essential-3","status":"publish","type":"product","link":"https:\/\/brandss.com.py\/index\/producto\/calzado-deportivo-masculino-nike-legend-essential-3\/","title":{"rendered":"CALZADO DEPORTIVO MASCULINO NIKE LEGEND ESSENTIAL 3"},"content":{"rendered":"<p><img loading=\"lazy\" decoding=\"async\" class=\"\" src=\"https:\/\/1000marcas.net\/wp-content\/uploads\/2019\/11\/Nike-logo.jpg\" alt=\"Logo de Nike: la historia y el significado del logotipo, la ...\" width=\"329\" height=\"185\" \/><\/p>\n<p class=\"\" data-start=\"0\" data-end=\"335\"><span>Los <\/span><strong data-start=\"23\" data-end=\"50\"><span>Nike Legend Essential 3<\/span><\/strong><span> son tenis de entrenamiento masculino dise\u00f1ados para brindar estabilidad, soporte y comodidad en ejercicios de alta intensidad. Su estructura robusta y suela con tracci\u00f3n mejorada los hacen ideales para entrenamientos en el gimnasio, levantamiento de pesas y actividades funcionales.<\/span><\/p>\n<p class=\"\" data-start=\"337\" data-end=\"631\"><span>Su dise\u00f1o incorpora un tal\u00f3n plano y una base ancha para mayor estabilidad, adem\u00e1s de ranuras flexibles en la parte delantera que favorecen movimientos r\u00e1pidos y cambios de direcci\u00f3n. La parte superior de malla permite una buena ventilaci\u00f3n, manteniendo los pies frescos durante el ejercicio.<\/span><\/p>\n<p class=\"\" data-start=\"633\" data-end=\"655\"><strong data-start=\"633\" data-end=\"653\"><span>Caracter\u00edsticas:<\/span><\/strong><\/p>\n<ul data-start=\"656\" data-end=\"1139\">\n<li class=\"\" data-start=\"656\" data-end=\"762\">\n<p class=\"\" data-start=\"658\" data-end=\"762\"><strong data-start=\"658\" data-end=\"684\"><span>Estabilidad y soporte:<\/span><\/strong><span> Tal\u00f3n plano y base ancha que mejoran el equilibrio en ejercicios de fuerza.<\/span><\/p>\n<\/li>\n<li class=\"\" data-start=\"763\" data-end=\"848\">\n<p class=\"\" data-start=\"765\" data-end=\"848\"><strong data-start=\"765\" data-end=\"791\"><span>Flexibilidad din\u00e1mica:<\/span><\/strong><span> Ranuras en la suela para facilitar movimientos \u00e1giles.<\/span><\/p>\n<\/li>\n<li class=\"\" data-start=\"849\" data-end=\"956\">\n<p class=\"\" data-start=\"851\" data-end=\"956\"><strong data-start=\"851\" data-end=\"879\"><span>Durabilidad garantizada:<\/span><\/strong><span> Materiales resistentes al desgaste, ideales para entrenamientos exigentes.<\/span><\/p>\n<\/li>\n<li class=\"\" data-start=\"957\" data-end=\"1047\">\n<p class=\"\" data-start=\"959\" data-end=\"1047\"><strong data-start=\"959\" data-end=\"980\"><span>Transpirabilidad:<\/span><\/strong><span> Parte superior de malla que favorece la ventilaci\u00f3n y comodidad.<\/span><\/p>\n<\/li>\n<li class=\"\" data-start=\"1048\" data-end=\"1139\">\n<p class=\"\" data-start=\"1050\" data-end=\"1139\"><strong data-start=\"1050\" data-end=\"1068\"><span>Ajuste seguro:<\/span><\/strong><span> Dise\u00f1o ergon\u00f3mico que envuelve el pie para mayor sujeci\u00f3n y comodidad.<\/span><\/p>\n<\/li>\n<\/ul>\n<p class=\"\" data-start=\"1141\" data-end=\"1323\"><span>Los <\/span><strong data-start=\"1145\" data-end=\"1172\"><span>Nike Legend Essential 3<\/span><\/strong><span> son una excelente opci\u00f3n para quienes buscan un calzado confiable y vers\u00e1til para entrenamientos intensos, combinando rendimiento, comodidad y estilo.<\/span><\/p>\n","protected":false},"excerpt":{"rendered":"<p>Los Nike Legend Essential 3 son tenis de entrenamiento masculino dise\u00f1ados para brindar estabilidad, soporte y comodidad en ejercicios de<\/p>\n","protected":false},"featured_media":77325,"comment_status":"open","ping_status":"closed","template":"","meta":{"nf_dc_page":""},"product_brand":[],"product_cat":[76],"product_tag":[],"class_list":{"0":"post-77324","1":"product","2":"type-product","3":"status-publish","4":"has-post-thumbnail","6":"product_cat-masculino","8":"first","9":"instock","10":"shipping-taxable","11":"purchasable","12":"product-type-simple"},"_links":{"self":[{"href":"https:\/\/brandss.com.py\/index\/wp-json\/wp\/v2\/product\/77324","targetHints":{"allow":["GET"]}}],"collection":[{"href":"https:\/\/brandss.com.py\/index\/wp-json\/wp\/v2\/product"}],"about":[{"href":"https:\/\/brandss.com.py\/index\/wp-json\/wp\/v2\/types\/product"}],"replies":[{"embeddable":true,"href":"https:\/\/brandss.com.py\/index\/wp-json\/wp\/v2\/comments?post=77324"}],"version-history":[{"count":1,"href":"https:\/\/brandss.com.py\/index\/wp-json\/wp\/v2\/product\/77324\/revisions"}],"predecessor-version":[{"id":77331,"href":"https:\/\/brandss.com.py\/index\/wp-json\/wp\/v2\/product\/77324\/revisions\/77331"}],"wp:featuredmedia":[{"embeddable":true,"href":"https:\/\/brandss.com.py\/index\/wp-json\/wp\/v2\/media\/77325"}],"wp:attachment":[{"href":"https:\/\/brandss.com.py\/index\/wp-json\/wp\/v2\/media?parent=77324"}],"wp:term":[{"taxonomy":"product_brand","embeddable":true,"href":"https:\/\/brandss.com.py\/index\/wp-json\/wp\/v2\/product_brand?post=77324"},{"taxonomy":"product_cat","embeddable":true,"href":"https:\/\/brandss.com.py\/index\/wp-json\/wp\/v2\/product_cat?post=77324"},{"taxonomy":"product_tag","embeddable":true,"href":"https:\/\/brandss.com.py\/index\/wp-json\/wp\/v2\/product_tag?post=77324"}],"curies":[{"name":"wp","href":"https:\/\/api.w.org\/{rel}","templated":true}]}}