{"id":77332,"date":"2025-03-22T13:33:07","date_gmt":"2025-03-22T13:33:07","guid":{"rendered":"https:\/\/brandss.com.py\/index\/?post_type=product&#038;p=77332"},"modified":"2025-03-22T13:33:27","modified_gmt":"2025-03-22T13:33:27","slug":"calzado-deportivo-masculino-nike-air-max-95-by-you","status":"publish","type":"product","link":"https:\/\/brandss.com.py\/index\/producto\/calzado-deportivo-masculino-nike-air-max-95-by-you\/","title":{"rendered":"CALZADO DEPORTIVO MASCULINO NIKE AIR MAX 95 BY YOU"},"content":{"rendered":"<p><img loading=\"lazy\" decoding=\"async\" class=\"\" src=\"https:\/\/1000marcas.net\/wp-content\/uploads\/2019\/11\/Nike-logo.jpg\" alt=\"Logo de Nike: la historia y el significado del logotipo, la ...\" width=\"402\" height=\"226\" \/><\/p>\n<div class=\"flex flex-1 grow basis-auto flex-col overflow-hidden\">\n<div class=\"relative h-full\">\n<div class=\"flex h-full flex-col overflow-y-auto [scrollbar-gutter:stable]\">\n<div class=\"mt-1.5 flex flex-col text-sm @thread-xl\/thread:pt-header-height md:pb-9\">\n<article class=\"group\/turn w-full text-token-text-primary focus-visible:outline-2 focus-visible:outline-offset-[-4px]\" dir=\"auto\" data-testid=\"conversation-turn-18\" data-scroll-anchor=\"true\">\n<div class=\"text-base my-auto mx-auto py-[18px] px-6\">\n<div class=\"mx-auto flex flex-1 text-base gap-4 md:gap-5 lg:gap-6 md:max-w-3xl lg:max-w-[40rem] xl:max-w-[48rem]\">\n<div class=\"group\/conversation-turn relative flex w-full min-w-0 flex-col agent-turn @xs\/thread:px-0 @sm\/thread:px-1.5 @md\/thread:px-4\">\n<div class=\"flex-col gap-1 md:gap-3\">\n<div class=\"flex max-w-full flex-col flex-grow\">\n<div class=\"min-h-8 text-message relative flex w-full flex-col items-end gap-2 whitespace-normal break-words text-start [.text-message+&amp;]:mt-5\" dir=\"auto\" data-message-author-role=\"assistant\" data-message-id=\"d6eaeb12-05a8-41e1-8eec-703e122951de\" data-message-model-slug=\"gpt-4o\">\n<div class=\"flex w-full flex-col gap-1 empty:hidden first:pt-[3px]\">\n<div class=\"markdown prose w-full break-words dark:prose-invert light\">\n<p class=\"\" data-start=\"0\" data-end=\"411\"><span>Los <\/span><strong data-start=\"23\" data-end=\"49\"><span>Nike Air Max 95 By You<\/span><\/strong><span> son una versi\u00f3n personalizable del ic\u00f3nico modelo Air Max 95, permitiendo a los usuarios dise\u00f1ar sus propias zapatillas con una amplia variedad de colores, materiales y detalles exclusivos. Esta opci\u00f3n de personalizaci\u00f3n permite reflejar el estilo \u00fanico de cada persona mientras se mantiene el dise\u00f1o cl\u00e1sico y la comodidad caracter\u00edstica de la l\u00ednea Air Max.<\/span><\/p>\n<p class=\"\" data-start=\"413\" data-end=\"792\"><span>Inspirado en la anatom\u00eda humana, el Air Max 95 presenta un dise\u00f1o de capas con paneles ondulados en la parte superior, amortiguaci\u00f3n Air visible y una estructura que proporciona comodidad y soporte para el uso diario. Con la versi\u00f3n <\/span><strong data-start=\"646\" data-end=\"656\"><span>By You<\/span><\/strong><span> , se pueden elegir combinaciones de colores, tipos de material y detalles especiales para hacer que cada par sea verdaderamente \u00fanico.<\/span><\/p>\n<p class=\"\" data-start=\"794\" data-end=\"816\"><strong data-start=\"794\" data-end=\"814\"><span>Caracter\u00edsticas:<\/span><\/strong><\/p>\n<ul data-start=\"817\" data-end=\"1431\">\n<li class=\"\" data-start=\"817\" data-end=\"927\">\n<p class=\"\" data-start=\"819\" data-end=\"927\"><strong data-start=\"819\" data-end=\"848\"><span>Personalizaci\u00f3n completa:<\/span><\/strong><span> Opci\u00f3n de elegir colores, materiales y acabados para cada parte del calzado.<\/span><\/p>\n<\/li>\n<li class=\"\" data-start=\"928\" data-end=\"1048\">\n<p class=\"\" data-start=\"930\" data-end=\"1048\"><strong data-start=\"930\" data-end=\"949\"><span>Dise\u00f1o ic\u00f3nico:<\/span><\/strong><span> Mantiene la estructura original con suela gruesa y tecnolog\u00eda Air Max para m\u00e1xima amortiguaci\u00f3n.<\/span><\/p>\n<\/li>\n<li class=\"\" data-start=\"1049\" data-end=\"1191\">\n<p class=\"\" data-start=\"1051\" data-end=\"1191\"><strong data-start=\"1051\" data-end=\"1074\"><span>Materiales premium:<\/span><\/strong><span> Posibilidad de seleccionar entre opciones como malla transpirable, cuero, gamuza y otros textiles de alta calidad.<\/span><\/p>\n<\/li>\n<li class=\"\" data-start=\"1192\" data-end=\"1323\">\n<p class=\"\" data-start=\"1194\" data-end=\"1323\"><strong data-start=\"1194\" data-end=\"1218\"><span>Detalles exclusivos:<\/span><\/strong><span> Agrega costuras en contraste, logotipos personalizados y capas en degradado seg\u00fan el estilo preferido.<\/span><\/p>\n<\/li>\n<li class=\"\" data-start=\"1324\" data-end=\"1431\">\n<p class=\"\" data-start=\"1326\" data-end=\"1431\"><strong data-start=\"1326\" data-end=\"1350\"><span>Comodidad y soporte:<\/span><\/strong><span> Unidad Air en el tal\u00f3n y antepi\u00e9 para una amortiguaci\u00f3n superior en cada paso.<\/span><\/p>\n<\/li>\n<\/ul>\n<p class=\"\" data-start=\"1433\" data-end=\"1706\"><span>Los <\/span><strong data-start=\"1437\" data-end=\"1463\"><span>Nike Air Max 95 By You<\/span><\/strong><span> permiten una experiencia de dise\u00f1o \u00fanica, brindando a los amantes del calzado deportivo la oportunidad de crear un modelo a su medida, sin sacrificar rendimiento ni comodidad. Disponibles exclusivamente a trav\u00e9s del sitio web oficial de Nike.<\/span><\/p>\n<\/div>\n<\/div>\n<\/div>\n<\/div>\n<\/div>\n<\/div>\n<\/div>\n<\/div>\n<\/article>\n<\/div>\n<\/div>\n<\/div>\n<\/div>\n","protected":false},"excerpt":{"rendered":"<p>Los Nike Air Max 95 By You son una versi\u00f3n personalizable del ic\u00f3nico modelo Air Max 95, permitiendo a los<\/p>\n","protected":false},"featured_media":77333,"comment_status":"open","ping_status":"closed","template":"","meta":{"nf_dc_page":""},"product_brand":[],"product_cat":[76],"product_tag":[],"class_list":{"0":"post-77332","1":"product","2":"type-product","3":"status-publish","4":"has-post-thumbnail","6":"product_cat-masculino","8":"first","9":"instock","10":"shipping-taxable","11":"purchasable","12":"product-type-simple"},"_links":{"self":[{"href":"https:\/\/brandss.com.py\/index\/wp-json\/wp\/v2\/product\/77332","targetHints":{"allow":["GET"]}}],"collection":[{"href":"https:\/\/brandss.com.py\/index\/wp-json\/wp\/v2\/product"}],"about":[{"href":"https:\/\/brandss.com.py\/index\/wp-json\/wp\/v2\/types\/product"}],"replies":[{"embeddable":true,"href":"https:\/\/brandss.com.py\/index\/wp-json\/wp\/v2\/comments?post=77332"}],"version-history":[{"count":1,"href":"https:\/\/brandss.com.py\/index\/wp-json\/wp\/v2\/product\/77332\/revisions"}],"predecessor-version":[{"id":77339,"href":"https:\/\/brandss.com.py\/index\/wp-json\/wp\/v2\/product\/77332\/revisions\/77339"}],"wp:featuredmedia":[{"embeddable":true,"href":"https:\/\/brandss.com.py\/index\/wp-json\/wp\/v2\/media\/77333"}],"wp:attachment":[{"href":"https:\/\/brandss.com.py\/index\/wp-json\/wp\/v2\/media?parent=77332"}],"wp:term":[{"taxonomy":"product_brand","embeddable":true,"href":"https:\/\/brandss.com.py\/index\/wp-json\/wp\/v2\/product_brand?post=77332"},{"taxonomy":"product_cat","embeddable":true,"href":"https:\/\/brandss.com.py\/index\/wp-json\/wp\/v2\/product_cat?post=77332"},{"taxonomy":"product_tag","embeddable":true,"href":"https:\/\/brandss.com.py\/index\/wp-json\/wp\/v2\/product_tag?post=77332"}],"curies":[{"name":"wp","href":"https:\/\/api.w.org\/{rel}","templated":true}]}}