{"id":77340,"date":"2025-03-22T13:49:37","date_gmt":"2025-03-22T13:49:37","guid":{"rendered":"https:\/\/brandss.com.py\/index\/?post_type=product&#038;p=77340"},"modified":"2025-03-22T13:50:25","modified_gmt":"2025-03-22T13:50:25","slug":"cinta-de-caminar-sunny-health-fitness-walkstation-slim-flat","status":"publish","type":"product","link":"https:\/\/brandss.com.py\/index\/producto\/cinta-de-caminar-sunny-health-fitness-walkstation-slim-flat\/","title":{"rendered":"CINTA DE CAMINAR SUNNY HEALTH &amp; FITNESS WALKSTATION SLIM FLAT"},"content":{"rendered":"<p><img loading=\"lazy\" decoding=\"async\" class=\"\" src=\"https:\/\/m.media-amazon.com\/images\/S\/aplus-media\/vc\/652702d9-64a4-455a-9406-606708b0e541.__CR0,0,350,175_PT0_SX350_V1___.png\" alt=\"Amazon.com : Sunny Health &amp; Fitness Compact Folding Magnetic Rowing Machine  with LCD Monitor, Bottle Holder, 43 Inch Slide Rail, 285 LB Max Weight -  Synergy Power Motion - SF-RW5801 : Sports &amp; Outdoors\" width=\"174\" height=\"87\" \/><\/p>\n<h1>WALKSTATION SLIM FLAT<\/h1>\n<p><span>La caminadora Sunny Health &amp; Fitness Walkstation, ideal para tus objetivos de adelgazamiento, es un complemento discreto para tu gimnasio en casa. S\u00fabela para dar un paseo r\u00e1pido o simplemente col\u00f3cala debajo del escritorio y empieza a trotar mientras te pones al d\u00eda con tus programas favoritos.<\/span><\/p>\n<p><span>\u00a1Una forma divertida de mantenerse en forma! La cinta de correr Walkstation Slim Flat tiene un dise\u00f1o discreto que te permite sudar, donde y cuando quieras. Mantente en forma y productivo al mismo tiempo, y acelera tu ritmo card\u00edaco mientras lees los \u00faltimos informes laborales.<\/span><\/p>\n<p><span>La elegante estaci\u00f3n de caminata te ofrece un programa de ejercicios constante con velocidades de 0,5 a 3,75 mph. Controlada con solo tocar un bot\u00f3n en el control remoto incluido, monitoriza tu progreso en tiempo, velocidad, calor\u00edas, pasos y distancia con el monitor digital.<\/span><\/p>\n<p><span>Perfecta para entrenamientos de bajo impacto, nuestra amortiguaci\u00f3n superior protege tus rodillas, articulaciones y pies. La caminadora Sunny Walkstation incluye la funci\u00f3n de detecci\u00f3n de uso activo, que pausa autom\u00e1ticamente la cinta cuando la caminadora permanece inactiva durante 5 segundos. Si el tiempo de inactividad supera los 10 minutos, la Walkstation entra en modo de ahorro de energ\u00eda.<\/span><\/p>\n<div style=\"width: 1080px;\" class=\"wp-video\"><video class=\"wp-video-shortcode\" id=\"video-77340-1\" width=\"1080\" height=\"1080\" preload=\"metadata\" controls=\"controls\"><source type=\"video\/mp4\" src=\"https:\/\/brandss.com.py\/index\/wp-content\/uploads\/2025\/03\/sf-t7945-1080p.mp4?_=1\" \/><a href=\"https:\/\/brandss.com.py\/index\/wp-content\/uploads\/2025\/03\/sf-t7945-1080p.mp4\">https:\/\/brandss.com.py\/index\/wp-content\/uploads\/2025\/03\/sf-t7945-1080p.mp4<\/a><\/video><\/div>\n<h3><span>Beneficios:<\/span><\/h3>\n<ul>\n<li><span>Cinta de correr de tama\u00f1o pr\u00e1ctico que se desliza debajo del escritorio<\/span><\/li>\n<li><span>Control remoto intuitivo para ajustar la velocidad a medida que aumenta el ritmo.<\/span><\/li>\n<li><span>Combina entrenamientos con productividad en una sola operaci\u00f3n<\/span><\/li>\n<li><span>Monitor digital para controlar tu progreso<\/span><\/li>\n<li><span>Clip de parada de emergencia con detecci\u00f3n de uso activo<\/span><\/li>\n<li><span>Ruedas de transporte a bordo para una f\u00e1cil portabilidad.<\/span><\/li>\n<li>Modelo: SF-T7945.<\/li>\n<\/ul>\n<h3><span>Caracter\u00edsticas:<\/span><\/h3>\n<p><strong>TECNOLOG\u00cdA<\/strong><\/p>\n<p><span>Monitor digital: calor\u00edas, distancia, velocidad, pasos, tiempo<\/span><\/p>\n<p><span>Opci\u00f3n de control remoto: S\u00ed<\/span><\/p>\n<p><strong>COMODIDAD<\/strong><\/p>\n<p><span>Altura de la cubierta al suelo: 4,09 pulgadas<\/span><\/p>\n<p><span>Freno de parada de emergencia: S\u00ed<\/span><\/p>\n<p><span>Superficie de carrera: 39 pulgadas de largo x 14 pulgadas de ancho<\/span><\/p>\n<p><span>Absorci\u00f3n de impactos: S\u00ed<\/span><\/p>\n<p><span>Ruedas de transporte: S\u00ed<\/span><\/p>\n<p><strong>INGENIER\u00cdA<\/strong><\/p>\n<p><span>Niveles de inclinaci\u00f3n: fijos (no ajustables)<\/span><\/p>\n<p><span>Peso m\u00e1ximo del usuario: 220 lb<\/span><\/p>\n<p><span>Peso m\u00ednimo del usuario: 99 lb<\/span><\/p>\n<p><span>Motorizado: S\u00ed<\/span><\/p>\n<p><span>Potencia m\u00e1xima de CC: 1,5 HP de pico<\/span><\/p>\n<p><span>Rango de velocidad: 0,5 &#8211; 3,75 MPH<\/span><\/p>\n<p><strong>CONVENIENCIA<\/strong><\/p>\n<p><span>Dimensiones del producto: 50L X 21.5WX 6.5H In<\/span><\/p>\n<p><span>Peso del producto: 55,1 libras<\/span><\/p>\n<p><span>Garant\u00eda: 3 a\u00f1os para el marco estructural, 180 d\u00edas para otras piezas y componentes.<\/span><\/p>\n<h3><span>\u00bfQu\u00e9 hay en la caja?<\/span><\/h3>\n<p><span>1 x Cinta de correr plana y delgada Sunny Walkstation para debajo del escritorio y el hogar<\/span><\/p>\n<p><span>1 x Manual del usuario<\/span><\/p>\n","protected":false},"excerpt":{"rendered":"<p>WALKSTATION SLIM FLAT La caminadora Sunny Health &amp; Fitness Walkstation, ideal para tus objetivos de adelgazamiento, es un complemento discreto<\/p>\n","protected":false},"featured_media":77341,"comment_status":"open","ping_status":"closed","template":"","meta":{"nf_dc_page":""},"product_brand":[],"product_cat":[89],"product_tag":[],"class_list":{"0":"post-77340","1":"product","2":"type-product","3":"status-publish","4":"has-post-thumbnail","6":"product_cat-electronicos","8":"first","9":"instock","10":"shipping-taxable","11":"purchasable","12":"product-type-simple"},"_links":{"self":[{"href":"https:\/\/brandss.com.py\/index\/wp-json\/wp\/v2\/product\/77340","targetHints":{"allow":["GET"]}}],"collection":[{"href":"https:\/\/brandss.com.py\/index\/wp-json\/wp\/v2\/product"}],"about":[{"href":"https:\/\/brandss.com.py\/index\/wp-json\/wp\/v2\/types\/product"}],"replies":[{"embeddable":true,"href":"https:\/\/brandss.com.py\/index\/wp-json\/wp\/v2\/comments?post=77340"}],"version-history":[{"count":1,"href":"https:\/\/brandss.com.py\/index\/wp-json\/wp\/v2\/product\/77340\/revisions"}],"predecessor-version":[{"id":77351,"href":"https:\/\/brandss.com.py\/index\/wp-json\/wp\/v2\/product\/77340\/revisions\/77351"}],"wp:featuredmedia":[{"embeddable":true,"href":"https:\/\/brandss.com.py\/index\/wp-json\/wp\/v2\/media\/77341"}],"wp:attachment":[{"href":"https:\/\/brandss.com.py\/index\/wp-json\/wp\/v2\/media?parent=77340"}],"wp:term":[{"taxonomy":"product_brand","embeddable":true,"href":"https:\/\/brandss.com.py\/index\/wp-json\/wp\/v2\/product_brand?post=77340"},{"taxonomy":"product_cat","embeddable":true,"href":"https:\/\/brandss.com.py\/index\/wp-json\/wp\/v2\/product_cat?post=77340"},{"taxonomy":"product_tag","embeddable":true,"href":"https:\/\/brandss.com.py\/index\/wp-json\/wp\/v2\/product_tag?post=77340"}],"curies":[{"name":"wp","href":"https:\/\/api.w.org\/{rel}","templated":true}]}}