{"id":77352,"date":"2025-03-22T14:20:09","date_gmt":"2025-03-22T14:20:09","guid":{"rendered":"https:\/\/brandss.com.py\/index\/?post_type=product&#038;p=77352"},"modified":"2025-03-22T14:20:40","modified_gmt":"2025-03-22T14:20:40","slug":"calzado-casual-masculino-nike-cortez-miami-dolphins","status":"publish","type":"product","link":"https:\/\/brandss.com.py\/index\/producto\/calzado-casual-masculino-nike-cortez-miami-dolphins\/","title":{"rendered":"CALZADO CASUAL MASCULINO NIKE CORTEZ MIAMI DOLPHINS"},"content":{"rendered":"<p><img loading=\"lazy\" decoding=\"async\" class=\"\" src=\"https:\/\/1000marcas.net\/wp-content\/uploads\/2019\/11\/Nike-logo.jpg\" alt=\"Logo de Nike: la historia y el significado del logotipo, la ...\" width=\"503\" height=\"283\" \/><\/p>\n<div class=\"flex flex-1 grow basis-auto flex-col overflow-hidden\">\n<div class=\"relative h-full\">\n<div class=\"flex h-full flex-col overflow-y-auto [scrollbar-gutter:stable]\">\n<div class=\"mt-1.5 flex flex-col text-sm @thread-xl\/thread:pt-header-height md:pb-9\">\n<article class=\"group\/turn w-full text-token-text-primary focus-visible:outline-2 focus-visible:outline-offset-[-4px]\" dir=\"auto\" data-testid=\"conversation-turn-22\" data-scroll-anchor=\"true\">\n<div class=\"text-base my-auto mx-auto py-[18px] px-6\">\n<div class=\"mx-auto flex flex-1 text-base gap-4 md:gap-5 lg:gap-6 md:max-w-3xl lg:max-w-[40rem] xl:max-w-[48rem]\">\n<div class=\"group\/conversation-turn relative flex w-full min-w-0 flex-col agent-turn @xs\/thread:px-0 @sm\/thread:px-1.5 @md\/thread:px-4\">\n<div class=\"flex-col gap-1 md:gap-3\">\n<div class=\"flex max-w-full flex-col flex-grow\">\n<div class=\"min-h-8 text-message relative flex w-full flex-col items-end gap-2 whitespace-normal break-words text-start [.text-message+&amp;]:mt-5\" dir=\"auto\" data-message-author-role=\"assistant\" data-message-id=\"5956fc0a-710d-44f2-aa7b-7ec6252f1ace\" data-message-model-slug=\"gpt-4o-mini\">\n<div class=\"flex w-full flex-col gap-1 empty:hidden first:pt-[3px]\">\n<div class=\"markdown prose w-full break-words dark:prose-invert light\">\n<p class=\"\" data-start=\"0\" data-end=\"369\"><span>El <\/span><strong data-start=\"3\" data-end=\"33\"><span>Nike Cortez Miami Dolphins<\/span><\/strong><span> es una versi\u00f3n especial de los emblem\u00e1ticos tenis Cortez, inspirados en los colores del famoso equipo de f\u00fatbol americano, los Miami Dolphins. Con un dise\u00f1o retro y vibrante, estos tenis combinan elementos cl\u00e1sicos con un toque de estilo \u00fanico para los aficionados al equipo o aquellos que buscan un calzado con personalidad y comodidad.<\/span><\/p>\n<h3 class=\"\" data-start=\"371\" data-end=\"395\"><strong data-start=\"375\" data-end=\"395\"><span>Caracter\u00edsticas:<\/span><\/strong><\/h3>\n<ul data-start=\"396\" data-end=\"1045\">\n<li class=\"\" data-start=\"396\" data-end=\"613\">\n<p class=\"\" data-start=\"398\" data-end=\"613\"><strong data-start=\"398\" data-end=\"419\"><span>Colores y Dise\u00f1o:<\/span><\/strong><span> Los tenis presentan una base blanca con detalles en tonos naranja y verde agua, los colores caracter\u00edsticos del equipo de los Miami Dolphins. Este dise\u00f1o resalta la est\u00e9tica deportiva y urbana.<\/span><\/p>\n<\/li>\n<li class=\"\" data-start=\"614\" data-end=\"746\">\n<p class=\"\" data-start=\"616\" data-end=\"746\"><strong data-start=\"616\" data-end=\"642\"><span>Materiales de Calidad:<\/span><\/strong><span> Hechos con una combinaci\u00f3n de cuero y materiales textiles, garantizando durabilidad y un ajuste c\u00f3modo.<\/span><\/p>\n<\/li>\n<li class=\"\" data-start=\"747\" data-end=\"910\">\n<p class=\"\" data-start=\"749\" data-end=\"910\"><strong data-start=\"749\" data-end=\"763\"><span>Comodidad:<\/span><\/strong><span> La mediasuela de espuma ofrece una amortiguaci\u00f3n ligera, mientras que la suela de goma con el patr\u00f3n de espuma proporciona tracci\u00f3n y resistencia.<\/span><\/p>\n<\/li>\n<li class=\"\" data-start=\"911\" data-end=\"1045\">\n<p class=\"\" data-start=\"913\" data-end=\"1045\"><strong data-start=\"913\" data-end=\"930\"><span>Estilo Retro:<\/span><\/strong><span> Mantiene el estilo cl\u00e1sico del modelo Cortez, lanzado originalmente en 1972, con un dise\u00f1o que nunca<\/span><\/p>\n<\/li>\n<\/ul>\n<p class=\"\" data-start=\"1047\" data-end=\"1229\"><span>Este modelo es perfecto para aquellos que buscan comodidad y estilo con un gui\u00f1o a la cultura deportiva, y es ideal tanto para el d\u00eda a d\u00eda.<\/span><\/p>\n<\/div>\n<\/div>\n<\/div>\n<\/div>\n<\/div>\n<\/div>\n<\/div>\n<\/div>\n<\/article>\n<\/div>\n<\/div>\n<\/div>\n<\/div>\n","protected":false},"excerpt":{"rendered":"<p>El Nike Cortez Miami Dolphins es una versi\u00f3n especial de los emblem\u00e1ticos tenis Cortez, inspirados en los colores del famoso<\/p>\n","protected":false},"featured_media":77354,"comment_status":"open","ping_status":"closed","template":"","meta":{"nf_dc_page":""},"product_brand":[],"product_cat":[76],"product_tag":[],"class_list":{"0":"post-77352","1":"product","2":"type-product","3":"status-publish","4":"has-post-thumbnail","6":"product_cat-masculino","8":"first","9":"instock","10":"shipping-taxable","11":"purchasable","12":"product-type-simple"},"_links":{"self":[{"href":"https:\/\/brandss.com.py\/index\/wp-json\/wp\/v2\/product\/77352","targetHints":{"allow":["GET"]}}],"collection":[{"href":"https:\/\/brandss.com.py\/index\/wp-json\/wp\/v2\/product"}],"about":[{"href":"https:\/\/brandss.com.py\/index\/wp-json\/wp\/v2\/types\/product"}],"replies":[{"embeddable":true,"href":"https:\/\/brandss.com.py\/index\/wp-json\/wp\/v2\/comments?post=77352"}],"version-history":[{"count":1,"href":"https:\/\/brandss.com.py\/index\/wp-json\/wp\/v2\/product\/77352\/revisions"}],"predecessor-version":[{"id":77361,"href":"https:\/\/brandss.com.py\/index\/wp-json\/wp\/v2\/product\/77352\/revisions\/77361"}],"wp:featuredmedia":[{"embeddable":true,"href":"https:\/\/brandss.com.py\/index\/wp-json\/wp\/v2\/media\/77354"}],"wp:attachment":[{"href":"https:\/\/brandss.com.py\/index\/wp-json\/wp\/v2\/media?parent=77352"}],"wp:term":[{"taxonomy":"product_brand","embeddable":true,"href":"https:\/\/brandss.com.py\/index\/wp-json\/wp\/v2\/product_brand?post=77352"},{"taxonomy":"product_cat","embeddable":true,"href":"https:\/\/brandss.com.py\/index\/wp-json\/wp\/v2\/product_cat?post=77352"},{"taxonomy":"product_tag","embeddable":true,"href":"https:\/\/brandss.com.py\/index\/wp-json\/wp\/v2\/product_tag?post=77352"}],"curies":[{"name":"wp","href":"https:\/\/api.w.org\/{rel}","templated":true}]}}