{"id":77368,"date":"2025-03-22T14:38:20","date_gmt":"2025-03-22T14:38:20","guid":{"rendered":"https:\/\/brandss.com.py\/index\/?post_type=product&#038;p=77368"},"modified":"2025-03-22T14:38:39","modified_gmt":"2025-03-22T14:38:39","slug":"calzado-casual-femenino-nike-court-legacy-lift-2","status":"publish","type":"product","link":"https:\/\/brandss.com.py\/index\/producto\/calzado-casual-femenino-nike-court-legacy-lift-2\/","title":{"rendered":"CALZADO CASUAL FEMENINO NIKE COURT LEGACY LIFT"},"content":{"rendered":"<p><img loading=\"lazy\" decoding=\"async\" class=\"\" src=\"https:\/\/1000marcas.net\/wp-content\/uploads\/2019\/11\/Nike-logo.jpg\" alt=\"Logo de Nike: la historia y el significado del logotipo, la ...\" width=\"333\" height=\"187\" \/><\/p>\n<p class=\"\" data-start=\"0\" data-end=\"433\"><span>Los <\/span><strong data-start=\"23\" data-end=\"49\"><span>Nike Court Legacy Lift<\/span><\/strong><span> son tenis femeninos que combinan un estilo cl\u00e1sico de tenis de tenis con una entresuela elevada para darles un toque moderno y audaz. Este modelo ofrece una est\u00e9tica atemporal con una plataforma que proporciona mayor altura y comodidad al mismo tiempo, ideal para quienes buscan un calzado vers\u00e1til que se pueda usar en cualquier ocasi\u00f3n, ya sea para actividades casuales o para salir.<\/span><\/p>\n<p class=\"\" data-start=\"435\" data-end=\"455\"><strong data-start=\"435\" data-end=\"455\"><span>Caracter\u00edsticas:<\/span><\/strong><\/p>\n<ul data-start=\"456\" data-end=\"1098\">\n<li class=\"\" data-start=\"456\" data-end=\"567\">\n<p class=\"\" data-start=\"458\" data-end=\"567\"><strong data-start=\"458\" data-end=\"477\"><span>Dise\u00f1o cl\u00e1sico:<\/span><\/strong><span> parte superior de cuero y lona, \u200b\u200bcon detalles de costuras que refuerzan su estilo retro.<\/span><\/p>\n<\/li>\n<li class=\"\" data-start=\"568\" data-end=\"707\">\n<p class=\"\" data-start=\"570\" data-end=\"707\"><strong data-start=\"570\" data-end=\"585\"><span>Plataforma:<\/span><\/strong><span> La entresuela con plataforma no solo aporta altura, sino que tambi\u00e9n mejora la comodidad y el soporte para todo el d\u00eda.<\/span><\/p>\n<\/li>\n<li class=\"\" data-start=\"708\" data-end=\"823\">\n<p class=\"\" data-start=\"710\" data-end=\"823\"><strong data-start=\"710\" data-end=\"734\"><span>Comodidad y soporte:<\/span><\/strong><span> Tal\u00f3n acolchado y leng\u00fceta suave para brindar mayor comodidad durante el uso prolongado.<\/span><\/p>\n<\/li>\n<li class=\"\" data-start=\"824\" data-end=\"962\">\n<p class=\"\" data-start=\"826\" data-end=\"962\"><strong data-start=\"826\" data-end=\"839\"><span>Tracci\u00f3n:<\/span><\/strong><span> Suela de goma con patr\u00f3n que proporciona un buen agarre y resistencia al desgaste, asegurando durabilidad y estabilidad.<\/span><\/p>\n<\/li>\n<li class=\"\" data-start=\"963\" data-end=\"1098\">\n<p class=\"\" data-start=\"965\" data-end=\"1098\"><strong data-start=\"965\" data-end=\"982\"><span>Versatilidad:<\/span><\/strong><span> El dise\u00f1o elegante y sencillo hace que estos tenis sean f\u00e1ciles de combinar con una variedad de estilos y atuendos.<\/span><\/p>\n<\/li>\n<\/ul>\n<p class=\"\" data-start=\"1100\" data-end=\"1370\"><span>Los <\/span><strong data-start=\"1104\" data-end=\"1130\"><span>Nike Court Legacy Lift<\/span><\/strong><span> ofrecen la combinaci\u00f3n perfecta de estilo retro, confort moderno y una peque\u00f1a dosis de altura, lo que los convierte en una excelente opci\u00f3n para quienes buscan un calzado que se adapta tanto a su rutina diaria como a ocasiones especiales.<\/span><\/p>\n<p>&nbsp;<\/p>\n","protected":false},"excerpt":{"rendered":"<p>Los Nike Court Legacy Lift son tenis femeninos que combinan un estilo cl\u00e1sico de tenis de tenis con una entresuela<\/p>\n","protected":false},"featured_media":77370,"comment_status":"open","ping_status":"closed","template":"","meta":{"nf_dc_page":""},"product_brand":[],"product_cat":[73],"product_tag":[],"class_list":{"0":"post-77368","1":"product","2":"type-product","3":"status-publish","4":"has-post-thumbnail","6":"product_cat-femenino","8":"first","9":"instock","10":"shipping-taxable","11":"purchasable","12":"product-type-simple"},"_links":{"self":[{"href":"https:\/\/brandss.com.py\/index\/wp-json\/wp\/v2\/product\/77368","targetHints":{"allow":["GET"]}}],"collection":[{"href":"https:\/\/brandss.com.py\/index\/wp-json\/wp\/v2\/product"}],"about":[{"href":"https:\/\/brandss.com.py\/index\/wp-json\/wp\/v2\/types\/product"}],"replies":[{"embeddable":true,"href":"https:\/\/brandss.com.py\/index\/wp-json\/wp\/v2\/comments?post=77368"}],"version-history":[{"count":1,"href":"https:\/\/brandss.com.py\/index\/wp-json\/wp\/v2\/product\/77368\/revisions"}],"predecessor-version":[{"id":77379,"href":"https:\/\/brandss.com.py\/index\/wp-json\/wp\/v2\/product\/77368\/revisions\/77379"}],"wp:featuredmedia":[{"embeddable":true,"href":"https:\/\/brandss.com.py\/index\/wp-json\/wp\/v2\/media\/77370"}],"wp:attachment":[{"href":"https:\/\/brandss.com.py\/index\/wp-json\/wp\/v2\/media?parent=77368"}],"wp:term":[{"taxonomy":"product_brand","embeddable":true,"href":"https:\/\/brandss.com.py\/index\/wp-json\/wp\/v2\/product_brand?post=77368"},{"taxonomy":"product_cat","embeddable":true,"href":"https:\/\/brandss.com.py\/index\/wp-json\/wp\/v2\/product_cat?post=77368"},{"taxonomy":"product_tag","embeddable":true,"href":"https:\/\/brandss.com.py\/index\/wp-json\/wp\/v2\/product_tag?post=77368"}],"curies":[{"name":"wp","href":"https:\/\/api.w.org\/{rel}","templated":true}]}}