{"id":77380,"date":"2025-03-22T14:49:26","date_gmt":"2025-03-22T14:49:26","guid":{"rendered":"https:\/\/brandss.com.py\/index\/?post_type=product&#038;p=77380"},"modified":"2025-03-22T14:51:33","modified_gmt":"2025-03-22T14:51:33","slug":"set-de-lampara-tchibo-de-mesa-led-a-bateria","status":"publish","type":"product","link":"https:\/\/brandss.com.py\/index\/producto\/set-de-lampara-tchibo-de-mesa-led-a-bateria\/","title":{"rendered":"SET DE L\u00c1MPARA TCHIBO DE MESA LED A BATER\u00cdA"},"content":{"rendered":"<p><img loading=\"lazy\" decoding=\"async\" class=\"\" src=\"https:\/\/images.seeklogo.com\/logo-png\/49\/2\/tchibo-logo-png_seeklogo-499760.png\" alt=\"Tchibo Logo PNG Vector (AI, CDR, EPS, PDF, SVG) Free Download\" width=\"109\" height=\"109\" \/><\/p>\n<h1>SET LED<\/h1>\n<div class=\"pdp__product-description__section__items\" data-v-0cc81e92=\"\">\n<div class=\"pdp__product-description__key-facts pdp__product-description__section__item\" data-v-0cc81e92=\"\">\n<ul class=\"tp-list\" data-v-0cc81e92=\"\">\n<li data-v-0cc81e92=\"\"><span>3 l\u00e1mparas de mesa que funcionan con pilas: luces inal\u00e1mbricas, ubicaci\u00f3n flexible.<\/span><\/li>\n<li data-v-0cc81e92=\"\"><span>Para acentos atmosf\u00e9ricos, tambi\u00e9n apto para uso en exteriores.<\/span><\/li>\n<li data-v-0cc81e92=\"\"><span><span>Con LED integrados de forma permanente: color de luz blanco c\u00e1lido.<\/span><\/span><\/li>\n<li data-v-0cc81e92=\"\"><span>Cada l\u00e1mpara de mesa con interruptor de encendido\/apagado y regulable directamente en el interruptor mediante atenuaci\u00f3n gradual: 25%, 50% o 100%.<\/span><\/li>\n<li data-v-0cc81e92=\"\"><span>Cargador m\u00faltiple para uso en interiores con cable de carga USB-C\/USB-A de aprox. 2 m de longitud para una carga sencilla.<\/span><\/li>\n<li data-v-0cc81e92=\"\"><span>Parte inferior que protege el suelo.<\/span><\/li>\n<li data-v-0cc81e92=\"\"><span>Probado para detectar sustancias nocivas por institutos externos acreditados.<\/span><\/li>\n<li data-v-0cc81e92=\"\">Modelo: 655690.<\/li>\n<\/ul>\n<\/div>\n<\/div>\n<div class=\"pdp__product-description__section__items\" data-v-0cc81e92=\"\">\n<div class=\"pdp__product-description__hard-facts pdp__product-description__section__item\" data-v-0cc81e92=\"\">\n<dl data-v-0cc81e92=\"\">\n<dt data-v-0cc81e92=\"\"><strong>Color<\/strong><\/dt>\n<dt data-v-0cc81e92=\"\"><\/dt>\n<dd data-v-0cc81e92=\"\">Paraguas de color blanco esmerilado<\/dd>\n<dd data-v-0cc81e92=\"\">Estaci\u00f3n de carga y asa gris mate<\/dd>\n<\/dl>\n<dl data-v-0cc81e92=\"\">\n<dt data-v-0cc81e92=\"\"><strong>Material<\/strong><\/dt>\n<dt data-v-0cc81e92=\"\"><\/dt>\n<dd data-v-0cc81e92=\"\">pl\u00e1stico<\/dd>\n<\/dl>\n<dl data-v-0cc81e92=\"\">\n<dt data-v-0cc81e92=\"\"><strong>Contenido<\/strong><\/dt>\n<dt data-v-0cc81e92=\"\"><\/dt>\n<dd data-v-0cc81e92=\"\">Incluye cable de carga, bater\u00eda de iones de litio (incorporada) y manual de usuario.<\/dd>\n<\/dl>\n<dl data-v-0cc81e92=\"\">\n<dt data-v-0cc81e92=\"\"><strong>Actuaci\u00f3n<\/strong><\/dt>\n<dt data-v-0cc81e92=\"\"><\/dt>\n<dd data-v-0cc81e92=\"\">3 W<\/dd>\n<\/dl>\n<dl data-v-0cc81e92=\"\">\n<dt data-v-0cc81e92=\"\"><strong>Duraci\u00f3n de la bater\u00eda<\/strong><\/dt>\n<dt data-v-0cc81e92=\"\"><\/dt>\n<dd data-v-0cc81e92=\"\">Tiempo de iluminaci\u00f3n con la bater\u00eda completamente cargada: aprox. 8 horas. Tiempo de carga: aprox. 4 horas.<\/dd>\n<\/dl>\n<dl data-v-0cc81e92=\"\">\n<dt data-v-0cc81e92=\"\"><strong>Masa<\/strong><\/dt>\n<dt data-v-0cc81e92=\"\"><\/dt>\n<dd data-v-0cc81e92=\"\">\u00d8 paraguas cada uno aprox. 10 cm<\/dd>\n<dd data-v-0cc81e92=\"\">Estaci\u00f3n de carga aprox. 9,5 x 31 cm<\/dd>\n<dd data-v-0cc81e92=\"\">Longitud del cable aprox. 2 m<\/dd>\n<\/dl>\n<div class=\"tp-expansion-panel-header tp-expansion-panel-header--active\" data-v-cc40660d=\"\">\n<div class=\"tp-expansion-panel-header-inner\" role=\"button\" aria-expanded=\"true\" data-v-cc40660d=\"\">\n<div class=\"tp-expansion-panel-header-inner-wrapper\" data-v-cc40660d=\"\">\n<div class=\"tp-expansion-panel-header-title\" data-subtitle-nowrap=\"false\" data-v-cc40660d=\"\">\n<div data-v-a2c7e778=\"\"><\/div>\n<div data-v-a2c7e778=\"\"><strong>Bater\u00eda sin efecto memoria<\/strong><\/div>\n<\/div>\n<\/div>\n<\/div>\n<\/div>\n<div class=\"tp-expansion-panel-content\" data-v-1d216662=\"\">\n<div class=\"tp-expansion-panel-content-inner\" data-v-1d216662=\"\">\n<div class=\"TEXT_LEFT_IMAGE_RIGHT\" data-v-a2c7e778=\"\">\n<div class=\"pdp-content-module__container\" data-v-a2c7e778=\"\">\n<div class=\"pdp-content-module__container__left\" data-v-a2c7e778=\"\">\n<p>Las bater\u00edas de iones de litio tienen la ventaja de que no tienen efecto memoria y se pueden cargar incluso bater\u00edas que no est\u00e9n completamente descargadas. Este no era el caso con las tecnolog\u00edas de bater\u00edas convencionales anteriores y cargar una bater\u00eda que no estaba completamente descargada conduc\u00eda a una p\u00e9rdida de capacidad. Las bater\u00edas de iones de litio garantizan una capacidad de bater\u00eda constante.<\/p>\n<p>&nbsp;<\/p>\n<div class=\"tp-expansion-panel-header tp-expansion-panel-header--active\" data-v-cc40660d=\"\">\n<div class=\"tp-expansion-panel-header-inner\" role=\"button\" aria-expanded=\"true\" data-v-cc40660d=\"\">\n<div class=\"tp-expansion-panel-header-inner-wrapper\" data-v-cc40660d=\"\">\n<div class=\"tp-expansion-panel-header-title\" data-subtitle-nowrap=\"false\" data-v-cc40660d=\"\">\n<div data-v-b9959fea=\"\"><strong>Calidad<\/strong><\/div>\n<div data-v-b9959fea=\"\"><\/div>\n<\/div>\n<\/div>\n<\/div>\n<\/div>\n<div class=\"tp-expansion-panel-content\" data-v-1d216662=\"\">\n<div class=\"tp-expansion-panel-content-inner\" data-v-1d216662=\"\">\n<div data-v-b9959fea=\"\">\n<div class=\"pdp-productinformation-logos__container\" data-v-b9959fea=\"\">\n<div class=\"pdp-productinformation-logos__item\" data-v-b9959fea=\"\">\n<div class=\"pdp-productinformation-logos__image\" data-v-b9959fea=\"\">\n<div class=\"tp-image\" data-state=\"srcLoaded\" data-v-b9959fea=\"\" data-v-150d33fe=\"\"><img decoding=\"async\" src=\"https:\/\/www.eduscho.at\/newmedia\/logo\/aae415c69c7f1857\/dpr01.png\" alt=\"\" width=\"auto\" height=\"auto\" data-v-150d33fe=\"\" \/><\/div>\n<\/div>\n<div class=\"pdp-productinformation-logos__details\" data-v-b9959fea=\"\"><\/div>\n<\/div>\n<div class=\"pdp-productinformation-logos__item\" data-v-b9959fea=\"\">\n<div class=\"pdp-productinformation-logos__image\" data-v-b9959fea=\"\">\n<div class=\"tp-image\" data-state=\"srcLoaded\" data-v-b9959fea=\"\" data-v-150d33fe=\"\"><img decoding=\"async\" src=\"https:\/\/www.eduscho.at\/newmedia\/logo\/526411dc65ef1856\/umw14.png\" alt=\"\" width=\"auto\" height=\"auto\" data-v-150d33fe=\"\" \/><\/div>\n<\/div>\n<div class=\"pdp-productinformation-logos__details\" data-v-b9959fea=\"\"><\/div>\n<\/div>\n<div class=\"pdp-productinformation-logos__item\" data-v-b9959fea=\"\">\n<div class=\"pdp-productinformation-logos__image\" data-v-b9959fea=\"\">\n<div class=\"tp-image\" data-state=\"srcLoaded\" data-v-b9959fea=\"\" data-v-150d33fe=\"\"><img decoding=\"async\" src=\"https:\/\/www.eduscho.at\/newmedia\/logo\/49\/44\/b8b4739fbae9\/31bbbaee347e5f6f\/tcm102.gif\" alt=\"Aviso de calidad\" width=\"auto\" height=\"auto\" data-v-150d33fe=\"\" \/><\/div>\n<\/div>\n<div class=\"pdp-productinformation-logos__details\" data-v-b9959fea=\"\">\n<div class=\"pdp-productinformation-logos__title\" data-v-b9959fea=\"\"><span>Aviso de calidad<\/span><\/div>\n<div class=\"pdp-productinformation-logos__text\" data-v-b9959fea=\"\"><span>El sello de calidad TCM significa una excelente calidad del producto.<\/span><\/div>\n<\/div>\n<\/div>\n<\/div>\n<\/div>\n<\/div>\n<\/div>\n<\/div>\n<\/div>\n<\/div>\n<\/div>\n<\/div>\n<\/div>\n<\/div>\n","protected":false},"excerpt":{"rendered":"<p>SET LED 3 l\u00e1mparas de mesa que funcionan con pilas: luces inal\u00e1mbricas, ubicaci\u00f3n flexible. Para acentos atmosf\u00e9ricos, tambi\u00e9n apto para<\/p>\n","protected":false},"featured_media":77381,"comment_status":"open","ping_status":"closed","template":"","meta":{"nf_dc_page":""},"product_brand":[],"product_cat":[72],"product_tag":[],"class_list":{"0":"post-77380","1":"product","2":"type-product","3":"status-publish","4":"has-post-thumbnail","6":"product_cat-tchibo","8":"first","9":"instock","10":"shipping-taxable","11":"purchasable","12":"product-type-simple"},"_links":{"self":[{"href":"https:\/\/brandss.com.py\/index\/wp-json\/wp\/v2\/product\/77380","targetHints":{"allow":["GET"]}}],"collection":[{"href":"https:\/\/brandss.com.py\/index\/wp-json\/wp\/v2\/product"}],"about":[{"href":"https:\/\/brandss.com.py\/index\/wp-json\/wp\/v2\/types\/product"}],"replies":[{"embeddable":true,"href":"https:\/\/brandss.com.py\/index\/wp-json\/wp\/v2\/comments?post=77380"}],"version-history":[{"count":1,"href":"https:\/\/brandss.com.py\/index\/wp-json\/wp\/v2\/product\/77380\/revisions"}],"predecessor-version":[{"id":77385,"href":"https:\/\/brandss.com.py\/index\/wp-json\/wp\/v2\/product\/77380\/revisions\/77385"}],"wp:featuredmedia":[{"embeddable":true,"href":"https:\/\/brandss.com.py\/index\/wp-json\/wp\/v2\/media\/77381"}],"wp:attachment":[{"href":"https:\/\/brandss.com.py\/index\/wp-json\/wp\/v2\/media?parent=77380"}],"wp:term":[{"taxonomy":"product_brand","embeddable":true,"href":"https:\/\/brandss.com.py\/index\/wp-json\/wp\/v2\/product_brand?post=77380"},{"taxonomy":"product_cat","embeddable":true,"href":"https:\/\/brandss.com.py\/index\/wp-json\/wp\/v2\/product_cat?post=77380"},{"taxonomy":"product_tag","embeddable":true,"href":"https:\/\/brandss.com.py\/index\/wp-json\/wp\/v2\/product_tag?post=77380"}],"curies":[{"name":"wp","href":"https:\/\/api.w.org\/{rel}","templated":true}]}}