{"id":77386,"date":"2025-03-22T16:38:37","date_gmt":"2025-03-22T16:38:37","guid":{"rendered":"https:\/\/brandss.com.py\/index\/?post_type=product&#038;p=77386"},"modified":"2025-03-22T16:38:57","modified_gmt":"2025-03-22T16:38:57","slug":"calzado-casual-femenino-nike-court-legacy-lift-3","status":"publish","type":"product","link":"https:\/\/brandss.com.py\/index\/producto\/calzado-casual-femenino-nike-court-legacy-lift-3\/","title":{"rendered":"CALZADO CASUAL FEMENINO NIKE COURT LEGACY LIFT"},"content":{"rendered":"<p><img loading=\"lazy\" decoding=\"async\" class=\"\" src=\"https:\/\/1000marcas.net\/wp-content\/uploads\/2019\/11\/Nike-logo.jpg\" alt=\"Logo de Nike: la historia y el significado del logotipo, la ...\" width=\"363\" height=\"204\" \/><\/p>\n<div class=\"flex flex-1 grow basis-auto flex-col overflow-hidden\">\n<div class=\"relative h-full\">\n<div class=\"flex h-full flex-col overflow-y-auto [scrollbar-gutter:stable]\">\n<div class=\"mt-1.5 flex flex-col text-sm @thread-xl\/thread:pt-header-height\">\n<article class=\"group\/turn w-full text-token-text-primary focus-visible:outline-2 focus-visible:outline-offset-[-4px]\" dir=\"auto\" data-testid=\"conversation-turn-28\" data-scroll-anchor=\"true\">\n<div class=\"text-base my-auto mx-auto py-[18px] px-6\">\n<div class=\"mx-auto flex flex-1 text-base gap-4 md:gap-5 lg:gap-6 md:max-w-3xl lg:max-w-[40rem] xl:max-w-[48rem]\">\n<div class=\"group\/conversation-turn relative flex w-full min-w-0 flex-col agent-turn @xs\/thread:px-0 @sm\/thread:px-1.5 @md\/thread:px-4\">\n<div class=\"flex-col gap-1 md:gap-3\">\n<div class=\"flex max-w-full flex-col flex-grow\">\n<div class=\"min-h-8 text-message relative flex w-full flex-col items-end gap-2 whitespace-normal break-words text-start [.text-message+&amp;]:mt-5\" dir=\"auto\" data-message-author-role=\"assistant\" data-message-id=\"6184b16f-f0d9-4130-b81b-ae02d0d7f531\" data-message-model-slug=\"gpt-4o-mini\">\n<div class=\"flex w-full flex-col gap-1 empty:hidden first:pt-[3px]\">\n<div class=\"markdown prose w-full break-words dark:prose-invert light\">\n<p class=\"\" data-start=\"18\" data-end=\"543\"><span>Las <\/span><strong data-start=\"22\" data-end=\"45\"><span>Nike Wmns Court Leg<\/span><\/strong><span> son zapatillas urbanas femeninas que combinan un dise\u00f1o elegante con la comodidad y durabilidad necesarias para el uso diario. Su perfil bajo y estilo minimalista hacen que estas zapatillas sean f\u00e1ciles de combinar con cualquier atuendo urbano, desde looks casuales hasta estilos m\u00e1s deportivos. Con una parte superior de piel sint\u00e9tica, ofrecen un ajuste flexible y suave, mientras que la entresuela de espuma proporciona la amortiguaci\u00f3n necesaria para que te sientas c\u00f3modo durante todo el d\u00eda.<\/span><\/p>\n<p class=\"\" data-start=\"545\" data-end=\"809\"><span>La suela exterior de goma asegura una tracci\u00f3n excelente, permitiendo que te desplaces con confianza en diversas superficies. Estas zapatillas son ideales para quienes buscan un calzado con un dise\u00f1o moderno y vers\u00e1til, perfecto para complementar el estilo urbano.<\/span><\/p>\n<p class=\"\" data-start=\"811\" data-end=\"831\"><strong data-start=\"811\" data-end=\"831\"><span>Caracter\u00edsticas:<\/span><\/strong><\/p>\n<ul data-start=\"832\" data-end=\"1332\">\n<li class=\"\" data-start=\"832\" data-end=\"941\">\n<p class=\"\" data-start=\"834\" data-end=\"941\"><strong data-start=\"834\" data-end=\"871\"><span>Parte superior de piel sint\u00e9tica:<\/span><\/strong><span> Ofrece un ajuste suave y flexible que se adapta c\u00f3modamente a tu pie.<\/span><\/p>\n<\/li>\n<li class=\"\" data-start=\"942\" data-end=\"1032\">\n<p class=\"\" data-start=\"944\" data-end=\"1032\"><strong data-start=\"944\" data-end=\"969\"><span>Entresuela de espuma:<\/span><\/strong><span> Proporciona una amortiguaci\u00f3n ligera y soporte durante el d\u00eda.<\/span><\/p>\n<\/li>\n<li class=\"\" data-start=\"1033\" data-end=\"1136\">\n<p class=\"\" data-start=\"1035\" data-end=\"1136\"><strong data-start=\"1035\" data-end=\"1062\"><span>Suela exterior de goma:<\/span><\/strong><span> Asegura tracci\u00f3n \u00f3ptima y resistencia al desgaste en superficies urbanas.<\/span><\/p>\n<\/li>\n<li class=\"\" data-start=\"1137\" data-end=\"1234\">\n<p class=\"\" data-start=\"1139\" data-end=\"1234\"><strong data-start=\"1139\" data-end=\"1159\"><span>Dise\u00f1o elegante:<\/span><\/strong><span> Estilo cl\u00e1sico y moderno, adecuado para diversos conjuntos de atuendo.<\/span><\/p>\n<\/li>\n<li class=\"\" data-start=\"1235\" data-end=\"1332\">\n<p class=\"\" data-start=\"1237\" data-end=\"1332\"><strong data-start=\"1237\" data-end=\"1252\"><span>Uso diario:<\/span><\/strong><span> Perfectas para el uso urbano diario, brindando comodidad y estilo sin esfuerzo.<\/span><\/p>\n<\/li>\n<\/ul>\n<p class=\"\" data-start=\"1334\" data-end=\"1500\"><span>Las <\/span><strong data-start=\"1338\" data-end=\"1361\"><span>Nike Wmns Court Leg<\/span><\/strong><span> son una opci\u00f3n ideal para quienes buscan zapatillas con un toque urbano, ofreciendo tanto rendimiento como un dise\u00f1o atractivo y vers\u00e1til.<\/span><\/p>\n<\/div>\n<\/div>\n<\/div>\n<\/div>\n<\/div>\n<\/div>\n<\/div>\n<\/div>\n<\/article>\n<\/div>\n<\/div>\n<\/div>\n<\/div>\n","protected":false},"excerpt":{"rendered":"<p>Las Nike Wmns Court Leg son zapatillas urbanas femeninas que combinan un dise\u00f1o elegante con la comodidad y durabilidad necesarias<\/p>\n","protected":false},"featured_media":77388,"comment_status":"open","ping_status":"closed","template":"","meta":{"nf_dc_page":""},"product_brand":[],"product_cat":[73],"product_tag":[],"class_list":{"0":"post-77386","1":"product","2":"type-product","3":"status-publish","4":"has-post-thumbnail","6":"product_cat-femenino","8":"first","9":"instock","10":"shipping-taxable","11":"purchasable","12":"product-type-simple"},"_links":{"self":[{"href":"https:\/\/brandss.com.py\/index\/wp-json\/wp\/v2\/product\/77386","targetHints":{"allow":["GET"]}}],"collection":[{"href":"https:\/\/brandss.com.py\/index\/wp-json\/wp\/v2\/product"}],"about":[{"href":"https:\/\/brandss.com.py\/index\/wp-json\/wp\/v2\/types\/product"}],"replies":[{"embeddable":true,"href":"https:\/\/brandss.com.py\/index\/wp-json\/wp\/v2\/comments?post=77386"}],"version-history":[{"count":1,"href":"https:\/\/brandss.com.py\/index\/wp-json\/wp\/v2\/product\/77386\/revisions"}],"predecessor-version":[{"id":77397,"href":"https:\/\/brandss.com.py\/index\/wp-json\/wp\/v2\/product\/77386\/revisions\/77397"}],"wp:featuredmedia":[{"embeddable":true,"href":"https:\/\/brandss.com.py\/index\/wp-json\/wp\/v2\/media\/77388"}],"wp:attachment":[{"href":"https:\/\/brandss.com.py\/index\/wp-json\/wp\/v2\/media?parent=77386"}],"wp:term":[{"taxonomy":"product_brand","embeddable":true,"href":"https:\/\/brandss.com.py\/index\/wp-json\/wp\/v2\/product_brand?post=77386"},{"taxonomy":"product_cat","embeddable":true,"href":"https:\/\/brandss.com.py\/index\/wp-json\/wp\/v2\/product_cat?post=77386"},{"taxonomy":"product_tag","embeddable":true,"href":"https:\/\/brandss.com.py\/index\/wp-json\/wp\/v2\/product_tag?post=77386"}],"curies":[{"name":"wp","href":"https:\/\/api.w.org\/{rel}","templated":true}]}}